{"id":25891,"date":"2024-10-28T17:37:34","date_gmt":"2024-10-28T17:37:34","guid":{"rendered":"https:\/\/drterziler.com\/alcool-avant-apres-operation\/"},"modified":"2026-03-10T10:53:36","modified_gmt":"2026-03-10T10:53:36","slug":"alcool-avant-apres-operation","status":"publish","type":"page","link":"https:\/\/drterziler.com\/fr\/alcool-avant-apres-operation\/","title":{"rendered":"L&rsquo;alcool avant et apr\u00e8s la greffe de cheveux"},"content":{"rendered":"<div class=\"page-content\">\n<div id=\"header-area\">\n<div class=\"container\" id=\"firstContent\">\n<div class=\"header-content d-flex flex-column\">\n<h1 class=\"content-title h1-header\">L&#039;alcool avant et apr\u00e8s la greffe de cheveux<\/h1>\n<div class=\"content-paragraph\">\n<p class=\"p-text\">\n<\/p><\/div>\n<nav aria-label=\"breadcrumb\" class=\"breadcrumbs\">\n<ul class=\"d-flex align-items-center mb-0\">\n<li><a class=\"link\" href=\"https:\/\/drterziler.com\/fr\"><span>Dr. Terziler<\/span><\/a><\/li>\n<li class=\"separator\">\u00bb<\/li>\n<li class=\"current-page\"><span>L&#039;alcool avant et apr\u00e8s la greffe de cheveux<\/span><\/li>\n<\/ul>\n<\/nav><\/div>\n<\/p><\/div>\n<\/p><\/div>\n<\/div>\n<section id=\"content-area\">\n<div class=\"container my-5\">\n<div class=\"row align-items-start\">\n<div class=\"col-md-6 order-2 order-md-1\">\n<div class=\"custom-toc-box\">\n<div id=\"toc-header\">\n<h4>Table des mati\u00e8res<\/h4>\n<div class=\"toc-toggle-icon\"><\/div>\n<\/p><\/div>\n<div class=\"toc-full-divider\"><\/div>\n<div id=\"toc-body\">\n<div id=\"toc-container\"><\/div>\n<\/p><\/div>\n<\/p><\/div>\n<\/p><\/div>\n<div class=\"col-md-6 order-1 order-md-2\" id=\"jForm\">\n                <script type=\"text\/javascript\" src=\"https:\/\/form.jotform.com\/jsform\/242882407646969\"><\/script>\n            <\/div>\n<\/p><\/div>\n<\/p><\/div>\n<div class=\"container\">\n<div class=\"img-thumb\">\n            <img decoding=\"async\" src=\"https:\/\/drterziler.com\/wp-content\/uploads\/2024\/10\/alcohol-before-after-hair-transplant.png\" alt=\"L&#039;alcool avant et apr\u00e8s la greffe de cheveux\" loading=\"lazy\">\n        <\/div>\n<div>\n<div>\n<h2 class=\"h2-header\">Consommation d&#039;alcool avant une greffe de cheveux<\/h2>\n<\/p><\/div>\n<div>\n<p class=\"p-text\">Avant de subir une greffe de cheveux, il est conseill\u00e9 de limiter la consommation d&#039;alcool. L&#039;alcool peut affecter la circulation sanguine et entra\u00eener une d\u00e9shydratation, ce qui est pr\u00e9judiciable \u00e0 la sant\u00e9 et \u00e0 la r\u00e9cup\u00e9ration en g\u00e9n\u00e9ral. Il est essentiel de rester hydrat\u00e9 avant l&#039;intervention. De plus, l&#039;alcool agit comme un anticoagulant, ce qui augmente le risque de saignement pendant et apr\u00e8s l&#039;op\u00e9ration. Pour minimiser les complications, il est g\u00e9n\u00e9ralement conseill\u00e9 aux patients d&#039;\u00e9viter l&#039;alcool pendant au moins 48 heures avant la greffe. Si l&#039;intervention n\u00e9cessite une anesth\u00e9sie, la consommation d&#039;alcool peut interf\u00e9rer avec la fa\u00e7on dont le corps r\u00e9agit au m\u00e9dicament, ce qui peut entra\u00eener des complications.<\/p>\n<\/p><\/div>\n<\/p><\/div>\n<div>\n<div>\n<h2 class=\"h2-header\">Consommation d&#039;alcool apr\u00e8s une greffe de cheveux<\/h2>\n<\/p><\/div>\n<div>\n<p class=\"p-text\">Apr\u00e8s la greffe de cheveux, il est essentiel de rester hydrat\u00e9 pour favoriser la gu\u00e9rison. Bien qu&#039;une consommation mod\u00e9r\u00e9e d&#039;alcool soit g\u00e9n\u00e9ralement acceptable, les patients doivent veiller \u00e0 boire suffisamment d&#039;eau pour contrebalancer les effets d\u00e9shydratants de l&#039;alcool. De plus, l&#039;alcool peut augmenter la sensibilit\u00e9 \u00e0 la douleur chez certaines personnes. Il peut donc \u00eatre b\u00e9n\u00e9fique de limiter sa consommation jusqu&#039;\u00e0 ce que l&#039;inconfort disparaisse. Bien qu&#039;une consommation mod\u00e9r\u00e9e ne soit pas susceptible d&#039;interf\u00e9rer de mani\u00e8re significative avec la gu\u00e9rison, une consommation excessive peut avoir un impact sur la qualit\u00e9 du sommeil, qui est essentielle \u00e0 la r\u00e9cup\u00e9ration. Les perturbations du sommeil peuvent entraver les processus naturels de gu\u00e9rison de l&#039;organisme. Il est donc conseill\u00e9 de surveiller la consommation d&#039;alcool, surtout en fin de journ\u00e9e. Les patients doivent toujours respecter les instructions de soins postop\u00e9ratoires fournies par leur chirurgien et suivre les directives sp\u00e9cifiques concernant la consommation d&#039;alcool afin de garantir une gu\u00e9rison et des r\u00e9sultats optimaux. Peut-on boire de l&#039;alcool avant une greffe de cheveux ? Bien qu&amp;#8217;une consommation mod\u00e9r\u00e9e d&amp;#8217;alcool soit g\u00e9n\u00e9ralement sans danger, il est conseill\u00e9 d&amp;#8217;\u00e9viter l&amp;#8217;alcool pendant au moins 48 heures avant l&amp;#8217;intervention afin de r\u00e9duire le risque de saignement et de complications. Comment l&#039;alcool affecte-t-il la gu\u00e9rison apr\u00e8s une greffe de cheveux ? L&amp;#8217;alcool peut d\u00e9shydrater le corps et favoriser l&amp;#8217;inflammation, ce qui peut entraver le processus de gu\u00e9rison et avoir un impact n\u00e9gatif sur la croissance des cheveux. Quand puis-je reprendre la consommation d&#039;alcool apr\u00e8s une greffe de cheveux ? Il est g\u00e9n\u00e9ralement recommand\u00e9 aux patients d&amp;#8217;\u00e9viter l&amp;#8217;alcool pendant au moins une semaine apr\u00e8s l&amp;#8217;intervention, mais il est pr\u00e9f\u00e9rable de suivre les directives sp\u00e9cifiques de votre chirurgien. L&#039;alcool peut-il interf\u00e9rer avec l&#039;anesth\u00e9sie pendant l&#039;intervention ? Oui, l&amp;#8217;alcool peut affecter la fa\u00e7on dont le corps r\u00e9agit \u00e0 l&amp;#8217;anesth\u00e9sie, ce qui peut entra\u00eener des complications. Il est donc essentiel de s&amp;#8217;abstenir de boire avant l&amp;#8217;op\u00e9ration. L&#039;alcool affectera-t-il l&#039;apparence de mes cheveux apr\u00e8s la greffe ? Une consommation excessive d&amp;#8217;alcool peut avoir un impact n\u00e9gatif sur l&amp;#8217;\u00e9tat de sant\u00e9 g\u00e9n\u00e9ral, ce qui peut indirectement affecter la qualit\u00e9 et la croissance des cheveux apr\u00e8s la greffe. Comment puis-je favoriser mon r\u00e9tablissement apr\u00e8s une greffe de cheveux ? L&amp;#8217;hydratation, une alimentation \u00e9quilibr\u00e9e et le respect des consignes de soins post-op\u00e9ratoires sont essentiels pour favoriser la gu\u00e9rison et la croissance des cheveux. Bien qu&#039;une consommation mod\u00e9r\u00e9e d&#039;alcool soit g\u00e9n\u00e9ralement sans danger, il est conseill\u00e9 d&#039;\u00e9viter l&#039;alcool pendant au moins 48 heures avant l&#039;intervention afin de r\u00e9duire le risque de saignement et de complications.L&#039;alcool peut d\u00e9shydrater le corps et favoriser l&#039;inflammation, ce qui peut entraver le processus de gu\u00e9rison et avoir un impact n\u00e9gatif sur la croissance des cheveux. Il est g\u00e9n\u00e9ralement recommand\u00e9 aux patients d&#039;\u00e9viter l&#039;alcool pendant au moins une semaine apr\u00e8s l&#039;intervention, mais il est pr\u00e9f\u00e9rable de suivre les directives sp\u00e9cifiques de votre chirurgien. Oui, l&#039;alcool peut affecter la fa\u00e7on dont le corps r\u00e9agit \u00e0 l&#039;anesth\u00e9sie, ce qui peut entra\u00eener des complications. Il est donc essentiel de s&#039;abstenir de boire avant l&#039;op\u00e9ration. Une consommation excessive d&#039;alcool peut avoir un impact n\u00e9gatif sur l&#039;\u00e9tat de sant\u00e9 g\u00e9n\u00e9ral, ce qui peut indirectement affecter la qualit\u00e9 et la croissance des cheveux apr\u00e8s la greffe. L&#039;hydratation, une alimentation \u00e9quilibr\u00e9e et le respect des consignes de soins post-op\u00e9ratoires sont essentiels pour favoriser la gu\u00e9rison et la croissance des cheveux.<\/p>\n<\/p><\/div>\n<\/p><\/div>\n<\/p><\/div>\n<\/section>\n","protected":false},"excerpt":{"rendered":"<p>L&#039;alcool avant et apr\u00e8s la greffe de cheveux Dr. Terziler \u00bb L&#039;alcool avant et apr\u00e8s la greffe de cheveux Table des mati\u00e8res Consommation d&#039;alcool avant une greffe de cheveux Avant de subir une greffe de cheveux, il est conseill\u00e9 de limiter la consommation d&#039;alcool. L&#039;alcool peut affecter la circulation sanguine et entra\u00eener une d\u00e9shydratation, ce [&hellip;]<\/p>\n","protected":false},"author":6,"featured_media":0,"parent":0,"menu_order":0,"comment_status":"closed","ping_status":"closed","template":"","meta":{"footnotes":""},"class_list":["post-25891","page","type-page","status-publish","hentry"],"_links":{"self":[{"href":"https:\/\/drterziler.com\/fr\/wp-json\/wp\/v2\/pages\/25891","targetHints":{"allow":["GET"]}}],"collection":[{"href":"https:\/\/drterziler.com\/fr\/wp-json\/wp\/v2\/pages"}],"about":[{"href":"https:\/\/drterziler.com\/fr\/wp-json\/wp\/v2\/types\/page"}],"author":[{"embeddable":true,"href":"https:\/\/drterziler.com\/fr\/wp-json\/wp\/v2\/users\/6"}],"replies":[{"embeddable":true,"href":"https:\/\/drterziler.com\/fr\/wp-json\/wp\/v2\/comments?post=25891"}],"version-history":[{"count":6,"href":"https:\/\/drterziler.com\/fr\/wp-json\/wp\/v2\/pages\/25891\/revisions"}],"predecessor-version":[{"id":60447,"href":"https:\/\/drterziler.com\/fr\/wp-json\/wp\/v2\/pages\/25891\/revisions\/60447"}],"wp:attachment":[{"href":"https:\/\/drterziler.com\/fr\/wp-json\/wp\/v2\/media?parent=25891"}],"curies":[{"name":"wp","href":"https:\/\/api.w.org\/{rel}","templated":true}]}}