{"id":25897,"date":"2024-09-25T07:20:35","date_gmt":"2024-09-25T07:20:35","guid":{"rendered":"https:\/\/drterziler.com\/manuel-ou-robotique\/"},"modified":"2026-04-06T11:44:54","modified_gmt":"2026-04-06T11:44:54","slug":"manuel-ou-robotique","status":"publish","type":"page","link":"https:\/\/drterziler.com\/fr\/manuel-ou-robotique\/","title":{"rendered":"Greffe de cheveux manuelle ou robotis\u00e9e"},"content":{"rendered":"<div class=\"page-content\">\n<div id=\"header-area\">\n<div class=\"container\" id=\"firstContent\">\n<div class=\"header-content d-flex flex-column\">\n<h1 class=\"content-title h1-header\">Greffe de cheveux manuelle ou robotis\u00e9e<\/h1>\n<div class=\"content-paragraph\">\n<p class=\"p-text\">\n<\/p><\/div>\n<nav aria-label=\"breadcrumb\" class=\"breadcrumbs\">\n<ul class=\"d-flex align-items-center mb-0\">\n<li><a class=\"link\" href=\"https:\/\/drterziler.com\/fr\/\"><span>Dr. Terziler<\/span><\/a><\/li>\n<li class=\"separator\">\u00bb<\/li>\n<li class=\"current-page\"><span>Greffe de cheveux manuelle ou robotis\u00e9e<\/span><\/li>\n<\/ul>\n<\/nav><\/div>\n<\/p><\/div>\n<\/p><\/div>\n<\/div>\n<section id=\"content-area\">\n<div class=\"container my-5\">\n<div class=\"row align-items-start\">\n<div class=\"col-md-6 order-2 order-md-1\">\n<div class=\"custom-toc-box\">\n<div id=\"toc-header\">\n<h4>Table des mati\u00e8res<\/h4>\n<div class=\"toc-toggle-icon\"><\/div>\n<\/p><\/div>\n<div class=\"toc-full-divider\"><\/div>\n<div id=\"toc-body\">\n<div id=\"toc-container\"><\/div>\n<\/p><\/div>\n<\/p><\/div>\n<\/p><\/div>\n<div class=\"col-md-6 order-1 order-md-2\" id=\"jForm\">\n                <script type=\"text\/javascript\" src=\"https:\/\/form.jotform.com\/jsform\/242882407646969\"><\/script>\n            <\/div>\n<\/p><\/div>\n<\/p><\/div>\n<div class=\"container\">\n<div class=\"img-thumb\">\n            <img decoding=\"async\" src=\"https:\/\/drterziler.com\/wp-content\/uploads\/2024\/09\/PICASSO-3.webp\" alt=\"Greffe de cheveux manuelle ou robotis\u00e9e\" loading=\"lazy\">\n        <\/div>\n<div>\n<div>\n<h2 class=\"h2-header\">Questions sur la greffe de cheveux manuelle ou robotis\u00e9e<\/h2>\n<\/p><\/div>\n<div>\n<p class=\"p-text\">Le temps de r\u00e9cup\u00e9ration est-il diff\u00e9rent selon qu&#039;il s&#039;agit d&#039;une greffe de cheveux manuelle ou robotis\u00e9e ? Le temps de r\u00e9cup\u00e9ration est g\u00e9n\u00e9ralement similaire pour les deux m\u00e9thodes, mais les proc\u00e9dures robotiques peuvent offrir une r\u00e9cup\u00e9ration l\u00e9g\u00e8rement plus rapide en raison de la pr\u00e9cision et de la nature moins invasive de l&amp;#8217;extraction des follicules. Les greffes de cheveux robotis\u00e9es peuvent-elles \u00eatre combin\u00e9es avec des techniques manuelles ? Oui, certains chirurgiens combinent l&amp;#8217;extraction robotique et l&amp;#8217;implantation manuelle pour obtenir le meilleur des deux m\u00e9thodes, en garantissant la pr\u00e9cision lors de l&amp;#8217;extraction des follicules et la personnalisation lors de l&amp;#8217;implantation. Les greffes de cheveux robotis\u00e9es sont-elles moins douloureuses que les greffes manuelles ? Les deux proc\u00e9dures sont g\u00e9n\u00e9ralement effectu\u00e9es sous anesth\u00e9sie locale, ce qui les rend relativement indolores. Toutefois, la m\u00e9thode robotique peut entra\u00eener une g\u00eane postop\u00e9ratoire moindre en raison du caract\u00e8re peu invasif du processus d&amp;#8217;extraction. Quelle est la meilleure m\u00e9thode pour une restauration capillaire \u00e0 grande \u00e9chelle ? Les greffes robotis\u00e9es peuvent \u00eatre mieux adapt\u00e9es \u00e0 la restauration capillaire \u00e0 grande \u00e9chelle en raison de la rapidit\u00e9 et de l&amp;#8217;efficacit\u00e9 du processus d&amp;#8217;extraction des follicules. Les greffes de cheveux robotis\u00e9es sont-elles plus co\u00fbteuses ? Oui, les greffes de cheveux robotis\u00e9es sont g\u00e9n\u00e9ralement plus co\u00fbteuses en raison de la technologie avanc\u00e9e qu&amp;#8217;elles impliquent. Toutefois, la diff\u00e9rence de co\u00fbt peut \u00eatre justifi\u00e9e par la rapidit\u00e9 et la pr\u00e9cision de la proc\u00e9dure. Le temps de r\u00e9cup\u00e9ration est g\u00e9n\u00e9ralement similaire pour les deux m\u00e9thodes, mais les proc\u00e9dures robotiques peuvent offrir une r\u00e9cup\u00e9ration l\u00e9g\u00e8rement plus rapide en raison de la pr\u00e9cision et de la nature moins invasive de l&#039;extraction des follicules.Oui, certains chirurgiens combinent l&#039;extraction robotique et l&#039;implantation manuelle pour obtenir le meilleur des deux m\u00e9thodes, en garantissant la pr\u00e9cision lors de l&#039;extraction des follicules et la personnalisation lors de l&#039;implantation. Les deux proc\u00e9dures sont g\u00e9n\u00e9ralement effectu\u00e9es sous anesth\u00e9sie locale, ce qui les rend relativement indolores. Toutefois, la m\u00e9thode robotique peut entra\u00eener une g\u00eane postop\u00e9ratoire moindre en raison du caract\u00e8re peu invasif du processus d&#039;extraction. Les greffes robotis\u00e9es peuvent \u00eatre mieux adapt\u00e9es \u00e0 la restauration capillaire \u00e0 grande \u00e9chelle en raison de la rapidit\u00e9 et de l&#039;efficacit\u00e9 du processus d&#039;extraction des follicules. Oui, les greffes de cheveux robotis\u00e9es sont g\u00e9n\u00e9ralement plus co\u00fbteuses en raison de la technologie avanc\u00e9e qu&#039;elles impliquent. Toutefois, la diff\u00e9rence de co\u00fbt peut \u00eatre justifi\u00e9e par la rapidit\u00e9 et la pr\u00e9cision de la proc\u00e9dure.<\/p>\n<\/p><\/div>\n<\/p><\/div>\n<\/p><\/div>\n<\/section>\n","protected":false},"excerpt":{"rendered":"<p>Greffe de cheveux manuelle ou robotis\u00e9e Dr. Terziler \u00bb Greffe de cheveux manuelle ou robotis\u00e9e Table des mati\u00e8res Questions sur la greffe de cheveux manuelle ou robotis\u00e9e Le temps de r\u00e9cup\u00e9ration est-il diff\u00e9rent selon qu&#039;il s&#039;agit d&#039;une greffe de cheveux manuelle ou robotis\u00e9e ? Le temps de r\u00e9cup\u00e9ration est g\u00e9n\u00e9ralement similaire pour les deux m\u00e9thodes, [&hellip;]<\/p>\n","protected":false},"author":6,"featured_media":0,"parent":0,"menu_order":0,"comment_status":"closed","ping_status":"closed","template":"","meta":{"footnotes":""},"class_list":["post-25897","page","type-page","status-publish","hentry"],"_links":{"self":[{"href":"https:\/\/drterziler.com\/fr\/wp-json\/wp\/v2\/pages\/25897","targetHints":{"allow":["GET"]}}],"collection":[{"href":"https:\/\/drterziler.com\/fr\/wp-json\/wp\/v2\/pages"}],"about":[{"href":"https:\/\/drterziler.com\/fr\/wp-json\/wp\/v2\/types\/page"}],"author":[{"embeddable":true,"href":"https:\/\/drterziler.com\/fr\/wp-json\/wp\/v2\/users\/6"}],"replies":[{"embeddable":true,"href":"https:\/\/drterziler.com\/fr\/wp-json\/wp\/v2\/comments?post=25897"}],"version-history":[{"count":7,"href":"https:\/\/drterziler.com\/fr\/wp-json\/wp\/v2\/pages\/25897\/revisions"}],"predecessor-version":[{"id":60454,"href":"https:\/\/drterziler.com\/fr\/wp-json\/wp\/v2\/pages\/25897\/revisions\/60454"}],"wp:attachment":[{"href":"https:\/\/drterziler.com\/fr\/wp-json\/wp\/v2\/media?parent=25897"}],"curies":[{"name":"wp","href":"https:\/\/api.w.org\/{rel}","templated":true}]}}