{"id":25899,"date":"2024-09-03T10:00:51","date_gmt":"2024-09-03T10:00:51","guid":{"rendered":"https:\/\/drterziler.com\/combien-de-greffes-besoin\/"},"modified":"2025-06-11T11:15:15","modified_gmt":"2025-06-11T11:15:15","slug":"combien-de-greffes-besoin","status":"publish","type":"page","link":"https:\/\/drterziler.com\/fr\/quest-ce-quune-greffe-de-cheveux\/combien-de-greffes-besoin\/","title":{"rendered":"De combien de greffons de cheveux ai-je besoin ?"},"content":{"rendered":"<nav aria-label=\"breadcrumbs\" class=\"rank-math-breadcrumb\"><p><span class=\"last\">Dr. Terziler<\/span><\/p><\/nav>\n<h4>\n\t\t\t\tTable des mati\u00e8res\t\t\t<\/h4>\n<p>\t\t\t\t\t\t\t<svg aria-hidden=\"true\" viewBox=\"0 0 448 512\" xmlns=\"http:\/\/www.w3.org\/2000\/svg\"><path d=\"M207.029 381.476L12.686 187.132c-9.373-9.373-9.373-24.569 0-33.941l22.667-22.667c9.357-9.357 24.522-9.375 33.901-.04L224 284.505l154.745-154.021c9.379-9.335 24.544-9.317 33.901.04l22.667 22.667c9.373 9.373 9.373 24.569 0 33.941L240.971 381.476c-9.373 9.372-24.569 9.372-33.942 0z\"><\/path><\/svg><br \/>\n\t\t\t\t<svg aria-hidden=\"true\" viewBox=\"0 0 448 512\" xmlns=\"http:\/\/www.w3.org\/2000\/svg\"><path d=\"M240.971 130.524l194.343 194.343c9.373 9.373 9.373 24.569 0 33.941l-22.667 22.667c-9.357 9.357-24.522 9.375-33.901.04L224 227.495 69.255 381.516c-9.379 9.335-24.544 9.317-33.901-.04l-22.667-22.667c-9.373-9.373-9.373-24.569 0-33.941L207.03 130.525c9.372-9.373 24.568-9.373 33.941-.001z\"><\/path><\/svg><br \/>\n\t\t\t\t<svg aria-hidden=\"true\" viewBox=\"0 0 1000 1000\" xmlns=\"http:\/\/www.w3.org\/2000\/svg\"><path d=\"M500 975V858C696 858 858 696 858 500S696 142 500 142 142 304 142 500H25C25 237 238 25 500 25S975 237 975 500 763 975 500 975Z\"><\/path><\/svg><br \/>\n\t\t\t\t\t\t\t\t\t\t\t\t\t\t\t\t\t\t\t\t\t\t<img loading=\"lazy\" decoding=\"async\" width=\"1700\" height=\"1080\" src=\"https:\/\/drterziler.com\/wp-content\/uploads\/2024\/08\/6.webp\" alt=\"\" srcset=\"https:\/\/drterziler.com\/wp-content\/uploads\/2024\/08\/6.webp 1700w, https:\/\/drterziler.com\/wp-content\/uploads\/2024\/08\/6-300x191.webp 300w, https:\/\/drterziler.com\/wp-content\/uploads\/2024\/08\/6-1024x651.webp 1024w, https:\/\/drterziler.com\/wp-content\/uploads\/2024\/08\/6-768x488.webp 768w, https:\/\/drterziler.com\/wp-content\/uploads\/2024\/08\/6-1536x976.webp 1536w\" sizes=\"auto, (max-width: 1700px) 100vw, 1700px\">\t\t\t\t\t\t\t\t\t\t\t\t\t<\/p>\n<h1>De combien de greffons ai-je besoin?<\/h1>\n<h2>Comprendre les greffons<\/h2>\n<p>Avant de se pencher sur le nombre de greffons dont vous pourriez avoir besoin, il est essentiel de comprendre ce qu&rsquo;est un greffon. Un greffon est un petit morceau de tissu du cuir chevelu contenant un \u00e0 quatre follicules pileux. Ces greffons sont pr\u00e9lev\u00e9s dans la zone donneuse (g\u00e9n\u00e9ralement l&rsquo;arri\u00e8re de la t\u00eate) et transplant\u00e9s dans les zones touch\u00e9es par la perte de cheveux.<\/p>\n<h2>Facteurs affectant le nombre de greffons n\u00e9cessaires<\/h2>\n<p>Le Dr Terziler, expert renomm\u00e9 en transplantation capillaire, souligne que le nombre de greffons n\u00e9cessaires varie d&rsquo;une personne \u00e0 l&rsquo;autre. Plusieurs facteurs influencent ce nombre :<\/p>\n<ul>\n<li>\n<p>l&rsquo;\u00e9tendue de la perte de cheveux<\/p>\n<\/li>\n<li>\n<p>la densit\u00e9 souhait\u00e9e<\/p>\n<\/li>\n<li>\n<p>la qualit\u00e9 et la disponibilit\u00e9 des cheveux donneurs<\/p>\n<\/li>\n<li>\n<p>la taille de la zone receveuse<\/p>\n<\/li>\n<li>\n<p>les caract\u00e9ristiques individuelles des cheveux<\/p>\n<\/li>\n<\/ul>\n<h2>Estimation des besoins en greffons<\/h2>\n<p>Bien qu&rsquo;un nombre exact ne puisse \u00eatre d\u00e9termin\u00e9 que lors d&rsquo;une consultation personnelle, voici une indication g\u00e9n\u00e9rale :<\/p>\n<h3>\u00c9chelle de Norwood et estimation du nombre de greffons<\/h3>\n<ul>\n<li>\n<p>Norwood 2-3 : 500-1 500 greffons<\/p>\n<\/li>\n<li>\n<p>Norwood 3V-4 : 1 500-3 000 greffons<\/p>\n<\/li>\n<li>\n<p>Norwood 4A-5 : 3 000-4 000 greffons<\/p>\n<\/li>\n<li>\n<p>Norwood 5A-6 : 4 000-6 000 greffons<\/p>\n<\/li>\n<\/ul>\n<p>Le Dr Terziler pr\u00e9cise qu&rsquo;il s&rsquo;agit d&rsquo;estimations approximatives et que celles-ci peuvent varier consid\u00e9rablement en fonction des cas individuels.<\/p>\n<h2>L&rsquo;importance d&rsquo;une \u00e9valuation professionnelle<\/h2>\n<p>Le Dr Terziler souligne l&rsquo;importance d&rsquo;une \u00e9valuation professionnelle pour d\u00e9terminer le nombre exact de greffons n\u00e9cessaires. Lors d&rsquo;une consultation \u00e0 la clinique exclusive du Dr Terziler, des techniques avanc\u00e9es sont utilis\u00e9es pour analyser :<\/p>\n<ul>\n<li>\n<p>Le sch\u00e9ma de perte de cheveux<\/p>\n<\/li>\n<li>\n<p>L&rsquo;\u00e9tat du cuir chevelu<\/p>\n<\/li>\n<li>\n<p>La capacit\u00e9 de la zone donneuse<\/p>\n<\/li>\n<li>\n<p>La qualit\u00e9 et l&rsquo;\u00e9paisseur des cheveux<\/p>\n<\/li>\n<\/ul>\n<p>Cette \u00e9valuation compl\u00e8te permet d&rsquo;\u00e9laborer un plan de traitement personnalis\u00e9, adapt\u00e9 aux besoins sp\u00e9cifiques de chaque patient.<\/p>\n<h2>Maximiser la survie des greffons<\/h2>\n<p>Le Dr Terziler souligne que le succ\u00e8s d&rsquo;une greffe de cheveux ne d\u00e9pend pas seulement du nombre de greffons, mais aussi de leur taux de survie. Dans sa clinique, des techniques de pointe telles que la DHI (Direct Hair Implantation) robotis\u00e9e sont utilis\u00e9es pour assurer une survie maximale des greffons et des r\u00e9sultats d&rsquo;apparence naturelle.<\/p>\n<h2>Planifier l&rsquo;avenir<\/h2>\n<p>Lorsqu&rsquo;il d\u00e9termine le nombre de greffons, le Dr Terziler tient \u00e9galement compte des futures tendances de perte de cheveux. Cette approche avant-gardiste garantit que les cheveux transplant\u00e9s conserveront un aspect naturel \u00e0 mesure que vous vieillirez.<\/p>\n<h2>Conclusion<\/h2>\n<p>D\u00e9terminer le nombre de greffons dont vous avez besoin pour une greffe de cheveux est un processus complexe qui n\u00e9cessite une expertise professionnelle. Le Dr Terziler et son \u00e9quipe de la clinique exclusive du Dr Terziler fournissent des \u00e9valuations personnalis\u00e9es pour s&rsquo;assurer que vous recevez le nombre optimal de greffons pour votre situation unique. N&rsquo;oubliez pas qu&rsquo;une greffe de cheveux r\u00e9ussie ne d\u00e9pend pas seulement de la quantit\u00e9, mais aussi du placement strat\u00e9gique et de la planification \u00e0 long terme pour obtenir des r\u00e9sultats d&rsquo;apparence naturelle.<\/p>\n<p>Pour obtenir une \u00e9valuation pr\u00e9cise du nombre de greffons dont vous avez besoin, prenez rendez-vous avec le Dr Terziler. Gr\u00e2ce \u00e0 son expertise et \u00e0 ses techniques avanc\u00e9es, vous serez sur la bonne voie pour retrouver vos cheveux et votre confiance.<\/p>\n","protected":false},"excerpt":{"rendered":"<p>Table des mati\u00e8res De combien de greffons ai-je besoin? Comprendre les greffons Avant de se pencher sur le nombre de greffons dont vous pourriez avoir besoin, il est essentiel de comprendre ce qu&rsquo;est un greffon. Un greffon est un petit morceau de tissu du cuir chevelu contenant un \u00e0 quatre follicules pileux. Ces greffons sont [&hellip;]<\/p>\n","protected":false},"author":6,"featured_media":0,"parent":12607,"menu_order":0,"comment_status":"closed","ping_status":"closed","template":"","meta":{"footnotes":""},"class_list":["post-25899","page","type-page","status-publish","hentry"],"_links":{"self":[{"href":"https:\/\/drterziler.com\/fr\/wp-json\/wp\/v2\/pages\/25899","targetHints":{"allow":["GET"]}}],"collection":[{"href":"https:\/\/drterziler.com\/fr\/wp-json\/wp\/v2\/pages"}],"about":[{"href":"https:\/\/drterziler.com\/fr\/wp-json\/wp\/v2\/types\/page"}],"author":[{"embeddable":true,"href":"https:\/\/drterziler.com\/fr\/wp-json\/wp\/v2\/users\/6"}],"replies":[{"embeddable":true,"href":"https:\/\/drterziler.com\/fr\/wp-json\/wp\/v2\/comments?post=25899"}],"version-history":[{"count":5,"href":"https:\/\/drterziler.com\/fr\/wp-json\/wp\/v2\/pages\/25899\/revisions"}],"predecessor-version":[{"id":43106,"href":"https:\/\/drterziler.com\/fr\/wp-json\/wp\/v2\/pages\/25899\/revisions\/43106"}],"up":[{"embeddable":true,"href":"https:\/\/drterziler.com\/fr\/wp-json\/wp\/v2\/pages\/12607"}],"wp:attachment":[{"href":"https:\/\/drterziler.com\/fr\/wp-json\/wp\/v2\/media?parent=25899"}],"curies":[{"name":"wp","href":"https:\/\/api.w.org\/{rel}","templated":true}]}}