{"id":25903,"date":"2024-09-03T09:12:45","date_gmt":"2024-09-03T09:12:45","guid":{"rendered":"https:\/\/drterziler.com\/ete\/"},"modified":"2025-06-16T12:38:46","modified_gmt":"2025-06-16T12:38:46","slug":"ete","status":"publish","type":"page","link":"https:\/\/drterziler.com\/fr\/ete\/","title":{"rendered":"La greffe de cheveux en \u00e9t\u00e9"},"content":{"rendered":"<nav aria-label=\"breadcrumbs\" class=\"rank-math-breadcrumb\"><p><span class=\"last\">Dr. Terziler<\/span><\/p><\/nav>\n<h4>Table des mati\u00e8res<\/h4>\n<p><img loading=\"lazy\" decoding=\"async\" src=\"https:\/\/drterziler.com\/wp-content\/uploads\/2024\/08\/6.webp\" sizes=\"auto, (max-width: 1700px) 100vw, 1700px\" srcset=\"https:\/\/drterziler.com\/wp-content\/uploads\/2024\/08\/6.webp 1700w, https:\/\/drterziler.com\/wp-content\/uploads\/2024\/08\/6-300x191.webp 300w, https:\/\/drterziler.com\/wp-content\/uploads\/2024\/08\/6-1024x651.webp 1024w, https:\/\/drterziler.com\/wp-content\/uploads\/2024\/08\/6-768x488.webp 768w, https:\/\/drterziler.com\/wp-content\/uploads\/2024\/08\/6-1536x976.webp 1536w\" alt=\"\" width=\"1700\" height=\"1080\"><\/p>\n<h1>Greffe de cheveux en \u00e9t\u00e9 : ce que vous devez savoir<\/h1>\n<h2>L&rsquo;\u00e9t\u00e9 est-il une bonne p\u00e9riode pour une greffe de cheveux ?<\/h2>\n<p>Beaucoup de gens se demandent si l&rsquo;\u00e9t\u00e9 est une p\u00e9riode appropri\u00e9e pour une greffe de cheveux. En r\u00e9alit\u00e9, les greffes de cheveux peuvent \u00eatre r\u00e9alis\u00e9es avec succ\u00e8s en toute saison, y compris en \u00e9t\u00e9. Cependant, il y a certaines consid\u00e9rations et pr\u00e9cautions uniques \u00e0 garder \u00e0 l&rsquo;esprit lors d&rsquo;une greffe de cheveux pendant les mois les plus chauds.<\/p>\n<h2>Avantages des greffes de cheveux en \u00e9t\u00e9<\/h2>\n<ul>\n<li>Gu\u00e9rison plus rapide : Les temp\u00e9ratures plus chaudes peuvent favoriser une meilleure circulation sanguine, ce qui peut acc\u00e9l\u00e9rer la gu\u00e9rison.<\/li>\n<li>Plus facile de prendre des cong\u00e9s : Beaucoup de personnes trouvent plus facile de prendre des cong\u00e9s pendant les mois d&rsquo;\u00e9t\u00e9 pour se reposer.<\/li>\n<li>Calendrier de repousse des cheveux : Une greffe de cheveux en \u00e9t\u00e9 signifie que vos nouveaux cheveux peuvent commencer \u00e0 se remarquer d\u00e8s l&rsquo;hiver, alors que vous pr\u00e9f\u00e9reriez peut-\u00eatre avoir plus de cheveux.<\/li>\n<\/ul>\n<h2>Pr\u00e9cautions et conseils d&rsquo;entretien pour les greffes de cheveux en \u00e9t\u00e9<\/h2>\n<h3>1. Protection solaire<\/h3>\n<p>L&rsquo;aspect le plus crucial des soins post-greffe en \u00e9t\u00e9 est de prot\u00e9ger votre cuir chevelu du soleil. Les rayons UV peuvent endommager les greffons nouvellement transplant\u00e9s et provoquer des irritations.<\/p>\n<p>Conseils :<\/p>\n<ul>\n<li>Portez un chapeau ample lorsque vous \u00eates \u00e0 l&rsquo;ext\u00e9rieur<\/li>\n<li>Utilisez un \u00e9cran solaire \u00e0 indice de protection \u00e9lev\u00e9 sur votre cuir chevelu (apr\u00e8s la p\u00e9riode de cicatrisation initiale)<\/li>\n<li>\u00c9vitez l&rsquo;exposition directe au soleil sur votre cuir chevelu pendant au moins deux semaines apr\u00e8s l&rsquo;op\u00e9ration<\/li>\n<\/ul>\n<h3>2. G\u00e9rer la transpiration<\/h3>\n<p>En \u00e9t\u00e9, une transpiration accrue peut affecter le processus de cicatrisation et entra\u00eener des infections.<\/p>\n<p>Conseils :<\/p>\n<ul>\n<li>Restez dans des environnements climatis\u00e9s lorsque cela est possible<\/li>\n<li>S\u00e9chez doucement votre cuir chevelu si vous transpirez<\/li>\n<li>\u00c9vitez les activit\u00e9s intenses qui provoquent une transpiration excessive pendant au moins deux semaines<\/li>\n<\/ul>\n<h3>3. Hydratation<\/h3>\n<p>Rester hydrat\u00e9 est essentiel pour la cicatrisation et la sant\u00e9 en g\u00e9n\u00e9ral, surtout en \u00e9t\u00e9.<\/p>\n<p>Conseils :<\/p>\n<ul>\n<li>Buvez beaucoup d&rsquo;eau tout au long de la journ\u00e9e<\/li>\n<li>\u00c9vitez la consommation excessive d&rsquo;alcool, qui peut vous d\u00e9shydrater.<\/li>\n<\/ul>\n<h3>4. Pr\u00e9cautions \u00e0 prendre pour la natation<\/h3>\n<p>Les piscines et les plages sont tentantes en \u00e9t\u00e9, mais vous devrez les \u00e9viter dans un premier temps.<\/p>\n<p>Conseils :<\/p>\n<ul>\n<li>\u00c9vitez de nager pendant au moins deux semaines apr\u00e8s la greffe.<\/li>\n<li>Lorsque vous recommencerez \u00e0 nager, portez un bonnet de bain pour prot\u00e9ger votre cuir chevelu.<\/li>\n<\/ul>\n<h2>Soins post-greffe en \u00e9t\u00e9<\/h2>\n<ul>\n<li>Suivez attentivement les instructions de votre chirurgien.<\/li>\n<li>Utilisez les shampooings et les m\u00e9dicaments prescrits selon les indications.<\/li>\n<li>\u00c9vitez de vous gratter ou de toucher la zone transplant\u00e9e<\/li>\n<li>Respectez les rendez-vous de suivi pour surveiller la progression de la cicatrisation<\/li>\n<\/ul>\n<h2>Quand envisager de reporter l&rsquo;op\u00e9ration<\/h2>\n<p>Bien que les greffes de cheveux en \u00e9t\u00e9 soient g\u00e9n\u00e9ralement possibles, il peut y avoir des cas o\u00f9 il serait pr\u00e9f\u00e9rable de reporter l&rsquo;op\u00e9ration :<\/p>\n<ul>\n<li>Si vous pr\u00e9voyez de travailler ou de faire des activit\u00e9s en plein air pendant une longue p\u00e9riode<\/li>\n<li>Si vous pr\u00e9voyez des vacances \u00e0 la plage peu apr\u00e8s l&rsquo;intervention<\/li>\n<li>Si vous vivez dans un climat extr\u00eamement chaud sans acc\u00e8s facile \u00e0 la climatisation<\/li>\n<\/ul>\n<h2>Conclusion<\/h2>\n<p>Il est tout \u00e0 fait possible de se faire greffer des cheveux en \u00e9t\u00e9 \u00e0 condition de prendre les pr\u00e9cautions n\u00e9cessaires. Il est essentiel de prot\u00e9ger votre cuir chevelu du soleil et de la chaleur, de g\u00e9rer la transpiration et de suivre attentivement les instructions postop\u00e9ratoires de votre chirurgien. Si vous envisagez de vous faire greffer des cheveux en \u00e9t\u00e9, consultez le Dr Terziler pour discuter de votre situation sp\u00e9cifique et \u00e9laborer un plan de soins personnalis\u00e9 pour des r\u00e9sultats optimaux.<\/p>\n<p>N&rsquo;oubliez pas que, quelle que soit la saison, les facteurs les plus importants pour une greffe de cheveux r\u00e9ussie sont la comp\u00e9tence de votre chirurgien, la qualit\u00e9 de la clinique et votre engagement \u00e0 suivre les instructions de soins postop\u00e9ratoires. Avec la bonne approche, vous pouvez profiter des avantages de votre greffe de cheveux toute l&rsquo;ann\u00e9e.<\/p>\n","protected":false},"excerpt":{"rendered":"<p>Table des mati\u00e8res Greffe de cheveux en \u00e9t\u00e9 : ce que vous devez savoir L&rsquo;\u00e9t\u00e9 est-il une bonne p\u00e9riode pour une greffe de cheveux ? Beaucoup de gens se demandent si l&rsquo;\u00e9t\u00e9 est une p\u00e9riode appropri\u00e9e pour une greffe de cheveux. En r\u00e9alit\u00e9, les greffes de cheveux peuvent \u00eatre r\u00e9alis\u00e9es avec succ\u00e8s en toute saison, [&hellip;]<\/p>\n","protected":false},"author":6,"featured_media":0,"parent":0,"menu_order":0,"comment_status":"closed","ping_status":"closed","template":"","meta":{"footnotes":""},"class_list":["post-25903","page","type-page","status-publish","hentry"],"_links":{"self":[{"href":"https:\/\/drterziler.com\/fr\/wp-json\/wp\/v2\/pages\/25903","targetHints":{"allow":["GET"]}}],"collection":[{"href":"https:\/\/drterziler.com\/fr\/wp-json\/wp\/v2\/pages"}],"about":[{"href":"https:\/\/drterziler.com\/fr\/wp-json\/wp\/v2\/types\/page"}],"author":[{"embeddable":true,"href":"https:\/\/drterziler.com\/fr\/wp-json\/wp\/v2\/users\/6"}],"replies":[{"embeddable":true,"href":"https:\/\/drterziler.com\/fr\/wp-json\/wp\/v2\/comments?post=25903"}],"version-history":[{"count":6,"href":"https:\/\/drterziler.com\/fr\/wp-json\/wp\/v2\/pages\/25903\/revisions"}],"predecessor-version":[{"id":44249,"href":"https:\/\/drterziler.com\/fr\/wp-json\/wp\/v2\/pages\/25903\/revisions\/44249"}],"wp:attachment":[{"href":"https:\/\/drterziler.com\/fr\/wp-json\/wp\/v2\/media?parent=25903"}],"curies":[{"name":"wp","href":"https:\/\/api.w.org\/{rel}","templated":true}]}}