{"id":25915,"date":"2024-09-02T14:40:23","date_gmt":"2024-09-02T14:40:23","guid":{"rendered":"https:\/\/drterziler.com\/femelle\/"},"modified":"2025-05-27T00:37:55","modified_gmt":"2025-05-27T00:37:55","slug":"femelle","status":"publish","type":"page","link":"https:\/\/drterziler.com\/fr\/femelle\/","title":{"rendered":"Quelles sont les causes de la chute des cheveux chez la femme ?"},"content":{"rendered":"<p>La m\u00e9decine compl\u00e9mentaire (GETAT) est un domaine de traitement qui vise \u00e0 soutenir le corps gr\u00e2ce \u00e0 des m\u00e9thodes de gu\u00e9rison naturelles et holistiques parall\u00e8lement \u00e0 la m\u00e9decine conventionnelle. Ces pratiques aident non seulement les processus de gu\u00e9rison du corps, mais visent \u00e9galement \u00e0 am\u00e9liorer le bien-\u00eatre mental et physique d&rsquo;un individu au plus haut niveau.<\/p>\n<nav aria-label=\"breadcrumbs\" class=\"rank-math-breadcrumb\"><p><span class=\"last\">Dr. Terziler<\/span><\/p><\/nav>\n<h4>\n\t\t\t\tTable des mati\u00e8res\t\t\t<\/h4>\n<p>\t\t\t\t\t\t\t<svg aria-hidden=\"true\" viewBox=\"0 0 448 512\" xmlns=\"http:\/\/www.w3.org\/2000\/svg\"><path d=\"M207.029 381.476L12.686 187.132c-9.373-9.373-9.373-24.569 0-33.941l22.667-22.667c9.357-9.357 24.522-9.375 33.901-.04L224 284.505l154.745-154.021c9.379-9.335 24.544-9.317 33.901.04l22.667 22.667c9.373 9.373 9.373 24.569 0 33.941L240.971 381.476c-9.373 9.372-24.569 9.372-33.942 0z\"><\/path><\/svg><br \/>\n\t\t\t\t<svg aria-hidden=\"true\" viewBox=\"0 0 448 512\" xmlns=\"http:\/\/www.w3.org\/2000\/svg\"><path d=\"M240.971 130.524l194.343 194.343c9.373 9.373 9.373 24.569 0 33.941l-22.667 22.667c-9.357 9.357-24.522 9.375-33.901.04L224 227.495 69.255 381.516c-9.379 9.335-24.544 9.317-33.901-.04l-22.667-22.667c-9.373-9.373-9.373-24.569 0-33.941L207.03 130.525c9.372-9.373 24.568-9.373 33.941-.001z\"><\/path><\/svg><br \/>\n\t\t\t\t<svg aria-hidden=\"true\" viewBox=\"0 0 1000 1000\" xmlns=\"http:\/\/www.w3.org\/2000\/svg\"><path d=\"M500 975V858C696 858 858 696 858 500S696 142 500 142 142 304 142 500H25C25 237 238 25 500 25S975 237 975 500 763 975 500 975Z\"><\/path><\/svg><br \/>\n\t\t\t\t\t\t\t\t\t\t\t\t\t\t\t\t\t\t\t\t\t\t<img loading=\"lazy\" decoding=\"async\" width=\"1700\" height=\"1080\" src=\"https:\/\/drterziler.com\/wp-content\/uploads\/2024\/08\/6.webp\" alt=\"\" srcset=\"https:\/\/drterziler.com\/wp-content\/uploads\/2024\/08\/6.webp 1700w, https:\/\/drterziler.com\/wp-content\/uploads\/2024\/08\/6-300x191.webp 300w, https:\/\/drterziler.com\/wp-content\/uploads\/2024\/08\/6-1024x651.webp 1024w, https:\/\/drterziler.com\/wp-content\/uploads\/2024\/08\/6-768x488.webp 768w, https:\/\/drterziler.com\/wp-content\/uploads\/2024\/08\/6-1536x976.webp 1536w\" sizes=\"auto, (max-width: 1700px) 100vw, 1700px\">\t\t\t\t\t\t\t\t\t\t\t\t\t<\/p>\n<h1>Quelles sont les causes de la chute des cheveux chez la femme ? &#8211; Dr Terziler<\/h1>\n<p>La chute des cheveux est souvent per\u00e7ue comme un probl\u00e8me essentiellement masculin, mais c&rsquo;est une affection qui touche des millions de femmes dans le monde. \u00c0 la Dr. Terziler Exclusive Hair Clinic, nous comprenons l&rsquo;impact \u00e9motionnel de la chute des cheveux chez les femmes et nous nous engageons \u00e0 aider nos patientes \u00e0 comprendre et \u00e0 traiter ce probl\u00e8me. Examinons les causes courantes de la chute des cheveux chez la femme et les traitements disponibles.<\/p>\n<h2>Causes courantes de la chute des cheveux chez la femme<\/h2>\n<h3>1. Changements hormonaux<\/h3>\n<p>Les fluctuations hormonales sont l&rsquo;une des principales causes de la perte de cheveux chez les femmes. Elles peuvent \u00eatre dues \u00e0 :<\/p>\n<ul>\n<li>La grossesse et le post-partum<\/li>\n<li>La m\u00e9nopause<\/li>\n<li>Des troubles thyro\u00efdiens<\/li>\n<li>Le syndrome des ovaires polykystiques (SOPK)<\/li>\n<\/ul>\n<h3>2. Facteurs g\u00e9n\u00e9tiques<\/h3>\n<p>La perte de cheveux chez la femme, \u00e9galement appel\u00e9e alop\u00e9cie androg\u00e9n\u00e9tique, est souvent h\u00e9r\u00e9ditaire. Cette affection peut \u00eatre transmise par l&rsquo;un ou l&rsquo;autre des parents et devient g\u00e9n\u00e9ralement plus visible avec l&rsquo;\u00e2ge.<\/p>\n<h3>3. Carences nutritionnelles<\/h3>\n<p>Une consommation insuffisante de nutriments essentiels peut entra\u00eener la chute des cheveux. Les nutriments essentiels \u00e0 la sant\u00e9 des cheveux sont les suivants :<\/p>\n<ul>\n<li>Fer<\/li>\n<li>Vitamine D<\/li>\n<li>Vitamine B12<\/li>\n<li>Zinc<\/li>\n<li>Prot\u00e9ines<\/li>\n<\/ul>\n<h3>4. Stress et traumatisme<\/h3>\n<p>Le stress physique ou \u00e9motionnel peut d\u00e9clencher un type de chute des cheveux appel\u00e9 effluvium t\u00e9log\u00e8ne. Cette affection peut \u00eatre caus\u00e9e par :<\/p>\n<ul>\n<li>Une intervention chirurgicale majeure<\/li>\n<li>Une maladie grave<\/li>\n<li>Une perte de poids importante<\/li>\n<li>Un traumatisme \u00e9motionnel<\/li>\n<\/ul>\n<h3>5. Pratiques de coiffure<\/h3>\n<p>Certaines habitudes de coiffure peuvent endommager les follicules pileux et entra\u00eener la chute des cheveux :<\/p>\n<ul>\n<li>Coiffures serr\u00e9es (par exemple, queues de cheval, tresses)<\/li>\n<li>Coiffage \u00e0 la chaleur excessive<\/li>\n<li>Traitements chimiques<\/li>\n<\/ul>\n<h3>6. Probl\u00e8mes de sant\u00e9 et m\u00e9dicaments<\/h3>\n<p>Plusieurs probl\u00e8mes de sant\u00e9 et traitements peuvent entra\u00eener la chute des cheveux :<\/p>\n<ul>\n<li>Maladies auto-immunes (par exemple, alop\u00e9cie areata, lupus)<\/li>\n<li>Infections du cuir chevelu<\/li>\n<li>Chimioth\u00e9rapie et radioth\u00e9rapie<\/li>\n<li>Certains m\u00e9dicaments (par exemple, anticoagulants, antid\u00e9presseurs)<\/li>\n<\/ul>\n<h2>Diagnostic et traitement<\/h2>\n<p>\u00c0 la clinique capillaire exclusive du Dr Terziler, nous adoptons une approche globale pour diagnostiquer et traiter la perte de cheveux chez la femme :<\/p>\n<ol>\n<li><strong>\u00c9valuation approfondie<\/strong> : Nous proc\u00e9dons \u00e0 un examen d\u00e9taill\u00e9 des ant\u00e9c\u00e9dents m\u00e9dicaux et \u00e0 un examen physique du cuir chevelu.<\/li>\n<li><strong>Tests diagnostiques<\/strong> : Si n\u00e9cessaire, nous pouvons recommander des analyses de sang ou des biopsies du cuir chevelu pour d\u00e9terminer la cause sous-jacente.<\/li>\n<li><strong>Plan de traitement personnalis\u00e9<\/strong> : En fonction du diagnostic, nous \u00e9laborons un plan de traitement sur mesure qui peut inclure :\n<ul>\n<li>Des m\u00e9dicaments topiques (par exemple, le minoxidil)<\/li>\n<li>Des m\u00e9dicaments oraux<\/li>\n<li>Des compl\u00e9ments alimentaires<\/li>\n<li>La th\u00e9rapie par plasma riche en plaquettes (PRP)<\/li>\n<li>Des techniques de transplantation capillaire (par exemple, la DHI robotis\u00e9e)<\/li>\n<\/ul>\n<\/li>\n<li><strong>Recommandations sur le mode de vie<\/strong> : Nous fournissons des conseils sur l&rsquo;alimentation, la gestion du stress et les pratiques de soins capillaires pour favoriser la sant\u00e9 globale des cheveux.<\/li>\n<\/ol>\n<h2>Conclusion<\/h2>\n<p>La perte de cheveux chez la femme est un probl\u00e8me complexe qui peut avoir plusieurs causes. \u00c0 la clinique capillaire exclusive du Dr Terziler, nous nous engageons \u00e0 aider les femmes \u00e0 comprendre et \u00e0 traiter leurs probl\u00e8mes de perte de cheveux. Gr\u00e2ce \u00e0 nos techniques de diagnostic avanc\u00e9es et \u00e0 nos traitements de pointe, dont la m\u00e9thode innovante DHI robotis\u00e9e, nous pouvons apporter des solutions efficaces \u00e0 la plupart des cas de perte de cheveux chez la femme.<\/p>\n<p>Si vous souffrez de chute de cheveux, n&rsquo;h\u00e9sitez pas \u00e0 demander l&rsquo;aide d&rsquo;un professionnel. Une intervention pr\u00e9coce peut souvent conduire \u00e0 de meilleurs r\u00e9sultats. Contactez d\u00e8s aujourd&rsquo;hui la Dr. Terziler Exclusive Hair Clinic pour prendre rendez-vous et faire le premier pas vers des cheveux plus sains et plus fournis.<\/p>\n","protected":false},"excerpt":{"rendered":"<p>La m\u00e9decine compl\u00e9mentaire (GETAT) est un domaine de traitement qui vise \u00e0 soutenir le corps gr\u00e2ce \u00e0 des m\u00e9thodes de gu\u00e9rison naturelles et holistiques parall\u00e8lement \u00e0 la m\u00e9decine conventionnelle. Ces pratiques aident non seulement les processus de gu\u00e9rison du corps, mais visent \u00e9galement \u00e0 am\u00e9liorer le bien-\u00eatre mental et physique d&rsquo;un individu au plus haut [&hellip;]<\/p>\n","protected":false},"author":6,"featured_media":0,"parent":0,"menu_order":0,"comment_status":"closed","ping_status":"closed","template":"","meta":{"footnotes":""},"class_list":["post-25915","page","type-page","status-publish","hentry"],"_links":{"self":[{"href":"https:\/\/drterziler.com\/fr\/wp-json\/wp\/v2\/pages\/25915","targetHints":{"allow":["GET"]}}],"collection":[{"href":"https:\/\/drterziler.com\/fr\/wp-json\/wp\/v2\/pages"}],"about":[{"href":"https:\/\/drterziler.com\/fr\/wp-json\/wp\/v2\/types\/page"}],"author":[{"embeddable":true,"href":"https:\/\/drterziler.com\/fr\/wp-json\/wp\/v2\/users\/6"}],"replies":[{"embeddable":true,"href":"https:\/\/drterziler.com\/fr\/wp-json\/wp\/v2\/comments?post=25915"}],"version-history":[{"count":4,"href":"https:\/\/drterziler.com\/fr\/wp-json\/wp\/v2\/pages\/25915\/revisions"}],"predecessor-version":[{"id":38547,"href":"https:\/\/drterziler.com\/fr\/wp-json\/wp\/v2\/pages\/25915\/revisions\/38547"}],"wp:attachment":[{"href":"https:\/\/drterziler.com\/fr\/wp-json\/wp\/v2\/media?parent=25915"}],"curies":[{"name":"wp","href":"https:\/\/api.w.org\/{rel}","templated":true}]}}