{"id":25919,"date":"2024-09-02T13:49:57","date_gmt":"2024-09-02T13:49:57","guid":{"rendered":"https:\/\/drterziler.com\/chlorine\/"},"modified":"2026-04-27T08:36:20","modified_gmt":"2026-04-27T08:36:20","slug":"chlorine","status":"publish","type":"page","link":"https:\/\/drterziler.com\/fr\/chlorine\/","title":{"rendered":"Le chlore peut-il provoquer la chute des cheveux ?"},"content":{"rendered":"<nav aria-label=\"breadcrumbs\" class=\"rank-math-breadcrumb\"><p><span class=\"last\">Dr. Terziler<\/span><\/p><\/nav>\n<h4>Table des mati\u00e8res<\/h4>\n<p><img loading=\"lazy\" decoding=\"async\" src=\"https:\/\/drterziler.com\/wp-content\/uploads\/2024\/08\/6.webp\" sizes=\"auto, (max-width: 1700px) 100vw, 1700px\" srcset=\"https:\/\/drterziler.com\/wp-content\/uploads\/2024\/08\/6.webp 1700w, https:\/\/drterziler.com\/wp-content\/uploads\/2024\/08\/6-300x191.webp 300w, https:\/\/drterziler.com\/wp-content\/uploads\/2024\/08\/6-1024x651.webp 1024w, https:\/\/drterziler.com\/wp-content\/uploads\/2024\/08\/6-768x488.webp 768w, https:\/\/drterziler.com\/wp-content\/uploads\/2024\/08\/6-1536x976.webp 1536w\" alt=\"\" width=\"1700\" height=\"1080\"><\/p>\n<h1>Le chlore peut-il causer la chute des cheveux ? &#8211; Dr Terziler<\/h1>\n<p>La natation est une activit\u00e9 physique et r\u00e9cr\u00e9ative fantastique, mais si vous \u00eates pr\u00e9occup\u00e9 par la chute de vos cheveux, vous vous interrogez peut-\u00eatre sur les effets du chlore sur votre chevelure. Bien que le chlore soit essentiel pour garder les piscines propres et s\u00fbres, il peut avoir des effets n\u00e9gatifs sur la sant\u00e9 de vos cheveux. Examinons de plus pr\u00e8s la relation entre le chlore et la chute des cheveux.<\/p>\n<h2>Le chlore provoque-t-il directement la chute des cheveux ?<\/h2>\n<p>Le chlore en lui-m\u00eame ne provoque pas directement la chute des cheveux, c&rsquo;est-\u00e0-dire qu&rsquo;il ne fait pas tomber les cheveux de la racine. Cependant, une exposition prolong\u00e9e au chlore peut endommager vos cheveux, les rendant plus susceptibles de se casser, ce qui peut donner l&rsquo;impression qu&rsquo;ils s&rsquo;\u00e9claircissent.<\/p>\n<h2>Comment le chlore affecte vos cheveux<\/h2>\n<ol>\n<li><strong>D\u00e9pouillement des huiles naturelles<\/strong> : le chlore peut d\u00e9pouiller vos cheveux de leurs huiles naturelles, les laissant secs et cassants.<\/li>\n<li><strong>Perte de prot\u00e9ines<\/strong> : le chlore peut d\u00e9composer les prot\u00e9ines de vos cheveux, ce qui affaiblit leur structure.<\/li>\n<li><strong>Changements de couleur<\/strong> : le chlore peut provoquer des r\u00e9actions chimiques qui alt\u00e8rent la couleur de vos cheveux, ce qui est particuli\u00e8rement visible sur les cheveux clairs.<\/li>\n<li><strong>Irritation du cuir chevelu<\/strong> : certaines personnes peuvent souffrir d&rsquo;une irritation du cuir chevelu due au chlore, ce qui peut affecter indirectement la sant\u00e9 des cheveux.<\/li>\n<\/ol>\n<h2>Mesures de protection<\/h2>\n<p>Bien que l&rsquo;exposition au chlore puisse \u00eatre nocive pour vos cheveux, vous pouvez prendre plusieurs mesures pour minimiser ses effets :<\/p>\n<ol>\n<li><strong>Mouillez vos cheveux avant de nager<\/strong> : imbibez-les d&rsquo;eau claire avant d&rsquo;entrer dans la piscine. Cela r\u00e9duit la quantit\u00e9 de chlore que vos cheveux peuvent absorber.<\/li>\n<li><strong>Portez un bonnet de bain<\/strong> : un bonnet bien ajust\u00e9 peut faire office de barri\u00e8re entre vos cheveux et l&rsquo;eau chlor\u00e9e.<\/li>\n<li><strong>Rincez-vous imm\u00e9diatement apr\u00e8s la baignade<\/strong> : rincez-vous soigneusement les cheveux \u00e0 l&rsquo;eau claire d\u00e8s que vous sortez de la piscine.<\/li>\n<li><strong>Utilisez un shampooing clarifiant<\/strong> : utilisez de temps en temps un shampooing clarifiant pour \u00e9liminer l&rsquo;accumulation de chlore dans vos cheveux.<\/li>\n<li><strong>Appliquez un apr\u00e8s-shampooing sans rin\u00e7age<\/strong> : utilisez un apr\u00e8s-shampooing sans rin\u00e7age avant de nager pour b\u00e9n\u00e9ficier d&rsquo;une protection suppl\u00e9mentaire.<\/li>\n<\/ol>\n<h2>Quand demander l&rsquo;aide d&rsquo;un professionnel<\/h2>\n<p>Si vous remarquez une perte ou un \u00e9claircissement important de vos cheveux, il est important de consulter un sp\u00e9cialiste des cheveux. Bien que le chlore puisse endommager les cheveux, la perte de cheveux persistante a souvent d&rsquo;autres causes sous-jacentes qui n\u00e9cessitent une \u00e9valuation et un traitement professionnels.<\/p>\n<p>\u00c0 la clinique capillaire exclusive du Dr Terziler, nous sommes sp\u00e9cialis\u00e9s dans le diagnostic et le traitement de diverses formes de perte de cheveux. Notre \u00e9quipe d&rsquo;experts peut vous aider \u00e0 d\u00e9terminer la cause profonde de vos probl\u00e8mes capillaires et vous proposer des plans de traitement personnalis\u00e9s pour r\u00e9tablir la sant\u00e9 de vos cheveux.<\/p>\n<p>N&rsquo;oubliez pas que si le chlore peut affecter la sant\u00e9 de vos cheveux, avec des soins et une protection appropri\u00e9s, vous pouvez continuer \u00e0 profiter de la natation sans compromettre la vitalit\u00e9 de vos cheveux.<\/p>\n","protected":false},"excerpt":{"rendered":"<p>Table des mati\u00e8res Le chlore peut-il causer la chute des cheveux ? &#8211; Dr Terziler La natation est une activit\u00e9 physique et r\u00e9cr\u00e9ative fantastique, mais si vous \u00eates pr\u00e9occup\u00e9 par la chute de vos cheveux, vous vous interrogez peut-\u00eatre sur les effets du chlore sur votre chevelure. Bien que le chlore soit essentiel pour garder [&hellip;]<\/p>\n","protected":false},"author":6,"featured_media":0,"parent":0,"menu_order":0,"comment_status":"closed","ping_status":"closed","template":"","meta":{"footnotes":""},"class_list":["post-25919","page","type-page","status-publish","hentry"],"_links":{"self":[{"href":"https:\/\/drterziler.com\/fr\/wp-json\/wp\/v2\/pages\/25919","targetHints":{"allow":["GET"]}}],"collection":[{"href":"https:\/\/drterziler.com\/fr\/wp-json\/wp\/v2\/pages"}],"about":[{"href":"https:\/\/drterziler.com\/fr\/wp-json\/wp\/v2\/types\/page"}],"author":[{"embeddable":true,"href":"https:\/\/drterziler.com\/fr\/wp-json\/wp\/v2\/users\/6"}],"replies":[{"embeddable":true,"href":"https:\/\/drterziler.com\/fr\/wp-json\/wp\/v2\/comments?post=25919"}],"version-history":[{"count":5,"href":"https:\/\/drterziler.com\/fr\/wp-json\/wp\/v2\/pages\/25919\/revisions"}],"predecessor-version":[{"id":44261,"href":"https:\/\/drterziler.com\/fr\/wp-json\/wp\/v2\/pages\/25919\/revisions\/44261"}],"wp:attachment":[{"href":"https:\/\/drterziler.com\/fr\/wp-json\/wp\/v2\/media?parent=25919"}],"curies":[{"name":"wp","href":"https:\/\/api.w.org\/{rel}","templated":true}]}}