{"id":25953,"date":"2024-09-25T07:02:54","date_gmt":"2024-09-25T07:02:54","guid":{"rendered":"https:\/\/drterziler.com\/alopecie-par-fibrose-frontale\/"},"modified":"2025-06-11T12:10:25","modified_gmt":"2025-06-11T12:10:25","slug":"alopecie-par-fibrose-frontale","status":"publish","type":"page","link":"https:\/\/drterziler.com\/fr\/alopecie-par-fibrose-frontale\/","title":{"rendered":"Alop\u00e9cie frontale fibrosante"},"content":{"rendered":"<nav aria-label=\"breadcrumbs\" class=\"rank-math-breadcrumb\"><p><span class=\"last\">Dr. Terziler<\/span><\/p><\/nav>\n<h4>\n\t\t\t\tTable des mati\u00e8res\t\t\t<\/h4>\n<p>\t\t\t\t\t\t\t<svg aria-hidden=\"true\" viewBox=\"0 0 448 512\" xmlns=\"http:\/\/www.w3.org\/2000\/svg\"><path d=\"M207.029 381.476L12.686 187.132c-9.373-9.373-9.373-24.569 0-33.941l22.667-22.667c9.357-9.357 24.522-9.375 33.901-.04L224 284.505l154.745-154.021c9.379-9.335 24.544-9.317 33.901.04l22.667 22.667c9.373 9.373 9.373 24.569 0 33.941L240.971 381.476c-9.373 9.372-24.569 9.372-33.942 0z\"><\/path><\/svg><br \/>\n\t\t\t\t<svg aria-hidden=\"true\" viewBox=\"0 0 448 512\" xmlns=\"http:\/\/www.w3.org\/2000\/svg\"><path d=\"M240.971 130.524l194.343 194.343c9.373 9.373 9.373 24.569 0 33.941l-22.667 22.667c-9.357 9.357-24.522 9.375-33.901.04L224 227.495 69.255 381.516c-9.379 9.335-24.544 9.317-33.901-.04l-22.667-22.667c-9.373-9.373-9.373-24.569 0-33.941L207.03 130.525c9.372-9.373 24.568-9.373 33.941-.001z\"><\/path><\/svg><br \/>\n\t\t\t\t<svg aria-hidden=\"true\" viewBox=\"0 0 1000 1000\" xmlns=\"http:\/\/www.w3.org\/2000\/svg\"><path d=\"M500 975V858C696 858 858 696 858 500S696 142 500 142 142 304 142 500H25C25 237 238 25 500 25S975 237 975 500 763 975 500 975Z\"><\/path><\/svg><br \/>\n\t\t\t\t\t\t\t\t\t\t\t\t\t\t\t\t\t\t\t\t\t\t<img loading=\"lazy\" decoding=\"async\" width=\"882\" height=\"556\" src=\"https:\/\/drterziler.com\/wp-content\/uploads\/2024\/09\/frontal-fibrosing-alopecia.png\" alt=\"\" srcset=\"https:\/\/drterziler.com\/wp-content\/uploads\/2024\/09\/frontal-fibrosing-alopecia.png 882w, https:\/\/drterziler.com\/wp-content\/uploads\/2024\/09\/frontal-fibrosing-alopecia-300x189.png 300w, https:\/\/drterziler.com\/wp-content\/uploads\/2024\/09\/frontal-fibrosing-alopecia-768x484.png 768w\" sizes=\"auto, (max-width: 882px) 100vw, 882px\">\t\t\t\t\t\t\t\t\t\t\t\t\t<\/p>\n<h3>Qu&rsquo;est-ce que l&rsquo;alop\u00e9cie fibrosante frontale ?<\/h3>\n<p>L&rsquo;alop\u00e9cie fibrosante frontale (AFF) est un type d&rsquo;alop\u00e9cie cicatricielle qui affecte principalement la ligne frontale des cheveux, provoquant une perte progressive des cheveux le long du cuir chevelu frontal. Elle est consid\u00e9r\u00e9e comme un sous-type de lichen planopilaris et est plus fr\u00e9quente chez les femmes m\u00e9nopaus\u00e9es, bien qu&rsquo;elle puisse \u00e9galement toucher les hommes. La cause exacte de l&rsquo;AFF reste incertaine, mais on pense qu&rsquo;il s&rsquo;agit d&rsquo;une maladie auto-immune dans laquelle le corps attaque par erreur les follicules pileux, entra\u00eenant une inflammation et une perte de cheveux permanente. Un diagnostic et un traitement pr\u00e9coces sont essentiels pour ralentir la progression de la maladie et pr\u00e9server les cheveux restants.<\/p>\n<h3>Sympt\u00f4mes et signes pr\u00e9coces de l&rsquo;AFF<\/h3>\n<p>L&rsquo;alop\u00e9cie frontale fibrosante commence g\u00e9n\u00e9ralement par un recul notable de la ligne frontale.<\/p>\n<ul>\n<li>\n<p><strong>Retrait de la ligne frontale :<\/strong> le sympt\u00f4me le plus \u00e9vident est le recul progressif de la ligne frontale, qui recule souvent de plusieurs centim\u00e8tres.<\/p>\n<\/li>\n<li>\n<p><strong>Perte des sourcils :<\/strong> de nombreux patients perdent \u00e9galement leurs sourcils, parfois avant la chute des cheveux.<\/p>\n<\/li>\n<li>\n<p><strong>Rougeur et inflammation :<\/strong> dans certains cas, une rougeur et une inflammation apparaissent autour des follicules affect\u00e9s, signe d&rsquo;une maladie active. Il est essentiel de reconna\u00eetre ces premiers sympt\u00f4mes pour consulter un m\u00e9decin rapidement, car la maladie peut entra\u00eener une perte de cheveux permanente si elle n&rsquo;est pas trait\u00e9e.<\/p>\n<\/li>\n<\/ul>\n<h3>Causes potentielles de l&rsquo;alop\u00e9cie frontale fibrosante<\/h3>\n<p>La cause exacte de l&rsquo;AFF reste inconnue, mais les chercheurs pensent qu&rsquo;il s&rsquo;agit d&rsquo;une maladie auto-immune. Les changements hormonaux, en particulier ceux li\u00e9s \u00e0 la m\u00e9nopause, peuvent contribuer \u00e0 son d\u00e9veloppement. La g\u00e9n\u00e9tique, les facteurs environnementaux et m\u00eame certains produits de soins de la peau ont \u00e9galement \u00e9t\u00e9 sugg\u00e9r\u00e9s comme d\u00e9clencheurs potentiels de l&rsquo;apparition de l&rsquo;AFF. Alors que les recherches se poursuivent, la compr\u00e9hension de ces causes possibles peut aider \u00e0 g\u00e9rer les attentes et les options de traitement.<\/p>\n<h3>Options de traitement disponibles pour l&rsquo;AFF<\/h3>\n<p>Bien qu&rsquo;il n&rsquo;existe aucun rem\u00e8de contre l&rsquo;alop\u00e9cie fibrosante frontale, une intervention pr\u00e9coce peut aider \u00e0 g\u00e9rer les sympt\u00f4mes et \u00e0 ralentir la chute des cheveux. Les options de traitement courantes comprennent :<\/p>\n<ul>\n<li>\n<p><strong>Des corticost\u00e9ro\u00efdes topiques<\/strong> pour r\u00e9duire l&rsquo;inflammation autour des follicules affect\u00e9s.<\/p>\n<\/li>\n<li>\n<p>Des <strong>immunosuppresseurs<\/strong> tels que l&rsquo;hydroxychloroquine peuvent \u00eatre prescrits pour aider \u00e0 contr\u00f4ler la r\u00e9ponse auto-immune.<\/p>\n<\/li>\n<li>\n<p>Le <strong>minoxidil<\/strong> est souvent recommand\u00e9 pour favoriser la repousse des cheveux, bien que son efficacit\u00e9 varie. Il est important de consulter un dermatologue d\u00e8s le d\u00e9but pour explorer les plans de traitement qui peuvent pr\u00e9server les cheveux existants et pr\u00e9venir une perte suppl\u00e9mentaire.<\/p>\n<\/li>\n<\/ul>\n<h3>Pronostic et gestion \u00e0 long terme<\/h3>\n<p>Bien que l&rsquo;AFF ne puisse pas \u00eatre compl\u00e8tement invers\u00e9e, une d\u00e9tection et un traitement pr\u00e9coces peuvent aider \u00e0 enrayer sa progression. Les patients doivent \u00eatre pr\u00e9par\u00e9s \u00e0 une prise en charge \u00e0 long terme de la maladie, car la repousse des cheveux dans les zones touch\u00e9es est souvent limit\u00e9e. Le maintien d&rsquo;un traitement et la consultation r\u00e9guli\u00e8re d&rsquo;un sp\u00e9cialiste peuvent aider \u00e0 g\u00e9rer les sympt\u00f4mes et \u00e0 am\u00e9liorer la qualit\u00e9 de vie des personnes atteintes d&rsquo;alop\u00e9cie fibrosante frontale.<\/p>\n<h2>Questions sur l&rsquo;alop\u00e9cie fibrosante frontale<\/h2>\n<details id=\"e-n-accordion-item-9030\" open>\n<summary data-accordion-index=\"1\" tabindex=\"0\" aria-expanded=\"true\" aria-controls=\"e-n-accordion-item-9030\" >\n\t\t\t\t\t L&rsquo;alop\u00e9cie fibrosante frontale peut-elle \u00eatre gu\u00e9rie ?<br \/>\n\t\t\t<svg aria-hidden=\"true\" viewBox=\"0 0 448 512\" xmlns=\"http:\/\/www.w3.org\/2000\/svg\"><path d=\"M416 208H32c-17.67 0-32 14.33-32 32v32c0 17.67 14.33 32 32 32h384c17.67 0 32-14.33 32-32v-32c0-17.67-14.33-32-32-32z\"><\/path><\/svg><br \/>\n\t\t\t<svg aria-hidden=\"true\" viewBox=\"0 0 448 512\" xmlns=\"http:\/\/www.w3.org\/2000\/svg\"><path d=\"M416 208H272V64c0-17.67-14.33-32-32-32h-32c-17.67 0-32 14.33-32 32v144H32c-17.67 0-32 14.33-32 32v32c0 17.67 14.33 32 32 32h144v144c0 17.67 14.33 32 32 32h32c17.67 0 32-14.33 32-32V304h144c17.67 0 32-14.33 32-32v-32c0-17.67-14.33-32-32-32z\"><\/path><\/svg><br \/>\n\t\t\t\t\t\t<\/summary>\n<p>Il n&#8217;existe actuellement aucun traitement pour la FFA, mais un traitement peut ralentir sa progression et g\u00e9rer les sympt\u00f4mes. Une intervention pr\u00e9coce peut aider \u00e0 pr\u00e9server les cheveux restants et \u00e0 r\u00e9duire l&#8217;inflammation.<\/p>\n<\/details>\n<details id=\"e-n-accordion-item-9031\" >\n<summary data-accordion-index=\"2\" tabindex=\"-1\" aria-expanded=\"false\" aria-controls=\"e-n-accordion-item-9031\" >\n\t\t\t\t\t Quelles sont les causes de l&rsquo;alop\u00e9cie fibrosante frontale ?<br \/>\n\t\t\t<svg aria-hidden=\"true\" viewBox=\"0 0 448 512\" xmlns=\"http:\/\/www.w3.org\/2000\/svg\"><path d=\"M416 208H32c-17.67 0-32 14.33-32 32v32c0 17.67 14.33 32 32 32h384c17.67 0 32-14.33 32-32v-32c0-17.67-14.33-32-32-32z\"><\/path><\/svg><br \/>\n\t\t\t<svg aria-hidden=\"true\" viewBox=\"0 0 448 512\" xmlns=\"http:\/\/www.w3.org\/2000\/svg\"><path d=\"M416 208H272V64c0-17.67-14.33-32-32-32h-32c-17.67 0-32 14.33-32 32v144H32c-17.67 0-32 14.33-32 32v32c0 17.67 14.33 32 32 32h144v144c0 17.67 14.33 32 32 32h32c17.67 0 32-14.33 32-32V304h144c17.67 0 32-14.33 32-32v-32c0-17.67-14.33-32-32-32z\"><\/path><\/svg><br \/>\n\t\t\t\t\t\t<\/summary>\n<p>Bien que la cause exacte soit inconnue, on pense que l&#8217;AGF est une maladie auto-immune. Les changements hormonaux, la g\u00e9n\u00e9tique et les facteurs environnementaux peuvent \u00e9galement jouer un r\u00f4le dans son d\u00e9veloppement.<\/p>\n<\/details>\n<details id=\"e-n-accordion-item-9032\" >\n<summary data-accordion-index=\"3\" tabindex=\"-1\" aria-expanded=\"false\" aria-controls=\"e-n-accordion-item-9032\" >\n\t\t\t\t\t Comment l&rsquo;alop\u00e9cie fibrosante frontale est-elle diagnostiqu\u00e9e ?<br \/>\n\t\t\t<svg aria-hidden=\"true\" viewBox=\"0 0 448 512\" xmlns=\"http:\/\/www.w3.org\/2000\/svg\"><path d=\"M416 208H32c-17.67 0-32 14.33-32 32v32c0 17.67 14.33 32 32 32h384c17.67 0 32-14.33 32-32v-32c0-17.67-14.33-32-32-32z\"><\/path><\/svg><br \/>\n\t\t\t<svg aria-hidden=\"true\" viewBox=\"0 0 448 512\" xmlns=\"http:\/\/www.w3.org\/2000\/svg\"><path d=\"M416 208H272V64c0-17.67-14.33-32-32-32h-32c-17.67 0-32 14.33-32 32v144H32c-17.67 0-32 14.33-32 32v32c0 17.67 14.33 32 32 32h144v144c0 17.67 14.33 32 32 32h32c17.67 0 32-14.33 32-32V304h144c17.67 0 32-14.33 32-32v-32c0-17.67-14.33-32-32-32z\"><\/path><\/svg><br \/>\n\t\t\t\t\t\t<\/summary>\n<p>Un dermatologue diagnostiquera g\u00e9n\u00e9ralement l&#8217;AFD par un examen clinique et une biopsie de la zone du cuir chevelu affect\u00e9e. La biopsie permet de confirmer la pr\u00e9sence d&#8217;une alop\u00e9cie cicatricielle<\/p>\n<\/details>\n<details id=\"e-n-accordion-item-9033\" >\n<summary data-accordion-index=\"4\" tabindex=\"-1\" aria-expanded=\"false\" aria-controls=\"e-n-accordion-item-9033\" >\n\t\t\t\t\t Les cheveux peuvent-ils repousser apr\u00e8s l&rsquo;AFF ?<br \/>\n\t\t\t<svg aria-hidden=\"true\" viewBox=\"0 0 448 512\" xmlns=\"http:\/\/www.w3.org\/2000\/svg\"><path d=\"M416 208H32c-17.67 0-32 14.33-32 32v32c0 17.67 14.33 32 32 32h384c17.67 0 32-14.33 32-32v-32c0-17.67-14.33-32-32-32z\"><\/path><\/svg><br \/>\n\t\t\t<svg aria-hidden=\"true\" viewBox=\"0 0 448 512\" xmlns=\"http:\/\/www.w3.org\/2000\/svg\"><path d=\"M416 208H272V64c0-17.67-14.33-32-32-32h-32c-17.67 0-32 14.33-32 32v144H32c-17.67 0-32 14.33-32 32v32c0 17.67 14.33 32 32 32h144v144c0 17.67 14.33 32 32 32h32c17.67 0 32-14.33 32-32V304h144c17.67 0 32-14.33 32-32v-32c0-17.67-14.33-32-32-32z\"><\/path><\/svg><br \/>\n\t\t\t\t\t\t<\/summary>\n<p>Dans la plupart des cas, la perte de cheveux due \u00e0 l&#8217;AFF est permanente. Toutefois, un traitement pr\u00e9coce peut ralentir la progression et parfois stimuler la repousse dans les zones moins touch\u00e9es.<\/p>\n<\/details>\n<details id=\"e-n-accordion-item-9034\" >\n<summary data-accordion-index=\"5\" tabindex=\"-1\" aria-expanded=\"false\" aria-controls=\"e-n-accordion-item-9034\" >\n\t\t\t\t\t Combien de temps faut-il pour que l&rsquo;AFA progresse ?<br \/>\n\t\t\t<svg aria-hidden=\"true\" viewBox=\"0 0 448 512\" xmlns=\"http:\/\/www.w3.org\/2000\/svg\"><path d=\"M416 208H32c-17.67 0-32 14.33-32 32v32c0 17.67 14.33 32 32 32h384c17.67 0 32-14.33 32-32v-32c0-17.67-14.33-32-32-32z\"><\/path><\/svg><br \/>\n\t\t\t<svg aria-hidden=\"true\" viewBox=\"0 0 448 512\" xmlns=\"http:\/\/www.w3.org\/2000\/svg\"><path d=\"M416 208H272V64c0-17.67-14.33-32-32-32h-32c-17.67 0-32 14.33-32 32v144H32c-17.67 0-32 14.33-32 32v32c0 17.67 14.33 32 32 32h144v144c0 17.67 14.33 32 32 32h32c17.67 0 32-14.33 32-32V304h144c17.67 0 32-14.33 32-32v-32c0-17.67-14.33-32-32-32z\"><\/path><\/svg><br \/>\n\t\t\t\t\t\t<\/summary>\n<p>La progression de l&#8217;AFA varie d&#8217;une personne \u00e0 l&#8217;autre. Dans certains cas, la perte de cheveux est lente et r\u00e9guli\u00e8re, tandis que dans d&#8217;autres, elle peut \u00eatre plus rapide. Un traitement peut aider \u00e0 ralentir le processus<\/p>\n<\/details>\n<details id=\"e-n-accordion-item-9035\" >\n<summary data-accordion-index=\"6\" tabindex=\"-1\" aria-expanded=\"false\" aria-controls=\"e-n-accordion-item-9035\" >\n\t\t\t\t\t Le stress peut-il aggraver l&rsquo;AGF ?<br \/>\n\t\t\t<svg aria-hidden=\"true\" viewBox=\"0 0 448 512\" xmlns=\"http:\/\/www.w3.org\/2000\/svg\"><path d=\"M416 208H32c-17.67 0-32 14.33-32 32v32c0 17.67 14.33 32 32 32h384c17.67 0 32-14.33 32-32v-32c0-17.67-14.33-32-32-32z\"><\/path><\/svg><br \/>\n\t\t\t<svg aria-hidden=\"true\" viewBox=\"0 0 448 512\" xmlns=\"http:\/\/www.w3.org\/2000\/svg\"><path d=\"M416 208H272V64c0-17.67-14.33-32-32-32h-32c-17.67 0-32 14.33-32 32v144H32c-17.67 0-32 14.33-32 32v32c0 17.67 14.33 32 32 32h144v144c0 17.67 14.33 32 32 32h32c17.67 0 32-14.33 32-32V304h144c17.67 0 32-14.33 32-32v-32c0-17.67-14.33-32-32-32z\"><\/path><\/svg><br \/>\n\t\t\t\t\t\t<\/summary>\n<p>Bien que le stress n&#8217;ait pas \u00e9t\u00e9 identifi\u00e9 comme une cause directe de l&#8217;AGF, il peut exacerber les conditions auto-immunes et conduire \u00e0 une perte de cheveux plus importante. La gestion du stress peut contribuer au traitement global de la maladie.<\/p>\n<\/details>\n<p>Il n&rsquo;existe actuellement aucun traitement pour la FFA, mais un traitement peut ralentir sa progression et g\u00e9rer les sympt\u00f4mes. Une intervention pr\u00e9coce peut aider \u00e0 pr\u00e9server les cheveux restants et \u00e0 r\u00e9duire l&rsquo;inflammation.<\/p>\n<p>Bien que la cause exacte soit inconnue, on pense que l&rsquo;AGF est une maladie auto-immune. Les changements hormonaux, la g\u00e9n\u00e9tique et les facteurs environnementaux peuvent \u00e9galement jouer un r\u00f4le dans son d\u00e9veloppement.<\/p>\n<p>Un dermatologue diagnostiquera g\u00e9n\u00e9ralement l&rsquo;AFD par un examen clinique et une biopsie de la zone du cuir chevelu affect\u00e9e. La biopsie permet de confirmer la pr\u00e9sence d&rsquo;une alop\u00e9cie cicatricielle<\/p>\n<p>Dans la plupart des cas, la perte de cheveux due \u00e0 l&rsquo;AFF est permanente. Toutefois, un traitement pr\u00e9coce peut ralentir la progression et parfois stimuler la repousse dans les zones moins touch\u00e9es.<\/p>\n<p>La progression de l&rsquo;AFA varie d&rsquo;une personne \u00e0 l&rsquo;autre. Dans certains cas, la perte de cheveux est lente et r\u00e9guli\u00e8re, tandis que dans d&rsquo;autres, elle peut \u00eatre plus rapide. Un traitement peut aider \u00e0 ralentir le processus<\/p>\n<p>Bien que le stress n&rsquo;ait pas \u00e9t\u00e9 identifi\u00e9 comme une cause directe de l&rsquo;AGF, il peut exacerber les conditions auto-immunes et conduire \u00e0 une perte de cheveux plus importante. La gestion du stress peut contribuer au traitement global de la maladie.<\/p>\n","protected":false},"excerpt":{"rendered":"<p>Table des mati\u00e8res Qu&rsquo;est-ce que l&rsquo;alop\u00e9cie fibrosante frontale ? L&rsquo;alop\u00e9cie fibrosante frontale (AFF) est un type d&rsquo;alop\u00e9cie cicatricielle qui affecte principalement la ligne frontale des cheveux, provoquant une perte progressive des cheveux le long du cuir chevelu frontal. Elle est consid\u00e9r\u00e9e comme un sous-type de lichen planopilaris et est plus fr\u00e9quente chez les femmes m\u00e9nopaus\u00e9es, [&hellip;]<\/p>\n","protected":false},"author":6,"featured_media":0,"parent":0,"menu_order":0,"comment_status":"closed","ping_status":"closed","template":"","meta":{"footnotes":""},"class_list":["post-25953","page","type-page","status-publish","hentry"],"_links":{"self":[{"href":"https:\/\/drterziler.com\/fr\/wp-json\/wp\/v2\/pages\/25953","targetHints":{"allow":["GET"]}}],"collection":[{"href":"https:\/\/drterziler.com\/fr\/wp-json\/wp\/v2\/pages"}],"about":[{"href":"https:\/\/drterziler.com\/fr\/wp-json\/wp\/v2\/types\/page"}],"author":[{"embeddable":true,"href":"https:\/\/drterziler.com\/fr\/wp-json\/wp\/v2\/users\/6"}],"replies":[{"embeddable":true,"href":"https:\/\/drterziler.com\/fr\/wp-json\/wp\/v2\/comments?post=25953"}],"version-history":[{"count":5,"href":"https:\/\/drterziler.com\/fr\/wp-json\/wp\/v2\/pages\/25953\/revisions"}],"predecessor-version":[{"id":43149,"href":"https:\/\/drterziler.com\/fr\/wp-json\/wp\/v2\/pages\/25953\/revisions\/43149"}],"wp:attachment":[{"href":"https:\/\/drterziler.com\/fr\/wp-json\/wp\/v2\/media?parent=25953"}],"curies":[{"name":"wp","href":"https:\/\/api.w.org\/{rel}","templated":true}]}}