{"id":25955,"date":"2024-10-09T10:27:41","date_gmt":"2024-10-09T10:27:41","guid":{"rendered":"https:\/\/drterziler.com\/alopecie-androgenetique\/"},"modified":"2025-06-12T11:22:07","modified_gmt":"2025-06-12T11:22:07","slug":"alopecie-androgenetique","status":"publish","type":"page","link":"https:\/\/drterziler.com\/fr\/alopecie-androgenetique\/","title":{"rendered":"Qu&rsquo;est-ce que l&rsquo;alop\u00e9cie androg\u00e9n\u00e9tique ?"},"content":{"rendered":"<h1 class=\"content-title h1-header\">Qu&rsquo;est-ce que l&rsquo;alop\u00e9cie androg\u00e9n\u00e9tique ?<\/h1>\n<nav aria-label=\"breadcrumbs\" class=\"rank-math-breadcrumb\"><p><span class=\"last\">Dr. Terziler<\/span><\/p><\/nav>\n<h4>\n\t\t\t\tTable des mati\u00e8res\t\t\t<\/h4>\n<p>\t\t\t\t\t\t\t<svg aria-hidden=\"true\" viewBox=\"0 0 448 512\" xmlns=\"http:\/\/www.w3.org\/2000\/svg\"><path d=\"M207.029 381.476L12.686 187.132c-9.373-9.373-9.373-24.569 0-33.941l22.667-22.667c9.357-9.357 24.522-9.375 33.901-.04L224 284.505l154.745-154.021c9.379-9.335 24.544-9.317 33.901.04l22.667 22.667c9.373 9.373 9.373 24.569 0 33.941L240.971 381.476c-9.373 9.372-24.569 9.372-33.942 0z\"><\/path><\/svg><br \/>\n\t\t\t\t<svg aria-hidden=\"true\" viewBox=\"0 0 448 512\" xmlns=\"http:\/\/www.w3.org\/2000\/svg\"><path d=\"M240.971 130.524l194.343 194.343c9.373 9.373 9.373 24.569 0 33.941l-22.667 22.667c-9.357 9.357-24.522 9.375-33.901.04L224 227.495 69.255 381.516c-9.379 9.335-24.544 9.317-33.901-.04l-22.667-22.667c-9.373-9.373-9.373-24.569 0-33.941L207.03 130.525c9.372-9.373 24.568-9.373 33.941-.001z\"><\/path><\/svg><br \/>\n\t\t\t\t<svg aria-hidden=\"true\" viewBox=\"0 0 1000 1000\" xmlns=\"http:\/\/www.w3.org\/2000\/svg\"><path d=\"M500 975V858C696 858 858 696 858 500S696 142 500 142 142 304 142 500H25C25 237 238 25 500 25S975 237 975 500 763 975 500 975Z\"><\/path><\/svg><br \/>\n\t\t\t\t\t\t\t\t\t\t\t\t\t\t\t\t\t\t\t\t\t\t<img loading=\"lazy\" decoding=\"async\" width=\"879\" height=\"572\" src=\"https:\/\/drterziler.com\/wp-content\/uploads\/2024\/10\/androgenetic-alopecia.png\" alt=\"\" srcset=\"https:\/\/drterziler.com\/wp-content\/uploads\/2024\/10\/androgenetic-alopecia.png 879w, https:\/\/drterziler.com\/wp-content\/uploads\/2024\/10\/androgenetic-alopecia-300x195.png 300w, https:\/\/drterziler.com\/wp-content\/uploads\/2024\/10\/androgenetic-alopecia-768x500.png 768w\" sizes=\"auto, (max-width: 879px) 100vw, 879px\">\t\t\t\t\t\t\t\t\t\t\t\t\t<\/p>\n<h2>Qu&rsquo;est-ce que l&rsquo;alop\u00e9cie androg\u00e9n\u00e9tique ?<\/h2>\n<p>L&rsquo;alop\u00e9cie androg\u00e9n\u00e9tique, commun\u00e9ment appel\u00e9e calvitie masculine ou f\u00e9minine, est la forme la plus r\u00e9pandue de perte de cheveux chez les hommes et les femmes. Cette affection h\u00e9r\u00e9ditaire se caract\u00e9rise par un amincissement progressif des cheveux, entra\u00eenant souvent des plaques de calvitie visibles ou un recul de la ligne frontale. Cette affection est due \u00e0 des facteurs g\u00e9n\u00e9tiques et \u00e0 l&rsquo;influence des hormones, en particulier des androg\u00e8nes, qui jouent un r\u00f4le cl\u00e9 dans la r\u00e9gulation des cycles de croissance des cheveux. Il est essentiel de comprendre l&rsquo;alop\u00e9cie androg\u00e9n\u00e9tique pour ceux qui cherchent des traitements et des strat\u00e9gies de gestion efficaces contre la perte de cheveux.<\/p>\n<h2>Causes de l&rsquo;alop\u00e9cie androg\u00e9n\u00e9tique<\/h2>\n<p>La principale cause de l&rsquo;alop\u00e9cie androg\u00e9n\u00e9tique est une combinaison de pr\u00e9disposition g\u00e9n\u00e9tique et d&rsquo;influences hormonales. Les personnes ayant des ant\u00e9c\u00e9dents familiaux de perte de cheveux sont plus susceptibles de d\u00e9velopper la maladie, ce qui indique une composante h\u00e9r\u00e9ditaire. Le r\u00f4le des androg\u00e8nes, en particulier la dihydrotestost\u00e9rone (DHT), est crucial dans ce processus. La DHT est d\u00e9riv\u00e9e de la testost\u00e9rone et peut se lier aux r\u00e9cepteurs androg\u00e8nes dans les follicules pileux, ce qui les fait r\u00e9tr\u00e9cir et produire des cheveux plus fins au fil du temps. Ce processus raccourcit le cycle de croissance des cheveux, ce qui entra\u00eene une augmentation de la chute des cheveux et une r\u00e9duction de leur densit\u00e9.<\/p>\n<h2>Sympt\u00f4mes et progression<\/h2>\n<p>L&rsquo;alop\u00e9cie androg\u00e9n\u00e9tique se pr\u00e9sente g\u00e9n\u00e9ralement diff\u00e9remment chez les hommes et les femmes. Chez les hommes, la maladie commence souvent par un recul de la ligne frontale et un amincissement de la couronne, conduisant finalement \u00e0 la calvitie. Chez les femmes, la perte de cheveux se manifeste g\u00e9n\u00e9ralement par un amincissement diffus sur l&rsquo;ensemble du cuir chevelu, avec une raie qui s&rsquo;\u00e9largit, mais \u00e9volue rarement vers une calvitie compl\u00e8te. Le taux de progression varie d&rsquo;un individu \u00e0 l&rsquo;autre, mais le sch\u00e9ma de perte de cheveux est g\u00e9n\u00e9ralement constant au sein d&rsquo;une m\u00eame famille.<\/p>\n<h2>Diagnostic et \u00e9valuation<\/h2>\n<p>Le diagnostic de l&rsquo;alop\u00e9cie androg\u00e9n\u00e9tique implique g\u00e9n\u00e9ralement une \u00e9valuation approfondie par un professionnel de sant\u00e9 ou un dermatologue. L&rsquo;\u00e9valuation peut inclure un examen physique du cuir chevelu, un examen des ant\u00e9c\u00e9dents familiaux et \u00e9ventuellement une biopsie du cuir chevelu pour exclure d&rsquo;autres causes de perte de cheveux. Diverses \u00e9chelles, telles que l&rsquo;\u00e9chelle de Norwood-Hamilton pour les hommes et l&rsquo;\u00e9chelle de Ludwig pour les femmes, peuvent \u00eatre utilis\u00e9es pour classer la gravit\u00e9 de la perte de cheveux et orienter les options de traitement.<\/p>\n<h2>Options de traitement de l&rsquo;alop\u00e9cie androg\u00e9n\u00e9tique<\/h2>\n<p>Plusieurs options de traitement sont disponibles pour g\u00e9rer l&rsquo;alop\u00e9cie androg\u00e9n\u00e9tique, chacune \u00e9tant adapt\u00e9e aux besoins de l&rsquo;individu et \u00e0 la gravit\u00e9 de la perte de cheveux. Les traitements courants comprennent :<\/p>\n<ul>\n<li><strong>Minoxidil :<\/strong> une solution topique en vente libre qui favorise la croissance des cheveux et aide \u00e0 pr\u00e9venir une perte suppl\u00e9mentaire. Il est disponible pour les hommes et les femmes.<\/li>\n<li><strong>Finast\u00e9ride :<\/strong> m\u00e9dicament sur ordonnance qui inhibe la conversion de la testost\u00e9rone en DHT, r\u00e9duisant ainsi la perte de cheveux et favorisant leur repousse chez les hommes.<\/li>\n<li><strong>Greffe de cheveux :<\/strong> intervention chirurgicale qui consiste \u00e0 transplanter des follicules pileux d&rsquo;une zone donneuse vers des zones d\u00e9garnies, pour des r\u00e9sultats permanents.<\/li>\n<li><strong>Th\u00e9rapie laser \u00e0 faible intensit\u00e9 (LLLT) :<\/strong> traitement non invasif qui utilise la lumi\u00e8re laser pour stimuler les follicules pileux et favoriser leur croissance.<\/li>\n<\/ul>\n<p>\t\t\t\t\t\t\t<a href=\"https:\/\/drterziler.com\/wp-content\/uploads\/2024\/09\/2500-graft-hair-transplant-before-after.jpg\" data-elementor-open-lightbox=\"yes\" data-elementor-lightbox-slideshow=\"5fcda46\" data-elementor-lightbox-title=\"2500-graft-hair-transplant-before-after\" data-e-action-hash=\"#elementor-action%3Aaction%3Dlightbox%26settings%3DeyJpZCI6NzUzMSwidXJsIjoiaHR0cHM6XC9cL2RydGVyemlsZXIuY29tXC93cC1jb250ZW50XC91cGxvYWRzXC8yMDI0XC8wOVwvMjUwMC1ncmFmdC1oYWlyLXRyYW5zcGxhbnQtYmVmb3JlLWFmdGVyLmpwZyIsInNsaWRlc2hvdyI6IjVmY2RhNDYifQ%3D%3D\"><br \/>\n\t\t<\/a><br \/>\n\t\t\t\t\t\t\t<a href=\"https:\/\/drterziler.com\/wp-content\/uploads\/2024\/09\/3000-graft-hair-transplant-before-after.jpg\" data-elementor-open-lightbox=\"yes\" data-elementor-lightbox-slideshow=\"5fcda46\" data-elementor-lightbox-title=\"3000-graft-hair-transplant-before-after\" data-e-action-hash=\"#elementor-action%3Aaction%3Dlightbox%26settings%3DeyJpZCI6NzUzNywidXJsIjoiaHR0cHM6XC9cL2RydGVyemlsZXIuY29tXC93cC1jb250ZW50XC91cGxvYWRzXC8yMDI0XC8wOVwvMzAwMC1ncmFmdC1oYWlyLXRyYW5zcGxhbnQtYmVmb3JlLWFmdGVyLmpwZyIsInNsaWRlc2hvdyI6IjVmY2RhNDYifQ%3D%3D\"><br \/>\n\t\t<\/a><br \/>\n\t\t\t\t\t\t\t<a href=\"https:\/\/drterziler.com\/wp-content\/uploads\/2024\/09\/3500-graft-hair-transplant-before-after.jpg\" data-elementor-open-lightbox=\"yes\" data-elementor-lightbox-slideshow=\"5fcda46\" data-elementor-lightbox-title=\"3500-graft-hair-transplant-before-after\" data-e-action-hash=\"#elementor-action%3Aaction%3Dlightbox%26settings%3DeyJpZCI6NzU0MywidXJsIjoiaHR0cHM6XC9cL2RydGVyemlsZXIuY29tXC93cC1jb250ZW50XC91cGxvYWRzXC8yMDI0XC8wOVwvMzUwMC1ncmFmdC1oYWlyLXRyYW5zcGxhbnQtYmVmb3JlLWFmdGVyLmpwZyIsInNsaWRlc2hvdyI6IjVmY2RhNDYifQ%3D%3D\"><br \/>\n\t\t<\/a><br \/>\n\t\t\t\t\t\t\t<a href=\"https:\/\/drterziler.com\/wp-content\/uploads\/2024\/09\/4000-graft-hair-transplant-before-after.jpg\" data-elementor-open-lightbox=\"yes\" data-elementor-lightbox-slideshow=\"5fcda46\" data-elementor-lightbox-title=\"4000-graft-hair-transplant-before-after\" data-e-action-hash=\"#elementor-action%3Aaction%3Dlightbox%26settings%3DeyJpZCI6NzU0OSwidXJsIjoiaHR0cHM6XC9cL2RydGVyemlsZXIuY29tXC93cC1jb250ZW50XC91cGxvYWRzXC8yMDI0XC8wOVwvNDAwMC1ncmFmdC1oYWlyLXRyYW5zcGxhbnQtYmVmb3JlLWFmdGVyLmpwZyIsInNsaWRlc2hvdyI6IjVmY2RhNDYifQ%3D%3D\"><br \/>\n\t\t<\/a><br \/>\n\t\t\t\t\t\t\t<a href=\"https:\/\/drterziler.com\/wp-content\/uploads\/2024\/09\/4500-graft-hair-transplant-before-after.jpg\" data-elementor-open-lightbox=\"yes\" data-elementor-lightbox-slideshow=\"5fcda46\" data-elementor-lightbox-title=\"4500-graft-hair-transplant-before-after\" data-e-action-hash=\"#elementor-action%3Aaction%3Dlightbox%26settings%3DeyJpZCI6NzU1NSwidXJsIjoiaHR0cHM6XC9cL2RydGVyemlsZXIuY29tXC93cC1jb250ZW50XC91cGxvYWRzXC8yMDI0XC8wOVwvNDUwMC1ncmFmdC1oYWlyLXRyYW5zcGxhbnQtYmVmb3JlLWFmdGVyLmpwZyIsInNsaWRlc2hvdyI6IjVmY2RhNDYifQ%3D%3D\"><br \/>\n\t\t<\/a><br \/>\n\t\t\t\t\t\t\t<a href=\"https:\/\/drterziler.com\/wp-content\/uploads\/2024\/09\/5200-graft-hair-transplant-before-after.jpg\" data-elementor-open-lightbox=\"yes\" data-elementor-lightbox-slideshow=\"5fcda46\" data-elementor-lightbox-title=\"5200-graft-hair-transplant-before-after\" data-e-action-hash=\"#elementor-action%3Aaction%3Dlightbox%26settings%3DeyJpZCI6NzU2MSwidXJsIjoiaHR0cHM6XC9cL2RydGVyemlsZXIuY29tXC93cC1jb250ZW50XC91cGxvYWRzXC8yMDI0XC8wOVwvNTIwMC1ncmFmdC1oYWlyLXRyYW5zcGxhbnQtYmVmb3JlLWFmdGVyLmpwZyIsInNsaWRlc2hvdyI6IjVmY2RhNDYifQ%3D%3D\"><br \/>\n\t\t<\/a><br \/>\n\t\t\t\t\t\t\t<a href=\"https:\/\/drterziler.com\/wp-content\/uploads\/2024\/09\/5300-graft-hair-transplant-before-after.jpg\" data-elementor-open-lightbox=\"yes\" data-elementor-lightbox-slideshow=\"5fcda46\" data-elementor-lightbox-title=\"5300-graft-hair-transplant-before-after\" data-e-action-hash=\"#elementor-action%3Aaction%3Dlightbox%26settings%3DeyJpZCI6NzU2NywidXJsIjoiaHR0cHM6XC9cL2RydGVyemlsZXIuY29tXC93cC1jb250ZW50XC91cGxvYWRzXC8yMDI0XC8wOVwvNTMwMC1ncmFmdC1oYWlyLXRyYW5zcGxhbnQtYmVmb3JlLWFmdGVyLmpwZyIsInNsaWRlc2hvdyI6IjVmY2RhNDYifQ%3D%3D\"><br \/>\n\t\t<\/a><br \/>\n\t\t\t\t\t\t\t<svg aria-hidden=\"true\" viewBox=\"0 0 1000 1000\" xmlns=\"http:\/\/www.w3.org\/2000\/svg\"><path d=\"M646 125C629 125 613 133 604 142L308 442C296 454 292 471 292 487 292 504 296 521 308 533L604 854C617 867 629 875 646 875 663 875 679 871 692 858 704 846 713 829 713 812 713 796 708 779 692 767L438 487 692 225C700 217 708 204 708 187 708 171 704 154 692 142 675 129 663 125 646 125Z\"><\/path><\/svg><br \/>\n\t\t\t\t\t\t\t<svg aria-hidden=\"true\" viewBox=\"0 0 1000 1000\" xmlns=\"http:\/\/www.w3.org\/2000\/svg\"><path d=\"M696 533C708 521 713 504 713 487 713 471 708 454 696 446L400 146C388 133 375 125 354 125 338 125 325 129 313 142 300 154 292 171 292 187 292 204 296 221 308 233L563 492 304 771C292 783 288 800 288 817 288 833 296 850 308 863 321 871 338 875 354 875 371 875 388 867 400 854L696 533Z\"><\/path><\/svg>\t\t\t\t\t\t<\/p>\n<details id=\"e-n-accordion-item-2340\" open>\n<summary data-accordion-index=\"1\" tabindex=\"0\" aria-expanded=\"true\" aria-controls=\"e-n-accordion-item-2340\" >\n\t\t\t\t\t Qu&rsquo;est-ce que l&rsquo;alop\u00e9cie androg\u00e9n\u00e9tique ?<br \/>\n\t\t\t<svg aria-hidden=\"true\" viewBox=\"0 0 448 512\" xmlns=\"http:\/\/www.w3.org\/2000\/svg\"><path d=\"M416 208H32c-17.67 0-32 14.33-32 32v32c0 17.67 14.33 32 32 32h384c17.67 0 32-14.33 32-32v-32c0-17.67-14.33-32-32-32z\"><\/path><\/svg><br \/>\n\t\t\t<svg aria-hidden=\"true\" viewBox=\"0 0 448 512\" xmlns=\"http:\/\/www.w3.org\/2000\/svg\"><path d=\"M416 208H272V64c0-17.67-14.33-32-32-32h-32c-17.67 0-32 14.33-32 32v144H32c-17.67 0-32 14.33-32 32v32c0 17.67 14.33 32 32 32h144v144c0 17.67 14.33 32 32 32h32c17.67 0 32-14.33 32-32V304h144c17.67 0 32-14.33 32-32v-32c0-17.67-14.33-32-32-32z\"><\/path><\/svg><br \/>\n\t\t\t\t\t\t<\/summary>\n<p>L&#8217;alop\u00e9cie androg\u00e9n\u00e9tique est une maladie h\u00e9r\u00e9ditaire caract\u00e9ris\u00e9e par un amincissement et une perte progressive des cheveux, commun\u00e9ment appel\u00e9e calvitie masculine ou f\u00e9minine.<\/p>\n<\/details>\n<details id=\"e-n-accordion-item-2341\" >\n<summary data-accordion-index=\"2\" tabindex=\"-1\" aria-expanded=\"false\" aria-controls=\"e-n-accordion-item-2341\" >\n\t\t\t\t\t Quelles sont les causes de l&rsquo;alop\u00e9cie androg\u00e9n\u00e9tique ?<br \/>\n\t\t\t<svg aria-hidden=\"true\" viewBox=\"0 0 448 512\" xmlns=\"http:\/\/www.w3.org\/2000\/svg\"><path d=\"M416 208H32c-17.67 0-32 14.33-32 32v32c0 17.67 14.33 32 32 32h384c17.67 0 32-14.33 32-32v-32c0-17.67-14.33-32-32-32z\"><\/path><\/svg><br \/>\n\t\t\t<svg aria-hidden=\"true\" viewBox=\"0 0 448 512\" xmlns=\"http:\/\/www.w3.org\/2000\/svg\"><path d=\"M416 208H272V64c0-17.67-14.33-32-32-32h-32c-17.67 0-32 14.33-32 32v144H32c-17.67 0-32 14.33-32 32v32c0 17.67 14.33 32 32 32h144v144c0 17.67 14.33 32 32 32h32c17.67 0 32-14.33 32-32V304h144c17.67 0 32-14.33 32-32v-32c0-17.67-14.33-32-32-32z\"><\/path><\/svg><br \/>\n\t\t\t\t\t\t<\/summary>\n<p>Cette affection est due \u00e0 une combinaison de facteurs g\u00e9n\u00e9tiques et d&#8217;influences hormonales, en particulier les effets des androg\u00e8nes comme la dihydrotestost\u00e9rone (DHT) sur les follicules pileux.<\/p>\n<\/details>\n<details id=\"e-n-accordion-item-2342\" >\n<summary data-accordion-index=\"3\" tabindex=\"-1\" aria-expanded=\"false\" aria-controls=\"e-n-accordion-item-2342\" >\n\t\t\t\t\t En quoi l&rsquo;alop\u00e9cie androg\u00e9n\u00e9tique diff\u00e8re-t-elle entre les hommes et les femmes ?<br \/>\n\t\t\t<svg aria-hidden=\"true\" viewBox=\"0 0 448 512\" xmlns=\"http:\/\/www.w3.org\/2000\/svg\"><path d=\"M416 208H32c-17.67 0-32 14.33-32 32v32c0 17.67 14.33 32 32 32h384c17.67 0 32-14.33 32-32v-32c0-17.67-14.33-32-32-32z\"><\/path><\/svg><br \/>\n\t\t\t<svg aria-hidden=\"true\" viewBox=\"0 0 448 512\" xmlns=\"http:\/\/www.w3.org\/2000\/svg\"><path d=\"M416 208H272V64c0-17.67-14.33-32-32-32h-32c-17.67 0-32 14.33-32 32v144H32c-17.67 0-32 14.33-32 32v32c0 17.67 14.33 32 32 32h144v144c0 17.67 14.33 32 32 32h32c17.67 0 32-14.33 32-32V304h144c17.67 0 32-14.33 32-32v-32c0-17.67-14.33-32-32-32z\"><\/path><\/svg><br \/>\n\t\t\t\t\t\t<\/summary>\n<p>Chez les hommes, elle commence g\u00e9n\u00e9ralement par un recul de la ligne des cheveux et un amincissement de la couronne, tandis que les femmes connaissent un amincissement diffus du cuir chevelu, sans pour autant conna\u00eetre une calvitie compl\u00e8te.<\/p>\n<\/details>\n<details id=\"e-n-accordion-item-2343\" >\n<summary data-accordion-index=\"4\" tabindex=\"-1\" aria-expanded=\"false\" aria-controls=\"e-n-accordion-item-2343\" >\n\t\t\t\t\t Quelles sont les options th\u00e9rapeutiques courantes pour l&rsquo;alop\u00e9cie androg\u00e9n\u00e9tique ?<br \/>\n\t\t\t<svg aria-hidden=\"true\" viewBox=\"0 0 448 512\" xmlns=\"http:\/\/www.w3.org\/2000\/svg\"><path d=\"M416 208H32c-17.67 0-32 14.33-32 32v32c0 17.67 14.33 32 32 32h384c17.67 0 32-14.33 32-32v-32c0-17.67-14.33-32-32-32z\"><\/path><\/svg><br \/>\n\t\t\t<svg aria-hidden=\"true\" viewBox=\"0 0 448 512\" xmlns=\"http:\/\/www.w3.org\/2000\/svg\"><path d=\"M416 208H272V64c0-17.67-14.33-32-32-32h-32c-17.67 0-32 14.33-32 32v144H32c-17.67 0-32 14.33-32 32v32c0 17.67 14.33 32 32 32h144v144c0 17.67 14.33 32 32 32h32c17.67 0 32-14.33 32-32V304h144c17.67 0 32-14.33 32-32v-32c0-17.67-14.33-32-32-32z\"><\/path><\/svg><br \/>\n\t\t\t\t\t\t<\/summary>\n<p>Les traitements les plus courants sont le minoxidil, le finast\u00e9ride, la greffe de cheveux et la th\u00e9rapie au laser de faible intensit\u00e9 (LLLT).<\/p>\n<\/details>\n<details id=\"e-n-accordion-item-2344\" >\n<summary data-accordion-index=\"5\" tabindex=\"-1\" aria-expanded=\"false\" aria-controls=\"e-n-accordion-item-2344\" >\n\t\t\t\t\t L&rsquo;alop\u00e9cie androg\u00e9n\u00e9tique est-elle r\u00e9versible ?<br \/>\n\t\t\t<svg aria-hidden=\"true\" viewBox=\"0 0 448 512\" xmlns=\"http:\/\/www.w3.org\/2000\/svg\"><path d=\"M416 208H32c-17.67 0-32 14.33-32 32v32c0 17.67 14.33 32 32 32h384c17.67 0 32-14.33 32-32v-32c0-17.67-14.33-32-32-32z\"><\/path><\/svg><br \/>\n\t\t\t<svg aria-hidden=\"true\" viewBox=\"0 0 448 512\" xmlns=\"http:\/\/www.w3.org\/2000\/svg\"><path d=\"M416 208H272V64c0-17.67-14.33-32-32-32h-32c-17.67 0-32 14.33-32 32v144H32c-17.67 0-32 14.33-32 32v32c0 17.67 14.33 32 32 32h144v144c0 17.67 14.33 32 32 32h32c17.67 0 32-14.33 32-32V304h144c17.67 0 32-14.33 32-32v-32c0-17.67-14.33-32-32-32z\"><\/path><\/svg><br \/>\n\t\t\t\t\t\t<\/summary>\n<p>Bien que des traitements puissent aider \u00e0 g\u00e9rer la perte de cheveux et \u00e0 favoriser la repousse, l&#8217;alop\u00e9cie androg\u00e9n\u00e9tique est g\u00e9n\u00e9ralement une affection progressive qui peut ne pas \u00eatre compl\u00e8tement r\u00e9versible<\/p>\n<\/details>\n<details id=\"e-n-accordion-item-2345\" >\n<summary data-accordion-index=\"6\" tabindex=\"-1\" aria-expanded=\"false\" aria-controls=\"e-n-accordion-item-2345\" >\n\t\t\t\t\t L&rsquo;alop\u00e9cie androg\u00e9n\u00e9tique peut-elle toucher n&rsquo;importe qui ?<br \/>\n\t\t\t<svg aria-hidden=\"true\" viewBox=\"0 0 448 512\" xmlns=\"http:\/\/www.w3.org\/2000\/svg\"><path d=\"M416 208H32c-17.67 0-32 14.33-32 32v32c0 17.67 14.33 32 32 32h384c17.67 0 32-14.33 32-32v-32c0-17.67-14.33-32-32-32z\"><\/path><\/svg><br \/>\n\t\t\t<svg aria-hidden=\"true\" viewBox=\"0 0 448 512\" xmlns=\"http:\/\/www.w3.org\/2000\/svg\"><path d=\"M416 208H272V64c0-17.67-14.33-32-32-32h-32c-17.67 0-32 14.33-32 32v144H32c-17.67 0-32 14.33-32 32v32c0 17.67 14.33 32 32 32h144v144c0 17.67 14.33 32 32 32h32c17.67 0 32-14.33 32-32V304h144c17.67 0 32-14.33 32-32v-32c0-17.67-14.33-32-32-32z\"><\/path><\/svg><br \/>\n\t\t\t\t\t\t<\/summary>\n<p>L&#8217;alop\u00e9cie androg\u00e9n\u00e9tique peut toucher aussi bien les hommes que les femmes, bien que les caract\u00e9ristiques de la perte de cheveux diff\u00e8rent d&#8217;un sexe \u00e0 l&#8217;autre. Il s&#8217;agit de l&#8217;un des types de perte de cheveux les plus courants dans le monde.<\/p>\n<\/details>\n<p>L&rsquo;alop\u00e9cie androg\u00e9n\u00e9tique est une maladie h\u00e9r\u00e9ditaire caract\u00e9ris\u00e9e par un amincissement et une perte progressive des cheveux, commun\u00e9ment appel\u00e9e calvitie masculine ou f\u00e9minine.<\/p>\n<p>Cette affection est due \u00e0 une combinaison de facteurs g\u00e9n\u00e9tiques et d&rsquo;influences hormonales, en particulier les effets des androg\u00e8nes comme la dihydrotestost\u00e9rone (DHT) sur les follicules pileux.<\/p>\n<p>Chez les hommes, elle commence g\u00e9n\u00e9ralement par un recul de la ligne des cheveux et un amincissement de la couronne, tandis que les femmes connaissent un amincissement diffus du cuir chevelu, sans pour autant conna\u00eetre une calvitie compl\u00e8te.<\/p>\n<p>Les traitements les plus courants sont le minoxidil, le finast\u00e9ride, la greffe de cheveux et la th\u00e9rapie au laser de faible intensit\u00e9 (LLLT).<\/p>\n<p>Bien que des traitements puissent aider \u00e0 g\u00e9rer la perte de cheveux et \u00e0 favoriser la repousse, l&rsquo;alop\u00e9cie androg\u00e9n\u00e9tique est g\u00e9n\u00e9ralement une affection progressive qui peut ne pas \u00eatre compl\u00e8tement r\u00e9versible<\/p>\n<p>L&rsquo;alop\u00e9cie androg\u00e9n\u00e9tique peut toucher aussi bien les hommes que les femmes, bien que les caract\u00e9ristiques de la perte de cheveux diff\u00e8rent d&rsquo;un sexe \u00e0 l&rsquo;autre. Il s&rsquo;agit de l&rsquo;un des types de perte de cheveux les plus courants dans le monde.<\/p>\n","protected":false},"excerpt":{"rendered":"<p>Qu&rsquo;est-ce que l&rsquo;alop\u00e9cie androg\u00e9n\u00e9tique ? Table des mati\u00e8res Qu&rsquo;est-ce que l&rsquo;alop\u00e9cie androg\u00e9n\u00e9tique ? L&rsquo;alop\u00e9cie androg\u00e9n\u00e9tique, commun\u00e9ment appel\u00e9e calvitie masculine ou f\u00e9minine, est la forme la plus r\u00e9pandue de perte de cheveux chez les hommes et les femmes. Cette affection h\u00e9r\u00e9ditaire se caract\u00e9rise par un amincissement progressif des cheveux, entra\u00eenant souvent des plaques de calvitie visibles [&hellip;]<\/p>\n","protected":false},"author":6,"featured_media":0,"parent":0,"menu_order":0,"comment_status":"closed","ping_status":"closed","template":"","meta":{"footnotes":""},"class_list":["post-25955","page","type-page","status-publish","hentry"],"_links":{"self":[{"href":"https:\/\/drterziler.com\/fr\/wp-json\/wp\/v2\/pages\/25955","targetHints":{"allow":["GET"]}}],"collection":[{"href":"https:\/\/drterziler.com\/fr\/wp-json\/wp\/v2\/pages"}],"about":[{"href":"https:\/\/drterziler.com\/fr\/wp-json\/wp\/v2\/types\/page"}],"author":[{"embeddable":true,"href":"https:\/\/drterziler.com\/fr\/wp-json\/wp\/v2\/users\/6"}],"replies":[{"embeddable":true,"href":"https:\/\/drterziler.com\/fr\/wp-json\/wp\/v2\/comments?post=25955"}],"version-history":[{"count":4,"href":"https:\/\/drterziler.com\/fr\/wp-json\/wp\/v2\/pages\/25955\/revisions"}],"predecessor-version":[{"id":43360,"href":"https:\/\/drterziler.com\/fr\/wp-json\/wp\/v2\/pages\/25955\/revisions\/43360"}],"wp:attachment":[{"href":"https:\/\/drterziler.com\/fr\/wp-json\/wp\/v2\/media?parent=25955"}],"curies":[{"name":"wp","href":"https:\/\/api.w.org\/{rel}","templated":true}]}}