{"id":25959,"date":"2024-10-22T09:44:06","date_gmt":"2024-10-22T09:44:06","guid":{"rendered":"https:\/\/drterziler.com\/effluvium-telogene\/"},"modified":"2025-06-12T11:41:12","modified_gmt":"2025-06-12T11:41:12","slug":"effluvium-telogene","status":"publish","type":"page","link":"https:\/\/drterziler.com\/fr\/effluvium-telogene\/","title":{"rendered":"Effluvium t\u00e9log\u00e8ne"},"content":{"rendered":"<nav aria-label=\"breadcrumbs\" class=\"rank-math-breadcrumb\"><p><span class=\"last\">Dr. Terziler<\/span><\/p><\/nav>\n<h4>\n\t\t\t\tTable des mati\u00e8res\t\t\t<\/h4>\n<p>\t\t\t\t\t\t\t<svg aria-hidden=\"true\" viewBox=\"0 0 448 512\" xmlns=\"http:\/\/www.w3.org\/2000\/svg\"><path d=\"M207.029 381.476L12.686 187.132c-9.373-9.373-9.373-24.569 0-33.941l22.667-22.667c9.357-9.357 24.522-9.375 33.901-.04L224 284.505l154.745-154.021c9.379-9.335 24.544-9.317 33.901.04l22.667 22.667c9.373 9.373 9.373 24.569 0 33.941L240.971 381.476c-9.373 9.372-24.569 9.372-33.942 0z\"><\/path><\/svg><br \/>\n\t\t\t\t<svg aria-hidden=\"true\" viewBox=\"0 0 448 512\" xmlns=\"http:\/\/www.w3.org\/2000\/svg\"><path d=\"M240.971 130.524l194.343 194.343c9.373 9.373 9.373 24.569 0 33.941l-22.667 22.667c-9.357 9.357-24.522 9.375-33.901.04L224 227.495 69.255 381.516c-9.379 9.335-24.544 9.317-33.901-.04l-22.667-22.667c-9.373-9.373-9.373-24.569 0-33.941L207.03 130.525c9.372-9.373 24.568-9.373 33.941-.001z\"><\/path><\/svg><br \/>\n\t\t\t\t<svg aria-hidden=\"true\" viewBox=\"0 0 1000 1000\" xmlns=\"http:\/\/www.w3.org\/2000\/svg\"><path d=\"M500 975V858C696 858 858 696 858 500S696 142 500 142 142 304 142 500H25C25 237 238 25 500 25S975 237 975 500 763 975 500 975Z\"><\/path><\/svg><br \/>\n\t\t\t\t\t\t\t\t\t\t\t\t\t\t\t\t\t\t\t\t\t\t<img loading=\"lazy\" decoding=\"async\" width=\"882\" height=\"528\" src=\"https:\/\/drterziler.com\/wp-content\/uploads\/2024\/10\/telogen-effluvium.png\" alt=\"\" srcset=\"https:\/\/drterziler.com\/wp-content\/uploads\/2024\/10\/telogen-effluvium.png 882w, https:\/\/drterziler.com\/wp-content\/uploads\/2024\/10\/telogen-effluvium-300x180.png 300w, https:\/\/drterziler.com\/wp-content\/uploads\/2024\/10\/telogen-effluvium-768x460.png 768w\" sizes=\"auto, (max-width: 882px) 100vw, 882px\">\t\t\t\t\t\t\t\t\t\t\t\t\t<\/p>\n<h2>L&rsquo;effluvium t\u00e9log\u00e8ne : causes et traitements<\/h2>\n<p>L&rsquo;effluvium t\u00e9log\u00e8ne est une forme courante de perte de cheveux caract\u00e9ris\u00e9e par la chute des cheveux en r\u00e9ponse \u00e0 divers facteurs de stress. Contrairement \u00e0 d&rsquo;autres types de perte de cheveux, l&rsquo;effluvium t\u00e9log\u00e8ne est g\u00e9n\u00e9ralement temporaire et peut \u00eatre d\u00e9clench\u00e9 par divers facteurs, notamment le stress physique ou \u00e9motionnel, les changements hormonaux et les carences nutritionnelles. Il est essentiel de comprendre les causes de l&rsquo;effluvium t\u00e9log\u00e8ne et les options de traitement disponibles pour les personnes qui en souffrent, car une intervention rapide peut aider \u00e0 restaurer la croissance des cheveux et \u00e0 am\u00e9liorer leur sant\u00e9 globale.<\/p>\n<h2>Causes de l&rsquo;effluvium t\u00e9log\u00e8ne<\/h2>\n<p>L&rsquo;effluvium t\u00e9log\u00e8ne se produit lorsqu&rsquo;un nombre important de follicules pileux entrent pr\u00e9matur\u00e9ment dans la phase t\u00e9log\u00e8ne du cycle de croissance des cheveux. Cela peut \u00eatre d\u00fb \u00e0 plusieurs facteurs d\u00e9clenchants, tels que :<\/p>\n<ul>\n<li><strong>Stress physique :<\/strong> des \u00e9v\u00e9nements tels qu&rsquo;une op\u00e9ration chirurgicale, une maladie grave ou une perte de poids importante peuvent choquer l&rsquo;organisme et perturber le cycle de croissance des cheveux, entra\u00eenant une augmentation de la chute.<\/li>\n<li><strong>Stress \u00e9motionnel :<\/strong> des niveaux \u00e9lev\u00e9s de stress, d&rsquo;anxi\u00e9t\u00e9 ou de traumatisme peuvent \u00e9galement contribuer \u00e0 l&rsquo;effluvium t\u00e9log\u00e8ne, car la r\u00e9ponse de l&rsquo;organisme au stress peut avoir un impact sur les follicules pileux.<\/li>\n<li><strong>Changements hormonaux :<\/strong> Les fluctuations hormonales, telles que celles qui se produisent pendant la grossesse, l&rsquo;accouchement, la m\u00e9nopause ou les d\u00e9s\u00e9quilibres thyro\u00efdiens, peuvent d\u00e9clencher la chute des cheveux et perturber le cycle de croissance.<\/li>\n<li><strong>Carences nutritionnelles :<\/strong> Un apport insuffisant en nutriments essentiels, en particulier en fer, en zinc et en biotine, peut affaiblir les follicules pileux et entra\u00eener une augmentation de la perte de cheveux.<\/li>\n<li><strong>M\u00e9dicaments :<\/strong> Certains m\u00e9dicaments, notamment ceux utilis\u00e9s pour traiter l&rsquo;hypertension, la d\u00e9pression et la chimioth\u00e9rapie, peuvent avoir des effets secondaires, notamment la chute des cheveux.<\/li>\n<\/ul>\n<h2>Sympt\u00f4mes de l&rsquo;effluvium t\u00e9log\u00e8ne<\/h2>\n<p>Le principal sympt\u00f4me de l&rsquo;effluvium t\u00e9log\u00e8ne est une perte de cheveux visible, qui se produit souvent par touffes lors du lavage, du brossage ou de la mise en forme. Les personnes concern\u00e9es peuvent avoir l&rsquo;impression que leurs cheveux sont plus fins, en particulier sur le dessus de la t\u00eate ou sur l&rsquo;ensemble du cuir chevelu. Contrairement \u00e0 d&rsquo;autres types de perte de cheveux, l&rsquo;effluvium t\u00e9log\u00e8ne n&rsquo;entra\u00eene g\u00e9n\u00e9ralement pas de plaques de calvitie ou de calvitie compl\u00e8te. Il se pr\u00e9sente plut\u00f4t sous la forme d&rsquo;un amincissement diffus sur une plus grande partie du cuir chevelu.<\/p>\n<h2>Diagnostic de l&rsquo;effluvium t\u00e9log\u00e8ne<\/h2>\n<p>Le diagnostic de l&rsquo;effluvium t\u00e9log\u00e8ne implique g\u00e9n\u00e9ralement une \u00e9valuation approfondie par un professionnel de sant\u00e9 ou un dermatologue. L&rsquo;\u00e9valuation peut inclure un historique m\u00e9dical d\u00e9taill\u00e9 pour identifier les d\u00e9clencheurs potentiels, un examen physique du cuir chevelu et parfois un test de traction des cheveux pour \u00e9valuer le nombre de cheveux en phase t\u00e9log\u00e8ne. Une biopsie du cuir chevelu peut \u00eatre r\u00e9alis\u00e9e dans certains cas pour exclure d&rsquo;autres formes de perte de cheveux et confirmer le diagnostic.<\/p>\n<h2>Options de traitement de l&rsquo;effluvium t\u00e9log\u00e8ne<\/h2>\n<p>Le traitement de l&rsquo;effluvium t\u00e9log\u00e8ne vise \u00e0 traiter les causes sous-jacentes de la chute des cheveux. Dans de nombreux cas, les cheveux repoussent naturellement une fois que le facteur d\u00e9clenchant a disparu. Voici quelques options de traitement possibles :<\/p>\n<ul>\n<li><strong>Gestion du stress :<\/strong> des techniques telles que la pleine conscience, la m\u00e9ditation et le yoga peuvent aider \u00e0 r\u00e9duire le niveau de stress et \u00e0 favoriser le bien-\u00eatre g\u00e9n\u00e9ral, ce qui peut contribuer \u00e0 la repousse des cheveux.<\/li>\n<li><strong>Soutien nutritionnel :<\/strong> assurer un apport ad\u00e9quat en nutriments essentiels par le biais d&rsquo;une alimentation \u00e9quilibr\u00e9e ou de compl\u00e9ments alimentaires peut aider \u00e0 renforcer les follicules pileux et favoriser la croissance.<\/li>\n<li><strong>Traitements topiques :<\/strong> des produits contenant du minoxidil peuvent \u00eatre recommand\u00e9s pour stimuler la croissance des cheveux et am\u00e9liorer la sant\u00e9 globale du cuir chevelu.<\/li>\n<li><strong>Intervention m\u00e9dicale :<\/strong> dans les cas o\u00f9 une affection m\u00e9dicale sous-jacente est identifi\u00e9e, le traitement de cette affection peut aider \u00e0 r\u00e9tablir une croissance normale des cheveux.<\/li>\n<\/ul>\n<h2>Soins et gestion post-traitement<\/h2>\n<p>Les soins post-traitement de l&rsquo;effluvium t\u00e9log\u00e8ne impliquent de surveiller la croissance des cheveux et de maintenir un mode de vie sain pour pr\u00e9venir de futurs \u00e9pisodes de chute de cheveux. Les patients doivent continuer \u00e0 suivre un r\u00e9gime alimentaire \u00e9quilibr\u00e9, riche en vitamines et en min\u00e9raux, \u00e0 g\u00e9rer efficacement leur stress et \u00e0 respecter les traitements prescrits. Il est important de se rappeler que la repousse des cheveux peut prendre du temps et qu&rsquo;il est essentiel de faire preuve de patience pendant le processus de r\u00e9cup\u00e9ration.<\/p>\n<p>\t\t\t\t\t\t\t<a href=\"https:\/\/drterziler.com\/wp-content\/uploads\/2024\/09\/2500-graft-hair-transplant-before-after.jpg\" data-elementor-open-lightbox=\"yes\" data-elementor-lightbox-slideshow=\"5fcda46\" data-elementor-lightbox-title=\"2500-graft-hair-transplant-before-after\" data-e-action-hash=\"#elementor-action%3Aaction%3Dlightbox%26settings%3DeyJpZCI6NzUzMSwidXJsIjoiaHR0cHM6XC9cL2RydGVyemlsZXIuY29tXC93cC1jb250ZW50XC91cGxvYWRzXC8yMDI0XC8wOVwvMjUwMC1ncmFmdC1oYWlyLXRyYW5zcGxhbnQtYmVmb3JlLWFmdGVyLmpwZyIsInNsaWRlc2hvdyI6IjVmY2RhNDYifQ%3D%3D\"><br \/>\n\t\t<\/a><br \/>\n\t\t\t\t\t\t\t<a href=\"https:\/\/drterziler.com\/wp-content\/uploads\/2024\/09\/3000-graft-hair-transplant-before-after.jpg\" data-elementor-open-lightbox=\"yes\" data-elementor-lightbox-slideshow=\"5fcda46\" data-elementor-lightbox-title=\"3000-graft-hair-transplant-before-after\" data-e-action-hash=\"#elementor-action%3Aaction%3Dlightbox%26settings%3DeyJpZCI6NzUzNywidXJsIjoiaHR0cHM6XC9cL2RydGVyemlsZXIuY29tXC93cC1jb250ZW50XC91cGxvYWRzXC8yMDI0XC8wOVwvMzAwMC1ncmFmdC1oYWlyLXRyYW5zcGxhbnQtYmVmb3JlLWFmdGVyLmpwZyIsInNsaWRlc2hvdyI6IjVmY2RhNDYifQ%3D%3D\"><br \/>\n\t\t<\/a><br \/>\n\t\t\t\t\t\t\t<a href=\"https:\/\/drterziler.com\/wp-content\/uploads\/2024\/09\/3500-graft-hair-transplant-before-after.jpg\" data-elementor-open-lightbox=\"yes\" data-elementor-lightbox-slideshow=\"5fcda46\" data-elementor-lightbox-title=\"3500-graft-hair-transplant-before-after\" data-e-action-hash=\"#elementor-action%3Aaction%3Dlightbox%26settings%3DeyJpZCI6NzU0MywidXJsIjoiaHR0cHM6XC9cL2RydGVyemlsZXIuY29tXC93cC1jb250ZW50XC91cGxvYWRzXC8yMDI0XC8wOVwvMzUwMC1ncmFmdC1oYWlyLXRyYW5zcGxhbnQtYmVmb3JlLWFmdGVyLmpwZyIsInNsaWRlc2hvdyI6IjVmY2RhNDYifQ%3D%3D\"><br \/>\n\t\t<\/a><br \/>\n\t\t\t\t\t\t\t<a href=\"https:\/\/drterziler.com\/wp-content\/uploads\/2024\/09\/4000-graft-hair-transplant-before-after.jpg\" data-elementor-open-lightbox=\"yes\" data-elementor-lightbox-slideshow=\"5fcda46\" data-elementor-lightbox-title=\"4000-graft-hair-transplant-before-after\" data-e-action-hash=\"#elementor-action%3Aaction%3Dlightbox%26settings%3DeyJpZCI6NzU0OSwidXJsIjoiaHR0cHM6XC9cL2RydGVyemlsZXIuY29tXC93cC1jb250ZW50XC91cGxvYWRzXC8yMDI0XC8wOVwvNDAwMC1ncmFmdC1oYWlyLXRyYW5zcGxhbnQtYmVmb3JlLWFmdGVyLmpwZyIsInNsaWRlc2hvdyI6IjVmY2RhNDYifQ%3D%3D\"><br \/>\n\t\t<\/a><br \/>\n\t\t\t\t\t\t\t<a href=\"https:\/\/drterziler.com\/wp-content\/uploads\/2024\/09\/4500-graft-hair-transplant-before-after.jpg\" data-elementor-open-lightbox=\"yes\" data-elementor-lightbox-slideshow=\"5fcda46\" data-elementor-lightbox-title=\"4500-graft-hair-transplant-before-after\" data-e-action-hash=\"#elementor-action%3Aaction%3Dlightbox%26settings%3DeyJpZCI6NzU1NSwidXJsIjoiaHR0cHM6XC9cL2RydGVyemlsZXIuY29tXC93cC1jb250ZW50XC91cGxvYWRzXC8yMDI0XC8wOVwvNDUwMC1ncmFmdC1oYWlyLXRyYW5zcGxhbnQtYmVmb3JlLWFmdGVyLmpwZyIsInNsaWRlc2hvdyI6IjVmY2RhNDYifQ%3D%3D\"><br \/>\n\t\t<\/a><br \/>\n\t\t\t\t\t\t\t<a href=\"https:\/\/drterziler.com\/wp-content\/uploads\/2024\/09\/5200-graft-hair-transplant-before-after.jpg\" data-elementor-open-lightbox=\"yes\" data-elementor-lightbox-slideshow=\"5fcda46\" data-elementor-lightbox-title=\"5200-graft-hair-transplant-before-after\" data-e-action-hash=\"#elementor-action%3Aaction%3Dlightbox%26settings%3DeyJpZCI6NzU2MSwidXJsIjoiaHR0cHM6XC9cL2RydGVyemlsZXIuY29tXC93cC1jb250ZW50XC91cGxvYWRzXC8yMDI0XC8wOVwvNTIwMC1ncmFmdC1oYWlyLXRyYW5zcGxhbnQtYmVmb3JlLWFmdGVyLmpwZyIsInNsaWRlc2hvdyI6IjVmY2RhNDYifQ%3D%3D\"><br \/>\n\t\t<\/a><br \/>\n\t\t\t\t\t\t\t<a href=\"https:\/\/drterziler.com\/wp-content\/uploads\/2024\/09\/5300-graft-hair-transplant-before-after.jpg\" data-elementor-open-lightbox=\"yes\" data-elementor-lightbox-slideshow=\"5fcda46\" data-elementor-lightbox-title=\"5300-graft-hair-transplant-before-after\" data-e-action-hash=\"#elementor-action%3Aaction%3Dlightbox%26settings%3DeyJpZCI6NzU2NywidXJsIjoiaHR0cHM6XC9cL2RydGVyemlsZXIuY29tXC93cC1jb250ZW50XC91cGxvYWRzXC8yMDI0XC8wOVwvNTMwMC1ncmFmdC1oYWlyLXRyYW5zcGxhbnQtYmVmb3JlLWFmdGVyLmpwZyIsInNsaWRlc2hvdyI6IjVmY2RhNDYifQ%3D%3D\"><br \/>\n\t\t<\/a><br \/>\n\t\t\t\t\t\t\t<svg aria-hidden=\"true\" viewBox=\"0 0 1000 1000\" xmlns=\"http:\/\/www.w3.org\/2000\/svg\"><path d=\"M646 125C629 125 613 133 604 142L308 442C296 454 292 471 292 487 292 504 296 521 308 533L604 854C617 867 629 875 646 875 663 875 679 871 692 858 704 846 713 829 713 812 713 796 708 779 692 767L438 487 692 225C700 217 708 204 708 187 708 171 704 154 692 142 675 129 663 125 646 125Z\"><\/path><\/svg><br \/>\n\t\t\t\t\t\t\t<svg aria-hidden=\"true\" viewBox=\"0 0 1000 1000\" xmlns=\"http:\/\/www.w3.org\/2000\/svg\"><path d=\"M696 533C708 521 713 504 713 487 713 471 708 454 696 446L400 146C388 133 375 125 354 125 338 125 325 129 313 142 300 154 292 171 292 187 292 204 296 221 308 233L563 492 304 771C292 783 288 800 288 817 288 833 296 850 308 863 321 871 338 875 354 875 371 875 388 867 400 854L696 533Z\"><\/path><\/svg>\t\t\t\t\t\t<\/p>\n<details id=\"e-n-accordion-item-2340\" open>\n<summary data-accordion-index=\"1\" tabindex=\"0\" aria-expanded=\"true\" aria-controls=\"e-n-accordion-item-2340\" >\n\t\t\t\t\t Qu&rsquo;est-ce que l&rsquo;effluvium t\u00e9log\u00e8ne ?<br \/>\n\t\t\t<svg aria-hidden=\"true\" viewBox=\"0 0 448 512\" xmlns=\"http:\/\/www.w3.org\/2000\/svg\"><path d=\"M416 208H32c-17.67 0-32 14.33-32 32v32c0 17.67 14.33 32 32 32h384c17.67 0 32-14.33 32-32v-32c0-17.67-14.33-32-32-32z\"><\/path><\/svg><br \/>\n\t\t\t<svg aria-hidden=\"true\" viewBox=\"0 0 448 512\" xmlns=\"http:\/\/www.w3.org\/2000\/svg\"><path d=\"M416 208H272V64c0-17.67-14.33-32-32-32h-32c-17.67 0-32 14.33-32 32v144H32c-17.67 0-32 14.33-32 32v32c0 17.67 14.33 32 32 32h144v144c0 17.67 14.33 32 32 32h32c17.67 0 32-14.33 32-32V304h144c17.67 0 32-14.33 32-32v-32c0-17.67-14.33-32-32-32z\"><\/path><\/svg><br \/>\n\t\t\t\t\t\t<\/summary>\n<p>L&#8217;effluvium t\u00e9log\u00e8ne est une forme courante de perte de cheveux caract\u00e9ris\u00e9e par une chute accrue des cheveux, g\u00e9n\u00e9ralement d\u00e9clench\u00e9e par un stress physique ou \u00e9motionnel, des changements hormonaux ou des carences nutritionnelles.<\/p>\n<\/details>\n<details id=\"e-n-accordion-item-2341\" >\n<summary data-accordion-index=\"2\" tabindex=\"-1\" aria-expanded=\"false\" aria-controls=\"e-n-accordion-item-2341\" >\n\t\t\t\t\t Quelles sont les causes de l&rsquo;effluvium t\u00e9log\u00e8ne ?<br \/>\n\t\t\t<svg aria-hidden=\"true\" viewBox=\"0 0 448 512\" xmlns=\"http:\/\/www.w3.org\/2000\/svg\"><path d=\"M416 208H32c-17.67 0-32 14.33-32 32v32c0 17.67 14.33 32 32 32h384c17.67 0 32-14.33 32-32v-32c0-17.67-14.33-32-32-32z\"><\/path><\/svg><br \/>\n\t\t\t<svg aria-hidden=\"true\" viewBox=\"0 0 448 512\" xmlns=\"http:\/\/www.w3.org\/2000\/svg\"><path d=\"M416 208H272V64c0-17.67-14.33-32-32-32h-32c-17.67 0-32 14.33-32 32v144H32c-17.67 0-32 14.33-32 32v32c0 17.67 14.33 32 32 32h144v144c0 17.67 14.33 32 32 32h32c17.67 0 32-14.33 32-32V304h144c17.67 0 32-14.33 32-32v-32c0-17.67-14.33-32-32-32z\"><\/path><\/svg><br \/>\n\t\t\t\t\t\t<\/summary>\n<p>Les causes comprennent le stress physique (chirurgie ou maladie), le stress \u00e9motionnel, les changements hormonaux (comme la grossesse ou la m\u00e9nopause), les carences nutritionnelles et certains m\u00e9dicaments.<\/p>\n<\/details>\n<details id=\"e-n-accordion-item-2342\" >\n<summary data-accordion-index=\"3\" tabindex=\"-1\" aria-expanded=\"false\" aria-controls=\"e-n-accordion-item-2342\" >\n\t\t\t\t\t Comment puis-je savoir si je souffre d&rsquo;effluvium t\u00e9log\u00e8ne ?<br \/>\n\t\t\t<svg aria-hidden=\"true\" viewBox=\"0 0 448 512\" xmlns=\"http:\/\/www.w3.org\/2000\/svg\"><path d=\"M416 208H32c-17.67 0-32 14.33-32 32v32c0 17.67 14.33 32 32 32h384c17.67 0 32-14.33 32-32v-32c0-17.67-14.33-32-32-32z\"><\/path><\/svg><br \/>\n\t\t\t<svg aria-hidden=\"true\" viewBox=\"0 0 448 512\" xmlns=\"http:\/\/www.w3.org\/2000\/svg\"><path d=\"M416 208H272V64c0-17.67-14.33-32-32-32h-32c-17.67 0-32 14.33-32 32v144H32c-17.67 0-32 14.33-32 32v32c0 17.67 14.33 32 32 32h144v144c0 17.67 14.33 32 32 32h32c17.67 0 32-14.33 32-32V304h144c17.67 0 32-14.33 32-32v-32c0-17.67-14.33-32-32-32z\"><\/path><\/svg><br \/>\n\t\t\t\t\t\t<\/summary>\n<p>Les sympt\u00f4mes comprennent une perte de cheveux notable, en particulier lors du lavage ou du brossage, ainsi qu&#8217;un amincissement diffus des cheveux sur l&#8217;ensemble du cuir chevelu, sans formation de plaques chauves.<\/p>\n<\/details>\n<details id=\"e-n-accordion-item-2343\" >\n<summary data-accordion-index=\"4\" tabindex=\"-1\" aria-expanded=\"false\" aria-controls=\"e-n-accordion-item-2343\" >\n\t\t\t\t\t Comment diagnostiquer l&rsquo;effluvium t\u00e9log\u00e8ne ?<br \/>\n\t\t\t<svg aria-hidden=\"true\" viewBox=\"0 0 448 512\" xmlns=\"http:\/\/www.w3.org\/2000\/svg\"><path d=\"M416 208H32c-17.67 0-32 14.33-32 32v32c0 17.67 14.33 32 32 32h384c17.67 0 32-14.33 32-32v-32c0-17.67-14.33-32-32-32z\"><\/path><\/svg><br \/>\n\t\t\t<svg aria-hidden=\"true\" viewBox=\"0 0 448 512\" xmlns=\"http:\/\/www.w3.org\/2000\/svg\"><path d=\"M416 208H272V64c0-17.67-14.33-32-32-32h-32c-17.67 0-32 14.33-32 32v144H32c-17.67 0-32 14.33-32 32v32c0 17.67 14.33 32 32 32h144v144c0 17.67 14.33 32 32 32h32c17.67 0 32-14.33 32-32V304h144c17.67 0 32-14.33 32-32v-32c0-17.67-14.33-32-32-32z\"><\/path><\/svg><br \/>\n\t\t\t\t\t\t<\/summary>\n<p>Le diagnostic implique g\u00e9n\u00e9ralement un examen des ant\u00e9c\u00e9dents m\u00e9dicaux, un examen physique du cuir chevelu et \u00e9ventuellement un test d&#8217;arrachage des cheveux ou une biopsie du cuir chevelu afin d&#8217;exclure d&#8217;autres causes de la perte de cheveux.<\/p>\n<\/details>\n<details id=\"e-n-accordion-item-2344\" >\n<summary data-accordion-index=\"5\" tabindex=\"-1\" aria-expanded=\"false\" aria-controls=\"e-n-accordion-item-2344\" >\n\t\t\t\t\t L&rsquo;effluvium t\u00e9log\u00e8ne est-il permanent ?<br \/>\n\t\t\t<svg aria-hidden=\"true\" viewBox=\"0 0 448 512\" xmlns=\"http:\/\/www.w3.org\/2000\/svg\"><path d=\"M416 208H32c-17.67 0-32 14.33-32 32v32c0 17.67 14.33 32 32 32h384c17.67 0 32-14.33 32-32v-32c0-17.67-14.33-32-32-32z\"><\/path><\/svg><br \/>\n\t\t\t<svg aria-hidden=\"true\" viewBox=\"0 0 448 512\" xmlns=\"http:\/\/www.w3.org\/2000\/svg\"><path d=\"M416 208H272V64c0-17.67-14.33-32-32-32h-32c-17.67 0-32 14.33-32 32v144H32c-17.67 0-32 14.33-32 32v32c0 17.67 14.33 32 32 32h144v144c0 17.67 14.33 32 32 32h32c17.67 0 32-14.33 32-32V304h144c17.67 0 32-14.33 32-32v-32c0-17.67-14.33-32-32-32z\"><\/path><\/svg><br \/>\n\t\t\t\t\t\t<\/summary>\n<p>Non, l&#8217;effluvium t\u00e9log\u00e8ne est g\u00e9n\u00e9ralement temporaire. La repousse des cheveux se produit g\u00e9n\u00e9ralement une fois que la cause sous-jacente est r\u00e9solue.<\/p>\n<\/details>\n<details id=\"e-n-accordion-item-2345\" >\n<summary data-accordion-index=\"6\" tabindex=\"-1\" aria-expanded=\"false\" aria-controls=\"e-n-accordion-item-2345\" >\n\t\t\t\t\t Combien de temps faut-il pour obtenir des r\u00e9sultats apr\u00e8s le traitement ?<br \/>\n\t\t\t<svg aria-hidden=\"true\" viewBox=\"0 0 448 512\" xmlns=\"http:\/\/www.w3.org\/2000\/svg\"><path d=\"M416 208H32c-17.67 0-32 14.33-32 32v32c0 17.67 14.33 32 32 32h384c17.67 0 32-14.33 32-32v-32c0-17.67-14.33-32-32-32z\"><\/path><\/svg><br \/>\n\t\t\t<svg aria-hidden=\"true\" viewBox=\"0 0 448 512\" xmlns=\"http:\/\/www.w3.org\/2000\/svg\"><path d=\"M416 208H272V64c0-17.67-14.33-32-32-32h-32c-17.67 0-32 14.33-32 32v144H32c-17.67 0-32 14.33-32 32v32c0 17.67 14.33 32 32 32h144v144c0 17.67 14.33 32 32 32h32c17.67 0 32-14.33 32-32V304h144c17.67 0 32-14.33 32-32v-32c0-17.67-14.33-32-32-32z\"><\/path><\/svg><br \/>\n\t\t\t\t\t\t<\/summary>\n<p>\t\t\t\t\t\t\t\t\tLes r\u00e9sultats peuvent varier, mais de nombreuses personnes peuvent commencer \u00e0 voir des signes de repousse quelques mois apr\u00e8s avoir trait\u00e9 la cause sous-jacente de la perte de cheveux.<br \/>\n\t\t\t\t\t<\/details>\n<p>L&rsquo;effluvium t\u00e9log\u00e8ne est une forme courante de perte de cheveux caract\u00e9ris\u00e9e par une chute accrue des cheveux, g\u00e9n\u00e9ralement d\u00e9clench\u00e9e par un stress physique ou \u00e9motionnel, des changements hormonaux ou des carences nutritionnelles.<\/p>\n<p>Les causes comprennent le stress physique (chirurgie ou maladie), le stress \u00e9motionnel, les changements hormonaux (comme la grossesse ou la m\u00e9nopause), les carences nutritionnelles et certains m\u00e9dicaments.<\/p>\n<p>Les sympt\u00f4mes comprennent une perte de cheveux notable, en particulier lors du lavage ou du brossage, ainsi qu&rsquo;un amincissement diffus des cheveux sur l&rsquo;ensemble du cuir chevelu, sans formation de plaques chauves.<\/p>\n<p>Le diagnostic implique g\u00e9n\u00e9ralement un examen des ant\u00e9c\u00e9dents m\u00e9dicaux, un examen physique du cuir chevelu et \u00e9ventuellement un test d&rsquo;arrachage des cheveux ou une biopsie du cuir chevelu afin d&rsquo;exclure d&rsquo;autres causes de la perte de cheveux.<\/p>\n<p>Non, l&rsquo;effluvium t\u00e9log\u00e8ne est g\u00e9n\u00e9ralement temporaire. La repousse des cheveux se produit g\u00e9n\u00e9ralement une fois que la cause sous-jacente est r\u00e9solue.<\/p>\n<p>Les r\u00e9sultats peuvent varier, mais de nombreuses personnes peuvent commencer \u00e0 voir des signes de repousse quelques mois apr\u00e8s avoir trait\u00e9 la cause sous-jacente de la perte de cheveux.<\/p>\n","protected":false},"excerpt":{"rendered":"<p>Table des mati\u00e8res L&rsquo;effluvium t\u00e9log\u00e8ne : causes et traitements L&rsquo;effluvium t\u00e9log\u00e8ne est une forme courante de perte de cheveux caract\u00e9ris\u00e9e par la chute des cheveux en r\u00e9ponse \u00e0 divers facteurs de stress. Contrairement \u00e0 d&rsquo;autres types de perte de cheveux, l&rsquo;effluvium t\u00e9log\u00e8ne est g\u00e9n\u00e9ralement temporaire et peut \u00eatre d\u00e9clench\u00e9 par divers facteurs, notamment le stress [&hellip;]<\/p>\n","protected":false},"author":6,"featured_media":0,"parent":0,"menu_order":0,"comment_status":"closed","ping_status":"closed","template":"","meta":{"footnotes":""},"class_list":["post-25959","page","type-page","status-publish","hentry"],"_links":{"self":[{"href":"https:\/\/drterziler.com\/fr\/wp-json\/wp\/v2\/pages\/25959","targetHints":{"allow":["GET"]}}],"collection":[{"href":"https:\/\/drterziler.com\/fr\/wp-json\/wp\/v2\/pages"}],"about":[{"href":"https:\/\/drterziler.com\/fr\/wp-json\/wp\/v2\/types\/page"}],"author":[{"embeddable":true,"href":"https:\/\/drterziler.com\/fr\/wp-json\/wp\/v2\/users\/6"}],"replies":[{"embeddable":true,"href":"https:\/\/drterziler.com\/fr\/wp-json\/wp\/v2\/comments?post=25959"}],"version-history":[{"count":5,"href":"https:\/\/drterziler.com\/fr\/wp-json\/wp\/v2\/pages\/25959\/revisions"}],"predecessor-version":[{"id":43390,"href":"https:\/\/drterziler.com\/fr\/wp-json\/wp\/v2\/pages\/25959\/revisions\/43390"}],"wp:attachment":[{"href":"https:\/\/drterziler.com\/fr\/wp-json\/wp\/v2\/media?parent=25959"}],"curies":[{"name":"wp","href":"https:\/\/api.w.org\/{rel}","templated":true}]}}