{"id":25973,"date":"2025-01-04T20:56:57","date_gmt":"2025-01-04T20:56:57","guid":{"rendered":"https:\/\/drterziler.com\/difference-avec-les-hydratants-traditionnels\/"},"modified":"2025-06-16T10:27:52","modified_gmt":"2025-06-16T10:27:52","slug":"difference-avec-les-hydratants-traditionnels","status":"publish","type":"page","link":"https:\/\/drterziler.com\/fr\/difference-avec-les-hydratants-traditionnels\/","title":{"rendered":"Skin Elixir vs. les cr\u00e8mes hydratantes traditionnelles"},"content":{"rendered":"<h1 class=\"content-title h1-header\">Skin Elixir vs. les cr\u00e8mes hydratantes traditionnelles<\/h1>\n<nav aria-label=\"breadcrumbs\" class=\"rank-math-breadcrumb\"><p><span class=\"last\">Dr. Terziler<\/span><\/p><\/nav>\n<h4>\n\t\t\t\tTable des mati\u00e8res\t\t\t<\/h4>\n<p>\t\t\t\t\t\t\t<svg aria-hidden=\"true\" viewBox=\"0 0 448 512\" xmlns=\"http:\/\/www.w3.org\/2000\/svg\"><path d=\"M207.029 381.476L12.686 187.132c-9.373-9.373-9.373-24.569 0-33.941l22.667-22.667c9.357-9.357 24.522-9.375 33.901-.04L224 284.505l154.745-154.021c9.379-9.335 24.544-9.317 33.901.04l22.667 22.667c9.373 9.373 9.373 24.569 0 33.941L240.971 381.476c-9.373 9.372-24.569 9.372-33.942 0z\"><\/path><\/svg><br \/>\n\t\t\t\t<svg aria-hidden=\"true\" viewBox=\"0 0 448 512\" xmlns=\"http:\/\/www.w3.org\/2000\/svg\"><path d=\"M240.971 130.524l194.343 194.343c9.373 9.373 9.373 24.569 0 33.941l-22.667 22.667c-9.357 9.357-24.522 9.375-33.901.04L224 227.495 69.255 381.516c-9.379 9.335-24.544 9.317-33.901-.04l-22.667-22.667c-9.373-9.373-9.373-24.569 0-33.941L207.03 130.525c9.372-9.373 24.568-9.373 33.941-.001z\"><\/path><\/svg><br \/>\n\t\t\t\t<svg aria-hidden=\"true\" viewBox=\"0 0 1000 1000\" xmlns=\"http:\/\/www.w3.org\/2000\/svg\"><path d=\"M500 975V858C696 858 858 696 858 500S696 142 500 142 142 304 142 500H25C25 237 238 25 500 25S975 237 975 500 763 975 500 975Z\"><\/path><\/svg><br \/>\n\t\t\t\t\t\t\t\t\t\t\t\t\t\t\t\t\t\t\t\t\t\t<img loading=\"lazy\" decoding=\"async\" width=\"752\" height=\"555\" src=\"https:\/\/drterziler.com\/wp-content\/uploads\/2025\/01\/skin-elixir-vs-traditional-moisturizers.png\" alt=\"\" srcset=\"https:\/\/drterziler.com\/wp-content\/uploads\/2025\/01\/skin-elixir-vs-traditional-moisturizers.png 752w, https:\/\/drterziler.com\/wp-content\/uploads\/2025\/01\/skin-elixir-vs-traditional-moisturizers-300x221.png 300w\" sizes=\"auto, (max-width: 752px) 100vw, 752px\">\t\t\t\t\t\t\t\t\t\t\t\t\t<\/p>\n<h2>\u00c9lixir de peau ou cr\u00e8me hydratante traditionnelle ?<\/h2>\n<p>Les \u00e9lixirs de peau et les cr\u00e8mes hydratantes traditionnelles sont des incontournables des soins de la peau, mais ils ont des objectifs distincts et offrent des avantages uniques. Un \u00e9lixir de peau est g\u00e9n\u00e9ralement un s\u00e9rum l\u00e9ger et riche en nutriments qui p\u00e9n\u00e8tre en profondeur pour cibler des probl\u00e8mes sp\u00e9cifiques de la peau tels que l&rsquo;hydratation, l&rsquo;anti-\u00e2ge ou la r\u00e9paration de la peau. En revanche, les cr\u00e8mes hydratantes traditionnelles agissent comme une barri\u00e8re, en emprisonnant l&rsquo;humidit\u00e9 et en emp\u00eachant la perte d&rsquo;eau \u00e0 la surface de la peau. Comprendre la diff\u00e9rence entre ces deux produits peut vous aider \u00e0 choisir la meilleure option pour les besoins de votre peau et \u00e0 optimiser votre routine de soins.<\/p>\n<h2>Comment fonctionnent les \u00e9lixirs pour la peau ?<\/h2>\n<p>Les \u00e9lixirs pour la peau sont des formules concentr\u00e9es contenant des ingr\u00e9dients actifs tels que des vitamines, des antioxydants et de l&rsquo;acide hyaluronique. Ces produits l\u00e9gers sont con\u00e7us pour p\u00e9n\u00e9trer profond\u00e9ment dans la peau et cibler les probl\u00e8mes \u00e0 la racine. Par exemple, un \u00e9lixir peut favoriser la production de collag\u00e8ne, uniformiser le teint ou fournir une hydratation intense au niveau cellulaire. Contrairement aux hydratants, les \u00e9lixirs sont souvent des solutions cibl\u00e9es sur un traitement plut\u00f4t que des aides \u00e0 l&rsquo;hydratation g\u00e9n\u00e9rale, ce qui les rend id\u00e9aux pour les personnes ayant des probl\u00e8mes de peau sp\u00e9cifiques tels que les ridules, les taches brunes ou le teint terne.<\/p>\n<h2>Le r\u00f4le des hydratants traditionnels dans les soins de la peau<\/h2>\n<p>Les cr\u00e8mes hydratantes traditionnelles, quant \u00e0 elles, visent \u00e0 renforcer la barri\u00e8re naturelle de la peau pour retenir l&rsquo;hydratation et pr\u00e9venir les agressions ext\u00e9rieures. Elles contiennent souvent des \u00e9mollients et des occlusifs tels que le beurre de karit\u00e9 ou les c\u00e9ramides, qui cr\u00e9ent une couche protectrice sur la peau. Les cr\u00e8mes hydratantes sont essentielles pour maintenir l&rsquo;hydratation globale et sont particuli\u00e8rement efficaces pour les peaux s\u00e8ches ou sensibles. Bien qu&rsquo;elles ne contiennent g\u00e9n\u00e9ralement pas de fortes concentrations d&rsquo;ingr\u00e9dients actifs, elles jouent un r\u00f4le essentiel pour garder la peau douce, lisse et prot\u00e9g\u00e9e.<\/p>\n<h2>Laquelle choisir ?<\/h2>\n<p>Le choix entre un \u00e9lixir de peau et une cr\u00e8me hydratante traditionnelle d\u00e9pend de votre type de peau et de vos pr\u00e9occupations sp\u00e9cifiques. Pour les personnes qui recherchent un traitement cibl\u00e9 contre le vieillissement, la pigmentation ou la d\u00e9shydratation, un \u00e9lixir pour la peau peut \u00eatre plus b\u00e9n\u00e9fique. En revanche, celles dont la barri\u00e8re cutan\u00e9e est s\u00e8che ou alt\u00e9r\u00e9e peuvent tirer davantage profit d&rsquo;un hydratant traditionnel. De nombreuses routines de soins de la peau int\u00e8grent les deux produits, en utilisant l&rsquo;\u00e9lixir comme traitement de base et en superposant un hydratant pour une hydratation et une protection accrues.<\/p>\n<details id=\"e-n-accordion-item-2340\" open>\n<summary data-accordion-index=\"1\" tabindex=\"0\" aria-expanded=\"true\" aria-controls=\"e-n-accordion-item-2340\" >\n\t\t\t\t\t Quelle est la principale diff\u00e9rence entre un \u00e9lixir cutan\u00e9 et une cr\u00e8me hydratante ?<br \/>\n\t\t\t<svg aria-hidden=\"true\" viewBox=\"0 0 448 512\" xmlns=\"http:\/\/www.w3.org\/2000\/svg\"><path d=\"M416 208H32c-17.67 0-32 14.33-32 32v32c0 17.67 14.33 32 32 32h384c17.67 0 32-14.33 32-32v-32c0-17.67-14.33-32-32-32z\"><\/path><\/svg><br \/>\n\t\t\t<svg aria-hidden=\"true\" viewBox=\"0 0 448 512\" xmlns=\"http:\/\/www.w3.org\/2000\/svg\"><path d=\"M416 208H272V64c0-17.67-14.33-32-32-32h-32c-17.67 0-32 14.33-32 32v144H32c-17.67 0-32 14.33-32 32v32c0 17.67 14.33 32 32 32h144v144c0 17.67 14.33 32 32 32h32c17.67 0 32-14.33 32-32V304h144c17.67 0 32-14.33 32-32v-32c0-17.67-14.33-32-32-32z\"><\/path><\/svg><br \/>\n\t\t\t\t\t\t<\/summary>\n<p>Un \u00e9lixir cutan\u00e9 cible des probl\u00e8mes sp\u00e9cifiques gr\u00e2ce \u00e0 des ingr\u00e9dients actifs concentr\u00e9s, tandis qu&#8217;une cr\u00e8me hydratante se concentre sur l&#8217;hydratation et la protection de la barri\u00e8re cutan\u00e9e.<\/p>\n<\/details>\n<details id=\"e-n-accordion-item-2341\" >\n<summary data-accordion-index=\"2\" tabindex=\"-1\" aria-expanded=\"false\" aria-controls=\"e-n-accordion-item-2341\" >\n\t\t\t\t\t Puis-je utiliser un \u00e9lixir cutan\u00e9 et une cr\u00e8me hydratante en m\u00eame temps ?<br \/>\n\t\t\t<svg aria-hidden=\"true\" viewBox=\"0 0 448 512\" xmlns=\"http:\/\/www.w3.org\/2000\/svg\"><path d=\"M416 208H32c-17.67 0-32 14.33-32 32v32c0 17.67 14.33 32 32 32h384c17.67 0 32-14.33 32-32v-32c0-17.67-14.33-32-32-32z\"><\/path><\/svg><br \/>\n\t\t\t<svg aria-hidden=\"true\" viewBox=\"0 0 448 512\" xmlns=\"http:\/\/www.w3.org\/2000\/svg\"><path d=\"M416 208H272V64c0-17.67-14.33-32-32-32h-32c-17.67 0-32 14.33-32 32v144H32c-17.67 0-32 14.33-32 32v32c0 17.67 14.33 32 32 32h144v144c0 17.67 14.33 32 32 32h32c17.67 0 32-14.33 32-32V304h144c17.67 0 32-14.33 32-32v-32c0-17.67-14.33-32-32-32z\"><\/path><\/svg><br \/>\n\t\t\t\t\t\t<\/summary>\n<p>Oui, vous pouvez les int\u00e9grer \u00e0 votre routine. Appliquez d&#8217;abord l&#8217;\u00e9lixir pour traiter des probl\u00e8mes sp\u00e9cifiques, puis utilisez une cr\u00e8me hydratante pour fixer l&#8217;hydratation.<\/p>\n<\/details>\n<details id=\"e-n-accordion-item-2342\" >\n<summary data-accordion-index=\"3\" tabindex=\"-1\" aria-expanded=\"false\" aria-controls=\"e-n-accordion-item-2342\" >\n\t\t\t\t\t Les \u00e9lixirs cutan\u00e9s conviennent-ils \u00e0 tous les types de peau ?<br \/>\n\t\t\t<svg aria-hidden=\"true\" viewBox=\"0 0 448 512\" xmlns=\"http:\/\/www.w3.org\/2000\/svg\"><path d=\"M416 208H32c-17.67 0-32 14.33-32 32v32c0 17.67 14.33 32 32 32h384c17.67 0 32-14.33 32-32v-32c0-17.67-14.33-32-32-32z\"><\/path><\/svg><br \/>\n\t\t\t<svg aria-hidden=\"true\" viewBox=\"0 0 448 512\" xmlns=\"http:\/\/www.w3.org\/2000\/svg\"><path d=\"M416 208H272V64c0-17.67-14.33-32-32-32h-32c-17.67 0-32 14.33-32 32v144H32c-17.67 0-32 14.33-32 32v32c0 17.67 14.33 32 32 32h144v144c0 17.67 14.33 32 32 32h32c17.67 0 32-14.33 32-32V304h144c17.67 0 32-14.33 32-32v-32c0-17.67-14.33-32-32-32z\"><\/path><\/svg><br \/>\n\t\t\t\t\t\t<\/summary>\n<p>La plupart des \u00e9lixirs sont l\u00e9gers et conviennent \u00e0 tous les types de peau, mais les personnes \u00e0 la peau sensible doivent choisir des formules exemptes d&#8217;irritants potentiels.<\/p>\n<\/details>\n<details id=\"e-n-accordion-item-2343\" >\n<summary data-accordion-index=\"4\" tabindex=\"-1\" aria-expanded=\"false\" aria-controls=\"e-n-accordion-item-2343\" >\n\t\t\t\t\t Les cr\u00e8mes hydratantes remplacent-elles le besoin d&rsquo;un \u00e9lixir de beaut\u00e9 ?<br \/>\n\t\t\t<svg aria-hidden=\"true\" viewBox=\"0 0 448 512\" xmlns=\"http:\/\/www.w3.org\/2000\/svg\"><path d=\"M416 208H32c-17.67 0-32 14.33-32 32v32c0 17.67 14.33 32 32 32h384c17.67 0 32-14.33 32-32v-32c0-17.67-14.33-32-32-32z\"><\/path><\/svg><br \/>\n\t\t\t<svg aria-hidden=\"true\" viewBox=\"0 0 448 512\" xmlns=\"http:\/\/www.w3.org\/2000\/svg\"><path d=\"M416 208H272V64c0-17.67-14.33-32-32-32h-32c-17.67 0-32 14.33-32 32v144H32c-17.67 0-32 14.33-32 32v32c0 17.67 14.33 32 32 32h144v144c0 17.67 14.33 32 32 32h32c17.67 0 32-14.33 32-32V304h144c17.67 0 32-14.33 32-32v-32c0-17.67-14.33-32-32-32z\"><\/path><\/svg><br \/>\n\t\t\t\t\t\t<\/summary>\n<p>Non, les cr\u00e8mes hydratantes et les \u00e9lixirs ont des objectifs diff\u00e9rents. Les \u00e9lixirs offrent un traitement cibl\u00e9, tandis que les hydratants assurent l&#8217;hydratation et le maintien de la barri\u00e8re cutan\u00e9e.<\/p>\n<\/details>\n<details id=\"e-n-accordion-item-2344\" >\n<summary data-accordion-index=\"5\" tabindex=\"-1\" aria-expanded=\"false\" aria-controls=\"e-n-accordion-item-2344\" >\n\t\t\t\t\t Les \u00e9lixirs cutan\u00e9s peuvent-ils aider \u00e0 lutter contre l&rsquo;acn\u00e9 ?<br \/>\n\t\t\t<svg aria-hidden=\"true\" viewBox=\"0 0 448 512\" xmlns=\"http:\/\/www.w3.org\/2000\/svg\"><path d=\"M416 208H32c-17.67 0-32 14.33-32 32v32c0 17.67 14.33 32 32 32h384c17.67 0 32-14.33 32-32v-32c0-17.67-14.33-32-32-32z\"><\/path><\/svg><br \/>\n\t\t\t<svg aria-hidden=\"true\" viewBox=\"0 0 448 512\" xmlns=\"http:\/\/www.w3.org\/2000\/svg\"><path d=\"M416 208H272V64c0-17.67-14.33-32-32-32h-32c-17.67 0-32 14.33-32 32v144H32c-17.67 0-32 14.33-32 32v32c0 17.67 14.33 32 32 32h144v144c0 17.67 14.33 32 32 32h32c17.67 0 32-14.33 32-32V304h144c17.67 0 32-14.33 32-32v-32c0-17.67-14.33-32-32-32z\"><\/path><\/svg><br \/>\n\t\t\t\t\t\t<\/summary>\n<p>Oui, certains \u00e9lixirs contiennent des ingr\u00e9dients comme l&#8217;acide salicylique ou le niacinamide qui peuvent aider \u00e0 r\u00e9duire l&#8217;acn\u00e9 et l&#8217;inflammation.<\/p>\n<\/details>\n<details id=\"e-n-accordion-item-2345\" >\n<summary data-accordion-index=\"6\" tabindex=\"-1\" aria-expanded=\"false\" aria-controls=\"e-n-accordion-item-2345\" >\n\t\t\t\t\t Les \u00e9lixirs cutan\u00e9s sont-ils plus efficaces que les cr\u00e8mes hydratantes pour lutter contre le vieillissement ?<br \/>\n\t\t\t<svg aria-hidden=\"true\" viewBox=\"0 0 448 512\" xmlns=\"http:\/\/www.w3.org\/2000\/svg\"><path d=\"M416 208H32c-17.67 0-32 14.33-32 32v32c0 17.67 14.33 32 32 32h384c17.67 0 32-14.33 32-32v-32c0-17.67-14.33-32-32-32z\"><\/path><\/svg><br \/>\n\t\t\t<svg aria-hidden=\"true\" viewBox=\"0 0 448 512\" xmlns=\"http:\/\/www.w3.org\/2000\/svg\"><path d=\"M416 208H272V64c0-17.67-14.33-32-32-32h-32c-17.67 0-32 14.33-32 32v144H32c-17.67 0-32 14.33-32 32v32c0 17.67 14.33 32 32 32h144v144c0 17.67 14.33 32 32 32h32c17.67 0 32-14.33 32-32V304h144c17.67 0 32-14.33 32-32v-32c0-17.67-14.33-32-32-32z\"><\/path><\/svg><br \/>\n\t\t\t\t\t\t<\/summary>\n<p>Oui, les \u00e9lixirs contenant des actifs anti-\u00e2ge comme le r\u00e9tinol ou les peptides offrent souvent des r\u00e9sultats plus efficaces pour r\u00e9duire les rides et ridules.<\/p>\n<\/details>\n<details id=\"e-n-accordion-item-2346\" >\n<summary data-accordion-index=\"7\" tabindex=\"-1\" aria-expanded=\"false\" aria-controls=\"e-n-accordion-item-2346\" >\n\t\t\t\t\t Quels sont les ingr\u00e9dients courants des \u00e9lixirs cutan\u00e9s ?<br \/>\n\t\t\t<svg aria-hidden=\"true\" viewBox=\"0 0 448 512\" xmlns=\"http:\/\/www.w3.org\/2000\/svg\"><path d=\"M416 208H32c-17.67 0-32 14.33-32 32v32c0 17.67 14.33 32 32 32h384c17.67 0 32-14.33 32-32v-32c0-17.67-14.33-32-32-32z\"><\/path><\/svg><br \/>\n\t\t\t<svg aria-hidden=\"true\" viewBox=\"0 0 448 512\" xmlns=\"http:\/\/www.w3.org\/2000\/svg\"><path d=\"M416 208H272V64c0-17.67-14.33-32-32-32h-32c-17.67 0-32 14.33-32 32v144H32c-17.67 0-32 14.33-32 32v32c0 17.67 14.33 32 32 32h144v144c0 17.67 14.33 32 32 32h32c17.67 0 32-14.33 32-32V304h144c17.67 0 32-14.33 32-32v-32c0-17.67-14.33-32-32-32z\"><\/path><\/svg><br \/>\n\t\t\t\t\t\t<\/summary>\n<p>Les \u00e9lixirs cutan\u00e9s contiennent souvent des ingr\u00e9dients tels que de l&#8217;acide hyaluronique, des antioxydants, des peptides et des extraits de plantes, con\u00e7us pour nourrir en profondeur.<\/p>\n<\/details>\n<p>Un \u00e9lixir cutan\u00e9 cible des probl\u00e8mes sp\u00e9cifiques gr\u00e2ce \u00e0 des ingr\u00e9dients actifs concentr\u00e9s, tandis qu&rsquo;une cr\u00e8me hydratante se concentre sur l&rsquo;hydratation et la protection de la barri\u00e8re cutan\u00e9e.<\/p>\n<p>Oui, vous pouvez les int\u00e9grer \u00e0 votre routine. Appliquez d&rsquo;abord l&rsquo;\u00e9lixir pour traiter des probl\u00e8mes sp\u00e9cifiques, puis utilisez une cr\u00e8me hydratante pour fixer l&rsquo;hydratation.<\/p>\n<p>La plupart des \u00e9lixirs sont l\u00e9gers et conviennent \u00e0 tous les types de peau, mais les personnes \u00e0 la peau sensible doivent choisir des formules exemptes d&rsquo;irritants potentiels.<\/p>\n<p>Non, les cr\u00e8mes hydratantes et les \u00e9lixirs ont des objectifs diff\u00e9rents. Les \u00e9lixirs offrent un traitement cibl\u00e9, tandis que les hydratants assurent l&rsquo;hydratation et le maintien de la barri\u00e8re cutan\u00e9e.<\/p>\n<p>Oui, certains \u00e9lixirs contiennent des ingr\u00e9dients comme l&rsquo;acide salicylique ou le niacinamide qui peuvent aider \u00e0 r\u00e9duire l&rsquo;acn\u00e9 et l&rsquo;inflammation.<\/p>\n<p>Oui, les \u00e9lixirs contenant des actifs anti-\u00e2ge comme le r\u00e9tinol ou les peptides offrent souvent des r\u00e9sultats plus efficaces pour r\u00e9duire les rides et ridules.<\/p>\n<p>Les \u00e9lixirs cutan\u00e9s contiennent souvent des ingr\u00e9dients tels que de l&rsquo;acide hyaluronique, des antioxydants, des peptides et des extraits de plantes, con\u00e7us pour nourrir en profondeur.<\/p>\n","protected":false},"excerpt":{"rendered":"<p>Skin Elixir vs. les cr\u00e8mes hydratantes traditionnelles Table des mati\u00e8res \u00c9lixir de peau ou cr\u00e8me hydratante traditionnelle ? Les \u00e9lixirs de peau et les cr\u00e8mes hydratantes traditionnelles sont des incontournables des soins de la peau, mais ils ont des objectifs distincts et offrent des avantages uniques. Un \u00e9lixir de peau est g\u00e9n\u00e9ralement un s\u00e9rum l\u00e9ger [&hellip;]<\/p>\n","protected":false},"author":6,"featured_media":0,"parent":0,"menu_order":0,"comment_status":"closed","ping_status":"closed","template":"","meta":{"footnotes":""},"class_list":["post-25973","page","type-page","status-publish","hentry"],"_links":{"self":[{"href":"https:\/\/drterziler.com\/fr\/wp-json\/wp\/v2\/pages\/25973","targetHints":{"allow":["GET"]}}],"collection":[{"href":"https:\/\/drterziler.com\/fr\/wp-json\/wp\/v2\/pages"}],"about":[{"href":"https:\/\/drterziler.com\/fr\/wp-json\/wp\/v2\/types\/page"}],"author":[{"embeddable":true,"href":"https:\/\/drterziler.com\/fr\/wp-json\/wp\/v2\/users\/6"}],"replies":[{"embeddable":true,"href":"https:\/\/drterziler.com\/fr\/wp-json\/wp\/v2\/comments?post=25973"}],"version-history":[{"count":7,"href":"https:\/\/drterziler.com\/fr\/wp-json\/wp\/v2\/pages\/25973\/revisions"}],"predecessor-version":[{"id":44087,"href":"https:\/\/drterziler.com\/fr\/wp-json\/wp\/v2\/pages\/25973\/revisions\/44087"}],"wp:attachment":[{"href":"https:\/\/drterziler.com\/fr\/wp-json\/wp\/v2\/media?parent=25973"}],"curies":[{"name":"wp","href":"https:\/\/api.w.org\/{rel}","templated":true}]}}