{"id":25977,"date":"2025-01-22T14:43:12","date_gmt":"2025-01-22T14:43:12","guid":{"rendered":"https:\/\/drterziler.com\/versus-prp\/"},"modified":"2025-06-26T07:39:44","modified_gmt":"2025-06-26T07:39:44","slug":"versus-prp","status":"publish","type":"page","link":"https:\/\/drterziler.com\/fr\/versus-prp\/","title":{"rendered":"M\u00e9soth\u00e9rapie ou PRP : quel est le meilleur traitement pour vous ?"},"content":{"rendered":"<h1 class=\"content-title h1-header\">M\u00e9soth\u00e9rapie ou PRP : quel est le meilleur traitement pour vous ?<\/h1>\n<nav aria-label=\"breadcrumbs\" class=\"rank-math-breadcrumb\"><p><span class=\"last\">Dr. Terziler<\/span><\/p><\/nav>\n<h4>Table des mati\u00e8res<\/h4>\n<p><img loading=\"lazy\" decoding=\"async\" src=\"https:\/\/drterziler.com\/wp-content\/uploads\/2025\/01\/mesotherapy-vs-prp.png\" sizes=\"auto, (max-width: 1010px) 100vw, 1010px\" srcset=\"https:\/\/drterziler.com\/wp-content\/uploads\/2025\/01\/mesotherapy-vs-prp.png 1010w, https:\/\/drterziler.com\/wp-content\/uploads\/2025\/01\/mesotherapy-vs-prp-300x184.png 300w, https:\/\/drterziler.com\/wp-content\/uploads\/2025\/01\/mesotherapy-vs-prp-768x470.png 768w\" alt=\"\" width=\"1010\" height=\"618\"><\/p>\n<p>La m\u00e9soth\u00e9rapie et le plasma riche en plaquettes (PRP) sont deux traitements cosm\u00e9tiques largement utilis\u00e9s pour le rajeunissement de la peau et la restauration capillaire. La m\u00e9soth\u00e9rapie consiste \u00e0 injecter dans la peau un m\u00e9lange personnalis\u00e9 de vitamines, de min\u00e9raux et d&rsquo;acides amin\u00e9s pour hydrater, nourrir et stimuler les cellules. Le PRP, quant \u00e0 lui, utilise du plasma extrait du sang du patient, riche en facteurs de croissance, pour favoriser la gu\u00e9rison et la r\u00e9g\u00e9n\u00e9ration naturelles. Ces deux m\u00e9thodes visent la sant\u00e9 de la peau et des cheveux, mais diff\u00e8rent consid\u00e9rablement dans leur approche et leur application.<\/p>\n<h2>Avantages de la m\u00e9soth\u00e9rapie<\/h2>\n<p>La m\u00e9soth\u00e9rapie se distingue par sa capacit\u00e9 \u00e0 cibler simultan\u00e9ment plusieurs probl\u00e8mes, offrant une approche personnalis\u00e9e \u00e0 chaque individu. Le cocktail de nutriments utilis\u00e9 en m\u00e9soth\u00e9rapie augmente la production de collag\u00e8ne, am\u00e9liore l&rsquo;\u00e9lasticit\u00e9 et r\u00e9tablit l&rsquo;hydratation de la peau. Ce traitement est \u00e9galement efficace pour r\u00e9duire les ridules, \u00e9claircir la pigmentation et am\u00e9liorer la croissance des cheveux. Sa polyvalence et sa personnalisation en font une option incontournable pour les personnes ayant des probl\u00e8mes vari\u00e9s de peau ou de cheveux.<\/p>\n<h2>Avantages de la th\u00e9rapie PRP<\/h2>\n<p>La PRP est r\u00e9put\u00e9e pour son approche naturelle et peu invasive. Comme elle utilise le propre plasma du patient, elle r\u00e9duit le risque de r\u00e9actions allergiques ou de complications. La PRP stimule la r\u00e9g\u00e9n\u00e9ration des tissus, am\u00e9liore la texture de la peau et favorise des cheveux plus \u00e9pais et plus sains. Elle est particuli\u00e8rement efficace pour les personnes qui souffrent d&rsquo;un amincissement des cheveux ou qui cherchent une solution pour stimuler naturellement la r\u00e9paration de la peau. Les facteurs de croissance contenus dans la PRP favorisent la production de collag\u00e8ne et d&rsquo;\u00e9lastine, ce qui en fait un choix populaire pour les traitements anti-\u00e2ge.<\/p>\n<h2>Comment choisir entre la m\u00e9soth\u00e9rapie et le PRP<\/h2>\n<p>Le choix entre la m\u00e9soth\u00e9rapie et le PRP d\u00e9pend des besoins et des objectifs de chacun. La m\u00e9soth\u00e9rapie est id\u00e9ale pour ceux qui recherchent une approche globale des soins de la peau ou des traitements capillaires avec des solutions personnalisables. Le PRP, en revanche, convient mieux \u00e0 ceux qui pr\u00e9f\u00e8rent une m\u00e9thode naturelle exploitant les m\u00e9canismes de gu\u00e9rison propres \u00e0 l&rsquo;organisme. Il est essentiel de consulter un dermatologue pour d\u00e9terminer quelle option donnera les meilleurs r\u00e9sultats en fonction de vos pr\u00e9occupations sp\u00e9cifiques.<\/p>\n<details id=\"e-n-accordion-item-2340\" open=\"\">\n<summary tabindex=\"0\" data-accordion-index=\"1\" aria-expanded=\"true\" aria-controls=\"e-n-accordion-item-2340\">Ist die Mesotherapie f\u00fcr empfindliche Haut sicher?<\/p>\n<\/summary>\n<p>Oui, la m\u00e9soth\u00e9rapie est g\u00e9n\u00e9ralement s\u00fbre et le cocktail de nutriments peut \u00eatre adapt\u00e9 aux peaux sensibles. Un test \u00e9picutan\u00e9 peut \u00eatre effectu\u00e9 au pr\u00e9alable.<\/p>\n<\/details>\n<details id=\"e-n-accordion-item-2341\">\n<summary tabindex=\"-1\" data-accordion-index=\"2\" aria-expanded=\"false\" aria-controls=\"e-n-accordion-item-2341\">Combien de s\u00e9ances sont n\u00e9cessaires pour obtenir des r\u00e9sultats visibles ?<\/p>\n<\/summary>\n<p>La m\u00e9soth\u00e9rapie n\u00e9cessite g\u00e9n\u00e9ralement 4 \u00e0 6 s\u00e9ances pour obtenir une am\u00e9lioration notable, tandis que le PRP peut donner des r\u00e9sultats apr\u00e8s 3 \u00e0 4 s\u00e9ances. Le nombre de traitements d\u00e9pend de la gravit\u00e9 de l\u2019affection.<\/p>\n<\/details>\n<details id=\"e-n-accordion-item-2342\">\n<summary tabindex=\"-1\" data-accordion-index=\"3\" aria-expanded=\"false\" aria-controls=\"e-n-accordion-item-2342\">La PRP convient-elle \u00e0 tout le monde ?<\/p>\n<\/summary>\n<p>Le PRP est tr\u00e8s efficace mais peut donner des r\u00e9sultats variables en fonction de facteurs tels que l\u2019\u00e2ge, l\u2019\u00e9tat de sant\u00e9 g\u00e9n\u00e9ral et la gravit\u00e9 de l\u2019affection trait\u00e9e.<\/p>\n<\/details>\n<details id=\"e-n-accordion-item-2343\">\n<summary tabindex=\"-1\" data-accordion-index=\"4\" aria-expanded=\"false\" aria-controls=\"e-n-accordion-item-2343\">Lequel est le plus rentable ?<\/p>\n<\/summary>\n<p>La m\u00e9soth\u00e9rapie est g\u00e9n\u00e9ralement plus abordable que le PRP. Toutefois, le co\u00fbt varie en fonction du nombre de s\u00e9ances n\u00e9cessaires et de la zone trait\u00e9e.<\/p>\n<\/details>\n<details id=\"e-n-accordion-item-2344\">\n<summary tabindex=\"-1\" data-accordion-index=\"5\" aria-expanded=\"false\" aria-controls=\"e-n-accordion-item-2344\">Ces traitements peuvent-ils \u00eatre combin\u00e9s ?<\/p>\n<\/summary>\n<p>Oui, de nombreux dermatologues recommandent de combiner la m\u00e9soth\u00e9rapie et le PRP pour obtenir de meilleurs r\u00e9sultats, en particulier pour la restauration des cheveux.<\/p>\n<\/details>\n<details id=\"e-n-accordion-item-2345\">\n<summary tabindex=\"-1\" data-accordion-index=\"6\" aria-expanded=\"false\" aria-controls=\"e-n-accordion-item-2345\">Quel traitement permet une gu\u00e9rison plus rapide ?<\/p>\n<\/summary>\n<p>Les deux traitements n\u00e9cessitent un temps d\u2019arr\u00eat minimal, mais la m\u00e9soth\u00e9rapie entra\u00eene g\u00e9n\u00e9ralement moins de rougeurs et de gonflements que le PRP.<\/p>\n<\/details>\n<details id=\"e-n-accordion-item-2346\">\n<summary tabindex=\"-1\" data-accordion-index=\"7\" aria-expanded=\"false\" aria-controls=\"e-n-accordion-item-2346\">Ces traitements pr\u00e9viennent-ils le vieillissement ?<\/p>\n<\/summary>\n<p>Bien qu\u2019aucun des deux traitements ne puisse arr\u00eater le vieillissement, ils en minimisent efficacement les signes en am\u00e9liorant la production de collag\u00e8ne, la texture et l\u2019\u00e9lasticit\u00e9 de la peau.<\/p>\n<\/details>\n<p>Oui, la m\u00e9soth\u00e9rapie est g\u00e9n\u00e9ralement s\u00fbre et le cocktail de nutriments peut \u00eatre adapt\u00e9 aux peaux sensibles. Un test \u00e9picutan\u00e9 peut \u00eatre effectu\u00e9 au pr\u00e9alable.<\/p>\n<p>La m\u00e9soth\u00e9rapie n\u00e9cessite g\u00e9n\u00e9ralement 4 \u00e0 6 s\u00e9ances pour obtenir une am\u00e9lioration notable, tandis que le PRP peut donner des r\u00e9sultats apr\u00e8s 3 \u00e0 4 s\u00e9ances. Le nombre de traitements d\u00e9pend de la gravit\u00e9 de l&rsquo;affection.<\/p>\n<p>Le PRP est tr\u00e8s efficace mais peut donner des r\u00e9sultats variables en fonction de facteurs tels que l&rsquo;\u00e2ge, l&rsquo;\u00e9tat de sant\u00e9 g\u00e9n\u00e9ral et la gravit\u00e9 de l&rsquo;affection trait\u00e9e.<\/p>\n<p>La m\u00e9soth\u00e9rapie est g\u00e9n\u00e9ralement plus abordable que le PRP. Toutefois, le co\u00fbt varie en fonction du nombre de s\u00e9ances n\u00e9cessaires et de la zone trait\u00e9e.<\/p>\n<p>Oui, de nombreux dermatologues recommandent de combiner la m\u00e9soth\u00e9rapie et le PRP pour obtenir de meilleurs r\u00e9sultats, en particulier pour la restauration des cheveux.<\/p>\n<p>Les deux traitements n\u00e9cessitent un temps d&rsquo;arr\u00eat minimal, mais la m\u00e9soth\u00e9rapie entra\u00eene g\u00e9n\u00e9ralement moins de rougeurs et de gonflements que le PRP.<\/p>\n<p>Bien qu&rsquo;aucun des deux traitements ne puisse arr\u00eater le vieillissement, ils en minimisent efficacement les signes en am\u00e9liorant la production de collag\u00e8ne, la texture et l&rsquo;\u00e9lasticit\u00e9 de la peau.<\/p>\n","protected":false},"excerpt":{"rendered":"<p>M\u00e9soth\u00e9rapie ou PRP : quel est le meilleur traitement pour vous ? Table des mati\u00e8res La m\u00e9soth\u00e9rapie et le plasma riche en plaquettes (PRP) sont deux traitements cosm\u00e9tiques largement utilis\u00e9s pour le rajeunissement de la peau et la restauration capillaire. La m\u00e9soth\u00e9rapie consiste \u00e0 injecter dans la peau un m\u00e9lange personnalis\u00e9 de vitamines, de min\u00e9raux [&hellip;]<\/p>\n","protected":false},"author":6,"featured_media":0,"parent":0,"menu_order":0,"comment_status":"closed","ping_status":"closed","template":"","meta":{"footnotes":""},"class_list":["post-25977","page","type-page","status-publish","hentry"],"_links":{"self":[{"href":"https:\/\/drterziler.com\/fr\/wp-json\/wp\/v2\/pages\/25977","targetHints":{"allow":["GET"]}}],"collection":[{"href":"https:\/\/drterziler.com\/fr\/wp-json\/wp\/v2\/pages"}],"about":[{"href":"https:\/\/drterziler.com\/fr\/wp-json\/wp\/v2\/types\/page"}],"author":[{"embeddable":true,"href":"https:\/\/drterziler.com\/fr\/wp-json\/wp\/v2\/users\/6"}],"replies":[{"embeddable":true,"href":"https:\/\/drterziler.com\/fr\/wp-json\/wp\/v2\/comments?post=25977"}],"version-history":[{"count":6,"href":"https:\/\/drterziler.com\/fr\/wp-json\/wp\/v2\/pages\/25977\/revisions"}],"predecessor-version":[{"id":45373,"href":"https:\/\/drterziler.com\/fr\/wp-json\/wp\/v2\/pages\/25977\/revisions\/45373"}],"wp:attachment":[{"href":"https:\/\/drterziler.com\/fr\/wp-json\/wp\/v2\/media?parent=25977"}],"curies":[{"name":"wp","href":"https:\/\/api.w.org\/{rel}","templated":true}]}}