{"id":25979,"date":"2025-01-22T14:28:58","date_gmt":"2025-01-22T14:28:58","guid":{"rendered":"https:\/\/drterziler.com\/avantages-pour-l-hyperpigmentation\/"},"modified":"2025-06-16T10:45:48","modified_gmt":"2025-06-16T10:45:48","slug":"avantages-pour-l-hyperpigmentation","status":"publish","type":"page","link":"https:\/\/drterziler.com\/fr\/esthetique-medicale\/soins-du-visage\/mesotherapie\/traitement-localise\/avantages-pour-l-hyperpigmentation\/","title":{"rendered":"Les 6 meilleures raisons d&rsquo;essayer les traitements ponctuels contre l&rsquo;hyperpigmentation"},"content":{"rendered":"<nav aria-label=\"breadcrumbs\" class=\"rank-math-breadcrumb\"><p><span class=\"last\">Dr. Terziler<\/span><\/p><\/nav>\n<h4>\n\t\t\t\tTable des mati\u00e8res\t\t\t<\/h4>\n<p>\t\t\t\t\t\t\t<svg aria-hidden=\"true\" viewBox=\"0 0 448 512\" xmlns=\"http:\/\/www.w3.org\/2000\/svg\"><path d=\"M207.029 381.476L12.686 187.132c-9.373-9.373-9.373-24.569 0-33.941l22.667-22.667c9.357-9.357 24.522-9.375 33.901-.04L224 284.505l154.745-154.021c9.379-9.335 24.544-9.317 33.901.04l22.667 22.667c9.373 9.373 9.373 24.569 0 33.941L240.971 381.476c-9.373 9.372-24.569 9.372-33.942 0z\"><\/path><\/svg><br \/>\n\t\t\t\t<svg aria-hidden=\"true\" viewBox=\"0 0 448 512\" xmlns=\"http:\/\/www.w3.org\/2000\/svg\"><path d=\"M240.971 130.524l194.343 194.343c9.373 9.373 9.373 24.569 0 33.941l-22.667 22.667c-9.357 9.357-24.522 9.375-33.901.04L224 227.495 69.255 381.516c-9.379 9.335-24.544 9.317-33.901-.04l-22.667-22.667c-9.373-9.373-9.373-24.569 0-33.941L207.03 130.525c9.372-9.373 24.568-9.373 33.941-.001z\"><\/path><\/svg><br \/>\n\t\t\t\t<svg aria-hidden=\"true\" viewBox=\"0 0 1000 1000\" xmlns=\"http:\/\/www.w3.org\/2000\/svg\"><path d=\"M500 975V858C696 858 858 696 858 500S696 142 500 142 142 304 142 500H25C25 237 238 25 500 25S975 237 975 500 763 975 500 975Z\"><\/path><\/svg><br \/>\n\t\t\t\t\t\t\t\t\t\t\t\t\t\t\t\t\t\t\t\t\t\t<img loading=\"lazy\" decoding=\"async\" width=\"883\" height=\"566\" src=\"https:\/\/drterziler.com\/wp-content\/uploads\/2025\/01\/spot-treatments-hyperpigmentation.png\" alt=\"\" srcset=\"https:\/\/drterziler.com\/wp-content\/uploads\/2025\/01\/spot-treatments-hyperpigmentation.png 883w, https:\/\/drterziler.com\/wp-content\/uploads\/2025\/01\/spot-treatments-hyperpigmentation-300x192.png 300w, https:\/\/drterziler.com\/wp-content\/uploads\/2025\/01\/spot-treatments-hyperpigmentation-768x492.png 768w\" sizes=\"auto, (max-width: 883px) 100vw, 883px\">\t\t\t\t\t\t\t\t\t\t\t\t\t<\/p>\n<p>Les traitements localis\u00e9s de l&rsquo;hyperpigmentation sont des solutions de soins cibl\u00e9s con\u00e7ues pour r\u00e9duire les taches brunes, le teint irr\u00e9gulier et la d\u00e9coloration caus\u00e9s par des facteurs tels que les dommages caus\u00e9s par le soleil, les changements hormonaux ou les cicatrices d&rsquo;acn\u00e9. Ces traitements contiennent souvent des ingr\u00e9dients actifs tels que la vitamine C, la niacinamide, les r\u00e9tino\u00efdes ou l&rsquo;hydroquinone, qui \u00e9claircissent les zones affect\u00e9es et redonnent un teint plus uniforme. L&rsquo;hyperpigmentation peut \u00eatre un probl\u00e8me persistant, mais les traitements localis\u00e9s constituent un moyen cibl\u00e9 et efficace de traiter des zones probl\u00e9matiques sp\u00e9cifiques, d&rsquo;am\u00e9liorer l&rsquo;apparence g\u00e9n\u00e9rale de la peau et de renforcer la confiance en soi.<\/p>\n<h2>1. Efficacit\u00e9 dans la r\u00e9duction des taches brunes<\/h2>\n<p>Les traitements localis\u00e9s sont formul\u00e9s pour cibler directement la surproduction de m\u00e9lanine dans les taches brunes, ce qui les rend tr\u00e8s efficaces pour les d\u00e9colorations localis\u00e9es. Ils sont con\u00e7us pour p\u00e9n\u00e9trer profond\u00e9ment dans la peau, d\u00e9composer l&rsquo;exc\u00e8s de pigment et emp\u00eacher son accumulation ult\u00e9rieure. Cette sp\u00e9cificit\u00e9 permet d&rsquo;obtenir des r\u00e9sultats plus rapides et plus visibles que les produits de soins g\u00e9n\u00e9raux.<\/p>\n<h2>2. Application s\u00fbre et cibl\u00e9e<\/h2>\n<p>Contrairement aux traitements pour l&rsquo;ensemble du visage, les traitements localis\u00e9s vous permettent de concentrer les ingr\u00e9dients actifs sur des zones sp\u00e9cifiques sans exposer l&rsquo;ensemble du visage \u00e0 des substances potentiellement irritantes. Cette approche cibl\u00e9e r\u00e9duit le risque d&rsquo;effets secondaires tels que rougeurs ou sensibilit\u00e9, ce qui les rend adapt\u00e9s aux personnes ayant une peau sensible ou mixte.<\/p>\n<h2>3. Convient \u00e0 tous les types et tons de peau<\/h2>\n<p>L&rsquo;hyperpigmentation affecte des personnes ayant diff\u00e9rents types et tons de peau. Les traitements localis\u00e9s sont souvent formul\u00e9s pour r\u00e9pondre aux besoins d&rsquo;un large \u00e9ventail d&rsquo;utilisateurs, garantissant des r\u00e9sultats efficaces quel que soit le type de pigmentation. Leur compatibilit\u00e9 avec les diff\u00e9rents besoins de la peau en fait une solution accessible et pratique pour tous.<\/p>\n<h2>4. Am\u00e9lioration de l&rsquo;\u00e9clat g\u00e9n\u00e9ral de la peau<\/h2>\n<p>En r\u00e9duisant les taches brunes et en favorisant un teint plus uniforme, les traitements cibl\u00e9s contribuent \u00e0 un teint \u00e9clatant. Leurs ingr\u00e9dients actifs ne se contentent pas de traiter les d\u00e9colorations, ils contiennent souvent des antioxydants et des compos\u00e9s hydratants qui am\u00e9liorent la texture et l&rsquo;\u00e9clat de la peau.<\/p>\n<h2>5. Pratiques et faciles \u00e0 utiliser<\/h2>\n<p>Les traitements cibl\u00e9s sont g\u00e9n\u00e9ralement disponibles sous forme de s\u00e9rums, de cr\u00e8mes ou de gels compacts et portables, ce qui les rend pratiques pour un usage quotidien. Ils s&rsquo;int\u00e8grent parfaitement \u00e0 tout rituel de soin, ne n\u00e9cessitent que quelques minutes d&rsquo;application et peuvent \u00eatre facilement emport\u00e9s en voyage.<\/p>\n<h2>6. Avantages pr\u00e9ventifs contre les futures d\u00e9colorations<\/h2>\n<p>De nombreux traitements localis\u00e9s sont enrichis d&rsquo;ingr\u00e9dients de protection solaire ou de renforcement de la peau qui aident \u00e0 pr\u00e9venir la formation de nouvelles pigmentations. L&rsquo;utilisation r\u00e9guli\u00e8re de ces traitements cr\u00e9e une barri\u00e8re protectrice contre les dommages environnementaux, assurant une peau saine et un teint uniforme \u00e0 long terme.<\/p>\n<details id=\"e-n-accordion-item-2340\" open>\n<summary data-accordion-index=\"1\" tabindex=\"0\" aria-expanded=\"true\" aria-controls=\"e-n-accordion-item-2340\" >\n\t\t\t\t\t Quelles sont les causes de l&rsquo;hyperpigmentation ?<br \/>\n\t\t\t<svg aria-hidden=\"true\" viewBox=\"0 0 448 512\" xmlns=\"http:\/\/www.w3.org\/2000\/svg\"><path d=\"M416 208H32c-17.67 0-32 14.33-32 32v32c0 17.67 14.33 32 32 32h384c17.67 0 32-14.33 32-32v-32c0-17.67-14.33-32-32-32z\"><\/path><\/svg><br \/>\n\t\t\t<svg aria-hidden=\"true\" viewBox=\"0 0 448 512\" xmlns=\"http:\/\/www.w3.org\/2000\/svg\"><path d=\"M416 208H272V64c0-17.67-14.33-32-32-32h-32c-17.67 0-32 14.33-32 32v144H32c-17.67 0-32 14.33-32 32v32c0 17.67 14.33 32 32 32h144v144c0 17.67 14.33 32 32 32h32c17.67 0 32-14.33 32-32V304h144c17.67 0 32-14.33 32-32v-32c0-17.67-14.33-32-32-32z\"><\/path><\/svg><br \/>\n\t\t\t\t\t\t<\/summary>\n<p>L&#8217;hyperpigmentation est principalement caus\u00e9e par l&#8217;exposition au soleil, les changements hormonaux et les r\u00e9actions post-inflammatoires, telles que l&#8217;acn\u00e9. Elle se produit lorsqu&#8217;un exc\u00e8s de m\u00e9lanine est produit dans certaines zones de la peau.<\/p>\n<\/details>\n<details id=\"e-n-accordion-item-2341\" >\n<summary data-accordion-index=\"2\" tabindex=\"-1\" aria-expanded=\"false\" aria-controls=\"e-n-accordion-item-2341\" >\n\t\t\t\t\t Combien de temps faut-il pour que les traitements localis\u00e9s agissent ?<br \/>\n\t\t\t<svg aria-hidden=\"true\" viewBox=\"0 0 448 512\" xmlns=\"http:\/\/www.w3.org\/2000\/svg\"><path d=\"M416 208H32c-17.67 0-32 14.33-32 32v32c0 17.67 14.33 32 32 32h384c17.67 0 32-14.33 32-32v-32c0-17.67-14.33-32-32-32z\"><\/path><\/svg><br \/>\n\t\t\t<svg aria-hidden=\"true\" viewBox=\"0 0 448 512\" xmlns=\"http:\/\/www.w3.org\/2000\/svg\"><path d=\"M416 208H272V64c0-17.67-14.33-32-32-32h-32c-17.67 0-32 14.33-32 32v144H32c-17.67 0-32 14.33-32 32v32c0 17.67 14.33 32 32 32h144v144c0 17.67 14.33 32 32 32h32c17.67 0 32-14.33 32-32V304h144c17.67 0 32-14.33 32-32v-32c0-17.67-14.33-32-32-32z\"><\/path><\/svg><br \/>\n\t\t\t\t\t\t<\/summary>\n<p>Les r\u00e9sultats varient en fonction du produit et du type de peau mais sont souvent visibles au bout de 4 \u00e0 6 semaines avec une utilisation r\u00e9guli\u00e8re. Une application r\u00e9guli\u00e8re est essentielle pour obtenir des am\u00e9liorations notables.<\/p>\n<\/details>\n<details id=\"e-n-accordion-item-2342\" >\n<summary data-accordion-index=\"3\" tabindex=\"-1\" aria-expanded=\"false\" aria-controls=\"e-n-accordion-item-2342\" >\n\t\t\t\t\t Les traitements ponctuels sont-ils sans danger pour les peaux sensibles ?<br \/>\n\t\t\t<svg aria-hidden=\"true\" viewBox=\"0 0 448 512\" xmlns=\"http:\/\/www.w3.org\/2000\/svg\"><path d=\"M416 208H32c-17.67 0-32 14.33-32 32v32c0 17.67 14.33 32 32 32h384c17.67 0 32-14.33 32-32v-32c0-17.67-14.33-32-32-32z\"><\/path><\/svg><br \/>\n\t\t\t<svg aria-hidden=\"true\" viewBox=\"0 0 448 512\" xmlns=\"http:\/\/www.w3.org\/2000\/svg\"><path d=\"M416 208H272V64c0-17.67-14.33-32-32-32h-32c-17.67 0-32 14.33-32 32v144H32c-17.67 0-32 14.33-32 32v32c0 17.67 14.33 32 32 32h144v144c0 17.67 14.33 32 32 32h32c17.67 0 32-14.33 32-32V304h144c17.67 0 32-14.33 32-32v-32c0-17.67-14.33-32-32-32z\"><\/path><\/svg><br \/>\n\t\t\t\t\t\t<\/summary>\n<p>De nombreuses formules sont con\u00e7ues pour les peaux sensibles, mais il est essentiel de choisir des produits exempts de substances chimiques agressives et de commencer par un test \u00e9picutan\u00e9 pour s&#8217;assurer de leur compatibilit\u00e9.<\/p>\n<\/details>\n<details id=\"e-n-accordion-item-2343\" >\n<summary data-accordion-index=\"4\" tabindex=\"-1\" aria-expanded=\"false\" aria-controls=\"e-n-accordion-item-2343\" >\n\t\t\t\t\t Les traitements naturels contre les taches sont-ils efficaces ?<br \/>\n\t\t\t<svg aria-hidden=\"true\" viewBox=\"0 0 448 512\" xmlns=\"http:\/\/www.w3.org\/2000\/svg\"><path d=\"M416 208H32c-17.67 0-32 14.33-32 32v32c0 17.67 14.33 32 32 32h384c17.67 0 32-14.33 32-32v-32c0-17.67-14.33-32-32-32z\"><\/path><\/svg><br \/>\n\t\t\t<svg aria-hidden=\"true\" viewBox=\"0 0 448 512\" xmlns=\"http:\/\/www.w3.org\/2000\/svg\"><path d=\"M416 208H272V64c0-17.67-14.33-32-32-32h-32c-17.67 0-32 14.33-32 32v144H32c-17.67 0-32 14.33-32 32v32c0 17.67 14.33 32 32 32h144v144c0 17.67 14.33 32 32 32h32c17.67 0 32-14.33 32-32V304h144c17.67 0 32-14.33 32-32v-32c0-17.67-14.33-32-32-32z\"><\/path><\/svg><br \/>\n\t\t\t\t\t\t<\/summary>\n<p>Les ingr\u00e9dients naturels tels que la racine de r\u00e9glisse, la vitamine C et l&#8217;aloe vera peuvent \u00eatre efficaces, bien qu&#8217;il faille plus de temps pour obtenir des r\u00e9sultats que les formulations cliniques.<\/p>\n<\/details>\n<details id=\"e-n-accordion-item-2344\" >\n<summary data-accordion-index=\"5\" tabindex=\"-1\" aria-expanded=\"false\" aria-controls=\"e-n-accordion-item-2344\" >\n\t\t\t\t\t Les traitements ponctuels sont-ils efficaces sur les cicatrices d&rsquo;acn\u00e9 ?<br \/>\n\t\t\t<svg aria-hidden=\"true\" viewBox=\"0 0 448 512\" xmlns=\"http:\/\/www.w3.org\/2000\/svg\"><path d=\"M416 208H32c-17.67 0-32 14.33-32 32v32c0 17.67 14.33 32 32 32h384c17.67 0 32-14.33 32-32v-32c0-17.67-14.33-32-32-32z\"><\/path><\/svg><br \/>\n\t\t\t<svg aria-hidden=\"true\" viewBox=\"0 0 448 512\" xmlns=\"http:\/\/www.w3.org\/2000\/svg\"><path d=\"M416 208H272V64c0-17.67-14.33-32-32-32h-32c-17.67 0-32 14.33-32 32v144H32c-17.67 0-32 14.33-32 32v32c0 17.67 14.33 32 32 32h144v144c0 17.67 14.33 32 32 32h32c17.67 0 32-14.33 32-32V304h144c17.67 0 32-14.33 32-32v-32c0-17.67-14.33-32-32-32z\"><\/path><\/svg><br \/>\n\t\t\t\t\t\t<\/summary>\n<p>Oui, de nombreux traitements ponctuels sont efficaces pour estomper les marques post-acn\u00e9iques en favorisant la r\u00e9g\u00e9n\u00e9ration de la peau et en r\u00e9duisant la pigmentation.<\/p>\n<\/details>\n<details id=\"e-n-accordion-item-2345\" >\n<summary data-accordion-index=\"6\" tabindex=\"-1\" aria-expanded=\"false\" aria-controls=\"e-n-accordion-item-2345\" >\n\t\t\t\t\t Les traitements ponctuels peuvent-ils pr\u00e9venir une future hyperpigmentation ?<br \/>\n\t\t\t<svg aria-hidden=\"true\" viewBox=\"0 0 448 512\" xmlns=\"http:\/\/www.w3.org\/2000\/svg\"><path d=\"M416 208H32c-17.67 0-32 14.33-32 32v32c0 17.67 14.33 32 32 32h384c17.67 0 32-14.33 32-32v-32c0-17.67-14.33-32-32-32z\"><\/path><\/svg><br \/>\n\t\t\t<svg aria-hidden=\"true\" viewBox=\"0 0 448 512\" xmlns=\"http:\/\/www.w3.org\/2000\/svg\"><path d=\"M416 208H272V64c0-17.67-14.33-32-32-32h-32c-17.67 0-32 14.33-32 32v144H32c-17.67 0-32 14.33-32 32v32c0 17.67 14.33 32 32 32h144v144c0 17.67 14.33 32 32 32h32c17.67 0 32-14.33 32-32V304h144c17.67 0 32-14.33 32-32v-32c0-17.67-14.33-32-32-32z\"><\/path><\/svg><br \/>\n\t\t\t\t\t\t<\/summary>\n<p>Certaines formulations contiennent des ingr\u00e9dients pr\u00e9ventifs, tels que des antioxydants et un SPF, afin de prot\u00e9ger la peau d&#8217;une d\u00e9coloration ult\u00e9rieure.<\/p>\n<\/details>\n<details id=\"e-n-accordion-item-2346\" >\n<summary data-accordion-index=\"7\" tabindex=\"-1\" aria-expanded=\"false\" aria-controls=\"e-n-accordion-item-2346\" >\n\t\t\t\t\t Puis-je utiliser des traitements localis\u00e9s pendant la grossesse ?<br \/>\n\t\t\t<svg aria-hidden=\"true\" viewBox=\"0 0 448 512\" xmlns=\"http:\/\/www.w3.org\/2000\/svg\"><path d=\"M416 208H32c-17.67 0-32 14.33-32 32v32c0 17.67 14.33 32 32 32h384c17.67 0 32-14.33 32-32v-32c0-17.67-14.33-32-32-32z\"><\/path><\/svg><br \/>\n\t\t\t<svg aria-hidden=\"true\" viewBox=\"0 0 448 512\" xmlns=\"http:\/\/www.w3.org\/2000\/svg\"><path d=\"M416 208H272V64c0-17.67-14.33-32-32-32h-32c-17.67 0-32 14.33-32 32v144H32c-17.67 0-32 14.33-32 32v32c0 17.67 14.33 32 32 32h144v144c0 17.67 14.33 32 32 32h32c17.67 0 32-14.33 32-32V304h144c17.67 0 32-14.33 32-32v-32c0-17.67-14.33-32-32-32z\"><\/path><\/svg><br \/>\n\t\t\t\t\t\t<\/summary>\n<p>Certains principes actifs, comme l&#8217;hydroquinone, doivent \u00eatre \u00e9vit\u00e9s pendant la grossesse. Consultez un dermatologue pour choisir des options s\u00fbres pour la grossesse.<\/p>\n<\/details>\n<p>L&rsquo;hyperpigmentation est principalement caus\u00e9e par l&rsquo;exposition au soleil, les changements hormonaux et les r\u00e9actions post-inflammatoires, telles que l&rsquo;acn\u00e9. Elle se produit lorsqu&rsquo;un exc\u00e8s de m\u00e9lanine est produit dans certaines zones de la peau.<\/p>\n<p>Les r\u00e9sultats varient en fonction du produit et du type de peau mais sont souvent visibles au bout de 4 \u00e0 6 semaines avec une utilisation r\u00e9guli\u00e8re. Une application r\u00e9guli\u00e8re est essentielle pour obtenir des am\u00e9liorations notables.<\/p>\n<p>De nombreuses formules sont con\u00e7ues pour les peaux sensibles, mais il est essentiel de choisir des produits exempts de substances chimiques agressives et de commencer par un test \u00e9picutan\u00e9 pour s&rsquo;assurer de leur compatibilit\u00e9.<\/p>\n<p>Les ingr\u00e9dients naturels tels que la racine de r\u00e9glisse, la vitamine C et l&rsquo;aloe vera peuvent \u00eatre efficaces, bien qu&rsquo;il faille plus de temps pour obtenir des r\u00e9sultats que les formulations cliniques.<\/p>\n<p>Oui, de nombreux traitements ponctuels sont efficaces pour estomper les marques post-acn\u00e9iques en favorisant la r\u00e9g\u00e9n\u00e9ration de la peau et en r\u00e9duisant la pigmentation.<\/p>\n<p>Certaines formulations contiennent des ingr\u00e9dients pr\u00e9ventifs, tels que des antioxydants et un SPF, afin de prot\u00e9ger la peau d&rsquo;une d\u00e9coloration ult\u00e9rieure.<\/p>\n<p>Certains principes actifs, comme l&rsquo;hydroquinone, doivent \u00eatre \u00e9vit\u00e9s pendant la grossesse. Consultez un dermatologue pour choisir des options s\u00fbres pour la grossesse.<\/p>\n","protected":false},"excerpt":{"rendered":"<p>Table des mati\u00e8res Les traitements localis\u00e9s de l&rsquo;hyperpigmentation sont des solutions de soins cibl\u00e9s con\u00e7ues pour r\u00e9duire les taches brunes, le teint irr\u00e9gulier et la d\u00e9coloration caus\u00e9s par des facteurs tels que les dommages caus\u00e9s par le soleil, les changements hormonaux ou les cicatrices d&rsquo;acn\u00e9. Ces traitements contiennent souvent des ingr\u00e9dients actifs tels que la [&hellip;]<\/p>\n","protected":false},"author":6,"featured_media":0,"parent":3247,"menu_order":0,"comment_status":"closed","ping_status":"closed","template":"","meta":{"footnotes":""},"class_list":["post-25979","page","type-page","status-publish","hentry"],"_links":{"self":[{"href":"https:\/\/drterziler.com\/fr\/wp-json\/wp\/v2\/pages\/25979","targetHints":{"allow":["GET"]}}],"collection":[{"href":"https:\/\/drterziler.com\/fr\/wp-json\/wp\/v2\/pages"}],"about":[{"href":"https:\/\/drterziler.com\/fr\/wp-json\/wp\/v2\/types\/page"}],"author":[{"embeddable":true,"href":"https:\/\/drterziler.com\/fr\/wp-json\/wp\/v2\/users\/6"}],"replies":[{"embeddable":true,"href":"https:\/\/drterziler.com\/fr\/wp-json\/wp\/v2\/comments?post=25979"}],"version-history":[{"count":5,"href":"https:\/\/drterziler.com\/fr\/wp-json\/wp\/v2\/pages\/25979\/revisions"}],"predecessor-version":[{"id":44123,"href":"https:\/\/drterziler.com\/fr\/wp-json\/wp\/v2\/pages\/25979\/revisions\/44123"}],"up":[{"embeddable":true,"href":"https:\/\/drterziler.com\/fr\/wp-json\/wp\/v2\/pages\/3247"}],"wp:attachment":[{"href":"https:\/\/drterziler.com\/fr\/wp-json\/wp\/v2\/media?parent=25979"}],"curies":[{"name":"wp","href":"https:\/\/api.w.org\/{rel}","templated":true}]}}