{"id":2686,"date":"2024-08-12T17:11:21","date_gmt":"2024-08-12T17:11:21","guid":{"rendered":"https:\/\/drterziler.com\/dr-servet-terziler\/"},"modified":"2026-03-06T23:52:58","modified_gmt":"2026-03-06T23:52:58","slug":"dr-servet-terziler","status":"publish","type":"page","link":"https:\/\/drterziler.com\/fr\/dr-servet-terziler\/","title":{"rendered":"Dr. Servet Terziler"},"content":{"rendered":"<div class=\"page-content\">\n<div id=\"header-area\">\n<div class=\"container\" id=\"firstContent\">\n<div class=\"header-content d-flex flex-column\">\n<h1 class=\"content-title h1-header\">Dr. Servet Terziler<\/h1>\n<div class=\"content-paragraph\">\n<p class=\"p-text\">\n<\/p><\/div>\n<nav aria-label=\"breadcrumb\" class=\"breadcrumbs\">\n<ul class=\"d-flex align-items-center mb-0\">\n<li><a class=\"link\" href=\"https:\/\/drterziler.com\/fr\/\"><span>Dr. Terziler Exclusive Clinic<\/span><\/a><\/li>\n<li class=\"separator\">\u00bb<\/li>\n<li class=\"current-page\"><span>Dr. Servet Terziler<\/span><\/li>\n<\/ul>\n<\/nav><\/div>\n<\/p><\/div>\n<\/p><\/div>\n<\/div>\n<section id=\"content-area\">\n<div class=\"container g-0 w-100\">\n<div class=\"col-lg-12 col-12 tour-video\">\n<div class=\"video-wrapper\">\n                <iframe\n                data-src=\"https:\/\/www.youtube-nocookie.com\/embed\/Z1pQZbFH3BA\"\n                frameborder=\"0\"\n                allow=\"encrypted-media; picture-in-picture\"\n                allowfullscreen><br \/>\n                <\/iframe>\n            <\/div>\n<\/p><\/div>\n<\/p><\/div>\n<div class=\"container\">\n<div>\n<div>\n<h2 class=\"h2-header\"><\/h2>\n<\/p><\/div>\n<div>\n<p class=\"p-text\">Avec 35 ans d&rsquo;exp\u00e9rience et des milliers d&rsquo;op\u00e9rations r\u00e9ussies, le Dr Terziler \u2014 connu sous le nom de \u00ab Picasso du cheveu \u00bb \u2014 propose des solutions esth\u00e9tiques naturelles et permanentes \u00e0 des invit\u00e9s venus du monde entier. Gr\u00e2ce \u00e0 ses exp\u00e9riences de conf\u00e9rencier en Europe et aux \u00c9tats-Unis et \u00e0 ses travaux innovants, Terziler a introduit le premier robot de greffe de cheveux en Turquie et est \u00e9galement le seul m\u00e9decin au monde \u00e0 utiliser le stylo \u00e0 pointe saphir le plus fin.<\/p>\n<\/p><\/div>\n<\/p><\/div>\n<div>\n<div>\n<p class=\"p-text\">Des traitements r\u00e9g\u00e9n\u00e9ratifs soutenus par des cellules souches aux applications andrologiques, la Dr. Terziler Exclusive Clinic d\u00e9veloppe des solutions de nouvelle g\u00e9n\u00e9ration et vous invite \u00e0 une exp\u00e9rience 100 % personnalis\u00e9e o\u00f9 l&rsquo;art rencontre la science. Derri\u00e8re cette carri\u00e8re impressionnante se cachent non seulement des connaissances, mais aussi une vision fa\u00e7onn\u00e9e par la pers\u00e9v\u00e9rance, un esprit qui tend vers la perfection et une passion sans fin pour l&rsquo;apprentissage.<\/p>\n<\/p><\/div>\n<\/p><\/div>\n<div>\n<div>\n<p class=\"p-text\">Le Dr Terziler est n\u00e9 \u00e0 Istanbul en 1968. D\u00e8s son plus jeune \u00e2ge, il s&rsquo;est distingu\u00e9 par son caract\u00e8re disciplin\u00e9, travailleur et d\u00e9termin\u00e9. Apr\u00e8s avoir \u00e9t\u00e9 major de sa promotion au lyc\u00e9e de gar\u00e7ons de Kabata\u015f \u2014 l&rsquo;une des \u00e9coles les plus prestigieuses de Turquie \u2014 il est entr\u00e9 \u00e0 la facult\u00e9 de m\u00e9decine de l&rsquo;universit\u00e9 d&rsquo;Istanbul avec un succ\u00e8s exceptionnel \u00e0 l&rsquo;examen national d&rsquo;entr\u00e9e \u00e0 l&rsquo;universit\u00e9. En 1991, il a obtenu son dipl\u00f4me avec mention, jetant ainsi les bases de ce qui allait devenir une carri\u00e8re internationalement reconnue. Apr\u00e8s l&rsquo;obtention de son dipl\u00f4me, il a rapidement commenc\u00e9 sa formation en greffe de cheveux, recevant une \u00e9ducation avanc\u00e9e dans les techniques de transplantation capillaire, la chirurgie capillaire robotis\u00e9e et les traitements capillaires avanc\u00e9s, tant en Turquie qu&rsquo;\u00e0 l&rsquo;\u00e9tranger. Ces efforts ont \u00e9t\u00e9 les premi\u00e8res \u00e9tapes de l&rsquo;\u00e9tablissement de centres de greffe de cheveux en Turquie et de la cr\u00e9ation d&rsquo;une nouvelle norme atteignant l&rsquo;excellence mondiale.<\/p>\n<\/p><\/div>\n<\/p><\/div>\n<div>\n<div>\n<p class=\"p-text\">Sa premi\u00e8re aventure dans la gestion des soins de sant\u00e9 a commenc\u00e9 en 1996 lorsqu&rsquo;il a r\u00e9uni 10 confr\u00e8res m\u00e9decins pour fonder le \u00ab Onur Medical Center \u00bb. Tout au long de sa carri\u00e8re, il a \u00e9galement travaill\u00e9 au \u00ab G\u00f6ztepe Marmara Medical Center \u00bb (2001), au \u00ab Bah\u00e7elievler Marmara Medical Center \u00bb (2002) et au \u00ab \u00dcmraniye Medical Center \u00bb (2003). En 2005, le titre de \u00ab M\u00e9decin en Esth\u00e9tique M\u00e9dicale \u00bb lui a \u00e9t\u00e9 accord\u00e9 par le minist\u00e8re turc de la Sant\u00e9. Entre 2004 et 2021, il a occup\u00e9 les fonctions de cofondateur et de pr\u00e9sident du conseil d&rsquo;administration de \u00ab Esteworld Health Group \u00bb, qui fournissait des services dans les domaines de la \u00ab greffe et des traitements capillaires \u00bb, de la \u00ab chirurgie plastique \u00bb, de l&rsquo;\u00ab esth\u00e9tique m\u00e9dicale \u00bb et de la \u00ab sant\u00e9 et esth\u00e9tique bucco-dentaire \u00bb.<\/p>\n<\/p><\/div>\n<\/p><\/div>\n<div>\n<div>\n<p class=\"p-text\">Aujourd&rsquo;hui, le Dr Terziler poursuit ses travaux sous l&rsquo;\u00e9gide de la Dr. Terziler Exclusive Clinic, situ\u00e9e dans le prestigieux quartier d&rsquo;Etiler \u00e0 Istanbul. La clinique propose des solutions de classe mondiale dans des domaines tels que la greffe et la restauration capillaire, la m\u00e9decine r\u00e9g\u00e9n\u00e9rative et la sant\u00e9 sexuelle, les traitements par cellules souches, les pratiques de long\u00e9vit\u00e9, la sant\u00e9 bucco-dentaire et l&rsquo;esth\u00e9tique m\u00e9dicale.<\/p>\n<\/p><\/div>\n<\/p><\/div>\n<div>\n<div>\n<p class=\"p-text\">La Dr. Terziler Exclusive Clinic offre une exp\u00e9rience de traitement de premier ordre gr\u00e2ce \u00e0 son robot de greffe de cheveux brevet\u00e9, son infrastructure technologique avanc\u00e9e, son certificat d&rsquo;accr\u00e9ditation internationale AACI et sa clinique moderne, qui a \u00e9t\u00e9 honor\u00e9e par les \u00ab European Property Awards \u00bb. De cette mani\u00e8re, la clinique offre chaque jour confiance, confort et des r\u00e9sultats permanents garantis \u00e0 des invit\u00e9s du monde entier, leur proposant l&rsquo;exp\u00e9rience de l&rsquo;excellence esth\u00e9tique.<\/p>\n<\/p><\/div>\n<\/p><\/div>\n<div>\n<div>\n<p class=\"p-text\">En plus de ses fonctions de pr\u00e9sident du conseil d&rsquo;administration de sa propre clinique, le Dr Terziler est le fondateur et pr\u00e9sident de la T\u00dcSATDER (Association internationale du tourisme m\u00e9dical). Ses chroniques \u00ab Good Living \u00bb ont \u00e9t\u00e9 publi\u00e9es dans le journal D\u00fcnya, et il continue de partager ses analyses dans la section sant\u00e9 du journal Sabah. Il est \u00e9galement l&rsquo;auteur du livre \u00ab La force vient de la faiblesse \u00bb (2016) et l&rsquo;heureux p\u00e8re d&rsquo;une fille.<\/p>\n<\/p><\/div>\n<\/p><\/div>\n<\/p><\/div>\n<\/section>\n","protected":false},"excerpt":{"rendered":"<p>Dr. Servet Terziler Dr. Terziler Exclusive Clinic \u00bb Dr. Servet Terziler Avec 35 ans d&rsquo;exp\u00e9rience et des milliers d&rsquo;op\u00e9rations r\u00e9ussies, le Dr Terziler \u2014 connu sous le nom de \u00ab Picasso du cheveu \u00bb \u2014 propose des solutions esth\u00e9tiques naturelles et permanentes \u00e0 des invit\u00e9s venus du monde entier. Gr\u00e2ce \u00e0 ses exp\u00e9riences de conf\u00e9rencier [&hellip;]<\/p>\n","protected":false},"author":6,"featured_media":0,"parent":0,"menu_order":0,"comment_status":"closed","ping_status":"closed","template":"","meta":{"footnotes":""},"class_list":["post-2686","page","type-page","status-publish","hentry"],"_links":{"self":[{"href":"https:\/\/drterziler.com\/fr\/wp-json\/wp\/v2\/pages\/2686","targetHints":{"allow":["GET"]}}],"collection":[{"href":"https:\/\/drterziler.com\/fr\/wp-json\/wp\/v2\/pages"}],"about":[{"href":"https:\/\/drterziler.com\/fr\/wp-json\/wp\/v2\/types\/page"}],"author":[{"embeddable":true,"href":"https:\/\/drterziler.com\/fr\/wp-json\/wp\/v2\/users\/6"}],"replies":[{"embeddable":true,"href":"https:\/\/drterziler.com\/fr\/wp-json\/wp\/v2\/comments?post=2686"}],"version-history":[{"count":20,"href":"https:\/\/drterziler.com\/fr\/wp-json\/wp\/v2\/pages\/2686\/revisions"}],"predecessor-version":[{"id":59913,"href":"https:\/\/drterziler.com\/fr\/wp-json\/wp\/v2\/pages\/2686\/revisions\/59913"}],"wp:attachment":[{"href":"https:\/\/drterziler.com\/fr\/wp-json\/wp\/v2\/media?parent=2686"}],"curies":[{"name":"wp","href":"https:\/\/api.w.org\/{rel}","templated":true}]}}