{"id":2704,"date":"2024-08-12T14:33:02","date_gmt":"2024-08-12T14:33:02","guid":{"rendered":"https:\/\/drterziler.com\/greffe-de-cheveux\/transplantation-de-cheveux-chez-la-femme\/"},"modified":"2026-05-11T13:03:16","modified_gmt":"2026-05-11T13:03:16","slug":"femmes","status":"publish","type":"page","link":"https:\/\/drterziler.com\/fr\/greffe-de-cheveux\/femmes\/","title":{"rendered":"Greffe de Cheveux pour Femmes"},"content":{"rendered":"<div class=\"page-content\">\n<div id=\"header-area\">\n<div class=\"container\" id=\"firstContent\">\n<div class=\"header-content d-flex flex-column\">\n<h1 class=\"content-title h1-header\">Greffe de Cheveux pour Femmes<\/h1>\n<div class=\"content-paragraph\">\n<p class=\"p-text\">La perte de cheveux chez les femmes est un probl\u00e8me esth\u00e9tique courant qui se produit en raison de divers facteurs internes et externes. La perte de cheveux chez la femme peut \u00eatre caus\u00e9e par une pr\u00e9disposition g\u00e9n\u00e9tique, des changements hormonaux, le stress, des carences nutritionnelles et des probl\u00e8mes de sant\u00e9. Un diagnostic pr\u00e9coce et l&rsquo;\u00e9valuation des options de traitement correctes sont n\u00e9cessaires pour r\u00e9duire les effets de la perte de cheveux chez les femmes et retrouver une chevelure saine.<\/p>\n<\/p><\/div>\n<nav aria-label=\"breadcrumb\" class=\"breadcrumbs\">\n<ul class=\"d-flex align-items-center mb-0\">\n<li><a class=\"link\" href=\"https:\/\/drterziler.com\/fr\/\"><span>Dr. Terziler Exclusive Clinic<\/span><\/a><\/li>\n<li class=\"separator\">\u00bb<\/li>\n<li><a class=\"link\" href=\"https:\/\/drterziler.com\/fr\/greffe-de-cheveux\/\"><span>Greffe de cheveux<\/span><\/a><\/li>\n<li class=\"separator\">\u00bb<\/li>\n<li class=\"current-page\"><span>Greffe de Cheveux pour Femmes<\/span><\/li>\n<\/ul>\n<\/nav><\/div>\n<\/p><\/div>\n<\/p><\/div>\n<\/div>\n<section id=\"content-area\">\n<div class=\"container my-5\">\n<div class=\"row align-items-start\">\n<div class=\"col-md-6 order-2 order-md-1\">\n<div class=\"custom-toc-box\">\n<div id=\"toc-header\">\n<h4>Table des mati\u00e8res<\/h4>\n<div class=\"toc-toggle-icon\"><\/div>\n<\/p><\/div>\n<div class=\"toc-full-divider\"><\/div>\n<div id=\"toc-body\">\n<div id=\"toc-container\"><\/div>\n<\/p><\/div>\n<\/p><\/div>\n<\/p><\/div>\n<div class=\"col-md-6 order-1 order-md-2\" id=\"jForm\">\n                <script type=\"text\/javascript\" src=\"https:\/\/form.jotform.com\/jsform\/242882407646969\"><\/script>\n            <\/div>\n<\/p><\/div>\n<\/p><\/div>\n<div class=\"container\">\n<div class=\"img-thumb\">\n            <img loading=\"lazy\" decoding=\"async\" width=\"1140\" height=\"641\" src=\"https:\/\/drterziler.com\/wp-content\/uploads\/2025\/04\/KADIN-EKIMrev.webp\" alt=\"Greffe de cheveux pour femmes en Turquie\" srcset=\"https:\/\/drterziler.com\/wp-content\/uploads\/2025\/04\/KADIN-EKIMrev.webp 1140w, https:\/\/drterziler.com\/wp-content\/uploads\/2025\/04\/KADIN-EKIMrev-300x169.webp 300w, https:\/\/drterziler.com\/wp-content\/uploads\/2025\/04\/KADIN-EKIMrev-1024x576.webp 1024w, https:\/\/drterziler.com\/wp-content\/uploads\/2025\/04\/KADIN-EKIMrev-768x432.webp 768w\" sizes=\"auto, (max-width: 1140px) 100vw, 1140px\" \/>\n        <\/div>\n<div>\n<div>\n<h2 class=\"h2-header\">Greffe de Cheveux pour Femmes en Turquie<\/h2>\n<\/p><\/div>\n<div>\n<p class=\"p-text\">La greffe de cheveux pour femmes en Turquie est une proc\u00e9dure sp\u00e9cialis\u00e9e visant \u00e0 restaurer la densit\u00e9 capillaire tout en pr\u00e9servant la ligne naturelle des cheveux et l&rsquo;esth\u00e9tique f\u00e9minine. Contrairement aux greffes masculines, la greffe de cheveux pour femmes n\u00e9cessite une approche d\u00e9licate en raison des diff\u00e9rences dans les types de perte de cheveux et les caract\u00e9ristiques du cuir chevelu.<\/p>\n<p class=\"p-text\">Les femmes subissent g\u00e9n\u00e9ralement un \u00e9claircissement diffus plut\u00f4t qu&rsquo;une calvitie compl\u00e8te, ce qui rend la proc\u00e9dure plus complexe. Les chirurgiens analysent minutieusement les zones donneuse et receveuse pour garantir une r\u00e9partition homog\u00e8ne et une int\u00e9gration parfaite avec les cheveux existants.<\/p>\n<p class=\"p-text\">La proc\u00e9dure utilise g\u00e9n\u00e9ralement la technique DHI avanc\u00e9e, permettant une extraction et une implantation pr\u00e9cises sans cicatrices visibles. Contrairement aux m\u00e9thodes traditionnelles, la greffe chez les femmes est g\u00e9n\u00e9ralement r\u00e9alis\u00e9e sans rasage complet du cuir chevelu, ce qui assure une r\u00e9cup\u00e9ration discr\u00e8te.<\/p>\n<p class=\"p-text\">Cette approche permet de conserver la coiffure naturelle pendant la phase de croissance des nouveaux cheveux. L&rsquo;\u00e9tape d\u2019implantation est essentielle, car le chirurgien doit respecter la direction naturelle et la densit\u00e9 typique des cheveux f\u00e9minins.<\/p>\n<p class=\"p-text\">Une angulation pr\u00e9cise de chaque follicule permet d\u2019obtenir un r\u00e9sultat harmonieux avec les cheveux existants et une augmentation significative du volume. Chaque proc\u00e9dure est adapt\u00e9e aux besoins sp\u00e9cifiques de la patiente, offrant une solution sur mesure contre la perte ou le recul capillaire.<\/p>\n<p class=\"p-text\">Le processus de r\u00e9cup\u00e9ration apr\u00e8s une greffe capillaire pour femme est g\u00e9n\u00e9ralement simple, avec une l\u00e9g\u00e8re rougeur et de petites cro\u00fbtes qui disparaissent en quelques jours. Les patientes peuvent rapidement reprendre leurs activit\u00e9s quotidiennes tout en suivant les recommandations post-op\u00e9ratoires.<\/p>\n<p class=\"p-text\">La repousse commence g\u00e9n\u00e9ralement apr\u00e8s quelques mois, augmentant progressivement en densit\u00e9 et am\u00e9liorant visiblement la couverture capillaire.<\/p>\n<\/p><\/div>\n<\/p><\/div>\n<div>\n<div>\n<h2 class=\"h2-header\">Quelles sont les diff\u00e9rences entre la greffe capillaire f\u00e9minine et masculine ?<\/h2>\n<\/p><\/div>\n<div>\n<p class=\"p-text\">La greffe capillaire chez la femme diff\u00e8re principalement de celle chez l&rsquo;homme par les sch\u00e9mas de perte de cheveux, l\u2019approche chirurgicale et le maintien de la densit\u00e9 existante. Chez les femmes, la perte de cheveux se manifeste habituellement sous forme d\u2019\u00e9claircissement diffus plut\u00f4t que par zones totalement d\u00e9garnies, n\u00e9cessitant ainsi une implantation plus strat\u00e9gique.<\/p>\n<p class=\"p-text\">Contrairement aux hommes, les femmes conservent souvent leur ligne frontale, l\u2019objectif \u00e9tant plut\u00f4t d&rsquo;augmenter le volume que de redessiner enti\u00e8rement la ligne capillaire. La zone donneuse chez les femmes est aussi plus limit\u00e9e, ce qui n\u00e9cessite une s\u00e9lection soigneuse des follicules pour obtenir un r\u00e9sultat homog\u00e8ne et naturel.<\/p>\n<p class=\"p-text\">\u00c0 l\u2019inverse des greffes masculines, la plupart des femmes optent pour une proc\u00e9dure sans rasage complet de la t\u00eate, rendant ainsi la gu\u00e9rison discr\u00e8te. Cela permet aux cheveux existants de masquer la zone trait\u00e9e pendant que les nouveaux follicules s\u2019int\u00e8grent progressivement.<\/p>\n<p class=\"p-text\">L\u2019implantation n\u00e9cessite une grande pr\u00e9cision afin de correspondre \u00e0 la densit\u00e9 et \u00e0 l&rsquo;orientation naturelle des cheveux f\u00e9minins. Le bon angle et un espacement pr\u00e9cis des greffons \u00e9vitent un r\u00e9sultat artificiel et augmentent le volume g\u00e9n\u00e9ral.<\/p>\n<p class=\"p-text\">Puisque les femmes cherchent principalement \u00e0 am\u00e9liorer la densit\u00e9, la technique se concentre sur un r\u00e9sultat subtil et naturel. La r\u00e9cup\u00e9ration chez les femmes est similaire \u00e0 celle des hommes, mais les soins post-op\u00e9ratoires sont particuli\u00e8rement ax\u00e9s sur la pr\u00e9servation du cuir chevelu et des cheveux existants.<\/p>\n<p class=\"p-text\">La gu\u00e9rison est rapide, et une nouvelle croissance capillaire appara\u00eet en trois \u00e0 quatre mois, s&rsquo;\u00e9paississant progressivement avec le temps pour un result\u00e2t complet au bout d&rsquo;un an.<\/p>\n<\/p><\/div>\n<\/p><\/div>\n<div>\n<div>\n<h2 class=\"h2-header\">Comment Fonctionne une Greffe de Cheveux pour Femmes ?<\/h2>\n<\/p><\/div>\n<div>\n<p class=\"p-text\">Une greffe de cheveux pour femmes permet de restaurer la densit\u00e9 capillaire par l&rsquo;extraction et l\u2019implantation minutieuses de follicules sains sans n\u00e9cessiter le rasage complet de la t\u00eate. Le processus d\u00e9bute par une consultation, o\u00f9 le chirurgien \u00e9value les caract\u00e9ristiques de la perte de cheveux et d\u00e9termine la zone donneuse optimale pour l\u2019extraction.<\/p>\n<p class=\"p-text\">Contrairement aux hommes, les femmes pr\u00e9sentent g\u00e9n\u00e9ralement un \u00e9claircissement diffus, n\u00e9cessitant une implantation strat\u00e9gique des follicules. Avec la technique DHI, chaque follicule est extrait individuellement tout en pr\u00e9servant les cheveux environnants pour garantir une int\u00e9gration parfaite.<\/p>\n<p class=\"p-text\">Le chirurgien cr\u00e9e ensuite de minuscules incisions dans la zone receveuse, respectant l\u2019orientation naturelle du cheveu f\u00e9minin. \u00c9tant donn\u00e9 que les femmes conservent habituellement leur ligne frontale, l\u2019objectif principal est d&rsquo;am\u00e9liorer la densit\u00e9 plut\u00f4t que de redessiner la ligne capillaire.<\/p>\n<p class=\"p-text\">Chaque follicule est soigneusement implant\u00e9 selon le sch\u00e9ma naturel des cheveux existants. Cette approche permet de conserver la coiffure originale, rendant la r\u00e9cup\u00e9ration plus discr\u00e8te.<\/p>\n<p class=\"p-text\">Apr\u00e8s l\u2019intervention, de l\u00e9g\u00e8res rougeurs et de petites cro\u00fbtes peuvent appara\u00eetre mais disparaissent rapidement. La repousse des nouveaux cheveux commence apr\u00e8s quelques mois, augmentant progressivement en densit\u00e9.<\/p>\n<\/p><\/div>\n<\/p><\/div>\n<div>\n<div>\n<h2 class=\"h2-header\">Co\u00fbt de la Greffe de Cheveux pour Femmes en Turquie 2025<\/h2>\n<\/p><\/div>\n<div>\n<p class=\"p-text\">Les tarifs d\u2019une greffe capillaire f\u00e9minine en Turquie peuvent varier selon la technique utilis\u00e9e, le nombre de greffons n\u00e9cessaires et les services additionnels souhait\u00e9s. Une consultation approfondie avec un chirurgien sp\u00e9cialiste est n\u00e9cessaire afin d\u2019obtenir un devis pr\u00e9cis et adapt\u00e9 aux besoins individuels.<\/p>\n<\/p><\/div>\n<\/p><\/div>\n<\/p><\/div>\n<\/section>\n","protected":false},"excerpt":{"rendered":"<p>Greffe de Cheveux pour Femmes La perte de cheveux chez les femmes est un probl\u00e8me esth\u00e9tique courant qui se produit en raison de divers facteurs internes et externes. La perte de cheveux chez la femme peut \u00eatre caus\u00e9e par une pr\u00e9disposition g\u00e9n\u00e9tique, des changements hormonaux, le stress, des carences nutritionnelles et des probl\u00e8mes de sant\u00e9. [&hellip;]<\/p>\n","protected":false},"author":6,"featured_media":4873,"parent":2688,"menu_order":0,"comment_status":"closed","ping_status":"closed","template":"","meta":{"footnotes":""},"class_list":["post-2704","page","type-page","status-publish","has-post-thumbnail","hentry"],"_links":{"self":[{"href":"https:\/\/drterziler.com\/fr\/wp-json\/wp\/v2\/pages\/2704","targetHints":{"allow":["GET"]}}],"collection":[{"href":"https:\/\/drterziler.com\/fr\/wp-json\/wp\/v2\/pages"}],"about":[{"href":"https:\/\/drterziler.com\/fr\/wp-json\/wp\/v2\/types\/page"}],"author":[{"embeddable":true,"href":"https:\/\/drterziler.com\/fr\/wp-json\/wp\/v2\/users\/6"}],"replies":[{"embeddable":true,"href":"https:\/\/drterziler.com\/fr\/wp-json\/wp\/v2\/comments?post=2704"}],"version-history":[{"count":23,"href":"https:\/\/drterziler.com\/fr\/wp-json\/wp\/v2\/pages\/2704\/revisions"}],"predecessor-version":[{"id":62741,"href":"https:\/\/drterziler.com\/fr\/wp-json\/wp\/v2\/pages\/2704\/revisions\/62741"}],"up":[{"embeddable":true,"href":"https:\/\/drterziler.com\/fr\/wp-json\/wp\/v2\/pages\/2688"}],"wp:featuredmedia":[{"embeddable":true,"href":"https:\/\/drterziler.com\/fr\/wp-json\/wp\/v2\/media\/4873"}],"wp:attachment":[{"href":"https:\/\/drterziler.com\/fr\/wp-json\/wp\/v2\/media?parent=2704"}],"curies":[{"name":"wp","href":"https:\/\/api.w.org\/{rel}","templated":true}]}}