{"id":2706,"date":"2024-08-12T14:21:31","date_gmt":"2024-08-12T14:21:31","guid":{"rendered":"https:\/\/drterziler.com\/traitement-des-cheveux\/"},"modified":"2026-03-05T22:49:59","modified_gmt":"2026-03-05T22:49:59","slug":"traitement-des-cheveux","status":"publish","type":"page","link":"https:\/\/drterziler.com\/fr\/traitement-des-cheveux\/","title":{"rendered":"Traitement des cheveux"},"content":{"rendered":"<div class=\"page-content category-page\">\n<div id=\"header-area\">\n<div class=\"container\" id=\"firstContent\">\n<div class=\"header-content d-flex flex-column\">\n<h1 class=\"content-title\">Traitements Capillaires<\/h1>\n<div class=\"content-paragraph\">\n<p>Dans les traitements de restauration capillaire, l&rsquo;objectif est de renforcer les cheveux existants, de pr\u00e9venir la chute des cheveux et de maintenir leur sant\u00e9. Des applications bas\u00e9es sur des technologies avanc\u00e9es telles que les traitements au laser, le PRP, les facteurs de croissance et la m\u00e9soth\u00e9rapie aident \u00e0 revitaliser les cheveux. Avec des plans de traitement personnalis\u00e9s, une exp\u00e9rience de traitement de premi\u00e8re classe attend les hommes et les femmes \u00e0 la Dr. Terziler Exclusive Clinic.<\/p>\n<\/p><\/div>\n<nav aria-label=\"breadcrumb\" class=\"breadcrumbs\">\n<ul class=\"d-flex align-items-center mb-0\">\n<li><a class=\"link\" href=\"https:\/\/drterziler.com\/fr\/\"><span>Dr. Terziler<\/span><\/a><\/li>\n<li class=\"separator\">\u00bb<\/li>\n<li class=\"current-page\"><span>Traitements Capillaires<\/span><\/li>\n<\/ul>\n<\/nav><\/div>\n<\/p><\/div>\n<\/p><\/div>\n<\/p><\/div>\n<section class=\"svc-section\">\n<div class=\"container\">\n<div class=\"svc-item right-card\">\n<div class=\"svc-media\">\n              <img decoding=\"async\" src=\"https:\/\/drterziler.com\/wp-content\/uploads\/2026\/02\/Sac-Eksozom_6_11zon.webp\" alt=\"Traitements aux Exosomes\" style=\"transform: scaleX(-1);\" loading=\"lazy\" class=\"cat-img\">\n              <\/div>\n<div class=\"svc-card\">\n<h3 class=\"svc-title gilda\">Traitements aux Exosomes<\/h3>\n<p class=\"svc-text barlow\">\n                  Les exosomes sont des structures microscopiques entour\u00e9es d&rsquo;une membrane, naturellement<br \/>\n                  s\u00e9cr\u00e9t\u00e9es par les cellules, qui facilitent la communication intercellulaire. Mesurant g\u00e9n\u00e9ralement<br \/>\n                  entre 30 et 150 nanom\u00e8tres, ces structures sont form\u00e9es par des v\u00e9sicules sp\u00e9cialis\u00e9es au sein<br \/>\n                  de la cellule et influencent d&rsquo;autres cellules en transportant des informations biologiques.\n              <\/p>\n<p>              <a class=\"btn-details barlow-condensed\" href=\"https:\/\/drterziler.com\/fr\/traitement-des-cheveux\/exosomes\/exosome-pour-le-traitement-capillaire\/\">D\u00c9TAILS<\/a>\n              <\/div>\n<\/p><\/div>\n<div class=\"svc-item left-card\">\n<div class=\"svc-media\">\n              <img decoding=\"async\" src=\"https:\/\/drterziler.com\/wp-content\/uploads\/2025\/04\/HAIR-ELIXIR.webp\" alt=\"\u00c9lixir Capillaire\" loading=\"lazy\" class=\"cat-img\">\n              <\/div>\n<div class=\"svc-card\">\n<h3 class=\"svc-title gilda\">\u00c9lixir Capillaire<\/h3>\n<p class=\"svc-text barlow\">\n                  Le traitement \u00c9lixir Capillaire consiste \u00e0 injecter dans le cuir chevelu du plasma enrichi, d\u00e9riv\u00e9<br \/>\n                  des propres cellules souches du patient. Ce processus nourrit le cuir chevelu et fournit des<br \/>\n                  facteurs de croissance r\u00e9parateurs, renfor\u00e7ant efficacement les m\u00e8ches de cheveux existantes<br \/>\n                  et soutenant la croissance de nouveaux cheveux.\n              <\/p>\n<p>              <a class=\"btn-details barlow-condensed\" href=\"https:\/\/drterziler.com\/fr\/traitement-des-cheveux\/elixir-capillaire\/\">D\u00c9TAILS<\/a>\n              <\/div>\n<\/p><\/div>\n<div class=\"svc-item right-card\">\n<div class=\"svc-media\">\n            <img decoding=\"async\" src=\"https:\/\/drterziler.com\/wp-content\/uploads\/2026\/02\/Tricho-Test_8_11zon.webp\" alt=\"Tricho Test\" loading=\"lazy\" class=\"cat-img\">\n            <\/div>\n<div class=\"svc-card\">\n<h3 class=\"svc-title gilda\">Tricho Test<\/h3>\n<p class=\"svc-text barlow\">\n                Gr\u00e2ce \u00e0 un plan de soins personnalis\u00e9, les besoins sp\u00e9cifiques des cheveux chez les individus souffrant de perte de cheveux g\u00e9n\u00e9tique sont analys\u00e9s en profondeur. Apr\u00e8s l&rsquo;envoi d&rsquo;\u00e9chantillons \u00e0 un laboratoire g\u00e9n\u00e9tique en Espagne, 50 marqueurs ADN diff\u00e9rents sont \u00e9valu\u00e9s, et le processus de traitement commence par un s\u00e9rum formul\u00e9 sur mesure pour l&rsquo;individu.\n            <\/p>\n<p>            <a class=\"btn-details barlow-condensed\" href=\"https:\/\/drterziler.com\/fr\/traitement-des-cheveux\/test-tricho\/\">D\u00c9TAILS<\/a>\n            <\/div>\n<\/p><\/div>\n<div class=\"svc-item left-card\">\n<div class=\"svc-media\">\n              <img decoding=\"async\" src=\"https:\/\/drterziler.com\/wp-content\/uploads\/2026\/02\/HAIR-LASER_3_11zon.webp\" alt=\"Traitement Laser Capillaire\" loading=\"lazy\" class=\"cat-img\">\n              <\/div>\n<div class=\"svc-card\">\n<h3 class=\"svc-title gilda\">Traitement Laser Capillaire<\/h3>\n<p class=\"svc-text barlow\">\n                  Le traitement laser capillaire utilise une technologie laser de pointe pour augmenter l&rsquo;activit\u00e9 sous le cuir chevelu, renfor\u00e7ant les cheveux existants, revitalisant les follicules pileux dormants et favorisant la repousse dans les zones d\u00e9garnies. Les faisceaux laser \u00e0 basse temp\u00e9rature offrent une proc\u00e9dure totalement indolore, sans risques m\u00e9dicaux ni dommages pour le cuir chevelu ou les cheveux.\n              <\/p>\n<p>              <a class=\"btn-details barlow-condensed\" href=\"https:\/\/drterziler.com\/fr\/traitement-des-cheveux\/therapie-laser-cheveux\/\">D\u00c9TAILS<\/a>\n              <\/div>\n<\/p><\/div>\n<div class=\"svc-item right-card\">\n<div class=\"svc-media\">\n            <img decoding=\"async\" src=\"https:\/\/drterziler.com\/wp-content\/uploads\/2026\/02\/GROWTH-FACTOR_1_11zon.webp\" alt=\"Traitement Facteur de Croissance\" loading=\"lazy\" class=\"cat-img\">\n            <\/div>\n<div class=\"svc-card\">\n<h3 class=\"svc-title gilda\">Traitement Facteur de Croissance<\/h3>\n<p class=\"svc-text barlow\">\n                Le Facteur de Croissance est une m\u00e9thode de traitement o\u00f9 un s\u00e9rum personnalis\u00e9 contenant des vitamines, des min\u00e9raux, des acides amin\u00e9s et des composants r\u00e9parateurs est appliqu\u00e9 sur le cuir chevelu \u00e0 l&rsquo;aide d&rsquo;un dermapen et de techniques de massage. Ce processus nourrit et stimule les follicules pileux dormants, favorisant la repousse pour un aspect plus dense et volumineux.\n            <\/p>\n<p>            <a class=\"btn-details barlow-condensed\" href=\"https:\/\/drterziler.com\/fr\/traitement-des-cheveux\/facteur-de-croissance\/\">D\u00c9TAILS<\/a>\n            <\/div>\n<\/p><\/div>\n<div class=\"svc-item left-card\">\n<div class=\"svc-media\">\n              <img decoding=\"async\" src=\"https:\/\/drterziler.com\/wp-content\/uploads\/2026\/02\/PRP_5_11zon.webp\" alt=\"PRP\" loading=\"lazy\" class=\"cat-img\">\n              <\/div>\n<div class=\"svc-card\">\n<h3 class=\"svc-title gilda\">PRP<\/h3>\n<p class=\"svc-text barlow\">\n                  Cette approche innovante et biologique de lutte contre la chute des cheveux utilise le PRP (Plasma Riche en Plaquettes). Le PRP est obtenu \u00e0 partir du propre sang du patient et est riche en plaquettes. Le plasma est inject\u00e9 dans le cuir chevelu, revitalisant les follicules pileux et favorisant la repousse des cheveux.\n              <\/p>\n<p>              <a class=\"btn-details barlow-condensed\" href=\"https:\/\/drterziler.com\/fr\/traitement-des-cheveux\/prp\/\">D\u00c9TAILS<\/a>\n              <\/div>\n<\/p><\/div>\n<div class=\"svc-item right-card\">\n<div class=\"svc-media\">\n            <img decoding=\"async\" src=\"https:\/\/drterziler.com\/wp-content\/uploads\/2026\/02\/HAIR-NAIL-KOKTEYL-1_4_11zon.webp\" alt=\"Traitement Cocktail Cheveux et Ongles\" loading=\"lazy\" class=\"cat-img\">\n            <\/div>\n<div class=\"svc-card\">\n<h3 class=\"svc-title gilda\">Traitement Cocktail Cheveux et Ongles<\/h3>\n<p class=\"svc-text barlow\">\n                Il s&rsquo;agit d&rsquo;un m\u00e9lange sp\u00e9cialement formul\u00e9 avec des vitamines naturelles qui cr\u00e9e un effet stimulant sur les cheveux et les ongles. Riche en zinc, en vitamine B et en biotine, il nourrit et renforce les follicules pileux, tout en rendant les ongles plus forts et plus lisses. Il peut \u00e9galement \u00eatre utilis\u00e9 dans le traitement de conditions telles que le psoriasis et l&rsquo;ecz\u00e9ma.\n            <\/p>\n<p>            <a class=\"btn-details barlow-condensed\" href=\"https:\/\/drterziler.com\/fr\/traitement-des-cheveux\/cocktail-cheveux-ongles\/\">D\u00c9TAILS<\/a>\n            <\/div>\n<\/p><\/div>\n<div class=\"svc-item left-card\">\n<div class=\"svc-media\">\n              <img decoding=\"async\" src=\"https:\/\/drterziler.com\/wp-content\/uploads\/2026\/02\/SAMPUANrev_7_11zon.webp\" alt=\"Produits de Soins Capillaires\" loading=\"lazy\" class=\"cat-img\">\n              <\/div>\n<div class=\"svc-card\">\n<h3 class=\"svc-title gilda\">Produits de Soins Capillaires<\/h3>\n<p class=\"svc-text barlow\">\n                  Gr\u00e2ce \u00e0 son extrait de cannelle, il renforce les racines des cheveux et leur donne de la r\u00e9silience. Gr\u00e2ce aux vitamines et min\u00e9raux comme la Niacinamide, il \u00e9quilibre le cuir chevelu. Avec l&rsquo;extrait de graine de nigelle, il pr\u00e9vient la chute des cheveux.\n              <\/p>\n<p>              <a class=\"btn-details barlow-condensed\" href=\"https:\/\/drterziler.com\/fr\/traitement-des-cheveux\/produits-de-soins-capillaires\/\">D\u00c9TAILS<\/a>\n              <\/div>\n<\/p><\/div>\n<\/p><\/div>\n<\/section>\n","protected":false},"excerpt":{"rendered":"<p>Traitements Capillaires Dans les traitements de restauration capillaire, l&rsquo;objectif est de renforcer les cheveux existants, de pr\u00e9venir la chute des cheveux et de maintenir leur sant\u00e9. Des applications bas\u00e9es sur des technologies avanc\u00e9es telles que les traitements au laser, le PRP, les facteurs de croissance et la m\u00e9soth\u00e9rapie aident \u00e0 revitaliser les cheveux. Avec des [&hellip;]<\/p>\n","protected":false},"author":6,"featured_media":763,"parent":0,"menu_order":0,"comment_status":"closed","ping_status":"closed","template":"","meta":{"footnotes":""},"class_list":["post-2706","page","type-page","status-publish","has-post-thumbnail","hentry"],"_links":{"self":[{"href":"https:\/\/drterziler.com\/fr\/wp-json\/wp\/v2\/pages\/2706","targetHints":{"allow":["GET"]}}],"collection":[{"href":"https:\/\/drterziler.com\/fr\/wp-json\/wp\/v2\/pages"}],"about":[{"href":"https:\/\/drterziler.com\/fr\/wp-json\/wp\/v2\/types\/page"}],"author":[{"embeddable":true,"href":"https:\/\/drterziler.com\/fr\/wp-json\/wp\/v2\/users\/6"}],"replies":[{"embeddable":true,"href":"https:\/\/drterziler.com\/fr\/wp-json\/wp\/v2\/comments?post=2706"}],"version-history":[{"count":47,"href":"https:\/\/drterziler.com\/fr\/wp-json\/wp\/v2\/pages\/2706\/revisions"}],"predecessor-version":[{"id":59527,"href":"https:\/\/drterziler.com\/fr\/wp-json\/wp\/v2\/pages\/2706\/revisions\/59527"}],"wp:featuredmedia":[{"embeddable":true,"href":"https:\/\/drterziler.com\/fr\/wp-json\/wp\/v2\/media\/763"}],"wp:attachment":[{"href":"https:\/\/drterziler.com\/fr\/wp-json\/wp\/v2\/media?parent=2706"}],"curies":[{"name":"wp","href":"https:\/\/api.w.org\/{rel}","templated":true}]}}