{"id":2708,"date":"2024-08-12T14:42:02","date_gmt":"2024-08-12T14:42:02","guid":{"rendered":"https:\/\/drterziler.com\/traitement-des-cheveux\/traitement-par-facteur-de-croissance\/"},"modified":"2026-04-15T14:11:37","modified_gmt":"2026-04-15T14:11:37","slug":"facteur-de-croissance","status":"publish","type":"page","link":"https:\/\/drterziler.com\/fr\/traitement-des-cheveux\/facteur-de-croissance\/","title":{"rendered":"Traitement par facteur de croissance"},"content":{"rendered":"<div class=\"page-content\">\n<div id=\"header-area\">\n<div class=\"container\" id=\"firstContent\">\n<div class=\"header-content d-flex flex-column\">\n<h1 class=\"content-title h1-header\">Traitement par facteur de croissance<\/h1>\n<div class=\"content-paragraph\">\n<p class=\"p-text\">Le traitement par facteur de croissance est une approche moderne et personnalis\u00e9e mise au point pour am\u00e9liorer la sant\u00e9 des cheveux et lutter contre leur chute. Ce traitement consiste \u00e0 appliquer sur le cuir chevelu un s\u00e9rum sp\u00e9cial contenant des vitamines, des min\u00e9raux, des acides amin\u00e9s et des composants r\u00e9parateurs. Le processus d&#039;application est optimis\u00e9 \u00e0 l&#039;aide d&#039;un appareil dermapen et de techniques de massage, ce qui stimule les follicules pileux et favorise la repousse des cheveux.<\/p>\n<\/p><\/div>\n<nav aria-label=\"breadcrumb\" class=\"breadcrumbs\">\n<ul class=\"d-flex align-items-center mb-0\">\n<li><a class=\"link\" href=\"https:\/\/drterziler.com\/fr\/\"><span>Dr. Terziler Exclusive Clinic<\/span><\/a><\/li>\n<li class=\"separator\">\u00bb<\/li>\n<li><a class=\"link\" href=\"https:\/\/drterziler.com\/fr\/traitement-des-cheveux\/\"><span>Traitement des cheveux<\/span><\/a><\/li>\n<li class=\"separator\">\u00bb<\/li>\n<li class=\"current-page\"><span>Traitement par facteur de croissance<\/span><\/li>\n<\/ul>\n<\/nav><\/div>\n<\/p><\/div>\n<\/p><\/div>\n<\/div>\n<section id=\"content-area\">\n<div class=\"container my-5\">\n<div class=\"row align-items-start\">\n<div class=\"col-md-6 order-2 order-md-1\">\n<div class=\"custom-toc-box\">\n<div id=\"toc-header\">\n<h4>Table des mati\u00e8res<\/h4>\n<div class=\"toc-toggle-icon\"><\/div>\n<\/p><\/div>\n<div class=\"toc-full-divider\"><\/div>\n<div id=\"toc-body\">\n<div id=\"toc-container\"><\/div>\n<\/p><\/div>\n<\/p><\/div>\n<\/p><\/div>\n<div class=\"col-md-6 order-1 order-md-2\" id=\"jForm\">\n                <script type=\"text\/javascript\" src=\"https:\/\/form.jotform.com\/jsform\/242882407646969\"><\/script>\n            <\/div>\n<\/p><\/div>\n<\/p><\/div>\n<div class=\"container\">\n<div class=\"img-thumb\">\n            <img loading=\"lazy\" decoding=\"async\" width=\"1140\" height=\"641\" src=\"https:\/\/drterziler.com\/wp-content\/uploads\/2025\/04\/GROWTH-FACTOR.webp\" alt=\"\" srcset=\"https:\/\/drterziler.com\/wp-content\/uploads\/2025\/04\/GROWTH-FACTOR.webp 1140w, https:\/\/drterziler.com\/wp-content\/uploads\/2025\/04\/GROWTH-FACTOR-300x169.webp 300w, https:\/\/drterziler.com\/wp-content\/uploads\/2025\/04\/GROWTH-FACTOR-1024x576.webp 1024w, https:\/\/drterziler.com\/wp-content\/uploads\/2025\/04\/GROWTH-FACTOR-768x432.webp 768w\" sizes=\"auto, (max-width: 1140px) 100vw, 1140px\">\n        <\/div>\n<div>\n<div>\n<h2 class=\"h2-header\">Composants mol\u00e9culaires et leurs effets sur les follicules pileux<\/h2>\n<\/p><\/div>\n<div>\n<p class=\"p-text\">Le s\u00e9rum Growth Factor contient des nutriments essentiels et des composants biologiquement actifs dont les racines des cheveux ont besoin. Ces composants comprennent des vitamines, des min\u00e9raux et des acides amin\u00e9s ; ces substances augmentent les activit\u00e9s m\u00e9taboliques des follicules pileux et favorisent le renouvellement cellulaire. Les composants restaurateurs r\u00e9parent les dommages subis par le cuir chevelu, permettant aux racines des cheveux de se d\u00e9velopper dans un environnement plus sain. Ce processus acc\u00e9l\u00e8re le passage des racines capillaires \u00e0 la phase de croissance active et am\u00e9liore l&#039;aspect g\u00e9n\u00e9ral des cheveux.<\/p>\n<\/p><\/div>\n<\/p><\/div>\n<div>\n<div>\n<h2 class=\"h2-header\">Processus de traitement : Le r\u00f4le du dermapen et du massage<\/h2>\n<\/p><\/div>\n<div>\n<p class=\"p-text\">L&#039;appareil dermapen utilis\u00e9 pour le traitement au facteur de croissance cr\u00e9e des canaux microscopiques dans le cuir chevelu, permettant au s\u00e9rum d&#039;atteindre les couches profondes. Ces microcanaux d\u00e9clenchent le processus naturel de gu\u00e9rison de la peau, ce qui permet d&#039;acheminer davantage de nutriments et d&#039;oxyg\u00e8ne vers les follicules pileux. Parall\u00e8lement, les techniques de massage appliqu\u00e9es maximisent l&#039;effet du s\u00e9rum en augmentant la circulation sanguine et en stimulant les racines des cheveux. Ainsi, le renforcement des cheveux existants et la formation de nouveaux cheveux sont favoris\u00e9s.<\/p>\n<\/p><\/div>\n<\/p><\/div>\n<div>\n<div>\n<h2 class=\"h2-header\">Recherche clinique et efficacit\u00e9<\/h2>\n<\/p><\/div>\n<div>\n<p class=\"p-text\">La recherche clinique sur le traitement par le facteur de croissance montre que cette m\u00e9thode est efficace pour r\u00e9duire la chute des cheveux et favoriser leur croissance. Des r\u00e9sultats significatifs ont \u00e9t\u00e9 obtenus, notamment en termes de revitalisation des racines des cheveux et d&#039;\u00e9mergence de nouveaux cheveux. Le traitement convient aux personnes de tous \u00e2ges et de tous sexes, et l&#039;efficacit\u00e9 maximale est assur\u00e9e gr\u00e2ce \u00e0 des s\u00e9rums formul\u00e9s sp\u00e9cifiquement pour chaque individu.<\/p>\n<\/p><\/div>\n<\/p><\/div>\n<div>\n<div>\n<h2 class=\"h2-header\">Des solutions permanentes avec une approche personnalis\u00e9e<\/h2>\n<\/p><\/div>\n<div>\n<p class=\"p-text\">L&#039;une des caract\u00e9ristiques les plus importantes du traitement au facteur de croissance est qu&#039;il est formul\u00e9 sp\u00e9cifiquement pour chaque individu et appliqu\u00e9 en fonction du type de cheveux et des besoins de chacun. Cette approche personnalis\u00e9e augmente le taux de r\u00e9ussite du traitement et permet d&#039;obtenir des r\u00e9sultats plus permanents. En outre, les composants utilis\u00e9s dans le processus de traitement apportent une am\u00e9lioration \u00e0 long terme du cuir chevelu et maintiennent la sant\u00e9 g\u00e9n\u00e9rale des cheveux.<\/p>\n<\/p><\/div>\n<\/p><\/div>\n<\/p><\/div>\n<\/section>\n","protected":false},"excerpt":{"rendered":"<p>Traitement par facteur de croissance Le traitement par facteur de croissance est une approche moderne et personnalis\u00e9e mise au point pour am\u00e9liorer la sant\u00e9 des cheveux et lutter contre leur chute. Ce traitement consiste \u00e0 appliquer sur le cuir chevelu un s\u00e9rum sp\u00e9cial contenant des vitamines, des min\u00e9raux, des acides amin\u00e9s et des composants r\u00e9parateurs. [&hellip;]<\/p>\n","protected":false},"author":6,"featured_media":4921,"parent":2706,"menu_order":0,"comment_status":"closed","ping_status":"closed","template":"","meta":{"footnotes":""},"class_list":["post-2708","page","type-page","status-publish","has-post-thumbnail","hentry"],"_links":{"self":[{"href":"https:\/\/drterziler.com\/fr\/wp-json\/wp\/v2\/pages\/2708","targetHints":{"allow":["GET"]}}],"collection":[{"href":"https:\/\/drterziler.com\/fr\/wp-json\/wp\/v2\/pages"}],"about":[{"href":"https:\/\/drterziler.com\/fr\/wp-json\/wp\/v2\/types\/page"}],"author":[{"embeddable":true,"href":"https:\/\/drterziler.com\/fr\/wp-json\/wp\/v2\/users\/6"}],"replies":[{"embeddable":true,"href":"https:\/\/drterziler.com\/fr\/wp-json\/wp\/v2\/comments?post=2708"}],"version-history":[{"count":17,"href":"https:\/\/drterziler.com\/fr\/wp-json\/wp\/v2\/pages\/2708\/revisions"}],"predecessor-version":[{"id":62064,"href":"https:\/\/drterziler.com\/fr\/wp-json\/wp\/v2\/pages\/2708\/revisions\/62064"}],"up":[{"embeddable":true,"href":"https:\/\/drterziler.com\/fr\/wp-json\/wp\/v2\/pages\/2706"}],"wp:featuredmedia":[{"embeddable":true,"href":"https:\/\/drterziler.com\/fr\/wp-json\/wp\/v2\/media\/4921"}],"wp:attachment":[{"href":"https:\/\/drterziler.com\/fr\/wp-json\/wp\/v2\/media?parent=2708"}],"curies":[{"name":"wp","href":"https:\/\/api.w.org\/{rel}","templated":true}]}}