{"id":2710,"date":"2024-08-12T14:37:34","date_gmt":"2024-08-12T14:37:34","guid":{"rendered":"https:\/\/drterziler.com\/traitement-des-cheveux\/bilan-de-sante\/"},"modified":"2026-02-27T16:50:52","modified_gmt":"2026-02-27T16:50:52","slug":"bilan-de-sante","status":"publish","type":"page","link":"https:\/\/drterziler.com\/fr\/traitement-des-cheveux\/bilan-de-sante\/","title":{"rendered":"Bilan de sant\u00e9"},"content":{"rendered":"<div class=\"page-content\">\n<div id=\"header-area\">\n<div class=\"container\" id=\"firstContent\">\n<div class=\"header-content d-flex flex-column\">\n<h1 class=\"content-title h1-header\">Bilan de sant\u00e9<\/h1>\n<div class=\"content-paragraph\">\n<p class=\"p-text\">Un bilan capillaire est un examen trichologique complet destin\u00e9 \u00e0 diagnostiquer et \u00e0 traiter les probl\u00e8mes li\u00e9s aux cheveux et au cuir chevelu. Ce processus implique une analyse d\u00e9taill\u00e9e des follicules pileux, de l&#039;\u00e9tat du cuir chevelu et des nutriments essentiels, ce qui permet d&#039;\u00e9tablir un plan de traitement personnalis\u00e9 pour r\u00e9pondre \u00e0 des pr\u00e9occupations telles que la perte de cheveux, l&#039;\u00e9claircissement et la sant\u00e9 du cuir chevelu. Des bilans capillaires r\u00e9guliers sont essentiels pour la d\u00e9tection pr\u00e9coce des probl\u00e8mes, afin de permettre des interventions efficaces et d&#039;assurer la sant\u00e9 des cheveux \u00e0 long terme.<\/p>\n<\/p><\/div>\n<nav aria-label=\"breadcrumb\" class=\"breadcrumbs\">\n<ul class=\"d-flex align-items-center mb-0\">\n<li><a class=\"link\" href=\"https:\/\/drterziler.com\/fr\/\"><span>Dr. Terziler Exclusive Clinic<\/span><\/a><\/li>\n<li class=\"separator\">\u00bb<\/li>\n<li><a class=\"link\" href=\"https:\/\/drterziler.com\/fr\/traitement-des-cheveux\/\"><span>Traitement des cheveux<\/span><\/a><\/li>\n<li class=\"separator\">\u00bb<\/li>\n<li class=\"current-page\"><span>Bilan de sant\u00e9<\/span><\/li>\n<\/ul>\n<\/nav><\/div>\n<\/p><\/div>\n<\/p><\/div>\n<\/div>\n<section id=\"content-area\">\n<div class=\"container my-5\">\n<div class=\"row align-items-start\">\n<div class=\"col-md-6 order-2 order-md-1\">\n<div class=\"custom-toc-box\">\n<div id=\"toc-header\">\n<h4>Table des mati\u00e8res<\/h4>\n<div class=\"toc-toggle-icon\"><\/div>\n<\/p><\/div>\n<div class=\"toc-full-divider\"><\/div>\n<div id=\"toc-body\">\n<div id=\"toc-container\"><\/div>\n<\/p><\/div>\n<\/p><\/div>\n<\/p><\/div>\n<div class=\"col-md-6 order-1 order-md-2\" id=\"jForm\">\n                <script type=\"text\/javascript\" src=\"https:\/\/form.jotform.com\/jsform\/242882407646969\"><\/script>\n            <\/div>\n<\/p><\/div>\n<\/p><\/div>\n<div class=\"container\">\n<div>\n<div>\n<h2 class=\"h2-header\">Bilan de sant\u00e9 capillaire : Analyse compl\u00e8te de la sant\u00e9 des cheveux et du cuir chevelu<\/h2>\n<\/p><\/div>\n<div>\n<p class=\"p-text\">Un bilan capillaire comprend une s\u00e9rie de tests trichologiques visant \u00e0 identifier et \u00e0 traiter les probl\u00e8mes li\u00e9s aux cheveux et au cuir chevelu. Au cours de ce processus, les racines des cheveux sont examin\u00e9es \u00e0 l&#039;aide d&#039;une imagerie microscopique d\u00e9taill\u00e9e et divers param\u00e8tres tels que l&#039;indice de masse capillaire, l&#039;\u00e9lasticit\u00e9, l&#039;humidit\u00e9, le s\u00e9bum (huile) et la valeur du pH sont mesur\u00e9s. En outre, des nutriments cl\u00e9s comme le fer, le zinc, l&#039;acide folique, la vitamine D, la B12 et la biotine, qui sont essentiels \u00e0 la sant\u00e9 g\u00e9n\u00e9rale, sont \u00e9valu\u00e9s. L&#039;objectif d&#039;un bilan capillaire est de fournir le traitement le plus pr\u00e9cis possible au patient en identifiant les facteurs g\u00e9n\u00e9tiques ou hormonaux qui peuvent contribuer \u00e0 la perte de cheveux.<\/p>\n<\/p><\/div>\n<\/p><\/div>\n<div>\n<div>\n<h2 class=\"h2-header\">Pourquoi un bilan capillaire est-il important ?<\/h2>\n<\/p><\/div>\n<div>\n<p class=\"p-text\">Des bilans capillaires r\u00e9guliers sont essentiels pour maintenir une sant\u00e9 capillaire optimale et traiter les probl\u00e8mes sous-jacents avant qu&#039;ils ne s&#039;aggravent. En identifiant les premiers signes de perte de cheveux, d&#039;affection du cuir chevelu ou d&#039;autres probl\u00e8mes, nous pouvons intervenir rapidement et recommander des traitements appropri\u00e9s pour pr\u00e9venir d&#039;autres dommages et favoriser une croissance saine des cheveux. Le bilan capillaire nous permet \u00e9galement de suivre l&#039;\u00e9volution de vos cheveux et de votre cuir chevelu au fil du temps, ce qui nous donne des indications pr\u00e9cieuses sur la sant\u00e9 globale de vos cheveux et nous permet d&#039;adapter votre plan de traitement en fonction des besoins.<\/p>\n<\/p><\/div>\n<\/p><\/div>\n<div>\n<div>\n<h2 class=\"h2-header\">Comment se d\u00e9roule un bilan capillaire ?<\/h2>\n<\/p><\/div>\n<div>\n<p class=\"p-text\">Le processus de Hair Check-Up commence par une anamn\u00e8se, men\u00e9e par un trichologue sp\u00e9cialis\u00e9. Il s&#039;agit d&#039;un entretien individuel qui permet de discuter des ant\u00e9c\u00e9dents m\u00e9dicaux du patient, de son mode de vie et de ses habitudes en mati\u00e8re de soins capillaires. Un \u00e9chantillon de cuir chevelu est ensuite pr\u00e9lev\u00e9 pour \u00e9valuer la sant\u00e9 des cheveux, le taux de casse et la gravit\u00e9 de la chute, \u00e0 l&#039;aide de la technique du \u00ab tricogramme \u00bb, qui examine la morphologie du cheveu et aide \u00e0 diagnostiquer les maladies capillaires. Apr\u00e8s l&#039;examen physique et les mesures, un test sanguin est demand\u00e9 pour identifier tout probl\u00e8me sous-jacent. Le diagnostic est bas\u00e9 sur les r\u00e9sultats de ces scans et analyses, qui durent g\u00e9n\u00e9ralement de 1 \u00e0 1,5 heure. Une th\u00e9rapie trichologique personnalis\u00e9e ou un plan de traitement est ensuite \u00e9labor\u00e9 pour le patient. Si une condition m\u00e9dicale est identifi\u00e9e comme \u00e9tant la cause de la perte de cheveux, le patient est orient\u00e9 vers un m\u00e9decin sp\u00e9cialiste.<\/p>\n<\/p><\/div>\n<\/p><\/div>\n<div>\n<div>\n<h2 class=\"h2-header\">\u00c0 quoi s&#039;attendre lors d&#039;un bilan de sant\u00e9 capillaire ?<\/h2>\n<\/p><\/div>\n<div>\n<p class=\"p-text\">Lors de votre rendez-vous Hair Check-Up, nos sp\u00e9cialistes proc\u00e9deront \u00e0 une \u00e9valuation compl\u00e8te de votre cuir chevelu et de vos cheveux. Cet examen peut comprendre Examen visuel du cuir chevelu et des follicules pileux Analyse de la densit\u00e9, de l&#039;\u00e9paisseur et de la texture des cheveux \u00c9valuation de l&#039;\u00e9tat du cuir chevelu, y compris des signes d&#039;inflammation, des pellicules ou d&#039;autres probl\u00e8mes dermatologiques Discussion de tout probl\u00e8me de perte de cheveux ou de changement dans les sch\u00e9mas de croissance des cheveux Recommandations pour d&#039;autres tests diagnostiques ou traitements si n\u00e9cessaire Nos sp\u00e9cialistes prennent le temps d&#039;\u00e9couter vos pr\u00e9occupations et de r\u00e9pondre \u00e0 toutes vos questions, afin que vous vous sentiez en confiance et soutenu tout au long du processus.<\/p>\n<\/p><\/div>\n<\/p><\/div>\n<div>\n<div>\n<h2 class=\"h2-header\">Dimension scientifique du contr\u00f4le des cheveux : Test g\u00e9n\u00e9tique des cheveux<\/h2>\n<\/p><\/div>\n<div>\n<p class=\"p-text\">La perte de cheveux a souvent une origine g\u00e9n\u00e9tique, bien que d&#039;autres facteurs puissent \u00e9galement y contribuer. Les tests g\u00e9n\u00e9tiques capillaires, comme le \u00ab test tricho \u00bb, sont la derni\u00e8re technologie utilis\u00e9e pour comprendre les causes g\u00e9n\u00e9tiques de la perte de cheveux. Ce test permet d&#039;identifier le g\u00e8ne sp\u00e9cifique responsable de la perte de cheveux dans un d\u00e9lai de 5 \u00e0 6 semaines. En fonction des r\u00e9sultats, des formules personnalis\u00e9es, telles que des s\u00e9rums capillaires et des vitamines, peuvent \u00eatre \u00e9labor\u00e9es pour ralentir ou m\u00eame arr\u00eater les probl\u00e8mes de cheveux et de cuir chevelu.<\/p>\n<\/p><\/div>\n<\/p><\/div>\n<div>\n<div>\n<h2 class=\"h2-header\">Qui devrait faire un bilan de sant\u00e9 capillaire ?<\/h2>\n<\/p><\/div>\n<div>\n<p class=\"p-text\">Toute personne ayant des cheveux fragiles, une perte de cheveux r\u00e9gionale, des d\u00e9mangeaisons du cuir chevelu, des pellicules excessives ou une perte d&#039;\u00e9lasticit\u00e9 des cheveux devrait envisager un bilan capillaire. Le processus commence par une \u00e9valuation des niveaux de vitamines et de min\u00e9raux de la personne, qui jouent un r\u00f4le essentiel dans la sant\u00e9 des cheveux.<\/p>\n<\/p><\/div>\n<\/p><\/div>\n<div>\n<div>\n<h2 class=\"h2-header\">Les avantages d&#039;un bilan capillaire<\/h2>\n<\/p><\/div>\n<div>\n<p class=\"p-text\">D\u00e9tection pr\u00e9coce de la chute des cheveux : l&#039;identification pr\u00e9coce des signes de chute ou d&#039;\u00e9claircissement des cheveux permet d&#039;intervenir rapidement, de pr\u00e9venir l&#039;aggravation de la chute des cheveux et d&#039;am\u00e9liorer l&#039;efficacit\u00e9 du traitement. Recommandations personnalis\u00e9es : Nos sp\u00e9cialistes fournissent des conseils personnalis\u00e9s sur les produits de soins capillaires, les traitements et les changements de mode de vie en fonction de vos besoins et objectifs sp\u00e9cifiques. Am\u00e9lioration de la sant\u00e9 du cuir chevelu : La r\u00e9solution des probl\u00e8mes li\u00e9s au cuir chevelu au cours de l&#039;examen permet d&#039;obtenir un cuir chevelu plus sain, ce qui est essentiel pour obtenir des cheveux forts et r\u00e9sistants. Tranquillit\u00e9 d&#039;esprit : Les bilans capillaires r\u00e9guliers garantissent que la sant\u00e9 de vos cheveux est surveill\u00e9e par des professionnels, ce qui vous permet de trouver des solutions efficaces en cas de probl\u00e8me.<\/p>\n<\/p><\/div>\n<\/p><\/div>\n<div>\n<div>\n<h2 class=\"h2-header\">Planifiez votre bilan capillaire d\u00e8s aujourd&#039;hui !<\/h2>\n<\/p><\/div>\n<div>\n<p class=\"p-text\">N&#039;attendez pas que les probl\u00e8mes capillaires s&#039;aggravent. Prenez rendez-vous d\u00e8s aujourd&#039;hui pour un bilan capillaire \u00e0 la clinique du Dr Terziler et prenez des mesures proactives pour conserver des cheveux sains et \u00e9clatants. Our team of experts is here to support you on your journey to beautiful, healthy hair.<\/p>\n<\/p><\/div>\n<\/p><\/div>\n<\/p><\/div>\n<\/section>\n","protected":false},"excerpt":{"rendered":"<p>Bilan de sant\u00e9 Un bilan capillaire est un examen trichologique complet destin\u00e9 \u00e0 diagnostiquer et \u00e0 traiter les probl\u00e8mes li\u00e9s aux cheveux et au cuir chevelu. Ce processus implique une analyse d\u00e9taill\u00e9e des follicules pileux, de l&#039;\u00e9tat du cuir chevelu et des nutriments essentiels, ce qui permet d&#039;\u00e9tablir un plan de traitement personnalis\u00e9 pour r\u00e9pondre [&hellip;]<\/p>\n","protected":false},"author":6,"featured_media":888,"parent":2706,"menu_order":0,"comment_status":"closed","ping_status":"closed","template":"","meta":{"footnotes":""},"class_list":["post-2710","page","type-page","status-publish","has-post-thumbnail","hentry"],"_links":{"self":[{"href":"https:\/\/drterziler.com\/fr\/wp-json\/wp\/v2\/pages\/2710","targetHints":{"allow":["GET"]}}],"collection":[{"href":"https:\/\/drterziler.com\/fr\/wp-json\/wp\/v2\/pages"}],"about":[{"href":"https:\/\/drterziler.com\/fr\/wp-json\/wp\/v2\/types\/page"}],"author":[{"embeddable":true,"href":"https:\/\/drterziler.com\/fr\/wp-json\/wp\/v2\/users\/6"}],"replies":[{"embeddable":true,"href":"https:\/\/drterziler.com\/fr\/wp-json\/wp\/v2\/comments?post=2710"}],"version-history":[{"count":6,"href":"https:\/\/drterziler.com\/fr\/wp-json\/wp\/v2\/pages\/2710\/revisions"}],"predecessor-version":[{"id":57727,"href":"https:\/\/drterziler.com\/fr\/wp-json\/wp\/v2\/pages\/2710\/revisions\/57727"}],"up":[{"embeddable":true,"href":"https:\/\/drterziler.com\/fr\/wp-json\/wp\/v2\/pages\/2706"}],"wp:featuredmedia":[{"embeddable":true,"href":"https:\/\/drterziler.com\/fr\/wp-json\/wp\/v2\/media\/888"}],"wp:attachment":[{"href":"https:\/\/drterziler.com\/fr\/wp-json\/wp\/v2\/media?parent=2710"}],"curies":[{"name":"wp","href":"https:\/\/api.w.org\/{rel}","templated":true}]}}