{"id":2714,"date":"2024-08-12T14:44:08","date_gmt":"2024-08-12T14:44:08","guid":{"rendered":"https:\/\/drterziler.com\/traitement-des-cheveux\/traitement-cocktail-cheveux-ongles\/"},"modified":"2026-04-16T10:55:49","modified_gmt":"2026-04-16T10:55:49","slug":"cocktail-cheveux-ongles","status":"publish","type":"page","link":"https:\/\/drterziler.com\/fr\/traitement-des-cheveux\/cocktail-cheveux-ongles\/","title":{"rendered":"Traitement Cocktail Cheveux Ongles"},"content":{"rendered":"<div class=\"page-content\">\n<div id=\"header-area\">\n<div class=\"container\" id=\"firstContent\">\n<div class=\"header-content d-flex flex-column\">\n<h1 class=\"content-title h1-header\">Traitement Cocktail Cheveux Ongles<\/h1>\n<div class=\"content-paragraph\">\n<p class=\"p-text\">\n<\/p><\/div>\n<nav aria-label=\"breadcrumb\" class=\"breadcrumbs\">\n<ul class=\"d-flex align-items-center mb-0\">\n<li><a class=\"link\" href=\"https:\/\/drterziler.com\/fr\/\"><span>Dr. Terziler Exclusive Clinic<\/span><\/a><\/li>\n<li class=\"separator\">\u00bb<\/li>\n<li><a class=\"link\" href=\"https:\/\/drterziler.com\/fr\/traitement-des-cheveux\/\"><span>Traitement des cheveux<\/span><\/a><\/li>\n<li class=\"separator\">\u00bb<\/li>\n<li class=\"current-page\"><span>Traitement Cocktail Cheveux Ongles<\/span><\/li>\n<\/ul>\n<\/nav><\/div>\n<\/p><\/div>\n<\/p><\/div>\n<\/div>\n<section id=\"content-area\">\n<div class=\"container my-5\">\n<div class=\"row align-items-start\">\n<div class=\"col-md-6 order-2 order-md-1\">\n<div class=\"custom-toc-box\">\n<div id=\"toc-header\">\n<h4>Table des mati\u00e8res<\/h4>\n<div class=\"toc-toggle-icon\"><\/div>\n<\/p><\/div>\n<div class=\"toc-full-divider\"><\/div>\n<div id=\"toc-body\">\n<div id=\"toc-container\"><\/div>\n<\/p><\/div>\n<\/p><\/div>\n<\/p><\/div>\n<div class=\"col-md-6 order-1 order-md-2\" id=\"jForm\">\n                <script type=\"text\/javascript\" src=\"https:\/\/form.jotform.com\/jsform\/242882407646969\"><\/script>\n            <\/div>\n<\/p><\/div>\n<\/p><\/div>\n<div class=\"container\">\n<div class=\"img-thumb\">\n            <img loading=\"lazy\" decoding=\"async\" width=\"1920\" height=\"1080\" src=\"https:\/\/drterziler.com\/wp-content\/uploads\/2024\/09\/HAIR-NAIL-KOKTEYL-1.webp\" alt=\"\" srcset=\"https:\/\/drterziler.com\/wp-content\/uploads\/2024\/09\/HAIR-NAIL-KOKTEYL-1.webp 1920w, https:\/\/drterziler.com\/wp-content\/uploads\/2024\/09\/HAIR-NAIL-KOKTEYL-1-300x169.webp 300w, https:\/\/drterziler.com\/wp-content\/uploads\/2024\/09\/HAIR-NAIL-KOKTEYL-1-1024x576.webp 1024w, https:\/\/drterziler.com\/wp-content\/uploads\/2024\/09\/HAIR-NAIL-KOKTEYL-1-768x432.webp 768w, https:\/\/drterziler.com\/wp-content\/uploads\/2024\/09\/HAIR-NAIL-KOKTEYL-1-1536x864.webp 1536w\" sizes=\"auto, (max-width: 1920px) 100vw, 1920px\">\n        <\/div>\n<div>\n<div>\n<h2 class=\"h2-header\">Effet dopant : Elixir de puissance pour les cheveux et les ongles<\/h2>\n<\/p><\/div>\n<div>\n<p class=\"p-text\">Hair Nail Cocktail cr\u00e9e un effet dopant pour vos cheveux et vos ongles. Ce m\u00e9lange sp\u00e9cial est formul\u00e9 avec des vitamines et des min\u00e9raux naturels qui nourrissent et renforcent les racines des cheveux tout en rendant les ongles plus forts et plus lisses. Gr\u00e2ce \u00e0 sa teneur \u00e9lev\u00e9e en zinc, en vitamines B et en biotine, vous pouvez retrouver l&#039;\u00e9clat de vos cheveux et augmenter la durabilit\u00e9 de vos ongles.<\/p>\n<\/p><\/div>\n<\/p><\/div>\n<div>\n<div>\n<h2 class=\"h2-header\">Elixir de beaut\u00e9 au zinc et \u00e0 la biotine<\/h2>\n<\/p><\/div>\n<div>\n<p class=\"p-text\">Ce cocktail unique est source de vitalit\u00e9 et de beaut\u00e9, notamment gr\u00e2ce \u00e0 sa teneur \u00e9lev\u00e9e en zinc, en vitamines B et en biotine. Alors que le zinc renforce les racines des cheveux, la biotine am\u00e9liore la qualit\u00e9 des m\u00e8ches et renforce les ongles cassants. Les vitamines B, quant \u00e0 elles, pr\u00e9servent la sant\u00e9 du cuir chevelu et du lit de l&#039;ongle, r\u00e9v\u00e9lant ainsi la beaut\u00e9 naturelle de vos cheveux et de vos ongles.<\/p>\n<\/p><\/div>\n<\/p><\/div>\n<div>\n<div>\n<h2 class=\"h2-header\">Bouclier naturel pour les cheveux et les ongles<\/h2>\n<\/p><\/div>\n<div>\n<p class=\"p-text\">Hair Nail Cocktail peut \u00e9galement \u00eatre efficace pour traiter les affections cutan\u00e9es telles que le psoriasis et l&#039;ecz\u00e9ma. Ce m\u00e9lange renforce la barri\u00e8re naturelle de la peau, r\u00e9duit les irritations et apaise le cuir chevelu. Formul\u00e9 \u00e0 partir d&#039;ingr\u00e9dients naturels, ce cocktail apporte l&#039;hydratation dont votre peau a besoin et prot\u00e8ge les follicules pileux contre les dommages caus\u00e9s par l&#039;environnement.<\/p>\n<\/p><\/div>\n<\/p><\/div>\n<div>\n<div>\n<h2 class=\"h2-header\">Pour des cheveux forts et des ongles lisses<\/h2>\n<\/p><\/div>\n<div>\n<p class=\"p-text\">Les ongles et les cheveux sont expos\u00e9s \u00e0 des facteurs externes dommageables tout au long de la journ\u00e9e. Ils ont donc besoin de soins r\u00e9guliers. Hair Nail Cocktail est id\u00e9alement con\u00e7u pour les soins d\u00e9licats dont les cheveux et les ongles ont besoin. Utilis\u00e9 r\u00e9guli\u00e8rement, ce m\u00e9lange donne du volume \u00e0 vos cheveux et durcit vos ongles. Tous les nutriments dont vous avez besoin pour des cheveux et des ongles sains, forts et lisses vous attendent dans ce cocktail.<\/p>\n<\/p><\/div>\n<\/p><\/div>\n<div>\n<div>\n<h2 class=\"h2-header\">Prendre des pr\u00e9cautions avant qu&#039;il ne soit trop tard<\/h2>\n<\/p><\/div>\n<div>\n<p class=\"p-text\">Commencez d\u00e8s aujourd&#039;hui pour \u00e9viter les probl\u00e8mes \u00e0 l&#039;avenir ; donnez \u00e0 vos cheveux et \u00e0 vos ongles la force qu&#039;ils m\u00e9ritent avec Hair Nail Cocktail.<\/p>\n<\/p><\/div>\n<\/p><\/div>\n<\/p><\/div>\n<\/section>\n","protected":false},"excerpt":{"rendered":"<p>Traitement Cocktail Cheveux Ongles Dr. Terziler Exclusive Clinic \u00bb Traitement des cheveux \u00bb Traitement Cocktail Cheveux Ongles Table des mati\u00e8res Effet dopant : Elixir de puissance pour les cheveux et les ongles Hair Nail Cocktail cr\u00e9e un effet dopant pour vos cheveux et vos ongles. Ce m\u00e9lange sp\u00e9cial est formul\u00e9 avec des vitamines et des [&hellip;]<\/p>\n","protected":false},"author":6,"featured_media":4927,"parent":2706,"menu_order":0,"comment_status":"closed","ping_status":"closed","template":"","meta":{"footnotes":""},"class_list":["post-2714","page","type-page","status-publish","has-post-thumbnail","hentry"],"_links":{"self":[{"href":"https:\/\/drterziler.com\/fr\/wp-json\/wp\/v2\/pages\/2714","targetHints":{"allow":["GET"]}}],"collection":[{"href":"https:\/\/drterziler.com\/fr\/wp-json\/wp\/v2\/pages"}],"about":[{"href":"https:\/\/drterziler.com\/fr\/wp-json\/wp\/v2\/types\/page"}],"author":[{"embeddable":true,"href":"https:\/\/drterziler.com\/fr\/wp-json\/wp\/v2\/users\/6"}],"replies":[{"embeddable":true,"href":"https:\/\/drterziler.com\/fr\/wp-json\/wp\/v2\/comments?post=2714"}],"version-history":[{"count":21,"href":"https:\/\/drterziler.com\/fr\/wp-json\/wp\/v2\/pages\/2714\/revisions"}],"predecessor-version":[{"id":62133,"href":"https:\/\/drterziler.com\/fr\/wp-json\/wp\/v2\/pages\/2714\/revisions\/62133"}],"up":[{"embeddable":true,"href":"https:\/\/drterziler.com\/fr\/wp-json\/wp\/v2\/pages\/2706"}],"wp:featuredmedia":[{"embeddable":true,"href":"https:\/\/drterziler.com\/fr\/wp-json\/wp\/v2\/media\/4927"}],"wp:attachment":[{"href":"https:\/\/drterziler.com\/fr\/wp-json\/wp\/v2\/media?parent=2714"}],"curies":[{"name":"wp","href":"https:\/\/api.w.org\/{rel}","templated":true}]}}