{"id":2716,"date":"2024-08-12T20:00:03","date_gmt":"2024-08-12T20:00:03","guid":{"rendered":"https:\/\/drterziler.com\/traitement-des-cheveux\/test-tricho\/"},"modified":"2026-02-27T17:01:36","modified_gmt":"2026-02-27T17:01:36","slug":"test-tricho","status":"publish","type":"page","link":"https:\/\/drterziler.com\/fr\/traitement-des-cheveux\/test-tricho\/","title":{"rendered":"Test Tricho"},"content":{"rendered":"<div class=\"page-content\">\n<div id=\"header-area\">\n<div class=\"container\" id=\"firstContent\">\n<div class=\"header-content d-flex flex-column\">\n<h1 class=\"content-title h1-header\">Test Tricho<\/h1>\n<div class=\"content-paragraph\">\n<p class=\"p-text\">\n<\/p><\/div>\n<nav aria-label=\"breadcrumb\" class=\"breadcrumbs\">\n<ul class=\"d-flex align-items-center mb-0\">\n<li><a class=\"link\" href=\"https:\/\/drterziler.com\/fr\/\"><span>Dr. Terziler Exclusive Clinic<\/span><\/a><\/li>\n<li class=\"separator\">\u00bb<\/li>\n<li><a class=\"link\" href=\"https:\/\/drterziler.com\/fr\/traitement-des-cheveux\/\"><span>Traitement des cheveux<\/span><\/a><\/li>\n<li class=\"separator\">\u00bb<\/li>\n<li class=\"current-page\"><span>Test Tricho<\/span><\/li>\n<\/ul>\n<\/nav><\/div>\n<\/p><\/div>\n<\/p><\/div>\n<\/div>\n<section id=\"content-area\">\n<div class=\"container my-5\">\n<div class=\"row align-items-start\">\n<div class=\"col-md-6 order-2 order-md-1\">\n<div class=\"custom-toc-box\">\n<div id=\"toc-header\">\n<h4>Table des mati\u00e8res<\/h4>\n<div class=\"toc-toggle-icon\"><\/div>\n<\/p><\/div>\n<div class=\"toc-full-divider\"><\/div>\n<div id=\"toc-body\">\n<div id=\"toc-container\"><\/div>\n<\/p><\/div>\n<\/p><\/div>\n<\/p><\/div>\n<div class=\"col-md-6 order-1 order-md-2\" id=\"jForm\">\n                <script type=\"text\/javascript\" src=\"https:\/\/form.jotform.com\/jsform\/242882407646969\"><\/script>\n            <\/div>\n<\/p><\/div>\n<\/p><\/div>\n<div class=\"container\">\n<div class=\"img-thumb\">\n            <img loading=\"lazy\" decoding=\"async\" src=\"https:\/\/drterziler.com\/wp-content\/uploads\/2025\/04\/Tricho-Test.webp\" sizes=\"auto, (max-width: 1140px) 100vw, 1140px\" srcset=\"https:\/\/drterziler.com\/wp-content\/uploads\/2025\/04\/Tricho-Test.webp 1140w, https:\/\/drterziler.com\/wp-content\/uploads\/2025\/04\/Tricho-Test-300x169.webp 300w, https:\/\/drterziler.com\/wp-content\/uploads\/2025\/04\/Tricho-Test-1024x576.webp 1024w, https:\/\/drterziler.com\/wp-content\/uploads\/2025\/04\/Tricho-Test-768x432.webp 768w\" alt=\"\" width=\"1140\" height=\"641\">\n        <\/div>\n<div>\n<div>\n<h2 class=\"h2-header\">Pr\u00e9venir la chute g\u00e9n\u00e9tique des cheveux<\/h2>\n<\/p><\/div>\n<div>\n<p class=\"p-text\">Avec le test Tricho, l&#039;un des d\u00e9veloppements les plus importants de ces derni\u00e8res ann\u00e9es dans le domaine des traitements capillaires, il est d\u00e9sormais possible de mettre au point un traitement capillaire personnalis\u00e9 bas\u00e9 sur la g\u00e9n\u00e9tique d&#039;un individu. Pour les hommes et les femmes confront\u00e9s \u00e0 des probl\u00e8mes de perte de cheveux d&#039;origine g\u00e9n\u00e9tique, le test Tricho d\u00e9termine exactement ce dont les cheveux ont besoin pour se d\u00e9velopper. En r\u00e9pondant \u00e0 ces besoins sp\u00e9cifiques, la qualit\u00e9 et la quantit\u00e9 des cheveux peuvent \u00eatre augment\u00e9es, et les cheveux peuvent m\u00eame \u00eatre revitalis\u00e9s sans intervention chirurgicale.<\/p>\n<\/p><\/div>\n<\/p><\/div>\n<div>\n<div>\n<h2 class=\"h2-header\">Comment l&#039;analyse g\u00e9n\u00e9tique est-elle effectu\u00e9e ?<\/h2>\n<\/p><\/div>\n<div>\n<p class=\"p-text\">Ce processus commence par l&#039;envoi d&#039;un \u00e9chantillon d&#039;\u00e9couvillon pr\u00e9lev\u00e9 dans la bouche de la personne \u00e0 des laboratoires g\u00e9n\u00e9tiques de pointe en Espagne. L&#039;analyse de 50 ADN diff\u00e9rents permet d&#039;obtenir des informations d\u00e9taill\u00e9es sur la structure des cheveux.<\/p>\n<\/p><\/div>\n<\/p><\/div>\n<div>\n<div>\n<h2 class=\"h2-header\">Formule de s\u00e9rum personnalis\u00e9e pour votre structure capillaire<\/h2>\n<\/p><\/div>\n<div>\n<p class=\"p-text\">Sur la base des r\u00e9sultats de laboratoire, les d\u00e9ficiences de votre structure capillaire sont identifi\u00e9es. Tous les facteurs d\u00e9clenchant la chute des cheveux sont examin\u00e9s en profondeur. \u00c0 la lumi\u00e8re de ces informations, le processus de traitement commence par un s\u00e9rum formul\u00e9 sp\u00e9cifiquement pour vous.<\/p>\n<\/p><\/div>\n<\/p><\/div>\n<div>\n<div>\n<h2 class=\"h2-header\">Solutions permanentes avec le test Tricho<\/h2>\n<\/p><\/div>\n<div>\n<p class=\"p-text\">Si vous recherchez une approche scientifique et personnalis\u00e9e de la perte de cheveux, le Tricho Test est fait pour vous. Un parcours personnalis\u00e9 appuy\u00e9 par des donn\u00e9es scientifiques vous attend \u00e0 chaque \u00e9tape de votre traitement.<\/p>\n<\/p><\/div>\n<\/p><\/div>\n<\/p><\/div>\n<\/section>\n","protected":false},"excerpt":{"rendered":"<p>Test Tricho Dr. Terziler Exclusive Clinic \u00bb Traitement des cheveux \u00bb Test Tricho Table des mati\u00e8res Pr\u00e9venir la chute g\u00e9n\u00e9tique des cheveux Avec le test Tricho, l&#039;un des d\u00e9veloppements les plus importants de ces derni\u00e8res ann\u00e9es dans le domaine des traitements capillaires, il est d\u00e9sormais possible de mettre au point un traitement capillaire personnalis\u00e9 bas\u00e9 [&hellip;]<\/p>\n","protected":false},"author":6,"featured_media":4951,"parent":2706,"menu_order":0,"comment_status":"closed","ping_status":"closed","template":"","meta":{"footnotes":""},"class_list":["post-2716","page","type-page","status-publish","has-post-thumbnail","hentry"],"_links":{"self":[{"href":"https:\/\/drterziler.com\/fr\/wp-json\/wp\/v2\/pages\/2716","targetHints":{"allow":["GET"]}}],"collection":[{"href":"https:\/\/drterziler.com\/fr\/wp-json\/wp\/v2\/pages"}],"about":[{"href":"https:\/\/drterziler.com\/fr\/wp-json\/wp\/v2\/types\/page"}],"author":[{"embeddable":true,"href":"https:\/\/drterziler.com\/fr\/wp-json\/wp\/v2\/users\/6"}],"replies":[{"embeddable":true,"href":"https:\/\/drterziler.com\/fr\/wp-json\/wp\/v2\/comments?post=2716"}],"version-history":[{"count":17,"href":"https:\/\/drterziler.com\/fr\/wp-json\/wp\/v2\/pages\/2716\/revisions"}],"predecessor-version":[{"id":57733,"href":"https:\/\/drterziler.com\/fr\/wp-json\/wp\/v2\/pages\/2716\/revisions\/57733"}],"up":[{"embeddable":true,"href":"https:\/\/drterziler.com\/fr\/wp-json\/wp\/v2\/pages\/2706"}],"wp:featuredmedia":[{"embeddable":true,"href":"https:\/\/drterziler.com\/fr\/wp-json\/wp\/v2\/media\/4951"}],"wp:attachment":[{"href":"https:\/\/drterziler.com\/fr\/wp-json\/wp\/v2\/media?parent=2716"}],"curies":[{"name":"wp","href":"https:\/\/api.w.org\/{rel}","templated":true}]}}