{"id":2718,"date":"2024-08-12T14:21:52","date_gmt":"2024-08-12T14:21:52","guid":{"rendered":"https:\/\/drterziler.com\/longevite\/"},"modified":"2026-04-21T12:20:01","modified_gmt":"2026-04-21T12:20:01","slug":"longevite","status":"publish","type":"page","link":"https:\/\/drterziler.com\/fr\/longevite\/","title":{"rendered":"Long\u00e9vit\u00e9"},"content":{"rendered":"<div class=\"page-content category-class\">\n<div id=\"header-area\">\n<div class=\"container\" id=\"firstContent\">\n<div class=\"header-content d-flex flex-column\">\n<h1 class=\"content-title\">Long\u00e9vit\u00e9<\/h1>\n<div class=\"content-paragraph\">\n<p>La long\u00e9vit\u00e9 procure rajeunissement et sant\u00e9 en r\u00e9parant le corps de l&rsquo;int\u00e9rieur et de l&rsquo;ext\u00e9rieur. L&rsquo;\u00c9lixir de Jeunesse am\u00e9liore l&rsquo;efficacit\u00e9 physique, mentale et sexuelle en augmentant l&rsquo;\u00e9nergie et la force. Le Glutathion et la Vitamine C d\u00e9toxifient le corps, am\u00e9liorant les fonctions cognitives et soutenant la r\u00e9g\u00e9n\u00e9ration cellulaire. L&rsquo;Ozonoth\u00e9rapie favorise la r\u00e9g\u00e9n\u00e9ration des tissus gr\u00e2ce \u00e0 des niveaux d&rsquo;oxyg\u00e8ne \u00e9lev\u00e9s. La th\u00e9rapie NAD augmente la production d&rsquo;\u00e9nergie cellulaire, apportant rajeunissement et vitalit\u00e9. Le Cocktail de Myer comble les carences en vitamines et procure une clart\u00e9 mentale.<\/p>\n<\/p><\/div>\n<nav aria-label=\"breadcrumb\" class=\"breadcrumbs\">\n<ul class=\"d-flex align-items-center mb-0\">\n<li><a class=\"link\" href=\"https:\/\/drterziler.com\/fr\/\"><span>Dr. Terziler<\/span><\/a><\/li>\n<li class=\"separator\">\u00bb<\/li>\n<li class=\"current-page\"><span>Long\u00e9vit\u00e9<\/span><\/li>\n<\/ul>\n<\/nav><\/div>\n<\/p><\/div>\n<\/p><\/div>\n<\/div>\n<section class=\"svc-section\">\n<div class=\"container\">\n<div class=\"svc-item right-card\">\n<div class=\"svc-media\">\n                <img decoding=\"async\" src=\"https:\/\/drterziler.com\/wp-content\/uploads\/2025\/04\/Elixir-of-Youth.webp\" alt=\"\u00c9lixir de Jeunesse\" loading=\"lazy\" class=\"cat-img\">\n            <\/div>\n<div class=\"svc-card\">\n<h3 class=\"svc-title gilda\">\u00c9lixir de Jeunesse<\/h3>\n<p class=\"svc-text barlow\">\n                    Il s&rsquo;agit d&rsquo;un protocole o\u00f9 un m\u00e9lange miraculeux est inject\u00e9 dans le corps, le rajeunissant int\u00e9rieurement et ext\u00e9rieurement, potentiellement jusqu&rsquo;\u00e0 15 ans. Ce s\u00e9rum miraculeux fournit une source presque in\u00e9puisable d&rsquo;\u00e9nergie et de force, maximisant les performances physiques, mentales et sexuelles. Il facilite la prise de muscle et une perte de poids saine tout en maintenant la confiance et la motivation \u00e0 leur apog\u00e9e.\n                <\/p>\n<p>                <a class=\"btn-details barlow-condensed\" href=\"https:\/\/drterziler.com\/fr\/longevite\/golden-vial\/\">D\u00c9TAILS<\/a>\n            <\/div>\n<\/p><\/div>\n<div class=\"svc-item left-card\">\n<div class=\"svc-media\">\n                <img decoding=\"async\" src=\"https:\/\/drterziler.com\/wp-content\/uploads\/2025\/04\/glutatyon.webp\" alt=\"Glutathion &amp; Vitamine C\" loading=\"lazy\" class=\"cat-img\">\n            <\/div>\n<div class=\"svc-card\">\n<h3 class=\"svc-title gilda\">Glutathion &amp; Vitamine C<\/h3>\n<p class=\"svc-text barlow\">\n                    L&rsquo;enzyme glutathion, qui d\u00e9toxifie le corps du cancer et de toutes les autres substances toxiques, est associ\u00e9e \u00e0 la vitamine C pour fournir une source incroyable d&rsquo;\u00e9nergie et d&rsquo;immunit\u00e9. Cette combinaison puissante am\u00e9liore les fonctions cognitives, cr\u00e9ant un esprit clair et actif. Elle soutient la r\u00e9g\u00e9n\u00e9ration cellulaire et retarde le processus de vieillissement.\n                <\/p>\n<p>                <a class=\"btn-details barlow-condensed\" href=\"https:\/\/drterziler.com\/fr\/longevite\/glutathion-et-vitamine-c\/\">D\u00c9TAILS<\/a>\n            <\/div>\n<\/p><\/div>\n<div class=\"svc-item right-card\">\n<div class=\"svc-media\">\n                <img decoding=\"async\" src=\"https:\/\/drterziler.com\/wp-content\/uploads\/2025\/04\/10x-Ozone-Therapy.webp\" alt=\"Ozonoth\u00e9rapie 10x\" loading=\"lazy\" class=\"cat-img\">\n            <\/div>\n<div class=\"svc-card\">\n<h3 class=\"svc-title gilda\">Ozonoth\u00e9rapie 10x<\/h3>\n<p class=\"svc-text barlow\">\n                    Gr\u00e2ce \u00e0 des appareils de pointe, cette th\u00e9rapie d\u00e9livre les b\u00e9n\u00e9fices de 10 s\u00e9ances en une seule, offrant des effets miraculeux avec une efficacit\u00e9 temporelle maximale. L&rsquo;ozonoth\u00e9rapie initie une r\u00e9g\u00e9n\u00e9ration tissulaire compl\u00e8te en \u00e9levant les niveaux d&rsquo;oxyg\u00e8ne dans le sang, cr\u00e9ant un effet de dopage naturel dans le corps gr\u00e2ce \u00e0 l&rsquo;\u00e9nergie et \u00e0 la vitalit\u00e9 qu&rsquo;elle procure.\n                <\/p>\n<p>                <a class=\"btn-details barlow-condensed\" href=\"https:\/\/drterziler.com\/fr\/longevite\/therapie-par-lozone\/\">D\u00c9TAILS<\/a>\n            <\/div>\n<\/p><\/div>\n<div class=\"svc-item left-card\">\n<div class=\"svc-media\">\n                <img decoding=\"async\" src=\"https:\/\/drterziler.com\/wp-content\/uploads\/2025\/04\/NAD.webp\" alt=\"NAD\" loading=\"lazy\" class=\"cat-img\">\n            <\/div>\n<div class=\"svc-card\">\n<h3 class=\"svc-title gilda\">NAD<\/h3>\n<p class=\"svc-text barlow\">\n                    La th\u00e9rapie NAD, qui am\u00e9liore la production d&rsquo;\u00e9nergie de haute qualit\u00e9 dans les cellules, procure vitalit\u00e9 et agilit\u00e9. C&rsquo;est une m\u00e9thode compl\u00e9mentaire qui am\u00e9liore le fonctionnement des syst\u00e8mes du corps. \u00c0 mesure que les niveaux d&rsquo;\u00e9nergie augmentent, le corps subit une r\u00e9paration et un rajeunissement cellulaires, am\u00e9liorant ainsi la qualit\u00e9 de vie.\n                <\/p>\n<p>                <a class=\"btn-details barlow-condensed\" href=\"https:\/\/drterziler.com\/fr\/longevite\/nad\/\">D\u00c9TAILS<\/a>\n            <\/div>\n<\/p><\/div>\n<div class=\"svc-item right-card\">\n<div class=\"svc-media\">\n                <img decoding=\"async\" src=\"https:\/\/drterziler.com\/wp-content\/uploads\/2025\/04\/Myers-Cocktail.webp\" alt=\"Cocktail de Myers\" loading=\"lazy\" class=\"cat-img\">\n            <\/div>\n<div class=\"svc-card\">\n<h3 class=\"svc-title gilda\">Cocktail de Myers<\/h3>\n<p class=\"svc-text barlow\">\n                    Il est d\u00e9fini comme une th\u00e9rapie vitaminique utilis\u00e9e pour traiter la fatigue persistante, les douleurs de fibromyalgie, la d\u00e9pression et diverses autres conditions. Ce s\u00e9rum sp\u00e9cial, qui combine des complexes de vitamines B, de la vitamine C et du chlorure de magn\u00e9sium, est administr\u00e9 directement dans la circulation sanguine, rendant le corps plus dynamique et \u00e9nergis\u00e9 tout en am\u00e9liorant la clart\u00e9 mentale.\n                <\/p>\n<p>                <a class=\"btn-details barlow-condensed\" href=\"https:\/\/drterziler.com\/fr\/longevite\/cocktail-de-myer\/\">D\u00c9TAILS<\/a>\n            <\/div>\n<\/p><\/div>\n<\/p><\/div>\n<\/section>\n","protected":false},"excerpt":{"rendered":"<p>Long\u00e9vit\u00e9 La long\u00e9vit\u00e9 procure rajeunissement et sant\u00e9 en r\u00e9parant le corps de l&rsquo;int\u00e9rieur et de l&rsquo;ext\u00e9rieur. L&rsquo;\u00c9lixir de Jeunesse am\u00e9liore l&rsquo;efficacit\u00e9 physique, mentale et sexuelle en augmentant l&rsquo;\u00e9nergie et la force. Le Glutathion et la Vitamine C d\u00e9toxifient le corps, am\u00e9liorant les fonctions cognitives et soutenant la r\u00e9g\u00e9n\u00e9ration cellulaire. L&rsquo;Ozonoth\u00e9rapie favorise la r\u00e9g\u00e9n\u00e9ration des tissus [&hellip;]<\/p>\n","protected":false},"author":6,"featured_media":62212,"parent":0,"menu_order":0,"comment_status":"closed","ping_status":"closed","template":"","meta":{"footnotes":""},"class_list":["post-2718","page","type-page","status-publish","has-post-thumbnail","hentry"],"_links":{"self":[{"href":"https:\/\/drterziler.com\/fr\/wp-json\/wp\/v2\/pages\/2718","targetHints":{"allow":["GET"]}}],"collection":[{"href":"https:\/\/drterziler.com\/fr\/wp-json\/wp\/v2\/pages"}],"about":[{"href":"https:\/\/drterziler.com\/fr\/wp-json\/wp\/v2\/types\/page"}],"author":[{"embeddable":true,"href":"https:\/\/drterziler.com\/fr\/wp-json\/wp\/v2\/users\/6"}],"replies":[{"embeddable":true,"href":"https:\/\/drterziler.com\/fr\/wp-json\/wp\/v2\/comments?post=2718"}],"version-history":[{"count":17,"href":"https:\/\/drterziler.com\/fr\/wp-json\/wp\/v2\/pages\/2718\/revisions"}],"predecessor-version":[{"id":59529,"href":"https:\/\/drterziler.com\/fr\/wp-json\/wp\/v2\/pages\/2718\/revisions\/59529"}],"wp:featuredmedia":[{"embeddable":true,"href":"https:\/\/drterziler.com\/fr\/wp-json\/wp\/v2\/media\/62212"}],"wp:attachment":[{"href":"https:\/\/drterziler.com\/fr\/wp-json\/wp\/v2\/media?parent=2718"}],"curies":[{"name":"wp","href":"https:\/\/api.w.org\/{rel}","templated":true}]}}