{"id":2720,"date":"2024-08-12T14:45:48","date_gmt":"2024-08-12T14:45:48","guid":{"rendered":"https:\/\/drterziler.com\/longevite\/glutathion-et-vitamine-c\/"},"modified":"2026-04-06T11:49:29","modified_gmt":"2026-04-06T11:49:29","slug":"glutathion-et-vitamine-c","status":"publish","type":"page","link":"https:\/\/drterziler.com\/fr\/longevite\/glutathion-et-vitamine-c\/","title":{"rendered":"Glutathion et vitamine C"},"content":{"rendered":"<div class=\"page-content\">\n<div id=\"header-area\">\n<div class=\"container\" id=\"firstContent\">\n<div class=\"header-content d-flex flex-column\">\n<h1 class=\"content-title h1-header\">Glutathion et vitamine C<\/h1>\n<div class=\"content-paragraph\">\n<p class=\"p-text\">La th\u00e9rapie au glutathion est un puissant traitement de m\u00e9decine compl\u00e9mentaire con\u00e7u pour rajeunir votre corps en combinant les bienfaits du glutathion et de la vitamine C. Cette th\u00e9rapie est connue pour ses propri\u00e9t\u00e9s d\u00e9toxifiantes, son soutien au syst\u00e8me immunitaire et ses bienfaits en mati\u00e8re de r\u00e9g\u00e9n\u00e9ration cellulaire. En agissant comme un \u00ab nettoyeur de d\u00e9chets \u00bb pour votre corps, elle aide \u00e0 \u00e9liminer les substances toxiques et renforce votre m\u00e9tabolisme, favorisant ainsi la sant\u00e9 et la vitalit\u00e9 g\u00e9n\u00e9rales.<\/p>\n<\/p><\/div>\n<nav aria-label=\"breadcrumb\" class=\"breadcrumbs\">\n<ul class=\"d-flex align-items-center mb-0\">\n<li><a class=\"link\" href=\"https:\/\/drterziler.com\/fr\/\"><span>Dr. Terziler Exclusive Clinic<\/span><\/a><\/li>\n<li class=\"separator\">\u00bb<\/li>\n<li><a class=\"link\" href=\"https:\/\/drterziler.com\/fr\/longevite\/\"><span>Long\u00e9vit\u00e9<\/span><\/a><\/li>\n<li class=\"separator\">\u00bb<\/li>\n<li class=\"current-page\"><span>Glutathion et vitamine C<\/span><\/li>\n<\/ul>\n<\/nav><\/div>\n<\/p><\/div>\n<\/p><\/div>\n<\/div>\n<section id=\"content-area\">\n<div class=\"container my-5\">\n<div class=\"row align-items-start\">\n<div class=\"col-md-6 order-2 order-md-1\">\n<div class=\"custom-toc-box\">\n<div id=\"toc-header\">\n<h4>Table des mati\u00e8res<\/h4>\n<div class=\"toc-toggle-icon\"><\/div>\n<\/p><\/div>\n<div class=\"toc-full-divider\"><\/div>\n<div id=\"toc-body\">\n<div id=\"toc-container\"><\/div>\n<\/p><\/div>\n<\/p><\/div>\n<\/p><\/div>\n<div class=\"col-md-6 order-1 order-md-2\" id=\"jForm\">\n                <script type=\"text\/javascript\" src=\"https:\/\/form.jotform.com\/jsform\/242882407646969\"><\/script>\n            <\/div>\n<\/p><\/div>\n<\/p><\/div>\n<div class=\"container\">\n<div class=\"img-thumb\">\n            <img loading=\"lazy\" decoding=\"async\" width=\"1140\" height=\"641\" src=\"https:\/\/drterziler.com\/wp-content\/uploads\/2025\/04\/glutatyon.webp\" alt=\"\" srcset=\"https:\/\/drterziler.com\/wp-content\/uploads\/2025\/04\/glutatyon.webp 1140w, https:\/\/drterziler.com\/wp-content\/uploads\/2025\/04\/glutatyon-300x169.webp 300w, https:\/\/drterziler.com\/wp-content\/uploads\/2025\/04\/glutatyon-1024x576.webp 1024w, https:\/\/drterziler.com\/wp-content\/uploads\/2025\/04\/glutatyon-768x432.webp 768w\" sizes=\"auto, (max-width: 1140px) 100vw, 1140px\">\n        <\/div>\n<div>\n<div>\n<h2 class=\"h2-header\">Qu&#039;est-ce que la th\u00e9rapie au glutathion C ?<\/h2>\n<\/p><\/div>\n<div>\n<p class=\"p-text\">La th\u00e9rapie au glutathion C int\u00e8gre deux \u00e9l\u00e9ments cl\u00e9s : Glutathion : Souvent appel\u00e9 \u00ab antioxydant principal \u00bb de l&#039;organisme, le glutathion joue un r\u00f4le crucial dans la gestion du syst\u00e8me immunitaire et la d\u00e9toxification des substances nocives. Vitamine C : Un antioxydant puissant qui soutient la fonction immunitaire, prot\u00e8ge contre le stress oxydatif et aide \u00e0 la r\u00e9g\u00e9n\u00e9ration cellulaire.<\/p>\n<\/p><\/div>\n<\/p><\/div>\n<div>\n<div>\n<h2 class=\"h2-header\">Avantages de la th\u00e9rapie au glutathion C<\/h2>\n<\/p><\/div>\n<div>\n<p class=\"p-text\">D\u00e9sintoxication : Purifie l&#039;organisme en \u00e9liminant les toxines, de la m\u00eame mani\u00e8re qu&#039;un antirouille agit sur les machines. Soutien immunitaire : Renforce le syst\u00e8me immunitaire, am\u00e9liorant la capacit\u00e9 de l&#039;organisme \u00e0 lutter contre les maladies. Jeunesse et sant\u00e9 : Favorise un m\u00e9tabolisme robuste et soutient la sant\u00e9 et la vitalit\u00e9 g\u00e9n\u00e9rales. R\u00e9g\u00e9n\u00e9ration cellulaire : Aide \u00e0 la r\u00e9paration et \u00e0 la r\u00e9g\u00e9n\u00e9ration des cellules, contribuant ainsi \u00e0 une apparence plus jeune.<\/p>\n<\/p><\/div>\n<\/p><\/div>\n<div>\n<div>\n<h2 class=\"h2-header\">Comment fonctionne la th\u00e9rapie au glutathion C<\/h2>\n<\/p><\/div>\n<div>\n<p class=\"p-text\">La th\u00e9rapie est administr\u00e9e sous forme d&#039;une s\u00e9rie de 5 s\u00e9ances, \u00e0 raison d&#039;une s\u00e9ance par semaine. Ce r\u00e9gime est con\u00e7u pour fournir un soutien et un rajeunissement continus. Les effets combin\u00e9s du glutathion et de la vitamine C agissent en synergie pour activer et renforcer le syst\u00e8me immunitaire, offrant ainsi une approche globale du maintien de la sant\u00e9 et du bien-\u00eatre.<\/p>\n<\/p><\/div>\n<\/p><\/div>\n<div>\n<div>\n<h2 class=\"h2-header\">Candidats id\u00e9aux pour la th\u00e9rapie au glutathion C<\/h2>\n<\/p><\/div>\n<div>\n<p class=\"p-text\">Cette th\u00e9rapie est recommand\u00e9e aux personnes qui sont g\u00e9n\u00e9ralement en bonne sant\u00e9 et qui cherchent \u00e0 renforcer leur syst\u00e8me immunitaire, \u00e0 d\u00e9sintoxiquer leur corps et \u00e0 am\u00e9liorer leur bien-\u00eatre g\u00e9n\u00e9ral. Il est conseill\u00e9 de suivre cette th\u00e9rapie une fois par an dans le cadre d&#039;un programme d&#039;entretien r\u00e9gulier de la sant\u00e9.<\/p>\n<\/p><\/div>\n<\/p><\/div>\n<div>\n<div>\n<h2 class=\"h2-header\">R\u00e9servez d\u00e8s aujourd&#039;hui votre th\u00e9rapie au glutathion C !<\/h2>\n<\/p><\/div>\n<div>\n<p class=\"p-text\">D\u00e9couvrez les effets revitalisants de la th\u00e9rapie au glutathion chez Dr. Terziler Exclusive Hair Clinic. Notre \u00e9quipe d&#039;experts est pr\u00eate \u00e0 vous aider \u00e0 d\u00e9toxifier et \u00e0 renforcer votre corps pour vous rendre plus sain et plus dynamique.<\/p>\n<\/p><\/div>\n<\/p><\/div>\n<\/p><\/div>\n<\/section>\n","protected":false},"excerpt":{"rendered":"<p>Glutathion et vitamine C La th\u00e9rapie au glutathion est un puissant traitement de m\u00e9decine compl\u00e9mentaire con\u00e7u pour rajeunir votre corps en combinant les bienfaits du glutathion et de la vitamine C. Cette th\u00e9rapie est connue pour ses propri\u00e9t\u00e9s d\u00e9toxifiantes, son soutien au syst\u00e8me immunitaire et ses bienfaits en mati\u00e8re de r\u00e9g\u00e9n\u00e9ration cellulaire. En agissant comme [&hellip;]<\/p>\n","protected":false},"author":6,"featured_media":5062,"parent":2718,"menu_order":0,"comment_status":"closed","ping_status":"closed","template":"","meta":{"footnotes":""},"class_list":["post-2720","page","type-page","status-publish","has-post-thumbnail","hentry"],"_links":{"self":[{"href":"https:\/\/drterziler.com\/fr\/wp-json\/wp\/v2\/pages\/2720","targetHints":{"allow":["GET"]}}],"collection":[{"href":"https:\/\/drterziler.com\/fr\/wp-json\/wp\/v2\/pages"}],"about":[{"href":"https:\/\/drterziler.com\/fr\/wp-json\/wp\/v2\/types\/page"}],"author":[{"embeddable":true,"href":"https:\/\/drterziler.com\/fr\/wp-json\/wp\/v2\/users\/6"}],"replies":[{"embeddable":true,"href":"https:\/\/drterziler.com\/fr\/wp-json\/wp\/v2\/comments?post=2720"}],"version-history":[{"count":21,"href":"https:\/\/drterziler.com\/fr\/wp-json\/wp\/v2\/pages\/2720\/revisions"}],"predecessor-version":[{"id":61369,"href":"https:\/\/drterziler.com\/fr\/wp-json\/wp\/v2\/pages\/2720\/revisions\/61369"}],"up":[{"embeddable":true,"href":"https:\/\/drterziler.com\/fr\/wp-json\/wp\/v2\/pages\/2718"}],"wp:featuredmedia":[{"embeddable":true,"href":"https:\/\/drterziler.com\/fr\/wp-json\/wp\/v2\/media\/5062"}],"wp:attachment":[{"href":"https:\/\/drterziler.com\/fr\/wp-json\/wp\/v2\/media?parent=2720"}],"curies":[{"name":"wp","href":"https:\/\/api.w.org\/{rel}","templated":true}]}}