{"id":2722,"date":"2024-08-12T22:39:00","date_gmt":"2024-08-12T22:39:00","guid":{"rendered":"https:\/\/drterziler.com\/longevite\/golden-vial\/"},"modified":"2026-04-21T13:44:51","modified_gmt":"2026-04-21T13:44:51","slug":"golden-vial","status":"publish","type":"page","link":"https:\/\/drterziler.com\/fr\/longevite\/golden-vial\/","title":{"rendered":"L&rsquo;\u00e9lixir de jeunesse"},"content":{"rendered":"<div class=\"page-content\">\n<div id=\"header-area\">\n<div class=\"container\" id=\"firstContent\">\n<div class=\"header-content d-flex flex-column\">\n<h1 class=\"content-title h1-header\">L&#039;\u00e9lixir de jeunesse<\/h1>\n<div class=\"content-paragraph\">\n<p class=\"p-text\">Il s&#039;agit d&#039;un programme dans lequel un m\u00e9lange miraculeux est inject\u00e9 dans le corps, le r\u00e9parant de l&#039;int\u00e9rieur et de l&#039;ext\u00e9rieur, inversant l&#039;horloge biologique jusqu&#039;\u00e0 15 ans et assurant le rajeunissement. Ce s\u00e9rum miracle, qui procure une \u00e9nergie et une force quasi in\u00e9puisables, maximise l&#039;efficacit\u00e9 physique, mentale et sexuelle. Il facilite la prise de masse musculaire et la perte de poids saine, tout en maintenant la confiance et la motivation au plus haut niveau. Avec ce programme, vous \u00e9liminerez d&#039;un seul coup les effets physiques, cognitifs et psychologiques du vieillissement.<\/p>\n<\/p><\/div>\n<nav aria-label=\"breadcrumb\" class=\"breadcrumbs\">\n<ul class=\"d-flex align-items-center mb-0\">\n<li><a class=\"link\" href=\"https:\/\/drterziler.com\/fr\/\"><span>Dr. Terziler Exclusive Clinic<\/span><\/a><\/li>\n<li class=\"separator\">\u00bb<\/li>\n<li><a class=\"link\" href=\"https:\/\/drterziler.com\/fr\/longevite\/\"><span>Long\u00e9vit\u00e9<\/span><\/a><\/li>\n<li class=\"separator\">\u00bb<\/li>\n<li class=\"current-page\"><span>L&#039;\u00e9lixir de jeunesse<\/span><\/li>\n<\/ul>\n<\/nav><\/div>\n<\/p><\/div>\n<\/p><\/div>\n<\/div>\n<section id=\"content-area\">\n<div class=\"container my-5\">\n<div class=\"row align-items-start\">\n<div class=\"col-md-6 order-2 order-md-1\">\n<div class=\"custom-toc-box\">\n<div id=\"toc-header\">\n<h4>Table des mati\u00e8res<\/h4>\n<div class=\"toc-toggle-icon\"><\/div>\n<\/p><\/div>\n<div class=\"toc-full-divider\"><\/div>\n<div id=\"toc-body\">\n<div id=\"toc-container\"><\/div>\n<\/p><\/div>\n<\/p><\/div>\n<\/p><\/div>\n<div class=\"col-md-6 order-1 order-md-2\" id=\"jForm\">\n                <script type=\"text\/javascript\" src=\"https:\/\/form.jotform.com\/jsform\/242882407646969\"><\/script>\n            <\/div>\n<\/p><\/div>\n<\/p><\/div>\n<div class=\"container\">\n<div class=\"img-thumb\">\n            <img loading=\"lazy\" decoding=\"async\" src=\"https:\/\/drterziler.com\/wp-content\/uploads\/2025\/04\/Elixir-of-Youth.webp\" sizes=\"auto, (max-width: 1140px) 100vw, 1140px\" srcset=\"https:\/\/drterziler.com\/wp-content\/uploads\/2025\/04\/Elixir-of-Youth.webp 1140w, https:\/\/drterziler.com\/wp-content\/uploads\/2025\/04\/Elixir-of-Youth-300x169.webp 300w, https:\/\/drterziler.com\/wp-content\/uploads\/2025\/04\/Elixir-of-Youth-1024x576.webp 1024w, https:\/\/drterziler.com\/wp-content\/uploads\/2025\/04\/Elixir-of-Youth-768x432.webp 768w\" alt=\"\" width=\"1140\" height=\"641\">\n        <\/div>\n<div>\n<div>\n<h2 class=\"h2-header\">Solution miraculeuse pour les maladies chroniques<\/h2>\n<\/p><\/div>\n<div>\n<p class=\"p-text\">Il offre une solution r\u00e9volutionnaire contre les maladies chroniques. Il \u00e9limine en particulier l&#039;insomnie chronique et la fatigue, en vous faisant sentir vigoureux et \u00e9nergique tout au long de la journ\u00e9e. Il met fin au brouillard mental et am\u00e9liore les fonctions cognitives. Les 240 types d&#039;exosomes sp\u00e9cifiques aux organes qu&#039;il contient acc\u00e9l\u00e8rent le renouvellement cellulaire, restructurant votre corps de la t\u00eate aux pieds.<\/p>\n<\/p><\/div>\n<\/p><\/div>\n<div>\n<div>\n<h2 class=\"h2-header\">Augmentation des performances physiques<\/h2>\n<\/p><\/div>\n<div>\n<p class=\"p-text\">Il fournit de l&#039;\u00e9nergie \u00e0 l&#039;organisme, augmentant de mani\u00e8re significative les performances physiques et les niveaux d&#039;\u00e9nergie. Les composants du s\u00e9rum favorisent la prise de masse musculaire et augmentent le taux m\u00e9tabolique du corps. Il am\u00e9liore l&#039;endurance musculaire et la force physique globale, ce qui permet d&#039;accomplir plus efficacement les activit\u00e9s de la vie quotidienne. Gr\u00e2ce \u00e0 l&#039;acc\u00e9l\u00e9ration du m\u00e9tabolisme, il am\u00e9liore les performances de combustion des graisses, ce qui permet d&#039;obtenir une composition corporelle correcte et en bonne sant\u00e9.<\/p>\n<\/p><\/div>\n<\/p><\/div>\n<div>\n<div>\n<h2 class=\"h2-header\">Efficacit\u00e9 mentale et sexuelle<\/h2>\n<\/p><\/div>\n<div>\n<p class=\"p-text\">L&#039;Elixir de jeunesse soutient les fonctions cognitives du cerveau, en renfor\u00e7ant les capacit\u00e9s d&#039;attention, de concentration et de m\u00e9moire. Gr\u00e2ce \u00e0 l&#039;effet positif de ses composants sur les cellules nerveuses, les individus peuvent faire face au stress quotidien plus facilement et leurs performances mentales globales augmentent. La clart\u00e9 mentale influe directement sur le succ\u00e8s d&#039;une personne au travail et dans la vie sociale. Parall\u00e8lement, le traitement augmente les performances sexuelles, ce qui am\u00e9liore consid\u00e9rablement la vie sexuelle des individus. L&#039;Elixir de Jouvence contribue \u00e0 une augmentation de la libido et \u00e0 des fonctions sexuelles optimales en augmentant le niveau d&#039;\u00e9nergie dans le corps. Alors que l&#039;efficacit\u00e9 mentale et sexuelle augmente, le processus d&#039;application confortable rend le traitement plus attrayant.<\/p>\n<\/p><\/div>\n<\/p><\/div>\n<div>\n<div>\n<h2 class=\"h2-header\">Augmentation de la motivation et de la confiance en soi<\/h2>\n<\/p><\/div>\n<div>\n<p class=\"p-text\">Apr\u00e8s l&#039;application, la personne se sent plus forte et plus dynamique, tant physiquement que mentalement. Les niveaux d&#039;\u00e9nergie accrus et un corps renouvel\u00e9 contribuent \u00e0 ce que la personne soit plus motiv\u00e9e et atteigne une confiance en soi maximale dans sa vie sociale et professionnelle. Ces effets permettent \u00e0 la personne d&#039;adopter une attitude plus active et plus r\u00e9ussie dans la vie. Tout au long du processus de traitement, toutes les \u00e9tapes sont planifi\u00e9es avec une approche professionnelle afin d&#039;assurer le confort de la personne et l&#039;ach\u00e8vement rapide de la proc\u00e9dure.<\/p>\n<\/p><\/div>\n<\/p><\/div>\n<div>\n<div>\n<h2 class=\"h2-header\">Y a-t-il une limite d&#039;\u00e2ge ?<\/h2>\n<\/p><\/div>\n<div>\n<p class=\"p-text\">Il n&#039;y a pas de limite d&#039;\u00e2ge sp\u00e9cifique. Comme l&#039;Elixir de jeunesse soutient les processus de renouvellement naturel du corps, il s&#039;adresse \u00e0 tous les groupes d&#039;\u00e2ge. Alors que les jeunes augmentent leurs performances, il apporte sant\u00e9 et vitalit\u00e9 \u00e0 long terme aux personnes \u00e2g\u00e9es ou vieillissantes. Ce s\u00e9rum miraculeux offre des avantages adapt\u00e9s \u00e0 l&#039;\u00e2ge de chacun.<\/p>\n<\/p><\/div>\n<\/p><\/div>\n<div>\n<div>\n<h2 class=\"h2-header\">Y a-t-il des effets secondaires ?<\/h2>\n<\/p><\/div>\n<div>\n<p class=\"p-text\">Le programme n&#039;a pas d&#039;effets secondaires. L&#039;Elixir de jeunesse est appliqu\u00e9 par des \u00e9quipes d&#039;experts dans un cadre clinique, de mani\u00e8re s\u00fbre et confortable. Nous n&#039;utilisons aucun protocole de traitement susceptible d&#039;interf\u00e9rer avec le fonctionnement normal de votre corps.<\/p>\n<\/p><\/div>\n<\/p><\/div>\n<div>\n<div>\n<h2 class=\"h2-header\">Les personnes qui prennent des m\u00e9dicaments ordinaires peuvent-elles prendre l&#039;\u00e9lixir de jouvence ?<\/h2>\n<\/p><\/div>\n<div>\n<p class=\"p-text\">L&#039;utilisation de m\u00e9dicaments r\u00e9guliers ou p\u00e9riodiques ne pose g\u00e9n\u00e9ralement pas de probl\u00e8me. Cependant, certains m\u00e9dicaments peuvent interagir avec le traitement. C&#039;est pourquoi nous tenons compte de tous les aspects de la sant\u00e9 de nos clients, nous \u00e9coutons leurs ant\u00e9c\u00e9dents et, au stade final, nous d\u00e9terminons la voie la plus appropri\u00e9e sous la supervision d&#039;un m\u00e9decin.<\/p>\n<\/p><\/div>\n<\/p><\/div>\n<\/p><\/div>\n<\/section>\n","protected":false},"excerpt":{"rendered":"<p>L&#039;\u00e9lixir de jeunesse Il s&#039;agit d&#039;un programme dans lequel un m\u00e9lange miraculeux est inject\u00e9 dans le corps, le r\u00e9parant de l&#039;int\u00e9rieur et de l&#039;ext\u00e9rieur, inversant l&#039;horloge biologique jusqu&#039;\u00e0 15 ans et assurant le rajeunissement. Ce s\u00e9rum miracle, qui procure une \u00e9nergie et une force quasi in\u00e9puisables, maximise l&#039;efficacit\u00e9 physique, mentale et sexuelle. Il facilite la [&hellip;]<\/p>\n","protected":false},"author":6,"featured_media":5056,"parent":2718,"menu_order":0,"comment_status":"closed","ping_status":"closed","template":"","meta":{"footnotes":""},"class_list":["post-2722","page","type-page","status-publish","has-post-thumbnail","hentry"],"_links":{"self":[{"href":"https:\/\/drterziler.com\/fr\/wp-json\/wp\/v2\/pages\/2722","targetHints":{"allow":["GET"]}}],"collection":[{"href":"https:\/\/drterziler.com\/fr\/wp-json\/wp\/v2\/pages"}],"about":[{"href":"https:\/\/drterziler.com\/fr\/wp-json\/wp\/v2\/types\/page"}],"author":[{"embeddable":true,"href":"https:\/\/drterziler.com\/fr\/wp-json\/wp\/v2\/users\/6"}],"replies":[{"embeddable":true,"href":"https:\/\/drterziler.com\/fr\/wp-json\/wp\/v2\/comments?post=2722"}],"version-history":[{"count":19,"href":"https:\/\/drterziler.com\/fr\/wp-json\/wp\/v2\/pages\/2722\/revisions"}],"predecessor-version":[{"id":62382,"href":"https:\/\/drterziler.com\/fr\/wp-json\/wp\/v2\/pages\/2722\/revisions\/62382"}],"up":[{"embeddable":true,"href":"https:\/\/drterziler.com\/fr\/wp-json\/wp\/v2\/pages\/2718"}],"wp:featuredmedia":[{"embeddable":true,"href":"https:\/\/drterziler.com\/fr\/wp-json\/wp\/v2\/media\/5056"}],"wp:attachment":[{"href":"https:\/\/drterziler.com\/fr\/wp-json\/wp\/v2\/media?parent=2722"}],"curies":[{"name":"wp","href":"https:\/\/api.w.org\/{rel}","templated":true}]}}