{"id":2724,"date":"2024-08-12T14:49:05","date_gmt":"2024-08-12T14:49:05","guid":{"rendered":"https:\/\/drterziler.com\/longevite\/cocktail-de-myer\/"},"modified":"2026-02-27T17:03:47","modified_gmt":"2026-02-27T17:03:47","slug":"cocktail-de-myer","status":"publish","type":"page","link":"https:\/\/drterziler.com\/fr\/longevite\/cocktail-de-myer\/","title":{"rendered":"Cocktail de Myer"},"content":{"rendered":"<div class=\"page-content\">\n<div id=\"header-area\">\n<div class=\"container\" id=\"firstContent\">\n<div class=\"header-content d-flex flex-column\">\n<h1 class=\"content-title h1-header\">Cocktail de Myer<\/h1>\n<div class=\"content-paragraph\">\n<p class=\"p-text\">Il s&#039;agit d&#039;une th\u00e9rapie vitaminique utilis\u00e9e pour le traitement de nombreux maux tels que la fatigue persistante, les douleurs de la fibromyalgie et la d\u00e9pression. Le s\u00e9rum sp\u00e9cial combin\u00e9 \u00e0 des complexes de vitamines B, de la vitamine C et du chlorure de magn\u00e9sium, administr\u00e9 directement dans le sang, rend l&#039;organisme plus dynamique et plus vigoureux tout en apportant une clart\u00e9 mentale.<\/p>\n<\/p><\/div>\n<nav aria-label=\"breadcrumb\" class=\"breadcrumbs\">\n<ul class=\"d-flex align-items-center mb-0\">\n<li><a class=\"link\" href=\"https:\/\/drterziler.com\/fr\/\"><span>Dr. Terziler Exclusive Clinic<\/span><\/a><\/li>\n<li class=\"separator\">\u00bb<\/li>\n<li><a class=\"link\" href=\"https:\/\/drterziler.com\/fr\/longevite\/\"><span>Long\u00e9vit\u00e9<\/span><\/a><\/li>\n<li class=\"separator\">\u00bb<\/li>\n<li class=\"current-page\"><span>Cocktail de Myer<\/span><\/li>\n<\/ul>\n<\/nav><\/div>\n<\/p><\/div>\n<\/p><\/div>\n<\/div>\n<section id=\"content-area\">\n<div class=\"container my-5\">\n<div class=\"row align-items-start\">\n<div class=\"col-md-6 order-2 order-md-1\">\n<div class=\"custom-toc-box\">\n<div id=\"toc-header\">\n<h4>Table des mati\u00e8res<\/h4>\n<div class=\"toc-toggle-icon\"><\/div>\n<\/p><\/div>\n<div class=\"toc-full-divider\"><\/div>\n<div id=\"toc-body\">\n<div id=\"toc-container\"><\/div>\n<\/p><\/div>\n<\/p><\/div>\n<\/p><\/div>\n<div class=\"col-md-6 order-1 order-md-2\" id=\"jForm\">\n                <script type=\"text\/javascript\" src=\"https:\/\/form.jotform.com\/jsform\/242882407646969\"><\/script>\n            <\/div>\n<\/p><\/div>\n<\/p><\/div>\n<div class=\"container\">\n<div class=\"img-thumb\">\n            <img loading=\"lazy\" decoding=\"async\" width=\"1140\" height=\"641\" src=\"https:\/\/drterziler.com\/wp-content\/uploads\/2025\/04\/Myers-Cocktail.webp\" alt=\"\" srcset=\"https:\/\/drterziler.com\/wp-content\/uploads\/2025\/04\/Myers-Cocktail.webp 1140w, https:\/\/drterziler.com\/wp-content\/uploads\/2025\/04\/Myers-Cocktail-300x169.webp 300w, https:\/\/drterziler.com\/wp-content\/uploads\/2025\/04\/Myers-Cocktail-1024x576.webp 1024w, https:\/\/drterziler.com\/wp-content\/uploads\/2025\/04\/Myers-Cocktail-768x432.webp 768w\" sizes=\"auto, (max-width: 1140px) 100vw, 1140px\">\n        <\/div>\n<div>\n<div>\n<h2 class=\"h2-header\">Quel est le contenu du cocktail de Myers et quels sont ses avantages ?<\/h2>\n<\/p><\/div>\n<div>\n<p class=\"p-text\">Le cocktail de Myers contient des composants puissants tels que des vitamines B, de la vitamine C et du chlorure de magn\u00e9sium. Les vitamines B soutiennent la production d&#039;\u00e9nergie, la vitamine C renforce le syst\u00e8me immunitaire et le magn\u00e9sium soulage les douleurs musculaires. Ce m\u00e9lange sp\u00e9cial donne de l&#039;\u00e9nergie \u00e0 l&#039;organisme et r\u00e9duit la fatigue physique et mentale.<\/p>\n<\/p><\/div>\n<\/p><\/div>\n<div>\n<div>\n<h2 class=\"h2-header\">Un esprit clair et vif<\/h2>\n<\/p><\/div>\n<div>\n<p class=\"p-text\">Myers&#039; Cocktail apporte une clart\u00e9 mentale gr\u00e2ce \u00e0 son complexe de vitamines B qui soutient les fonctions c\u00e9r\u00e9brales et \u00e0 la vitamine C qui a des effets antioxydants. Tout en soulageant la fatigue, il augmente la clart\u00e9 mentale et la concentration. En particulier pendant les p\u00e9riodes stressantes et intenses, il aide \u00e0 garder l&#039;esprit plus concentr\u00e9 et plus actif. Par cons\u00e9quent, il apporte une am\u00e9lioration significative dans la vie professionnelle et sociale.<\/p>\n<\/p><\/div>\n<\/p><\/div>\n<div>\n<div>\n<h2 class=\"h2-header\">\u00c0 qui convient le cocktail Myers ?<\/h2>\n<\/p><\/div>\n<div>\n<p class=\"p-text\">C&#039;est une excellente option pour les personnes souffrant de fatigue chronique, de fibromyalgie, de d\u00e9pression, de douleurs musculaires ou de stress intense. Toute personne d\u00e9sireuse d&#039;augmenter son niveau d&#039;\u00e9nergie, de retrouver sa clart\u00e9 mentale et d&#039;am\u00e9liorer son \u00e9tat de sant\u00e9 g\u00e9n\u00e9ral peut b\u00e9n\u00e9ficier de ce traitement.<\/p>\n<\/p><\/div>\n<\/p><\/div>\n<div>\n<div>\n<h2 class=\"h2-header\">Comment est-il administr\u00e9 ?<\/h2>\n<\/p><\/div>\n<div>\n<p class=\"p-text\">Le cocktail de vitamines, qui se pr\u00e9sente sous forme de s\u00e9rum et est inject\u00e9 dans le corps, est beaucoup plus efficace que les vitamines prises par voie orale, car il est directement inclus dans la circulation sanguine. Le traitement, qui peut \u00eatre appliqu\u00e9 une fois par semaine pendant 3 \u00e0 6 s\u00e9ances, est achev\u00e9 en une heure environ, en fonction du taux de transfert.<\/p>\n<\/p><\/div>\n<\/p><\/div>\n<\/p><\/div>\n<\/section>\n","protected":false},"excerpt":{"rendered":"<p>Cocktail de Myer Il s&#039;agit d&#039;une th\u00e9rapie vitaminique utilis\u00e9e pour le traitement de nombreux maux tels que la fatigue persistante, les douleurs de la fibromyalgie et la d\u00e9pression. Le s\u00e9rum sp\u00e9cial combin\u00e9 \u00e0 des complexes de vitamines B, de la vitamine C et du chlorure de magn\u00e9sium, administr\u00e9 directement dans le sang, rend l&#039;organisme plus [&hellip;]<\/p>\n","protected":false},"author":6,"featured_media":978,"parent":2718,"menu_order":0,"comment_status":"closed","ping_status":"closed","template":"","meta":{"footnotes":""},"class_list":["post-2724","page","type-page","status-publish","has-post-thumbnail","hentry"],"_links":{"self":[{"href":"https:\/\/drterziler.com\/fr\/wp-json\/wp\/v2\/pages\/2724","targetHints":{"allow":["GET"]}}],"collection":[{"href":"https:\/\/drterziler.com\/fr\/wp-json\/wp\/v2\/pages"}],"about":[{"href":"https:\/\/drterziler.com\/fr\/wp-json\/wp\/v2\/types\/page"}],"author":[{"embeddable":true,"href":"https:\/\/drterziler.com\/fr\/wp-json\/wp\/v2\/users\/6"}],"replies":[{"embeddable":true,"href":"https:\/\/drterziler.com\/fr\/wp-json\/wp\/v2\/comments?post=2724"}],"version-history":[{"count":20,"href":"https:\/\/drterziler.com\/fr\/wp-json\/wp\/v2\/pages\/2724\/revisions"}],"predecessor-version":[{"id":57739,"href":"https:\/\/drterziler.com\/fr\/wp-json\/wp\/v2\/pages\/2724\/revisions\/57739"}],"up":[{"embeddable":true,"href":"https:\/\/drterziler.com\/fr\/wp-json\/wp\/v2\/pages\/2718"}],"wp:featuredmedia":[{"embeddable":true,"href":"https:\/\/drterziler.com\/fr\/wp-json\/wp\/v2\/media\/978"}],"wp:attachment":[{"href":"https:\/\/drterziler.com\/fr\/wp-json\/wp\/v2\/media?parent=2724"}],"curies":[{"name":"wp","href":"https:\/\/api.w.org\/{rel}","templated":true}]}}