{"id":2726,"date":"2024-08-12T14:47:10","date_gmt":"2024-08-12T14:47:10","guid":{"rendered":"https:\/\/drterziler.com\/longevite\/therapie-par-lozone\/"},"modified":"2026-02-27T17:04:55","modified_gmt":"2026-02-27T17:04:55","slug":"therapie-par-lozone","status":"publish","type":"page","link":"https:\/\/drterziler.com\/fr\/longevite\/therapie-par-lozone\/","title":{"rendered":"Th\u00e9rapie \u00e0 l&rsquo;ozone 10x"},"content":{"rendered":"<div class=\"page-content\">\n<div id=\"header-area\">\n<div class=\"container\" id=\"firstContent\">\n<div class=\"header-content d-flex flex-column\">\n<h1 class=\"content-title h1-header\">Th\u00e9rapie \u00e0 l&#039;ozone 10x<\/h1>\n<div class=\"content-paragraph\">\n<p class=\"p-text\">Cette th\u00e9rapie, qui permet 10 s\u00e9ances de traitement en une seule s\u00e9ance gr\u00e2ce \u00e0 des appareils de pointe, offre des effets miraculeux ainsi qu&#039;un gain de temps maximal. L&#039;ozonoth\u00e9rapie, qui initie un renouvellement holistique des tissus en augmentant le taux d&#039;oxyg\u00e8ne dans le sang \u00e0 des niveaux \u00e9lev\u00e9s, cr\u00e9e un effet dopant naturel dans le corps gr\u00e2ce \u00e0 l&#039;\u00e9nergie et \u00e0 la vitalit\u00e9 qu&#039;elle apporte. Les cellules sanguines enrichies en ozone renouvellent le m\u00e9tabolisme et renforcent le syst\u00e8me immunitaire, prot\u00e9geant ainsi l&#039;organisme en particulier contre la grippe et d&#039;autres maladies virales. L&#039;ozone est largement utilis\u00e9 depuis de nombreuses ann\u00e9es dans le domaine m\u00e9dical pour la d\u00e9sinfection des \u00e9quipements, ainsi que pour la purification de l&#039;eau et des substances alimentaires, car il ne pr\u00e9sente pas d&#039;effets secondaires sur la sant\u00e9 humaine et poss\u00e8de des propri\u00e9t\u00e9s antibact\u00e9riennes et antioxydantes.<\/p>\n<\/p><\/div>\n<nav aria-label=\"breadcrumb\" class=\"breadcrumbs\">\n<ul class=\"d-flex align-items-center mb-0\">\n<li><a class=\"link\" href=\"https:\/\/drterziler.com\/fr\/\"><span>Dr. Terziler Exclusive Clinic<\/span><\/a><\/li>\n<li class=\"separator\">\u00bb<\/li>\n<li><a class=\"link\" href=\"https:\/\/drterziler.com\/fr\/longevite\/\"><span>Long\u00e9vit\u00e9<\/span><\/a><\/li>\n<li class=\"separator\">\u00bb<\/li>\n<li class=\"current-page\"><span>Th\u00e9rapie \u00e0 l&#039;ozone 10x<\/span><\/li>\n<\/ul>\n<\/nav><\/div>\n<\/p><\/div>\n<\/p><\/div>\n<\/div>\n<section id=\"content-area\">\n<div class=\"container my-5\">\n<div class=\"row align-items-start\">\n<div class=\"col-md-6 order-2 order-md-1\">\n<div class=\"custom-toc-box\">\n<div id=\"toc-header\">\n<h4>Table des mati\u00e8res<\/h4>\n<div class=\"toc-toggle-icon\"><\/div>\n<\/p><\/div>\n<div class=\"toc-full-divider\"><\/div>\n<div id=\"toc-body\">\n<div id=\"toc-container\"><\/div>\n<\/p><\/div>\n<\/p><\/div>\n<\/p><\/div>\n<div class=\"col-md-6 order-1 order-md-2\" id=\"jForm\">\n                <script type=\"text\/javascript\" src=\"https:\/\/form.jotform.com\/jsform\/242882407646969\"><\/script>\n            <\/div>\n<\/p><\/div>\n<\/p><\/div>\n<div class=\"container\">\n<div class=\"img-thumb\">\n            <img loading=\"lazy\" decoding=\"async\" src=\"https:\/\/drterziler.com\/wp-content\/uploads\/2025\/04\/10x-Ozone-Therapy.webp\" sizes=\"auto, (max-width: 1140px) 100vw, 1140px\" srcset=\"https:\/\/drterziler.com\/wp-content\/uploads\/2025\/04\/10x-Ozone-Therapy.webp 1140w, https:\/\/drterziler.com\/wp-content\/uploads\/2025\/04\/10x-Ozone-Therapy-300x169.webp 300w, https:\/\/drterziler.com\/wp-content\/uploads\/2025\/04\/10x-Ozone-Therapy-1024x576.webp 1024w, https:\/\/drterziler.com\/wp-content\/uploads\/2025\/04\/10x-Ozone-Therapy-768x432.webp 768w\" alt=\"\" width=\"1140\" height=\"641\">\n        <\/div>\n<div>\n<div>\n<h2 class=\"h2-header\">Une technologie qui permet de r\u00e9duire 10 s\u00e9ances de th\u00e9rapie \u00e0 une seule s\u00e9ance<\/h2>\n<\/p><\/div>\n<div>\n<p class=\"p-text\">Pour obtenir les r\u00e9sultats escompt\u00e9s de l&#039;ozonoth\u00e9rapie, il faut compter jusqu&#039;\u00e0 4 ou 5 s\u00e9ances. Cette situation constitue un obstacle pour les personnes qui ne peuvent pas consacrer suffisamment de temps \u00e0 la th\u00e9rapie en raison d&#039;un emploi du temps charg\u00e9 ou de diverses autres raisons. Cependant, le Dr Terziler a r\u00e9ussi \u00e0 r\u00e9duire la th\u00e9rapie traditionnelle \u00e0 l&#039;ozone, qui n\u00e9cessite 10 s\u00e9ances, \u00e0 une seule s\u00e9ance gr\u00e2ce \u00e0 l&#039;appareil de technologie avanc\u00e9e qu&#039;il a acquis pour sa clinique \u00e0 la suite d&#039;\u00e9tudes approfondies.<\/p>\n<\/p><\/div>\n<\/p><\/div>\n<div>\n<div>\n<h2 class=\"h2-header\">Dur\u00e9e minimale Prestation maximale<\/h2>\n<\/p><\/div>\n<div>\n<p class=\"p-text\">Gr\u00e2ce \u00e0 l&#039;appareil d&#039;ozonoth\u00e9rapie de pointe de la Dr. Terziler Exclusive Clinic, les r\u00e9sultats qui pouvaient \u00eatre obtenus en 10 s\u00e9ances dans le cadre de l&#039;ozonoth\u00e9rapie traditionnelle peuvent d\u00e9sormais \u00eatre obtenus en une seule s\u00e9ance. Cette technologie permet d&#039;obtenir un maximum de r\u00e9sultats avec un temps d&#039;application de 15 \u00e0 20 minutes et une gestion optimale du temps pour les personnes qui ont un rythme de travail soutenu et qui ne peuvent pas consacrer beaucoup de temps \u00e0 la th\u00e9rapie.<\/p>\n<\/p><\/div>\n<\/p><\/div>\n<div>\n<div>\n<h2 class=\"h2-header\">Est-il prudent de prendre 10 doses en une seule s\u00e9ance ?<\/h2>\n<\/p><\/div>\n<div>\n<p class=\"p-text\">Oui, c&#039;est s\u00fbr ! Cette technologie vous permet de b\u00e9n\u00e9ficier de 10 s\u00e9ances en une seule en fournissant la quantit\u00e9 d&#039;ozone n\u00e9cessaire au corps de la mani\u00e8re la plus id\u00e9ale et la plus contr\u00f4l\u00e9e. Il s&#039;agit d&#039;une application qui peut \u00eatre privil\u00e9gi\u00e9e en toute s\u00e9curit\u00e9 pour gagner du temps tout en obtenant un maximum de b\u00e9n\u00e9fices.<\/p>\n<\/p><\/div>\n<\/p><\/div>\n<div>\n<div>\n<h2 class=\"h2-header\">A qui convient l&#039;ozonoth\u00e9rapie ?<\/h2>\n<\/p><\/div>\n<div>\n<p class=\"p-text\">Les personnes souffrant de fatigue chronique Les patients atteints de fibromyalgie Les patients diab\u00e9tiques Les personnes souffrant d&#039;infections et d&#039;inflammations chroniques Les patients atteints de polyarthrite rhumato\u00efde et d&#039;arthrose Les personnes dont le syst\u00e8me immunitaire est affaibli Les personnes recherchant un soutien pour les probl\u00e8mes de peau et le processus de cicatrisation des plaies<\/p>\n<\/p><\/div>\n<\/p><\/div>\n<div>\n<div>\n<h2 class=\"h2-header\">Qui ne doit pas recevoir d&#039;ozonoth\u00e9rapie ?<\/h2>\n<\/p><\/div>\n<div>\n<p class=\"p-text\">Les femmes enceintes Les personnes pr\u00e9sentant un d\u00e9ficit en glucose-6-phosphate d\u00e9shydrog\u00e9nase Les personnes pr\u00e9sentant un dysfonctionnement de la thyro\u00efde (hyperthyro\u00efdie) Les patients pr\u00e9sentant des troubles de la coagulation ou une an\u00e9mie s\u00e9v\u00e8re Les personnes ayant subi un infarctus aigu du myocarde Les personnes pr\u00e9sentant des probl\u00e8mes cardio-vasculaires graves<\/p>\n<\/p><\/div>\n<\/p><\/div>\n<\/p><\/div>\n<\/section>\n","protected":false},"excerpt":{"rendered":"<p>Th\u00e9rapie \u00e0 l&#039;ozone 10x Cette th\u00e9rapie, qui permet 10 s\u00e9ances de traitement en une seule s\u00e9ance gr\u00e2ce \u00e0 des appareils de pointe, offre des effets miraculeux ainsi qu&#039;un gain de temps maximal. L&#039;ozonoth\u00e9rapie, qui initie un renouvellement holistique des tissus en augmentant le taux d&#039;oxyg\u00e8ne dans le sang \u00e0 des niveaux \u00e9lev\u00e9s, cr\u00e9e un effet [&hellip;]<\/p>\n","protected":false},"author":6,"featured_media":5080,"parent":2718,"menu_order":0,"comment_status":"closed","ping_status":"closed","template":"","meta":{"footnotes":""},"class_list":["post-2726","page","type-page","status-publish","has-post-thumbnail","hentry"],"_links":{"self":[{"href":"https:\/\/drterziler.com\/fr\/wp-json\/wp\/v2\/pages\/2726","targetHints":{"allow":["GET"]}}],"collection":[{"href":"https:\/\/drterziler.com\/fr\/wp-json\/wp\/v2\/pages"}],"about":[{"href":"https:\/\/drterziler.com\/fr\/wp-json\/wp\/v2\/types\/page"}],"author":[{"embeddable":true,"href":"https:\/\/drterziler.com\/fr\/wp-json\/wp\/v2\/users\/6"}],"replies":[{"embeddable":true,"href":"https:\/\/drterziler.com\/fr\/wp-json\/wp\/v2\/comments?post=2726"}],"version-history":[{"count":19,"href":"https:\/\/drterziler.com\/fr\/wp-json\/wp\/v2\/pages\/2726\/revisions"}],"predecessor-version":[{"id":57741,"href":"https:\/\/drterziler.com\/fr\/wp-json\/wp\/v2\/pages\/2726\/revisions\/57741"}],"up":[{"embeddable":true,"href":"https:\/\/drterziler.com\/fr\/wp-json\/wp\/v2\/pages\/2718"}],"wp:featuredmedia":[{"embeddable":true,"href":"https:\/\/drterziler.com\/fr\/wp-json\/wp\/v2\/media\/5080"}],"wp:attachment":[{"href":"https:\/\/drterziler.com\/fr\/wp-json\/wp\/v2\/media?parent=2726"}],"curies":[{"name":"wp","href":"https:\/\/api.w.org\/{rel}","templated":true}]}}