{"id":2728,"date":"2024-08-12T14:23:02","date_gmt":"2024-08-12T14:23:02","guid":{"rendered":"https:\/\/drterziler.com\/esthetique-medicale\/"},"modified":"2026-04-21T12:18:32","modified_gmt":"2026-04-21T12:18:32","slug":"esthetique-medicale","status":"publish","type":"page","link":"https:\/\/drterziler.com\/fr\/esthetique-medicale\/","title":{"rendered":"Esth\u00e9tique m\u00e9dicale"},"content":{"rendered":"<div class=\"page-content categpry-page\">\n<div id=\"header-area\">\n<div class=\"container\" id=\"firstContent\">\n<div class=\"header-content d-flex flex-column\">\n<h1 class=\"content-title\">Esth\u00e9tique M\u00e9dicale<\/h1>\n<div class=\"content-paragraph\">\n<p>\u00c0 la Dr. Terziler Exclusive Clinic, nous nous sp\u00e9cialisons dans l&rsquo;am\u00e9lioration de votre beaut\u00e9 naturelle gr\u00e2ce \u00e0 des traitements appliqu\u00e9s avec expertise. Nos services comprennent les applications de m\u00e9soth\u00e9rapie, la vaccination de jeunesse et le Botox, tous con\u00e7us pour rajeunir votre peau et offrir une apparence juv\u00e9nile. En mettant l&rsquo;accent sur la pr\u00e9cision et le soin, nous nous assurons que vous receviez des traitements de la plus haute qualit\u00e9, adapt\u00e9s \u00e0 vos besoins sp\u00e9cifiques. D\u00e9couvrez l&rsquo;art de l&rsquo;esth\u00e9tique m\u00e9dicale avec des r\u00e9sultats qui vous permettront de vous sentir confiant et rafra\u00eechi.<\/p>\n<\/p><\/div>\n<nav aria-label=\"breadcrumb\" class=\"breadcrumbs\">\n<ul class=\"d-flex align-items-center mb-0\">\n<li><a class=\"link\" href=\"https:\/\/drterziler.com\/fr\"><span>Dr. Terziler<\/span><\/a><\/li>\n<li class=\"separator\">\u00bb<\/li>\n<li class=\"current-page\"><span>Esth\u00e9tique M\u00e9dicale<\/span><\/li>\n<\/ul>\n<\/nav><\/div>\n<\/p><\/div>\n<\/p><\/div>\n<\/div>\n<section class=\"svc-section\">\n<div class=\"container\">\n<div class=\"svc-item right-card\">\n<div class=\"svc-media\">\n                <img decoding=\"async\" src=\"https:\/\/drterziler.com\/wp-content\/uploads\/2025\/04\/karbon-peeling.webp\" alt=\"Traitements du Visage\" loading=\"lazy\" class=\"cat-img\">\n            <\/div>\n<div class=\"svc-card\">\n<h3 class=\"svc-title gilda\">Soins du Visage<\/h3>\n<p class=\"svc-text barlow\">\n                    Nous sommes l\u00e0 pour le visage que vous souhaitez voir dans le miroir. Gr\u00e2ce \u00e0 nos appareils de technologie avanc\u00e9e et \u00e0 notre touche experte, nous vous guidons dans le voyage de votre peau vers la jeunesse. Le look de vos r\u00eaves n&rsquo;est d\u00e9sormais qu&rsquo;\u00e0 une \u00e9tape, dans sa forme la plus impeccable.\n                <\/p>\n<p>                <a class=\"btn-details barlow-condensed\" href=\"https:\/\/drterziler.com\/fr\/esthetique-medicale\/soins-du-visage\/\">D\u00c9TAILS<\/a>\n            <\/div>\n<\/p><\/div>\n<div class=\"svc-item left-card\">\n<div class=\"svc-media\">\n                <img decoding=\"async\" src=\"https:\/\/drterziler.com\/wp-content\/uploads\/2025\/02\/Dermatoloji.webp\" alt=\"Dermatologie\" loading=\"lazy\" class=\"cat-img\" style=\"transform: scaleX(-1);\">\n            <\/div>\n<div class=\"svc-card\">\n<h3 class=\"svc-title gilda\">Dermatologie<\/h3>\n<p class=\"svc-text barlow\">\n                    La dermatologie est une branche de la m\u00e9decine sp\u00e9cialis\u00e9e dans la sant\u00e9 et l&rsquo;esth\u00e9tique de la peau. Les maladies et les probl\u00e8mes esth\u00e9tiques li\u00e9s \u00e0 la peau, aux cheveux, aux ongles et aux autres structures sous-cutan\u00e9es sont abord\u00e9s par des traitements dermatologiques. Les dermatologues traitent non seulement des conditions telles que les taches cutan\u00e9es, l&rsquo;acn\u00e9 et le psoriasis, mais r\u00e9alisent \u00e9galement diverses proc\u00e9dures esth\u00e9tiques pour obtenir une apparence de peau saine et jeune.\n                <\/p>\n<p>                <a class=\"btn-details barlow-condensed\" href=\"https:\/\/drterziler.com\/fr\/esthetique-medicale\/dermatologie\/\">D\u00c9TAILS<\/a>\n            <\/div>\n<\/p><\/div>\n<div class=\"svc-item right-card\">\n<div class=\"svc-media\">\n                <img decoding=\"async\" src=\"https:\/\/drterziler.com\/wp-content\/uploads\/2025\/01\/Ameliyatsiz-Goz-Cevresi-Uygulamalari.webp\" alt=\"Traitements P\u00e9riorbitaux Non-Chirurgicaux\" loading=\"lazy\" class=\"cat-img\" style=\"transform: scaleX(-1);\">\n            <\/div>\n<div class=\"svc-card\">\n<h3 class=\"svc-title gilda\">Traitements P\u00e9riorbitaux Non-Chirurgicaux<\/h3>\n<p class=\"svc-text barlow\">\n                    Les traitements non-chirurgicaux de la zone des yeux ciblent des probl\u00e8mes tels que les rides, les poches et les cernes. Ces proc\u00e9dures, utilisant des m\u00e9thodes telles que le Botox, les produits de comblement et la m\u00e9soth\u00e9rapie, am\u00e9liorent l&rsquo;apparence jeune et dynamique du contour des yeux. Les effets sont visibles imm\u00e9diatement et le temps de r\u00e9cup\u00e9ration est court, permettant un retour rapide au travail et aux activit\u00e9s sociales.\n                <\/p>\n<p>                <a class=\"btn-details barlow-condensed\" href=\"https:\/\/drterziler.com\/fr\/esthetique-medicale\/traitements-periorbitaux-non-chirurgicaux\/\">D\u00c9TAILS<\/a>\n            <\/div>\n<\/p><\/div>\n<div class=\"svc-item left-card\">\n<div class=\"svc-media\">\n                <img decoding=\"async\" src=\"https:\/\/drterziler.com\/wp-content\/uploads\/2025\/02\/El-Genclestirme.webp\" alt=\"Rajeunissement des Mains\" loading=\"lazy\" class=\"cat-img\">\n            <\/div>\n<div class=\"svc-card\">\n<h3 class=\"svc-title gilda\">Rajeunissement des Mains<\/h3>\n<p class=\"svc-text barlow\">\n                    Il s&rsquo;agit d&rsquo;une proc\u00e9dure esth\u00e9tique non-chirurgicale visant \u00e0 traiter les signes du vieillissement, la perte de volume, les rides et les ridules sur les mains. R\u00e9alis\u00e9e \u00e0 l&rsquo;aide de m\u00e9thodes telles que les produits de comblement dermique, le PRP et les traitements laser, cette proc\u00e9dure am\u00e9liore l&rsquo;aspect jeune, sain et vibrant des mains. Son application rapide et son inconfort minimal en font une option tr\u00e8s pris\u00e9e.\n                <\/p>\n<p>                <a class=\"btn-details barlow-condensed\" href=\"https:\/\/drterziler.com\/fr\/esthetique-medicale\/rajeunissement-des-mains\/\">D\u00c9TAILS<\/a>\n            <\/div>\n<\/p><\/div>\n<div class=\"svc-item right-card\">\n<div class=\"svc-media\">\n                <img decoding=\"async\" src=\"https:\/\/drterziler.com\/wp-content\/uploads\/2025\/02\/Boyun-Genclestirme.webp\" alt=\"Rajeunissement du Cou\" loading=\"lazy\" class=\"cat-img\" style=\"transform: scaleX(-1);\">\n            <\/div>\n<div class=\"svc-card\">\n<h3 class=\"svc-title gilda\">Rajeunissement du Cou<\/h3>\n<p class=\"svc-text barlow\">\n                    Il s&rsquo;agit d&rsquo;une proc\u00e9dure non-chirurgicale effectu\u00e9e pour corriger les rides, le rel\u00e2chement et les ridules caus\u00e9s par le vieillissement. Des techniques telles que les produits de comblement, le Botox, le laser et le PRP sont utilis\u00e9es pour rendre la peau du cou plus ferme, plus lisse et plus jeune. Ce traitement est souvent pr\u00e9f\u00e9r\u00e9 pour ses r\u00e9sultats rapides et efficaces, son inconfort minimal et son temps de r\u00e9cup\u00e9ration court.\n                <\/p>\n<p>                <a class=\"btn-details barlow-condensed\" href=\"https:\/\/drterziler.com\/fr\/esthetique-medicale\/rajeunissement-du-cou\/\">D\u00c9TAILS<\/a>\n            <\/div>\n<\/p><\/div>\n<div class=\"svc-item left-card\">\n<div class=\"svc-media\">\n                <img decoding=\"async\" src=\"https:\/\/drterziler.com\/wp-content\/uploads\/2025\/02\/Dekolte-Genclestirme.webp\" alt=\"Rajeunissement du D\u00e9collet\u00e9\" loading=\"lazy\" class=\"cat-img\" style=\"transform: scaleX(-1);\">\n            <\/div>\n<div class=\"svc-card\">\n<h3 class=\"svc-title gilda\">Rajeunissement du D\u00e9collet\u00e9<\/h3>\n<p class=\"svc-text barlow\">\n                    Le traitement de rajeunissement du d\u00e9collet\u00e9 est une proc\u00e9dure innovante visant \u00e0 cibler les ridules, les taches et la perte d&rsquo;\u00e9lasticit\u00e9 de la peau dans la zone du cou et de la poitrine. Les m\u00e9thodes soutenues par des ingr\u00e9dients naturels raffermissent la peau tout en offrant une apparence plus jeune et radieuse. Ce traitement offre une solution efficace pour un d\u00e9collet\u00e9 lisse et \u00e9clatant.\n                <\/p>\n<p>                <a class=\"btn-details barlow-condensed\" href=\"https:\/\/drterziler.com\/fr\/esthetique-medicale\/rajeunissement-du-decollete\/\">D\u00c9TAILS<\/a>\n            <\/div>\n<\/p><\/div>\n<div class=\"svc-item right-card\">\n<div class=\"svc-media\">\n                <img decoding=\"async\" src=\"https:\/\/drterziler.com\/wp-content\/uploads\/2025\/01\/Gidi-Genclestirme.webp\" alt=\"Rajeunissement du Double Menton\" loading=\"lazy\" class=\"cat-img\" style=\"transform: scaleX(-1);\">\n            <\/div>\n<div class=\"svc-card\">\n<h3 class=\"svc-title gilda\">Rajeunissement du Double Menton<\/h3>\n<p class=\"svc-text barlow\">\n                    Le traitement de rajeunissement sous-mentonnier vise \u00e0 r\u00e9duire le rel\u00e2chement cutan\u00e9 et la mollesse, pour obtenir une apparence plus jeune et plus ferme. Ce traitement peut \u00eatre effectu\u00e9 \u00e0 l&rsquo;aide de m\u00e9thodes telles que le Botox, les produits de comblement et le laser, en r\u00e9duisant l&rsquo;accumulation de graisse dans la zone et en augmentant l&rsquo;\u00e9lasticit\u00e9 de la peau. En cons\u00e9quence, la ligne de la m\u00e2choire devient plus d\u00e9finie et le contour du visage est am\u00e9lior\u00e9.\n                <\/p>\n<p>                <a class=\"btn-details barlow-condensed\" href=\"https:\/\/drterziler.com\/fr\/esthetique-medicale\/rajeunissement-du-double-menton\/\">D\u00c9TAILS<\/a>\n            <\/div>\n<\/p><\/div>\n<div class=\"svc-item left-card\">\n<div class=\"svc-media\">\n                <img decoding=\"async\" src=\"https:\/\/drterziler.com\/wp-content\/uploads\/2025\/02\/Diger-Botoks-Uygulamalari.webp\" alt=\"Autres Traitements au Botox\" loading=\"lazy\" class=\"cat-img\" style=\"transform: scaleX(-1);\">\n            <\/div>\n<div class=\"svc-card\">\n<h3 class=\"svc-title gilda\">Autres Traitements au Botox<\/h3>\n<p class=\"svc-text barlow\">\n                    Le Botox est une gamme efficace de m\u00e9thodes de traitement qui couvrent un large spectre dans l&rsquo;esth\u00e9tique et la sant\u00e9. Le Botox Mass\u00e9ter r\u00e9duit la tension excessive dans les muscles de la m\u00e2choire, affinant les contours du visage, tandis que le Botox pour migraine soulage les maux de t\u00eate et am\u00e9liore la qualit\u00e9 de vie. Le Botox pour la transpiration aide \u00e0 contr\u00f4ler la transpiration excessive, rendant la vie quotidienne plus confortable. Ces types de traitements au Botox sont souvent pr\u00e9f\u00e9r\u00e9s en raison de leur nature peu invasive et de leurs temps de r\u00e9cup\u00e9ration rapides.\n                <\/p>\n<p>                <a class=\"btn-details barlow-condensed\" href=\"https:\/\/drterziler.com\/fr\/esthetique-medicale\/autres-traitements-au-botox\/\">D\u00c9TAILS<\/a>\n            <\/div>\n<\/p><\/div>\n<div class=\"svc-item right-card\">\n<div class=\"svc-media\">\n                <img decoding=\"async\" src=\"https:\/\/drterziler.com\/wp-content\/uploads\/2025\/02\/Teknolojik-Uygulamalar.webp\" alt=\"Traitements Technologiques\" loading=\"lazy\" class=\"cat-img\" style=\"transform: scaleX(-1);\">\n            <\/div>\n<div class=\"svc-card\">\n<h3 class=\"svc-title gilda\">Traitements Technologiques<\/h3>\n<p class=\"svc-text barlow\">\n                    Chez Dr. Terziler, nous offrons une exp\u00e9rience intemporelle avec nos applications de pointe en esth\u00e9tique, sant\u00e9 et beaut\u00e9. Les dispositifs robotiques, les technologies laser et les syst\u00e8mes intelligents acc\u00e9l\u00e8rent et renforcent l&rsquo;efficacit\u00e9 des processus de traitement. Les applications modernis\u00e9es permettent un processus de r\u00e9cup\u00e9ration plus rapide avec des m\u00e9thodes peu invasives, tout en offrant un confort in\u00e9gal\u00e9.\n                <\/p>\n<p>                <a class=\"btn-details barlow-condensed\" href=\"https:\/\/drterziler.com\/fr\/esthetique-medicale\/traitements-technologiques\/\">D\u00c9TAILS<\/a>\n            <\/div>\n<\/p><\/div>\n<div class=\"svc-item left-card\">\n<div class=\"svc-media\">\n                <img decoding=\"async\" src=\"https:\/\/drterziler.com\/wp-content\/uploads\/2025\/02\/Tamamlayici-Tip-GETAT-Uygulamalari.webp\" alt=\"M\u00e9decine Compl\u00e9mentaire GETAT\" loading=\"lazy\" class=\"cat-img\" style=\"transform: scaleX(-1);\">\n            <\/div>\n<div class=\"svc-card\">\n<h3 class=\"svc-title gilda\">M\u00e9decine Compl\u00e9mentaire GETAT<\/h3>\n<p class=\"svc-text barlow\">\n                    La m\u00e9decine compl\u00e9mentaire (GETAT) est un domaine de traitement qui vise \u00e0 soutenir le corps avec des m\u00e9thodes de gu\u00e9rison naturelles et holistiques aux c\u00f4t\u00e9s de la m\u00e9decine traditionnelle. Ces applications soutiennent non seulement les processus de gu\u00e9rison du corps, mais visent \u00e9galement \u00e0 am\u00e9liorer la sant\u00e9 mentale et physique de l&rsquo;individu aux niveaux les plus \u00e9lev\u00e9s.\n                <\/p>\n<p>                <a class=\"btn-details barlow-condensed\" href=\"https:\/\/drterziler.com\/fr\/esthetique-medicale\/traitements-getat-de-medecine-complementaire\/\">D\u00c9TAILS<\/a>\n            <\/div>\n<\/p><\/div>\n<div class=\"svc-item right-card\">\n<div class=\"svc-media\">\n                <img decoding=\"async\" src=\"https:\/\/drterziler.com\/wp-content\/uploads\/2025\/07\/Cilt-Eksozom.webp\" alt=\"Traitements aux Exosomes\" loading=\"lazy\" class=\"cat-img\">\n            <\/div>\n<div class=\"svc-card\">\n<h3 class=\"svc-title gilda\">Traitements aux Exosomes<\/h3>\n<p class=\"svc-text barlow\">\n                    Les exosomes sont des structures microscopiques entour\u00e9es d&rsquo;une membrane, produites au sein des cellules et s\u00e9cr\u00e9t\u00e9es \u00e0 l&rsquo;ext\u00e9rieur. Ils transportent des contenus biologiques tels que l&rsquo;ARN, des prot\u00e9ines et des facteurs de croissance, transmettant des informations entre les cellules. Ces derni\u00e8res ann\u00e9es, les exosomes ont attir\u00e9 l&rsquo;attention dans les traitements de rajeunissement cutan\u00e9 en raison de leur r\u00f4le significatif dans la r\u00e9g\u00e9n\u00e9ration tissulaire et les processus de renouvellement cellulaire.\n                <\/p>\n<p>                <a class=\"btn-details barlow-condensed\" href=\"https:\/\/drterziler.com\/fr\/esthetique-medicale\/traitements-aux-exosomes-skin\/exosomes-pour-le-traitement-de-la-peau\/\">D\u00c9TAILS<\/a>\n            <\/div>\n<\/p><\/div>\n<div class=\"svc-item left-card\">\n<div class=\"svc-media\">\n                <img decoding=\"async\" src=\"https:\/\/drterziler.com\/wp-content\/uploads\/2025\/02\/cilt-iksiri-1.webp\" alt=\"\u00c9lixir de Peau\" loading=\"lazy\" class=\"cat-img\" style=\"transform: scaleX(-1);\">\n            <\/div>\n<div class=\"svc-card\">\n<h3 class=\"svc-title gilda\">\u00c9lixir de Peau<\/h3>\n<p class=\"svc-text barlow\">\n                    Ce traitement est con\u00e7u pour soutenir la structure naturelle de la peau et r\u00e9duire les signes du vieillissement. Sa formule sp\u00e9ciale, compos\u00e9e d&rsquo;une combinaison d&rsquo;acide hyaluronique, de vitamines, d&rsquo;antioxydants et d&rsquo;autres ingr\u00e9dients naturels, p\u00e9n\u00e8tre profond\u00e9ment dans la peau, am\u00e9liorant sa vitalit\u00e9 et rajeunissant son apparence.\n                <\/p>\n<p>                <a class=\"btn-details barlow-condensed\" href=\"https:\/\/drterziler.com\/fr\/esthetique-medicale\/elixir-de-peau\/\">D\u00c9TAILS<\/a>\n            <\/div>\n<\/p><\/div>\n<div class=\"svc-item right-card\">\n<div class=\"svc-media\">\n                <img decoding=\"async\" src=\"https:\/\/drterziler.com\/wp-content\/uploads\/2025\/02\/Ozon-Terapi1.webp\" alt=\"Ozonoth\u00e9rapie\" loading=\"lazy\" class=\"cat-img\">\n            <\/div>\n<div class=\"svc-card\">\n<h3 class=\"svc-title gilda\">Ozonoth\u00e9rapie<\/h3>\n<p class=\"svc-text barlow\">\n                    L&rsquo;ozonoth\u00e9rapie aide \u00e0 augmenter l&rsquo;oxyg\u00e9nation de la peau, favorisant une apparence plus saine, plus lumineuse et plus jeune. Gr\u00e2ce \u00e0 son puissant effet d\u00e9tox, elle renouvelle les cellules cutan\u00e9es, soutient la r\u00e9duction des taches et des ridules, et am\u00e9liore \u00e9galement l&rsquo;\u00e9lasticit\u00e9 de la peau, cr\u00e9ant une texture plus ferme et plus vibrante.\n                <\/p>\n<p>                <a class=\"btn-details barlow-condensed\" href=\"https:\/\/drterziler.com\/fr\/esthetique-medicale\/therapie-a-lozone-fr\/\">D\u00c9TAILS<\/a>\n            <\/div>\n<\/p><\/div>\n<\/p><\/div>\n<\/section>\n","protected":false},"excerpt":{"rendered":"<p>Esth\u00e9tique M\u00e9dicale \u00c0 la Dr. Terziler Exclusive Clinic, nous nous sp\u00e9cialisons dans l&rsquo;am\u00e9lioration de votre beaut\u00e9 naturelle gr\u00e2ce \u00e0 des traitements appliqu\u00e9s avec expertise. Nos services comprennent les applications de m\u00e9soth\u00e9rapie, la vaccination de jeunesse et le Botox, tous con\u00e7us pour rajeunir votre peau et offrir une apparence juv\u00e9nile. En mettant l&rsquo;accent sur la pr\u00e9cision [&hellip;]<\/p>\n","protected":false},"author":6,"featured_media":1003,"parent":0,"menu_order":0,"comment_status":"closed","ping_status":"closed","template":"","meta":{"footnotes":""},"class_list":["post-2728","page","type-page","status-publish","has-post-thumbnail","hentry"],"_links":{"self":[{"href":"https:\/\/drterziler.com\/fr\/wp-json\/wp\/v2\/pages\/2728","targetHints":{"allow":["GET"]}}],"collection":[{"href":"https:\/\/drterziler.com\/fr\/wp-json\/wp\/v2\/pages"}],"about":[{"href":"https:\/\/drterziler.com\/fr\/wp-json\/wp\/v2\/types\/page"}],"author":[{"embeddable":true,"href":"https:\/\/drterziler.com\/fr\/wp-json\/wp\/v2\/users\/6"}],"replies":[{"embeddable":true,"href":"https:\/\/drterziler.com\/fr\/wp-json\/wp\/v2\/comments?post=2728"}],"version-history":[{"count":56,"href":"https:\/\/drterziler.com\/fr\/wp-json\/wp\/v2\/pages\/2728\/revisions"}],"predecessor-version":[{"id":59530,"href":"https:\/\/drterziler.com\/fr\/wp-json\/wp\/v2\/pages\/2728\/revisions\/59530"}],"wp:featuredmedia":[{"embeddable":true,"href":"https:\/\/drterziler.com\/fr\/wp-json\/wp\/v2\/media\/1003"}],"wp:attachment":[{"href":"https:\/\/drterziler.com\/fr\/wp-json\/wp\/v2\/media?parent=2728"}],"curies":[{"name":"wp","href":"https:\/\/api.w.org\/{rel}","templated":true}]}}