{"id":2730,"date":"2024-08-12T16:08:33","date_gmt":"2024-08-12T16:08:33","guid":{"rendered":"https:\/\/drterziler.com\/esthetique-medicale\/botox\/"},"modified":"2026-02-27T17:05:51","modified_gmt":"2026-02-27T17:05:51","slug":"botox-toxine-botulique","status":"publish","type":"page","link":"https:\/\/drterziler.com\/fr\/esthetique-medicale\/soins-du-visage\/botox-toxine-botulique\/","title":{"rendered":"Botox (Toxine Botulique)"},"content":{"rendered":"<div class=\"page-content\">\n<div id=\"header-area\">\n<div class=\"container\" id=\"firstContent\">\n<div class=\"header-content d-flex flex-column\">\n<h1 class=\"content-title h1-header\">Botox (Toxine Botulique)<\/h1>\n<div class=\"content-paragraph\">\n<p class=\"p-text\">C&#039;est une option de traitement efficace qui r\u00e9duit l&#039;apparence des rides et favorise le rajeunissement de la peau. Cette proc\u00e9dure, privil\u00e9gi\u00e9e notamment pour les ridules du front, entre les sourcils et autour des yeux, lisse la peau en relaxant temporairement les muscles. Il aide \u00e0 obtenir une apparence jeune et dynamique tout en conservant des expressions faciales naturelles. Le Botox pr\u00e9vient le vieillissement cutan\u00e9 gr\u00e2ce \u00e0 une m\u00e9thode peu invasive, sans intervention chirurgicale, et renforce la confiance de l&#039;individu.<\/p>\n<\/p><\/div>\n<nav aria-label=\"breadcrumb\" class=\"breadcrumbs\">\n<ul class=\"d-flex align-items-center mb-0\">\n<li><a class=\"link\" href=\"https:\/\/drterziler.com\/fr\/\"><span>Dr. Terziler Exclusive Clinic<\/span><\/a><\/li>\n<li class=\"separator\">\u00bb<\/li>\n<li><a class=\"link\" href=\"https:\/\/drterziler.com\/fr\/esthetique-medicale\/\"><span>Esth\u00e9tique m\u00e9dicale<\/span><\/a><\/li>\n<li class=\"separator\">\u00bb<\/li>\n<li><a class=\"link\" href=\"https:\/\/drterziler.com\/fr\/esthetique-medicale\/soins-du-visage\/\"><span>Soins du visage<\/span><\/a><\/li>\n<li class=\"separator\">\u00bb<\/li>\n<li class=\"current-page\"><span>Botox (Toxine Botulique)<\/span><\/li>\n<\/ul>\n<\/nav><\/div>\n<\/p><\/div>\n<\/p><\/div>\n<\/div>\n<section id=\"content-area\">\n<div class=\"container my-5\">\n<div class=\"row align-items-start\">\n<div class=\"col-md-6 order-2 order-md-1\">\n<div class=\"custom-toc-box\">\n<div id=\"toc-header\">\n<h4>Table des mati\u00e8res<\/h4>\n<div class=\"toc-toggle-icon\"><\/div>\n<\/p><\/div>\n<div class=\"toc-full-divider\"><\/div>\n<div id=\"toc-body\">\n<div id=\"toc-container\"><\/div>\n<\/p><\/div>\n<\/p><\/div>\n<\/p><\/div>\n<div class=\"col-md-6 order-1 order-md-2\" id=\"jForm\">\n                <script type=\"text\/javascript\" src=\"https:\/\/form.jotform.com\/jsform\/242882407646969\"><\/script>\n            <\/div>\n<\/p><\/div>\n<\/p><\/div>\n<div class=\"container\">\n<div class=\"img-thumb\">\n            <img loading=\"lazy\" decoding=\"async\" src=\"https:\/\/drterziler.com\/wp-content\/uploads\/2025\/01\/Botoks.webp\" sizes=\"auto, (max-width: 1920px) 100vw, 1920px\" srcset=\"https:\/\/drterziler.com\/wp-content\/uploads\/2025\/01\/Botoks.webp 1920w, https:\/\/drterziler.com\/wp-content\/uploads\/2025\/01\/Botoks-300x169.webp 300w, https:\/\/drterziler.com\/wp-content\/uploads\/2025\/01\/Botoks-1024x576.webp 1024w, https:\/\/drterziler.com\/wp-content\/uploads\/2025\/01\/Botoks-768x432.webp 768w, https:\/\/drterziler.com\/wp-content\/uploads\/2025\/01\/Botoks-1536x864.webp 1536w\" alt=\"\" width=\"1920\" height=\"1080\">\n        <\/div>\n<div>\n<div>\n<h2 class=\"h2-header\">Botox en Turquie<\/h2>\n<\/p><\/div>\n<div>\n<p class=\"p-text\">Le Botox est un traitement esth\u00e9tique qui aide \u00e0 r\u00e9duire les rides et les ridules en relaxant temporairement les muscles du visage. En affectant les terminaisons nerveuses, ce traitement limite les mouvements musculaires, offrant ainsi une apparence plus jeune et plus lisse. L&#039;application propose une solution rapide et s\u00fbre sans n\u00e9cessiter d&#039;intervention chirurgicale.<\/p>\n<\/p><\/div>\n<\/p><\/div>\n<div>\n<div>\n<h2 class=\"h2-header\">Quels sont les avantages du Botox ?<\/h2>\n<\/p><\/div>\n<div>\n<p class=\"p-text\">Solution instantan\u00e9e contre les rides. M\u00e9thode non chirurgicale, indolore et confortable. Offre un aspect naturel sans alt\u00e9rer l&#039;expression du visage. R\u00e9cup\u00e9ration rapide avec presque aucun effet secondaire. Retour imm\u00e9diat au travail et aux activit\u00e9s sociales. R\u00e9sultats durables de 4 \u00e0 6 mois.<\/p>\n<\/p><\/div>\n<\/p><\/div>\n<div>\n<div>\n<h2 class=\"h2-header\">\u00c0 qui s\u2019adresse le Botox ?<\/h2>\n<\/p><\/div>\n<div>\n<p class=\"p-text\">Ceux qui ont des rides faciales. Ceux g\u00ean\u00e9s par les ridules. Personnes souhaitant une peau plus ferme et plus tendue. Ceux qui recherchent un traitement indolore. Individus pr\u00e9sentant des lignes profondes. Personnes cherchant une solution rapide et s\u00fbre.<\/p>\n<\/p><\/div>\n<\/p><\/div>\n<div>\n<div>\n<h2 class=\"h2-header\">Pourquoi le Botox est-il populaire ?<\/h2>\n<\/p><\/div>\n<div>\n<p class=\"p-text\">Le Botox se distingue dans le domaine des proc\u00e9dures esth\u00e9tiques car il cible les rides sans affecter les expressions naturelles du visage. Un autre facteur cl\u00e9 de sa popularit\u00e9 est la possibilit\u00e9 de reprendre imm\u00e9diatement la vie quotidienne apr\u00e8s l\u2019intervention. De plus, les effets durables du Botox sans n\u00e9cessiter de chirurgie en font un choix privil\u00e9gi\u00e9 tant pour les hommes que pour les femmes. En plus de lutter contre les effets du temps, le Botox renforce la confiance en soi et apporte un confort psychologique aux individus.<\/p>\n<\/p><\/div>\n<\/p><\/div>\n<div>\n<div>\n<h2 class=\"h2-header\">O\u00f9 est appliqu\u00e9 le Botox ?<\/h2>\n<\/p><\/div>\n<div>\n<p class=\"p-text\">Front, entre les sourcils et contour des yeux : Le Botox est appliqu\u00e9 pour r\u00e9duire les rides horizontales du front, les rides du lion et les pattes d\u2019oie, rajeunissant ainsi l\u2019expression du visage. Sourire gingival (exposition excessive des gencives) : Le Botox est inject\u00e9 dans les muscles de la l\u00e8vre sup\u00e9rieure pour \u00e9viter une exposition excessive des gencives lors du sourire. Botox mass\u00e9ter : Le Botox est appliqu\u00e9 aux muscles de la m\u00e2choire pour affiner la ligne mandibulaire et soulager le bruxisme. Contour des l\u00e8vres : Les rides et ridules autour des l\u00e8vres sont estomp\u00e9es avec le Botox pour un aspect plus lisse. Cou (Cou de Cl\u00e9op\u00e2tre) : Le Botox est appliqu\u00e9 pour \u00e9liminer l&#039;affaissement et les rides du cou, cr\u00e9ant un contour plus jeune et plus ferme. Traitement de l&#039;hyperhidrose : Le Botox est appliqu\u00e9 sur les zones sujettes \u00e0 une transpiration excessive (notamment les aisselles) pour bloquer temporairement les glandes sudoripares et r\u00e9duire la sudation.<\/p>\n<\/p><\/div>\n<\/p><\/div>\n<div>\n<div>\n<h2 class=\"h2-header\">Comment est appliqu\u00e9 le Botox ?<\/h2>\n<\/p><\/div>\n<div>\n<p class=\"p-text\">Consultation et \u00e9valuation : Avant la proc\u00e9dure, une discussion d\u00e9taill\u00e9e est men\u00e9e avec votre sp\u00e9cialiste concernant vos traits du visage, vos attentes et vos besoins. Les zones d\u2019application du Botox sont alors d\u00e9termin\u00e9es. Marquage du visage : Les zones \u00e0 traiter sont marqu\u00e9es. Des points sp\u00e9cifiques sont identifi\u00e9s en fonction de votre structure faciale et de l\u2019\u00e9tat de vos rides. Application avec des micro-aiguilles : Le Botox est inject\u00e9 directement dans les zones marqu\u00e9es \u00e0 l\u2019aide de micro-aiguilles. Le traitement agit sous la peau en relaxant temporairement les muscles. Soins post-proc\u00e9dure : Aucun soin particulier n\u2019est n\u00e9cessaire apr\u00e8s l\u2019injection de Botox, mais les sp\u00e9cialistes peuvent recommander un l\u00e9ger massage sur la zone trait\u00e9e. Observation des r\u00e9sultats : Les effets deviennent visibles entre 3 et 5 jours apr\u00e8s l\u2019intervention. Le Botox dure environ 4 \u00e0 6 mois.<\/p>\n<\/p><\/div>\n<\/p><\/div>\n<div>\n<div>\n<h2 class=\"h2-header\">Le Botox provoque-t-il des douleurs ou une g\u00eane ?<\/h2>\n<\/p><\/div>\n<div>\n<p class=\"p-text\">Le Botox est g\u00e9n\u00e9ralement indolore, bien qu\u2019un l\u00e9ger inconfort puisse \u00eatre ressenti selon la sensibilit\u00e9 individuelle. L\u2019utilisation de fines aiguilles minimise la douleur et la dur\u00e9e du traitement est tr\u00e8s courte. Une sensation de br\u00fblure ou de picotement peut appara\u00eetre dans certaines zones, mais elle est temporaire et dispara\u00eet rapidement.<\/p>\n<\/p><\/div>\n<\/p><\/div>\n<div>\n<div>\n<h2 class=\"h2-header\">Combien de temps dure une s\u00e9ance de Botox ?<\/h2>\n<\/p><\/div>\n<div>\n<p class=\"p-text\">La proc\u00e9dure de Botox dure g\u00e9n\u00e9ralement entre 15 et 30 minutes. La dur\u00e9e d\u00e9pend de la zone \u00e0 traiter et des besoins sp\u00e9cifiques de chaque individu. Apr\u00e8s l\u2019intervention, il est g\u00e9n\u00e9ralement possible de reprendre ses activit\u00e9s quotidiennes, ce qui explique en grande partie la popularit\u00e9 du Botox.<\/p>\n<\/p><\/div>\n<\/p><\/div>\n<div>\n<div>\n<h2 class=\"h2-header\">Combien de temps faut-il pour gu\u00e9rir apr\u00e8s un Botox ?<\/h2>\n<\/p><\/div>\n<div>\n<p class=\"p-text\">Le processus de r\u00e9cup\u00e9ration apr\u00e8s un Botox est tr\u00e8s rapide, et la plupart des personnes peuvent reprendre leurs activit\u00e9s normales quelques heures apr\u00e8s l\u2019intervention. Rougeurs et gonflements sont des effets secondaires rares, et s\u2019ils surviennent, ils disparaissent en quelques jours. L\u2019effet complet du Botox commence \u00e0 se manifester entre 3 et 5 jours apr\u00e8s l\u2019injection, avec un r\u00e9sultat optimal visible apr\u00e8s une semaine.<\/p>\n<\/p><\/div>\n<\/p><\/div>\n<div>\n<div>\n<h2 class=\"h2-header\">Prix du Botox<\/h2>\n<\/p><\/div>\n<div>\n<p class=\"p-text\">En 2025, les prix du Botox peuvent varier en fonction de la zone trait\u00e9e, de la quantit\u00e9 de produit utilis\u00e9 et des services suppl\u00e9mentaires choisis. Le plan de traitement personnalis\u00e9 pour chaque individu influence le tarif. Pour obtenir des informations pr\u00e9cises sur les co\u00fbts, il est recommand\u00e9 de contacter nos consultants en sant\u00e9 sp\u00e9cialis\u00e9s.<\/p>\n<\/p><\/div>\n<\/p><\/div>\n<div>\n<div>\n<h2 class=\"h2-header\">Pourquoi choisir la clinique exclusive Dr. Terziler ?<\/h2>\n<\/p><\/div>\n<div>\n<p class=\"p-text\">Le Dr Terziler, avec une expertise reconnue \u00e0 l\u2019international et une approche esth\u00e9tique alliant art et science, propose des solutions personnalis\u00e9es qui offrent non seulement une transformation physique, mais aussi un renouveau \u00e9motionnel. Notre clinique, \u00e9quip\u00e9e des technologies les plus avanc\u00e9es et op\u00e9rant selon des principes de confort et de s\u00e9curit\u00e9, adopte la perfection comme philosophie d\u2019entreprise. Ici, chaque geste vise \u00e0 am\u00e9liorer votre bien-\u00eatre g\u00e9n\u00e9ral et votre bonheur.<\/p>\n<\/p><\/div>\n<\/p><\/div>\n<\/p><\/div>\n<\/section>\n","protected":false},"excerpt":{"rendered":"<p>Botox (Toxine Botulique) C&#039;est une option de traitement efficace qui r\u00e9duit l&#039;apparence des rides et favorise le rajeunissement de la peau. Cette proc\u00e9dure, privil\u00e9gi\u00e9e notamment pour les ridules du front, entre les sourcils et autour des yeux, lisse la peau en relaxant temporairement les muscles. Il aide \u00e0 obtenir une apparence jeune et dynamique tout [&hellip;]<\/p>\n","protected":false},"author":6,"featured_media":4968,"parent":15916,"menu_order":0,"comment_status":"closed","ping_status":"closed","template":"","meta":{"footnotes":""},"class_list":["post-2730","page","type-page","status-publish","has-post-thumbnail","hentry"],"_links":{"self":[{"href":"https:\/\/drterziler.com\/fr\/wp-json\/wp\/v2\/pages\/2730","targetHints":{"allow":["GET"]}}],"collection":[{"href":"https:\/\/drterziler.com\/fr\/wp-json\/wp\/v2\/pages"}],"about":[{"href":"https:\/\/drterziler.com\/fr\/wp-json\/wp\/v2\/types\/page"}],"author":[{"embeddable":true,"href":"https:\/\/drterziler.com\/fr\/wp-json\/wp\/v2\/users\/6"}],"replies":[{"embeddable":true,"href":"https:\/\/drterziler.com\/fr\/wp-json\/wp\/v2\/comments?post=2730"}],"version-history":[{"count":16,"href":"https:\/\/drterziler.com\/fr\/wp-json\/wp\/v2\/pages\/2730\/revisions"}],"predecessor-version":[{"id":57744,"href":"https:\/\/drterziler.com\/fr\/wp-json\/wp\/v2\/pages\/2730\/revisions\/57744"}],"up":[{"embeddable":true,"href":"https:\/\/drterziler.com\/fr\/wp-json\/wp\/v2\/pages\/15916"}],"wp:featuredmedia":[{"embeddable":true,"href":"https:\/\/drterziler.com\/fr\/wp-json\/wp\/v2\/media\/4968"}],"wp:attachment":[{"href":"https:\/\/drterziler.com\/fr\/wp-json\/wp\/v2\/media?parent=2730"}],"curies":[{"name":"wp","href":"https:\/\/api.w.org\/{rel}","templated":true}]}}