{"id":2732,"date":"2024-08-12T16:07:43","date_gmt":"2024-08-12T16:07:43","guid":{"rendered":"https:\/\/drterziler.com\/esthetique-medicale\/applications-de-la-mesotherapie\/"},"modified":"2026-03-06T01:15:22","modified_gmt":"2026-03-06T01:15:22","slug":"mesotherapie","status":"publish","type":"page","link":"https:\/\/drterziler.com\/fr\/esthetique-medicale\/soins-du-visage\/mesotherapie\/","title":{"rendered":"M\u00e9soth\u00e9rapie"},"content":{"rendered":"<div class=\"page-content category-page\">\n<div id=\"header-area\">\n<div class=\"container\" id=\"firstContent\">\n<div class=\"header-content d-flex flex-column\">\n<h1 class=\"content-title\">M\u00e9soth\u00e9rapie<\/h1>\n<div class=\"content-paragraph\">\n<p>La m\u00e9soth\u00e9rapie est une m\u00e9thode de traitement efficace qui agit en profondeur sur votre peau, lui apportant jeunesse, vitalit\u00e9 et \u00e9clat. Gr\u00e2ce \u00e0 des micro-injections de vitamines, min\u00e9raux, acide hyaluronique et autres ingr\u00e9dients nourrissants sous la peau, elle garantit que votre peau re\u00e7oit tous les nutriments dont elle a besoin. Cela se traduit par une apparence vibrante et \u00e9clatante.<\/p>\n<\/p><\/div>\n<nav aria-label=\"breadcrumb\" class=\"breadcrumbs\">\n<ul class=\"d-flex align-items-center mb-0\">\n<li><a class=\"link\" href=\"https:\/\/drterziler.com\/fr\/\"><span>Dr. Terziler<\/span><\/a><\/li>\n<li class=\"separator\">\u00bb<\/li>\n<li><a class=\"link\" href=\"https:\/\/drterziler.com\/fr\/esthetique-medicale\/\"><span>Esth\u00e9tique M\u00e9dicale<\/span><\/a><\/li>\n<li class=\"separator\">\u00bb<\/li>\n<li><a class=\"link\" href=\"https:\/\/drterziler.com\/fr\/esthetique-medicale\/soins-du-visage\/\"><span>Soins du Visage<\/span><\/a><\/li>\n<li class=\"separator\">\u00bb<\/li>\n<li class=\"current-page\"><span>M\u00e9soth\u00e9rapie<\/span><\/li>\n<\/ul>\n<\/nav><\/div>\n<\/p><\/div>\n<\/p><\/div>\n<\/p><\/div>\n<section class=\"svc-section\">\n<div class=\"container\">\n<div class=\"svc-item right-card\">\n<div class=\"svc-media\">\n              <img decoding=\"async\" src=\"https:\/\/drterziler.com\/wp-content\/uploads\/2025\/02\/Akne-Tedavisi-1.webp\" alt=\"Traitements par Exosomes\" style=\"transform: scaleX(-1);\" loading=\"lazy\" class=\"cat-img\">\n              <\/div>\n<div class=\"svc-card\">\n<h3 class=\"svc-title gilda\">Traitement de l&rsquo;Acn\u00e9<\/h3>\n<p class=\"svc-text barlow\">\n                  Il comprend une s\u00e9rie de proc\u00e9dures dermatologiques visant \u00e0 \u00e9liminer l&rsquo;acn\u00e9 et les cicatrices de boutons. Des m\u00e9thodes telles que les traitements au laser, les peelings chimiques et les m\u00e9dicaments topiques sont utilis\u00e9es pour nettoyer et restaurer l&rsquo;\u00e9quilibre de la peau. Le traitement est personnalis\u00e9 selon le type de peau, offrant des r\u00e9sultats efficaces et rapides.\n              <\/p>\n<p>              <a class=\"btn-details barlow-condensed\" href=\"https:\/\/drterziler.com\/fr\/esthetique-medicale\/soins-du-visage\/mesotherapie\/traitement-de-lacne\/\">D\u00c9TAILS<\/a>\n              <\/div>\n<\/p><\/div>\n<div class=\"svc-item left-card\">\n<div class=\"svc-media\">\n              <img decoding=\"async\" src=\"https:\/\/drterziler.com\/wp-content\/uploads\/2025\/02\/leke-tedavisi-1.webp\" alt=\"\u00c9lixir Capillaire\" loading=\"lazy\" class=\"cat-img\">\n              <\/div>\n<div class=\"svc-card\">\n<h3 class=\"svc-title gilda\">Traitement localis\u00e9<\/h3>\n<p class=\"svc-text barlow\">\n                  Il cible les taches solaires, les cicatrices d&rsquo;acn\u00e9 et les signes du vieillissement, en unifiant le teint de la peau. Des m\u00e9thodes telles que le traitement au laser, les peelings chimiques et le PRP sont utilis\u00e9es pour \u00e9liminer les imperfections et \u00e9claircir la peau. Le traitement est personnalis\u00e9, offrant des r\u00e9sultats naturels et durables.\n              <\/p>\n<p>              <a class=\"btn-details barlow-condensed\" href=\"https:\/\/drterziler.com\/fr\/esthetique-medicale\/soins-du-visage\/mesotherapie\/traitement-localise\/\">D\u00c9TAILS<\/a>\n              <\/div>\n<\/p><\/div>\n<div class=\"svc-item right-card\">\n<div class=\"svc-media\">\n            <img decoding=\"async\" src=\"https:\/\/drterziler.com\/wp-content\/uploads\/2025\/02\/Anti-Aging-1.webp\" alt=\"Traitements par Exosomes\" loading=\"lazy\" class=\"cat-img\" style=\"transform: scaleX(-1);\">\n            <\/div>\n<div class=\"svc-card\">\n<h3 class=\"svc-title gilda\">Anti-\u00c2ge<\/h3>\n<p class=\"svc-text barlow\">\n                Les traitements anti-\u00e2ge qui d\u00e9fient les signes du vieillissement sont des proc\u00e9dures modernes visant \u00e0 obtenir une peau plus jeune, plus vibrante et plus lisse. Soutenant \u00e0 la fois la beaut\u00e9 esth\u00e9tique et naturelle, ces m\u00e9thodes offrent une solution populaire pour tout le monde aujourd&rsquo;hui.\n            <\/p>\n<p>            <a class=\"btn-details barlow-condensed\" href=\"https:\/\/drterziler.com\/fr\/esthetique-medicale\/soins-du-visage\/mesotherapie\/anti-age\/\">D\u00c9TAILS<\/a>\n            <\/div>\n<\/p><\/div>\n<\/p><\/div>\n<\/section>\n","protected":false},"excerpt":{"rendered":"<p>M\u00e9soth\u00e9rapie La m\u00e9soth\u00e9rapie est une m\u00e9thode de traitement efficace qui agit en profondeur sur votre peau, lui apportant jeunesse, vitalit\u00e9 et \u00e9clat. Gr\u00e2ce \u00e0 des micro-injections de vitamines, min\u00e9raux, acide hyaluronique et autres ingr\u00e9dients nourrissants sous la peau, elle garantit que votre peau re\u00e7oit tous les nutriments dont elle a besoin. Cela se traduit par [&hellip;]<\/p>\n","protected":false},"author":6,"featured_media":4998,"parent":15916,"menu_order":0,"comment_status":"closed","ping_status":"closed","template":"","meta":{"footnotes":""},"class_list":["post-2732","page","type-page","status-publish","has-post-thumbnail","hentry"],"_links":{"self":[{"href":"https:\/\/drterziler.com\/fr\/wp-json\/wp\/v2\/pages\/2732","targetHints":{"allow":["GET"]}}],"collection":[{"href":"https:\/\/drterziler.com\/fr\/wp-json\/wp\/v2\/pages"}],"about":[{"href":"https:\/\/drterziler.com\/fr\/wp-json\/wp\/v2\/types\/page"}],"author":[{"embeddable":true,"href":"https:\/\/drterziler.com\/fr\/wp-json\/wp\/v2\/users\/6"}],"replies":[{"embeddable":true,"href":"https:\/\/drterziler.com\/fr\/wp-json\/wp\/v2\/comments?post=2732"}],"version-history":[{"count":20,"href":"https:\/\/drterziler.com\/fr\/wp-json\/wp\/v2\/pages\/2732\/revisions"}],"predecessor-version":[{"id":59604,"href":"https:\/\/drterziler.com\/fr\/wp-json\/wp\/v2\/pages\/2732\/revisions\/59604"}],"up":[{"embeddable":true,"href":"https:\/\/drterziler.com\/fr\/wp-json\/wp\/v2\/pages\/15916"}],"wp:featuredmedia":[{"embeddable":true,"href":"https:\/\/drterziler.com\/fr\/wp-json\/wp\/v2\/media\/4998"}],"wp:attachment":[{"href":"https:\/\/drterziler.com\/fr\/wp-json\/wp\/v2\/media?parent=2732"}],"curies":[{"name":"wp","href":"https:\/\/api.w.org\/{rel}","templated":true}]}}