{"id":2737,"date":"2024-08-12T17:12:03","date_gmt":"2024-08-12T17:12:03","guid":{"rendered":"https:\/\/drterziler.com\/notre-clinique\/a-propos-de\/"},"modified":"2026-03-06T23:51:55","modified_gmt":"2026-03-06T23:51:55","slug":"a-propos-de","status":"publish","type":"page","link":"https:\/\/drterziler.com\/fr\/notre-clinique\/a-propos-de\/","title":{"rendered":"A propos de"},"content":{"rendered":"<div class=\"page-content\">\n<div id=\"header-area\">\n<div class=\"container\" id=\"firstContent\">\n<div class=\"header-content d-flex flex-column\">\n<h1 class=\"content-title h1-header\">\u00c0 Propos<\/h1>\n<div class=\"content-paragraph\">\n<p class=\"p-text\">\n<\/p><\/div>\n<nav aria-label=\"breadcrumb\" class=\"breadcrumbs\">\n<ul class=\"d-flex align-items-center mb-0\">\n<li><a class=\"link\" href=\"https:\/\/drterziler.com\/fr\/\"><span>Dr. Terziler<\/span><\/a><\/li>\n<li class=\"separator\">\u00bb<\/li>\n<li><a class=\"link\" href=\"https:\/\/drterziler.com\/fr\/notre-clinique\/\"><span>Notre Clinique<\/span><\/a><\/li>\n<li class=\"separator\">\u00bb<\/li>\n<li class=\"current-page\"><span>\u00c0 Propos<\/span><\/li>\n<\/ul>\n<\/nav><\/div>\n<\/p><\/div>\n<\/p><\/div>\n<\/div>\n<section id=\"content-area\">\n<div class=\"container g-0 w-100\">\n<div class=\"col-lg-12 col-12 tour-video\">\n<div class=\"video-wrapper\">\n                <iframe\n                data-src=\"https:\/\/www.youtube-nocookie.com\/embed\/bjR2KtM5NZ4\"\n                frameborder=\"0\"\n                allow=\"encrypted-media; picture-in-picture\"\n                allowfullscreen><br \/>\n                <\/iframe>\n            <\/div>\n<\/p><\/div>\n<\/p><\/div>\n<div class=\"container\">\n<div>\n<div>\n<h2 class=\"h2-header\">Notre Mission<\/h2>\n<\/p><\/div>\n<div>\n<p class=\"p-text\">Notre mission en tant que Dr. Terziler Exclusive Clinic ; \u2022 Atteindre plus de personnes souffrant de faiblesse et de perte de cheveux en utilisant des technologies et des traitements de greffe de cheveux de pointe, et veiller \u00e0 ce que davantage de personnes aient des cheveux sains, denses et permanents. \u2022 Offrir un service de sant\u00e9 au-dessus des standards et des attentes mondiales \u00e0 nos invit\u00e9s et \u00e0 leurs proches, avec notre exp\u00e9rience d&rsquo;un quart de si\u00e8cle en greffe et traitements capillaires, avec une conscience de haute qualit\u00e9. \u2022 Fournir un service de sant\u00e9 o\u00f9 chaque d\u00e9tail est pris en compte, digne de la confiance, de l&rsquo;int\u00e9r\u00eat et de l&rsquo;attente de nos invit\u00e9s qui nous font confiance et nous choisissent. \u2022 \u00catre le compagnon le plus fiable dans le domaine de la sant\u00e9 et des traitements capillaires en fournissant des services de soutien et de conseil \u00e0 nos invit\u00e9s ayant re\u00e7u des services de greffe de cheveux et de traitement de notre clinique, avec une approche \u00e9thique et transparente.<\/p>\n<\/p><\/div>\n<\/p><\/div>\n<div>\n<div>\n<h2 class=\"h2-header\">Notre Vision<\/h2>\n<\/p><\/div>\n<div>\n<p class=\"p-text\">Notre vision en tant que Dr. Terziler Exclusive Clinic ; \u2022 Porter les pratiques de greffe de cheveux en Turquie au sommet des standards mondiaux et porter \u00e9galement les standards de la m\u00e9decine turque au sommet du monde, particuli\u00e8rement dans le domaine de la greffe de cheveux. \u2022 Soutenir le d\u00e9veloppement de nouveaux traitements et applications en contribuant aux \u00e9tudes scientifiques dans le domaine de la greffe de cheveux \u00e0 la lumi\u00e8re de nos connaissances et de notre exp\u00e9rience d&rsquo;un quart de si\u00e8cle. \u2022 \u00catre une institution de sant\u00e9 de r\u00e9f\u00e9rence tant dans notre pays que dans le monde, avec pour devise \u00ab 101 satisfactions client sur 100 clients \u00bb. \u2022 Adopter l&rsquo;innovation comme culture d&rsquo;entreprise avec la devise \u00ab Les processus de changement et de d\u00e9veloppement ne finissent jamais \u00bb et participer \u00e0 des formations, s\u00e9minaires et ateliers \u00e0 l&rsquo;\u00e9tranger ; \u00eatre l&rsquo;un des leaders pionniers du secteur en tant que suiveur attentif des d\u00e9veloppements scientifiques. &#8211; Contribuer au d\u00e9veloppement de notre pays et du tourisme de sant\u00e9 en fournissant des services au-dessus des standards mondiaux \u00e0 nos invit\u00e9s. \u2022 \u00catre la clinique de greffe de cheveux la plus privil\u00e9gi\u00e9e tant dans notre pays que dans le monde, gr\u00e2ce au service que nous fournissons et \u00e0 notre approche centr\u00e9e sur l&rsquo;humain qui vise toujours la perfection. \u2022 Faire de la greffe de cheveux une exp\u00e9rience unique dont on se souviendra avec plaisir toute une vie pour nos clients, avec notre service exclusif o\u00f9 chaque d\u00e9tail est consid\u00e9r\u00e9. \u2022 Cr\u00e9er une perception professionnelle en \u00e9duquant des m\u00e9decins et des professionnels de sant\u00e9 d\u00e9vou\u00e9s \u00e0 leur profession, conscients de toutes sortes d&rsquo;innovations en greffe de cheveux, et qui ne font aucun compromis sur les valeurs \u00e9thiques et centr\u00e9es sur l&rsquo;humain, conform\u00e9ment au domaine de la greffe de cheveux.<\/p>\n<\/p><\/div>\n<\/p><\/div>\n<\/p><\/div>\n<\/section>\n","protected":false},"excerpt":{"rendered":"<p>\u00c0 Propos Dr. Terziler \u00bb Notre Clinique \u00bb \u00c0 Propos Notre Mission Notre mission en tant que Dr. Terziler Exclusive Clinic ; \u2022 Atteindre plus de personnes souffrant de faiblesse et de perte de cheveux en utilisant des technologies et des traitements de greffe de cheveux de pointe, et veiller \u00e0 ce que davantage de [&hellip;]<\/p>\n","protected":false},"author":6,"featured_media":0,"parent":2736,"menu_order":0,"comment_status":"closed","ping_status":"closed","template":"","meta":{"footnotes":""},"class_list":["post-2737","page","type-page","status-publish","hentry"],"_links":{"self":[{"href":"https:\/\/drterziler.com\/fr\/wp-json\/wp\/v2\/pages\/2737","targetHints":{"allow":["GET"]}}],"collection":[{"href":"https:\/\/drterziler.com\/fr\/wp-json\/wp\/v2\/pages"}],"about":[{"href":"https:\/\/drterziler.com\/fr\/wp-json\/wp\/v2\/types\/page"}],"author":[{"embeddable":true,"href":"https:\/\/drterziler.com\/fr\/wp-json\/wp\/v2\/users\/6"}],"replies":[{"embeddable":true,"href":"https:\/\/drterziler.com\/fr\/wp-json\/wp\/v2\/comments?post=2737"}],"version-history":[{"count":9,"href":"https:\/\/drterziler.com\/fr\/wp-json\/wp\/v2\/pages\/2737\/revisions"}],"predecessor-version":[{"id":59910,"href":"https:\/\/drterziler.com\/fr\/wp-json\/wp\/v2\/pages\/2737\/revisions\/59910"}],"up":[{"embeddable":true,"href":"https:\/\/drterziler.com\/fr\/wp-json\/wp\/v2\/pages\/2736"}],"wp:attachment":[{"href":"https:\/\/drterziler.com\/fr\/wp-json\/wp\/v2\/media?parent=2737"}],"curies":[{"name":"wp","href":"https:\/\/api.w.org\/{rel}","templated":true}]}}