{"id":3193,"date":"2024-08-26T09:38:52","date_gmt":"2024-08-26T09:38:52","guid":{"rendered":"https:\/\/drterziler.com\/traitement-des-cheveux\/elixir-capillaire\/"},"modified":"2026-02-28T12:20:46","modified_gmt":"2026-02-28T12:20:46","slug":"elixir-capillaire","status":"publish","type":"page","link":"https:\/\/drterziler.com\/fr\/traitement-des-cheveux\/elixir-capillaire\/","title":{"rendered":"\u00c9lixir Capillaire"},"content":{"rendered":"<div class=\"page-content\">\n<div id=\"header-area\">\n<div class=\"container\" id=\"firstContent\">\n<div class=\"header-content d-flex flex-column\">\n<h1 class=\"content-title h1-header\">\u00c9lixir Capillaire<\/h1>\n<div class=\"content-paragraph\">\n<p class=\"p-text\">Si la chute des cheveux est un probl\u00e8me commun \u00e0 de nombreuses personnes, il n&#039;est plus insoluble gr\u00e2ce aux solutions innovantes offertes par la m\u00e9decine moderne. L&#039;\u00e9lixir capillaire est une approche r\u00e9volutionnaire bas\u00e9e sur des fondements scientifiques qui vise \u00e0 restaurer la sant\u00e9 des cheveux. Cette m\u00e9thode favorise la croissance naturelle des cheveux en revitalisant les follicules pileux et offre des solutions permanentes.<\/p>\n<\/p><\/div>\n<nav aria-label=\"breadcrumb\" class=\"breadcrumbs\">\n<ul class=\"d-flex align-items-center mb-0\">\n<li><a class=\"link\" href=\"https:\/\/drterziler.com\/fr\/\"><span>Dr. Terziler Exclusive Clinic<\/span><\/a><\/li>\n<li class=\"separator\">\u00bb<\/li>\n<li><a class=\"link\" href=\"https:\/\/drterziler.com\/fr\/traitement-des-cheveux\/\"><span>Traitement des cheveux<\/span><\/a><\/li>\n<li class=\"separator\">\u00bb<\/li>\n<li class=\"current-page\"><span>\u00c9lixir Capillaire<\/span><\/li>\n<\/ul>\n<\/nav><\/div>\n<\/p><\/div>\n<\/p><\/div>\n<\/div>\n<section id=\"content-area\">\n<div class=\"container my-5\">\n<div class=\"row align-items-start\">\n<div class=\"col-md-6 order-2 order-md-1\">\n<div class=\"custom-toc-box\">\n<div id=\"toc-header\">\n<h4>Table des mati\u00e8res<\/h4>\n<div class=\"toc-toggle-icon\"><\/div>\n<\/p><\/div>\n<div class=\"toc-full-divider\"><\/div>\n<div id=\"toc-body\">\n<div id=\"toc-container\"><\/div>\n<\/p><\/div>\n<\/p><\/div>\n<\/p><\/div>\n<div class=\"col-md-6 order-1 order-md-2\" id=\"jForm\">\n                <script type=\"text\/javascript\" src=\"https:\/\/form.jotform.com\/jsform\/242882407646969\"><\/script>\n            <\/div>\n<\/p><\/div>\n<\/p><\/div>\n<div class=\"container\">\n<div class=\"img-thumb\">\n            <img loading=\"lazy\" decoding=\"async\" width=\"1140\" height=\"641\" src=\"https:\/\/drterziler.com\/wp-content\/uploads\/2025\/04\/HAIR-ELIXIR.webp\" alt=\"\" srcset=\"https:\/\/drterziler.com\/wp-content\/uploads\/2025\/04\/HAIR-ELIXIR.webp 1140w, https:\/\/drterziler.com\/wp-content\/uploads\/2025\/04\/HAIR-ELIXIR-300x169.webp 300w, https:\/\/drterziler.com\/wp-content\/uploads\/2025\/04\/HAIR-ELIXIR-1024x576.webp 1024w, https:\/\/drterziler.com\/wp-content\/uploads\/2025\/04\/HAIR-ELIXIR-768x432.webp 768w\" sizes=\"auto, (max-width: 1140px) 100vw, 1140px\">\n        <\/div>\n<div>\n<div>\n<h2 class=\"h2-header\">Qui peut b\u00e9n\u00e9ficier de Hair Elixir ?<\/h2>\n<\/p><\/div>\n<div>\n<p class=\"p-text\">Les personnes souffrant d&#039;une perte de cheveux d&#039;origine g\u00e9n\u00e9tique Les personnes dont les cheveux sont clairsem\u00e9s Les personnes dont les cheveux sont clairsem\u00e9s et clairsem\u00e9s Ceux qui souhaitent une croissance rapide et \u00e9paisse des cheveux apr\u00e8s une greffe de cheveux Ceux qui souhaitent une croissance rapide et \u00e9paisse des cheveux apr\u00e8s une greffe de cheveux Femmes souffrant d&#039;une perte de cheveux post-partum Les personnes ayant une perte de cheveux plus importante apr\u00e8s la m\u00e9nopause<\/p>\n<\/p><\/div>\n<\/p><\/div>\n<div>\n<div>\n<h2 class=\"h2-header\">Traitement \u00e0 base de cellules souches pour les cheveux : Approche scientifique du renouvellement capillaire<\/h2>\n<\/p><\/div>\n<div>\n<p class=\"p-text\">Le traitement par cellules souches capillaires est une innovation biotechnologique r\u00e9volutionnaire dans le domaine de la perte et du renouvellement des cheveux. Ce traitement est r\u00e9alis\u00e9 \u00e0 l&#039;aide de cellules souches obtenues \u00e0 partir du corps du patient. Les cellules souches sont des cellules sp\u00e9ciales capables de r\u00e9parer et de renouveler les tissus endommag\u00e9s de l&#039;organisme. Chez les personnes souffrant de perte de cheveux, l&#039;injection de ces cellules dans les follicules pileux revitalise les racines des cheveux et favorise le cycle naturel de croissance des cheveux. R\u00f4le biologique des cellules souches Les cellules souches sont connues pour leur capacit\u00e9 \u00e0 se transformer en diff\u00e9rents types de cellules et \u00e0 r\u00e9parer les tissus endommag\u00e9s. Dans le traitement par cellules souches capillaires, ces cellules sont inject\u00e9es dans le cuir chevelu. Apr\u00e8s l&#039;injection, les cellules souches s&#039;installent dans les follicules pileux et amorcent la r\u00e9paration cellulaire, favorisant ainsi la repousse des cheveux. Ce processus acc\u00e9l\u00e8re la transition des racines des cheveux vers la phase anag\u00e8ne (croissance) et garantit des cheveux plus \u00e9pais, plus forts et plus sains. Processus de traitement et application Le traitement par cellules souches capillaires commence par l&#039;obtention de cellules souches du corps du patient. Ces cellules proviennent g\u00e9n\u00e9ralement du tissu adipeux ou de la moelle osseuse. Les cellules collect\u00e9es font l&#039;objet d&#039;un traitement sp\u00e9cial, sont enrichies et activ\u00e9es. Ensuite, ces cellules sont appliqu\u00e9es \u00e0 des zones sp\u00e9cifiques du cuir chevelu \u00e0 l&#039;aide d&#039;une m\u00e9thode de micro-injection. Des techniques peu invasives sont utilis\u00e9es pendant l&#039;application et la proc\u00e9dure est g\u00e9n\u00e9ralement indolore. Preuves scientifiques et succ\u00e8s des traitements La recherche scientifique sur le traitement par cellules souches capillaires montre que cette m\u00e9thode est tr\u00e8s efficace pour stopper la chute des cheveux et favoriser la formation de nouveaux cheveux. Des \u00e9tudes cliniques ont prouv\u00e9 que les cellules souches initient une r\u00e9paration au niveau cellulaire dans les follicules pileux, augmentant ainsi la qualit\u00e9 et la densit\u00e9 des cheveux. Ce traitement offre des r\u00e9sultats probants, en particulier dans les cas de perte de cheveux d&#039;origine g\u00e9n\u00e9tique et d&#039;alop\u00e9cie. Le traitement du futur : Solutions personnalis\u00e9es et permanentes Le traitement par cellules souches capillaires est une m\u00e9thode qui peut \u00eatre personnalis\u00e9e en fonction de la structure des cheveux et du degr\u00e9 de perte de cheveux de chaque individu. Cette approche individuelle augmente l&#039;efficacit\u00e9 du traitement et permet d&#039;obtenir des r\u00e9sultats plus permanents. Le traitement par cellules souches capillaires se pr\u00e9sente comme la solution d&#039;avenir la plus prometteuse et la plus permanente pour ceux qui souhaitent optimiser la sant\u00e9 de leurs cheveux et enrayer leur chute.<\/p>\n<\/p><\/div>\n<\/p><\/div>\n<\/p><\/div>\n<\/section>\n","protected":false},"excerpt":{"rendered":"<p>\u00c9lixir Capillaire Si la chute des cheveux est un probl\u00e8me commun \u00e0 de nombreuses personnes, il n&#039;est plus insoluble gr\u00e2ce aux solutions innovantes offertes par la m\u00e9decine moderne. L&#039;\u00e9lixir capillaire est une approche r\u00e9volutionnaire bas\u00e9e sur des fondements scientifiques qui vise \u00e0 restaurer la sant\u00e9 des cheveux. Cette m\u00e9thode favorise la croissance naturelle des cheveux [&hellip;]<\/p>\n","protected":false},"author":6,"featured_media":0,"parent":2706,"menu_order":0,"comment_status":"closed","ping_status":"closed","template":"","meta":{"footnotes":""},"class_list":["post-3193","page","type-page","status-publish","hentry"],"_links":{"self":[{"href":"https:\/\/drterziler.com\/fr\/wp-json\/wp\/v2\/pages\/3193","targetHints":{"allow":["GET"]}}],"collection":[{"href":"https:\/\/drterziler.com\/fr\/wp-json\/wp\/v2\/pages"}],"about":[{"href":"https:\/\/drterziler.com\/fr\/wp-json\/wp\/v2\/types\/page"}],"author":[{"embeddable":true,"href":"https:\/\/drterziler.com\/fr\/wp-json\/wp\/v2\/users\/6"}],"replies":[{"embeddable":true,"href":"https:\/\/drterziler.com\/fr\/wp-json\/wp\/v2\/comments?post=3193"}],"version-history":[{"count":20,"href":"https:\/\/drterziler.com\/fr\/wp-json\/wp\/v2\/pages\/3193\/revisions"}],"predecessor-version":[{"id":57873,"href":"https:\/\/drterziler.com\/fr\/wp-json\/wp\/v2\/pages\/3193\/revisions\/57873"}],"up":[{"embeddable":true,"href":"https:\/\/drterziler.com\/fr\/wp-json\/wp\/v2\/pages\/2706"}],"wp:attachment":[{"href":"https:\/\/drterziler.com\/fr\/wp-json\/wp\/v2\/media?parent=3193"}],"curies":[{"name":"wp","href":"https:\/\/api.w.org\/{rel}","templated":true}]}}