{"id":3247,"date":"2024-08-26T12:10:04","date_gmt":"2024-08-26T12:10:04","guid":{"rendered":"https:\/\/drterziler.com\/esthetique-medicale\/traitement-ponctuel\/"},"modified":"2026-04-21T13:52:03","modified_gmt":"2026-04-21T13:52:03","slug":"traitement-localise","status":"publish","type":"page","link":"https:\/\/drterziler.com\/fr\/esthetique-medicale\/soins-du-visage\/mesotherapie\/traitement-localise\/","title":{"rendered":"Traitement localis\u00e9"},"content":{"rendered":"<div class=\"page-content\">\n<div id=\"header-area\">\n<div class=\"container\" id=\"firstContent\">\n<div class=\"header-content d-flex flex-column\">\n<h1 class=\"content-title h1-header\">Traitement localis\u00e9<\/h1>\n<div class=\"content-paragraph\">\n<p class=\"p-text\">Il cible les taches solaires, les cicatrices d&#039;acn\u00e9 et les signes de vieillissement, unifiant le teint. Des m\u00e9thodes telles que le traitement au laser, les peelings chimiques et le PRP sont utilis\u00e9es pour \u00e9liminer les imperfections et \u00e9claircir la peau. Le traitement est personnalis\u00e9, offrant des r\u00e9sultats naturels et durables.<\/p>\n<\/p><\/div>\n<nav aria-label=\"breadcrumb\" class=\"breadcrumbs\">\n<ul class=\"d-flex align-items-center mb-0\">\n<li><a class=\"link\" href=\"https:\/\/drterziler.com\/fr\/\"><span>Dr. Terziler Exclusive Clinic<\/span><\/a><\/li>\n<li class=\"separator\">\u00bb<\/li>\n<li><a class=\"link\" href=\"https:\/\/drterziler.com\/fr\/esthetique-medicale\/\"><span>Esth\u00e9tique m\u00e9dicale<\/span><\/a><\/li>\n<li class=\"separator\">\u00bb<\/li>\n<li><a class=\"link\" href=\"https:\/\/drterziler.com\/fr\/esthetique-medicale\/soins-du-visage\/\"><span>Soins du visage<\/span><\/a><\/li>\n<li class=\"separator\">\u00bb<\/li>\n<li><a class=\"link\" href=\"https:\/\/drterziler.com\/fr\/esthetique-medicale\/soins-du-visage\/mesotherapie\/\"><span>M\u00e9soth\u00e9rapie<\/span><\/a><\/li>\n<li class=\"separator\">\u00bb<\/li>\n<li class=\"current-page\"><span>Traitement localis\u00e9<\/span><\/li>\n<\/ul>\n<\/nav><\/div>\n<\/p><\/div>\n<\/p><\/div>\n<\/div>\n<section id=\"content-area\">\n<div class=\"container my-5\">\n<div class=\"row align-items-start\">\n<div class=\"col-md-6 order-2 order-md-1\">\n<div class=\"custom-toc-box\">\n<div id=\"toc-header\">\n<h4>Table des mati\u00e8res<\/h4>\n<div class=\"toc-toggle-icon\"><\/div>\n<\/p><\/div>\n<div class=\"toc-full-divider\"><\/div>\n<div id=\"toc-body\">\n<div id=\"toc-container\"><\/div>\n<\/p><\/div>\n<\/p><\/div>\n<\/p><\/div>\n<div class=\"col-md-6 order-1 order-md-2\" id=\"jForm\">\n                <script type=\"text\/javascript\" src=\"https:\/\/form.jotform.com\/jsform\/242882407646969\"><\/script>\n            <\/div>\n<\/p><\/div>\n<\/p><\/div>\n<div class=\"container\">\n<div class=\"img-thumb\">\n            <img loading=\"lazy\" decoding=\"async\" src=\"https:\/\/drterziler.com\/wp-content\/uploads\/2025\/02\/leke-tedavisi-1.webp\" sizes=\"auto, (max-width: 1920px) 100vw, 1920px\" srcset=\"https:\/\/drterziler.com\/wp-content\/uploads\/2025\/02\/leke-tedavisi-1.webp 1920w, https:\/\/drterziler.com\/wp-content\/uploads\/2025\/02\/leke-tedavisi-1-300x169.webp 300w, https:\/\/drterziler.com\/wp-content\/uploads\/2025\/02\/leke-tedavisi-1-1024x576.webp 1024w, https:\/\/drterziler.com\/wp-content\/uploads\/2025\/02\/leke-tedavisi-1-768x432.webp 768w, https:\/\/drterziler.com\/wp-content\/uploads\/2025\/02\/leke-tedavisi-1-1536x864.webp 1536w\" alt=\"\" width=\"1920\" height=\"1080\">\n        <\/div>\n<div>\n<div>\n<h2 class=\"h2-header\">Qu&#039;est-ce que le Traitement des Taches ?<\/h2>\n<\/p><\/div>\n<div>\n<p class=\"p-text\">Le traitement des taches est une proc\u00e9dure dermatologique appliqu\u00e9e pour traiter diverses d\u00e9colorations de la peau, taches sombres et probl\u00e8mes de pigmentation. Il permet de corriger les taches de soleil, taches de vieillesse, cicatrices d&#039;acn\u00e9, taches de rousseur, m\u00e9lasma et hyperpigmentation. Ce traitement aide \u00e0 uniformiser le teint de la peau et offre une apparence plus jeune.<\/p>\n<\/p><\/div>\n<\/p><\/div>\n<div>\n<div>\n<h2 class=\"h2-header\">Quels sont les Bienfaits du Traitement des Taches ?<\/h2>\n<\/p><\/div>\n<div>\n<p class=\"p-text\">Fournit une peau lisse. Uniformise le teint de la peau. R\u00e9duction rapide des taches sombres. Traitement indolore et non invasif. Apporte un effet rajeunissant. Offre des r\u00e9sultats rapides.<\/p>\n<\/p><\/div>\n<\/p><\/div>\n<div>\n<div>\n<h2 class=\"h2-header\">Quel Aspect Apporte le Traitement des Taches ?<\/h2>\n<\/p><\/div>\n<div>\n<p class=\"p-text\">Apr\u00e8s un traitement des taches, la peau devient plus lumineuse, plus lisse et plus uniforme. Les taches sombres, marques solaires ou cicatrices d&#039;acn\u00e9 diminuent consid\u00e9rablement, et la surface de la peau para\u00eet plus jeune et plus saine. Ce traitement \u00e9limine les d\u00e9colorations de la peau, offrant un teint \u00e9clatant et frais.<\/p>\n<\/p><\/div>\n<\/p><\/div>\n<div>\n<div>\n<h2 class=\"h2-header\">\u00c0 Qui s&#039;Adresse le Traitement des Taches ?<\/h2>\n<\/p><\/div>\n<div>\n<p class=\"p-text\">Personnes ayant des taches de soleil. Individus pr\u00e9sentant des signes de vieillissement. Personnes ayant diverses imperfections cutan\u00e9es. Ceux souffrant de taches hormonales. Personnes ayant un teint irr\u00e9gulier. Individus recherchant une peau lisse.<\/p>\n<\/p><\/div>\n<\/p><\/div>\n<div>\n<div>\n<h2 class=\"h2-header\">Pourquoi le Traitement des Taches est-il Populaire ?<\/h2>\n<\/p><\/div>\n<div>\n<p class=\"p-text\">La popularit\u00e9 du traitement des taches augmente en raison de ses r\u00e9sultats rapides et durables. Avec une prise de conscience croissante de l&#039;esth\u00e9tique et de la beaut\u00e9, de plus en plus de personnes souhaitant corriger leurs probl\u00e8mes de peau s&#039;int\u00e9ressent \u00e0 ce traitement. De plus, en \u00e9liminant l&#039;aspect inesth\u00e9tique des taches cutan\u00e9es, ce traitement renforce la confiance en soi, le rendant ainsi plus attractif.<\/p>\n<\/p><\/div>\n<\/p><\/div>\n<div>\n<div>\n<h2 class=\"h2-header\">Comment le Traitement des Taches est-il Appliqu\u00e9 ?<\/h2>\n<\/p><\/div>\n<div>\n<p class=\"p-text\">Les m\u00e9thodes les plus courantes incluent le traitement au laser, le peeling chimique et le PRP. Les faisceaux laser ciblent les pigments sous la peau pour r\u00e9duire les taches. Le peeling chimique exfolie la couche sup\u00e9rieure de la peau, cr\u00e9ant une surface cutan\u00e9e saine. Le PRP revitalise la peau en utilisant le sang aux propri\u00e9t\u00e9s r\u00e9g\u00e9n\u00e9ratrices. Le processus de traitement est personnalis\u00e9 et r\u00e9alis\u00e9 par un m\u00e9decin expert.<\/p>\n<\/p><\/div>\n<\/p><\/div>\n<div>\n<div>\n<h2 class=\"h2-header\">Quelle est la Dur\u00e9e des R\u00e9sultats du Traitement des Taches ?<\/h2>\n<\/p><\/div>\n<div>\n<p class=\"p-text\">Les r\u00e9sultats du traitement des taches sont g\u00e9n\u00e9ralement permanents, mais des facteurs tels que le processus naturel de vieillissement de la peau et l&#039;exposition au soleil peuvent entra\u00eener la r\u00e9apparition de certaines taches au fil du temps. Un entretien r\u00e9gulier et l&#039;utilisation d&#039;une protection solaire permettent de prolonger les r\u00e9sultats.<\/p>\n<\/p><\/div>\n<\/p><\/div>\n<div>\n<div>\n<h2 class=\"h2-header\">Le Traitement des Taches est-il Douloureux ou Inconfortable ?<\/h2>\n<\/p><\/div>\n<div>\n<p class=\"p-text\">La plupart des m\u00e9thodes de traitement des taches sont indolores. Cependant, certaines proc\u00e9dures comme le laser ou le peeling chimique peuvent provoquer une l\u00e9g\u00e8re sensation de chaleur ou d&#039;inconfort, mais ces sensations sont g\u00e9n\u00e9ralement minimis\u00e9es gr\u00e2ce \u00e0 une anesth\u00e9sie locale ou des techniques de refroidissement.<\/p>\n<\/p><\/div>\n<\/p><\/div>\n<div>\n<div>\n<h2 class=\"h2-header\">Prix du Traitement des Taches<\/h2>\n<\/p><\/div>\n<div>\n<p class=\"p-text\">Les prix du traitement des taches varient en fonction de la m\u00e9thode utilis\u00e9e et du type de peau. En g\u00e9n\u00e9ral, les traitements plus simples sont propos\u00e9s \u00e0 des prix plus abordables, tandis que les m\u00e9thodes avanc\u00e9es telles que le laser ou la m\u00e9soth\u00e9rapie peuvent \u00eatre l\u00e9g\u00e8rement plus co\u00fbteuses. Pour obtenir des informations d\u00e9taill\u00e9es sur les tarifs, nous vous recommandons de contacter notre clinique.<\/p>\n<\/p><\/div>\n<\/p><\/div>\n<div>\n<div>\n<h2 class=\"h2-header\">Pourquoi Choisir la Clinique Exclusive du Dr. Terziler ?<\/h2>\n<\/p><\/div>\n<div>\n<p class=\"p-text\">Le Dr. Terziler, gr\u00e2ce \u00e0 une expertise reconnue \u00e0 l&#039;international et une approche esth\u00e9tique combinant l&#039;art et la science, propose des solutions personnalis\u00e9es offrant non seulement une transformation physique, mais aussi un renouveau \u00e9motionnel. Notre clinique, \u00e9quip\u00e9e de technologies avanc\u00e9es et fonctionnant selon des principes de confort et de s\u00e9curit\u00e9, adopte la perfection comme philosophie d\u2019entreprise. Chaque intervention ici vise \u00e0 am\u00e9liorer votre bien-\u00eatre global et votre bonheur.<\/p>\n<\/p><\/div>\n<\/p><\/div>\n<\/p><\/div>\n<\/section>\n","protected":false},"excerpt":{"rendered":"<p>Traitement localis\u00e9 Il cible les taches solaires, les cicatrices d&#039;acn\u00e9 et les signes de vieillissement, unifiant le teint. Des m\u00e9thodes telles que le traitement au laser, les peelings chimiques et le PRP sont utilis\u00e9es pour \u00e9liminer les imperfections et \u00e9claircir la peau. Le traitement est personnalis\u00e9, offrant des r\u00e9sultats naturels et durables. Dr. Terziler Exclusive [&hellip;]<\/p>\n","protected":false},"author":6,"featured_media":0,"parent":2732,"menu_order":0,"comment_status":"closed","ping_status":"closed","template":"","meta":{"footnotes":""},"class_list":["post-3247","page","type-page","status-publish","hentry"],"_links":{"self":[{"href":"https:\/\/drterziler.com\/fr\/wp-json\/wp\/v2\/pages\/3247","targetHints":{"allow":["GET"]}}],"collection":[{"href":"https:\/\/drterziler.com\/fr\/wp-json\/wp\/v2\/pages"}],"about":[{"href":"https:\/\/drterziler.com\/fr\/wp-json\/wp\/v2\/types\/page"}],"author":[{"embeddable":true,"href":"https:\/\/drterziler.com\/fr\/wp-json\/wp\/v2\/users\/6"}],"replies":[{"embeddable":true,"href":"https:\/\/drterziler.com\/fr\/wp-json\/wp\/v2\/comments?post=3247"}],"version-history":[{"count":20,"href":"https:\/\/drterziler.com\/fr\/wp-json\/wp\/v2\/pages\/3247\/revisions"}],"predecessor-version":[{"id":62383,"href":"https:\/\/drterziler.com\/fr\/wp-json\/wp\/v2\/pages\/3247\/revisions\/62383"}],"up":[{"embeddable":true,"href":"https:\/\/drterziler.com\/fr\/wp-json\/wp\/v2\/pages\/2732"}],"wp:attachment":[{"href":"https:\/\/drterziler.com\/fr\/wp-json\/wp\/v2\/media?parent=3247"}],"curies":[{"name":"wp","href":"https:\/\/api.w.org\/{rel}","templated":true}]}}