{"id":3252,"date":"2024-08-26T12:10:50","date_gmt":"2024-08-26T12:10:50","guid":{"rendered":"https:\/\/drterziler.com\/esthetique-medicale\/filler\/"},"modified":"2026-03-06T01:11:45","modified_gmt":"2026-03-06T01:11:45","slug":"remplisseur","status":"publish","type":"page","link":"https:\/\/drterziler.com\/fr\/esthetique-medicale\/soins-du-visage\/remplisseur\/","title":{"rendered":"Remplisseur"},"content":{"rendered":"<div class=\"page-content category-page\">\n<div id=\"header-area\">\n<div class=\"container\" id=\"firstContent\">\n<div class=\"header-content d-flex flex-column\">\n<h1 class=\"content-title\">Remplisseur<\/h1>\n<div class=\"content-paragraph\">\n                    L&rsquo;agitation de la vie quotidienne, le stress et les effets du vieillissement se refl\u00e8tent progressivement sur votre peau, mais il est possible d&rsquo;inverser ce changement. Les diff\u00e9rents traitements de comblement que nous proposons dans notre clinique restaurent les volumes perdus, d\u00e9finissent les contours et lissent votre peau. Avec des r\u00e9sultats instantan\u00e9s et un temps de r\u00e9cup\u00e9ration minimal, ils offrent un rajeunissement naturel, vous permettant de vous sentir plus frais et plus jeune.\n                <\/div>\n<nav aria-label=\"breadcrumb\" class=\"breadcrumbs\">\n<ul class=\"d-flex align-items-center mb-0\">\n<li>\n                            <a class=\"link\" href=\"https:\/\/drterziler.com\/fr\/\"><span>Dr. Terziler<\/span><\/a>\n                        <\/li>\n<li class=\"separator\">\u00bb<\/li>\n<li>\n                            <a class=\"link\" href=\"https:\/\/drterziler.com\/fr\/esthetique-medicale\/\"><span>Esth\u00e9tique M\u00e9dicale<\/span><\/a>\n                        <\/li>\n<li class=\"separator\">\u00bb<\/li>\n<li>\n                            <a class=\"link\" href=\"https:\/\/drterziler.com\/fr\/esthetique-medicale\/soins-du-visage\/\"><span>Soins du Visage<\/span><\/a>\n                        <\/li>\n<li class=\"separator\">\u00bb<\/li>\n<li class=\"current-page\"><span>Remplisseur<\/span><\/li>\n<\/ul>\n<\/nav><\/div>\n<\/p><\/div>\n<\/p><\/div>\n<\/div>\n<section class=\"svc-section\">\n<div class=\"container\">\n<div class=\"svc-item right-card\">\n<div class=\"svc-media\">\n                <img decoding=\"async\" src=\"https:\/\/drterziler.com\/wp-content\/uploads\/2025\/02\/Cene-Dolgusu.webp\" alt=\"Comblement du Menton\" loading=\"lazy\" class=\"cat-img\">\n            <\/div>\n<div class=\"svc-card\">\n<h3 class=\"svc-title gilda\">Remplisseur du Menton<\/h3>\n<p class=\"svc-text barlow\">\n                    Le comblement du menton est une proc\u00e9dure esth\u00e9tique r\u00e9alis\u00e9e pour d\u00e9finir la forme et les contours du menton. Ce traitement \u00e9quilibre les traits du visage, offrant une apparence plus attrayante et sym\u00e9trique. Il est r\u00e9alis\u00e9 avec des produits de comblement tels que l&rsquo;acide hyaluronique et offre un processus de traitement confortable.\n                <\/p>\n<p>                <a class=\"btn-details barlow-condensed\" href=\"https:\/\/drterziler.com\/fr\/esthetique-medicale\/soins-du-visage\/remplisseur\/remplisseur-de-menton\/\">D\u00c9TAILS<\/a>\n            <\/div>\n<\/p><\/div>\n<div class=\"svc-item left-card\">\n<div class=\"svc-media\">\n                <img decoding=\"async\" src=\"https:\/\/drterziler.com\/wp-content\/uploads\/2025\/02\/Burun-Dolgusu.webp\" alt=\"Comblement du Nez\" loading=\"lazy\" class=\"cat-img\">\n            <\/div>\n<div class=\"svc-card\">\n<h3 class=\"svc-title gilda\">Remplisseur du Nez<\/h3>\n<p class=\"svc-text barlow\">\n                    Le comblement du nez est une proc\u00e9dure r\u00e9alis\u00e9e avec de l&rsquo;acide hyaluronique ou des substances similaires pour fa\u00e7onner la structure du nez et corriger la sym\u00e9trie. Il permet de petits ajustements au nez sans n\u00e9cessiter d&rsquo;intervention chirurgicale. Il fournit des r\u00e9sultats esth\u00e9tiques en peu de temps et b\u00e9n\u00e9ficie d&rsquo;un processus de r\u00e9cup\u00e9ration tr\u00e8s rapide.\n                <\/p>\n<p>                <a class=\"btn-details barlow-condensed\" href=\"https:\/\/drterziler.com\/fr\/esthetique-medicale\/soins-du-visage\/remplisseur\/remplisseur-de-nez\/\">D\u00c9TAILS<\/a>\n            <\/div>\n<\/p><\/div>\n<div class=\"svc-item right-card\">\n<div class=\"svc-media\">\n                <img decoding=\"async\" src=\"https:\/\/drterziler.com\/wp-content\/uploads\/2025\/02\/Dudak-Dolgusu.webp\" alt=\"Comblement des L\u00e8vres\" loading=\"lazy\" class=\"cat-img\">\n            <\/div>\n<div class=\"svc-card\">\n<h3 class=\"svc-title gilda\">Remplisseur des L\u00e8vres<\/h3>\n<p class=\"svc-text barlow\">\n                    Le comblement des l\u00e8vres augmente le volume des l\u00e8vres, offrant une apparence plus charnue et mieux d\u00e9finie. Cette proc\u00e9dure pr\u00e9vient l&rsquo;amincissement d\u00fb au vieillissement et cr\u00e9e une esth\u00e9tique naturelle. Le traitement est r\u00e9alis\u00e9 sous anesth\u00e9sie locale, minimisant la douleur. Les r\u00e9sultats sont visibles imm\u00e9diatement et le retour \u00e0 la vie sociale est rapide.\n                <\/p>\n<p>                <a class=\"btn-details barlow-condensed\" href=\"https:\/\/drterziler.com\/fr\/esthetique-medicale\/soins-du-visage\/remplisseur\/remplisseur-de-levres\/\">D\u00c9TAILS<\/a>\n            <\/div>\n<\/p><\/div>\n<div class=\"svc-item left-card\">\n<div class=\"svc-media\">\n                <img decoding=\"async\" src=\"https:\/\/drterziler.com\/wp-content\/uploads\/2025\/01\/Elmacik-Dolgusu.webp\" alt=\"Comblement des Pommettes\" loading=\"lazy\" class=\"cat-img\">\n            <\/div>\n<div class=\"svc-card\">\n<h3 class=\"svc-title gilda\">Remplisseur des Joues<\/h3>\n<p class=\"svc-text barlow\">\n                    Le comblement des pommettes d\u00e9finit les contours du visage et met en valeur les os des joues. R\u00e9alis\u00e9e avec des produits de comblement tels que l&rsquo;acide hyaluronique, cette proc\u00e9dure offre une apparence plus jeune en harmonie avec la partie inf\u00e9rieure du visage. Le traitement est rapide et efficace, offrant un r\u00e9sultat naturel.\n                <\/p>\n<p>                <a class=\"btn-details barlow-condensed\" href=\"https:\/\/drterziler.com\/fr\/esthetique-medicale\/soins-du-visage\/remplisseur\/remplisseur-de-joues\/\">D\u00c9TAILS<\/a>\n            <\/div>\n<\/p><\/div>\n<div class=\"svc-item right-card\">\n<div class=\"svc-media\">\n                <img decoding=\"async\" src=\"https:\/\/drterziler.com\/wp-content\/uploads\/2025\/02\/Jawline-Dolgusu.webp\" alt=\"Comblement de la Jawline\" loading=\"lazy\" class=\"cat-img\">\n            <\/div>\n<div class=\"svc-card\">\n<h3 class=\"svc-title gilda\">Remplisseur de M\u00e2choire<\/h3>\n<p class=\"svc-text barlow\">\n                    Le comblement de la jawline d\u00e9finit la ligne de la m\u00e2choire, cr\u00e9ant un profil facial plus net. Il am\u00e9liore les contours du visage et poss\u00e8de un effet rajeunissant. Cette proc\u00e9dure, r\u00e9alis\u00e9e \u00e0 l&rsquo;aide d&rsquo;acide hyaluronique, est peu invasive et offre des r\u00e9sultats durables.\n                <\/p>\n<p>                <a class=\"btn-details barlow-condensed\" href=\"https:\/\/drterziler.com\/fr\/esthetique-medicale\/soins-du-visage\/remplisseur\/remplisseur-de-machoire\/\">D\u00c9TAILS<\/a>\n            <\/div>\n<\/p><\/div>\n<div class=\"svc-item left-card\">\n<div class=\"svc-media\">\n                <img decoding=\"async\" src=\"https:\/\/drterziler.com\/wp-content\/uploads\/2025\/02\/Kulak-Memesi-Dolgusu.webp\" alt=\"Comblement du Lobe de l'Oreille\" loading=\"lazy\" class=\"cat-img\">\n            <\/div>\n<div class=\"svc-card\">\n<h3 class=\"svc-title gilda\">Remplisseur de lobe d&rsquo;oreille<\/h3>\n<p class=\"svc-text barlow\">\n                    Le comblement du lobe de l&rsquo;oreille remod\u00e8le et ajoute du volume aux lobes d&rsquo;oreilles affaiss\u00e9s \u00e0 cause du vieillissement. Cette proc\u00e9dure am\u00e9liore l&rsquo;apparence esth\u00e9tique des lobes et procure un effet rajeunissant. Des r\u00e9sultats rapides sont obtenus et le processus de r\u00e9cup\u00e9ration est court.\n                <\/p>\n<p>                <a class=\"btn-details barlow-condensed\" href=\"https:\/\/drterziler.com\/fr\/esthetique-medicale\/soins-du-visage\/remplisseur\/remplisseur-de-lobe-doreille\/\">D\u00c9TAILS<\/a>\n            <\/div>\n<\/p><\/div>\n<div class=\"svc-item right-card\">\n<div class=\"svc-media\">\n                <img decoding=\"async\" src=\"https:\/\/drterziler.com\/wp-content\/uploads\/2025\/02\/Nazolabial-Marionett.webp\" alt=\"Nasog\u00e9niens et Marionnettes\" loading=\"lazy\" class=\"cat-img\">\n            <\/div>\n<div class=\"svc-card\">\n<h3 class=\"svc-title gilda\">Marionnette Nasog\u00e9nienne<\/h3>\n<p class=\"svc-text barlow\">\n                    Les traitements de comblement nasog\u00e9niens et des plis d&rsquo;amertume (marionnettes) \u00e9liminent les rides profondes et le rel\u00e2chement de la partie inf\u00e9rieure du visage, offrant une apparence plus lisse et plus jeune. Ces traitements corrigent les rides autour du nez et de la bouche \u00e0 l&rsquo;aide de produits de comblement. Les applications r\u00e9alis\u00e9es avec de l&rsquo;acide hyaluronique offrent des r\u00e9sultats durables avec un effet naturel.\n                <\/p>\n<p>                <a class=\"btn-details barlow-condensed\" href=\"https:\/\/drterziler.com\/fr\/esthetique-medicale\/soins-du-visage\/remplisseur\/marionnette-nasogenienne\/\">D\u00c9TAILS<\/a>\n            <\/div>\n<\/p><\/div>\n<\/p><\/div>\n<\/section>\n","protected":false},"excerpt":{"rendered":"<p>Remplisseur L&rsquo;agitation de la vie quotidienne, le stress et les effets du vieillissement se refl\u00e8tent progressivement sur votre peau, mais il est possible d&rsquo;inverser ce changement. Les diff\u00e9rents traitements de comblement que nous proposons dans notre clinique restaurent les volumes perdus, d\u00e9finissent les contours et lissent votre peau. Avec des r\u00e9sultats instantan\u00e9s et un temps [&hellip;]<\/p>\n","protected":false},"author":6,"featured_media":0,"parent":15916,"menu_order":0,"comment_status":"closed","ping_status":"closed","template":"","meta":{"footnotes":""},"class_list":["post-3252","page","type-page","status-publish","hentry"],"_links":{"self":[{"href":"https:\/\/drterziler.com\/fr\/wp-json\/wp\/v2\/pages\/3252","targetHints":{"allow":["GET"]}}],"collection":[{"href":"https:\/\/drterziler.com\/fr\/wp-json\/wp\/v2\/pages"}],"about":[{"href":"https:\/\/drterziler.com\/fr\/wp-json\/wp\/v2\/types\/page"}],"author":[{"embeddable":true,"href":"https:\/\/drterziler.com\/fr\/wp-json\/wp\/v2\/users\/6"}],"replies":[{"embeddable":true,"href":"https:\/\/drterziler.com\/fr\/wp-json\/wp\/v2\/comments?post=3252"}],"version-history":[{"count":41,"href":"https:\/\/drterziler.com\/fr\/wp-json\/wp\/v2\/pages\/3252\/revisions"}],"predecessor-version":[{"id":59601,"href":"https:\/\/drterziler.com\/fr\/wp-json\/wp\/v2\/pages\/3252\/revisions\/59601"}],"up":[{"embeddable":true,"href":"https:\/\/drterziler.com\/fr\/wp-json\/wp\/v2\/pages\/15916"}],"wp:attachment":[{"href":"https:\/\/drterziler.com\/fr\/wp-json\/wp\/v2\/media?parent=3252"}],"curies":[{"name":"wp","href":"https:\/\/api.w.org\/{rel}","templated":true}]}}