{"id":3283,"date":"2024-08-26T12:16:14","date_gmt":"2024-08-26T12:16:14","guid":{"rendered":"https:\/\/drterziler.com\/longevite\/nad\/"},"modified":"2026-02-28T15:48:27","modified_gmt":"2026-02-28T15:48:27","slug":"nad","status":"publish","type":"page","link":"https:\/\/drterziler.com\/fr\/longevite\/nad\/","title":{"rendered":"NAD"},"content":{"rendered":"<div class=\"page-content\">\n<div id=\"header-area\">\n<div class=\"container\" id=\"firstContent\">\n<div class=\"header-content d-flex flex-column\">\n<h1 class=\"content-title h1-header\">NAD<\/h1>\n<div class=\"content-paragraph\">\n<p class=\"p-text\">La th\u00e9rapie NAD (Nicotinamide Ad\u00e9nine Dinucl\u00e9otide) est une m\u00e9thode compl\u00e9mentaire qui augmente la qualit\u00e9 de la production d&#039;\u00e9nergie des cellules, apportant vitalit\u00e9 et agilit\u00e9, et permettant aux fonctions du corps de fonctionner plus efficacement. Le corps, avec des niveaux d&#039;\u00e9nergie accrus, assure la r\u00e9paration et le rajeunissement au niveau cellulaire, am\u00e9liorant ainsi la qualit\u00e9 de vie.<\/p>\n<\/p><\/div>\n<nav aria-label=\"breadcrumb\" class=\"breadcrumbs\">\n<ul class=\"d-flex align-items-center mb-0\">\n<li><a class=\"link\" href=\"https:\/\/drterziler.com\/fr\/\"><span>Dr. Terziler Exclusive Clinic<\/span><\/a><\/li>\n<li class=\"separator\">\u00bb<\/li>\n<li><a class=\"link\" href=\"https:\/\/drterziler.com\/fr\/longevite\/\"><span>Long\u00e9vit\u00e9<\/span><\/a><\/li>\n<li class=\"separator\">\u00bb<\/li>\n<li class=\"current-page\"><span>NAD<\/span><\/li>\n<\/ul>\n<\/nav><\/div>\n<\/p><\/div>\n<\/p><\/div>\n<\/div>\n<section id=\"content-area\">\n<div class=\"container my-5\">\n<div class=\"row align-items-start\">\n<div class=\"col-md-6 order-2 order-md-1\">\n<div class=\"custom-toc-box\">\n<div id=\"toc-header\">\n<h4>Table des mati\u00e8res<\/h4>\n<div class=\"toc-toggle-icon\"><\/div>\n<\/p><\/div>\n<div class=\"toc-full-divider\"><\/div>\n<div id=\"toc-body\">\n<div id=\"toc-container\"><\/div>\n<\/p><\/div>\n<\/p><\/div>\n<\/p><\/div>\n<div class=\"col-md-6 order-1 order-md-2\" id=\"jForm\">\n                <script type=\"text\/javascript\" src=\"https:\/\/form.jotform.com\/jsform\/242882407646969\"><\/script>\n            <\/div>\n<\/p><\/div>\n<\/p><\/div>\n<div class=\"container\">\n<div class=\"img-thumb\">\n            <img loading=\"lazy\" decoding=\"async\" width=\"1140\" height=\"641\" src=\"https:\/\/drterziler.com\/wp-content\/uploads\/2025\/04\/NAD.webp\" alt=\"\" srcset=\"https:\/\/drterziler.com\/wp-content\/uploads\/2025\/04\/NAD.webp 1140w, https:\/\/drterziler.com\/wp-content\/uploads\/2025\/04\/NAD-300x169.webp 300w, https:\/\/drterziler.com\/wp-content\/uploads\/2025\/04\/NAD-1024x576.webp 1024w, https:\/\/drterziler.com\/wp-content\/uploads\/2025\/04\/NAD-768x432.webp 768w\" sizes=\"auto, (max-width: 1140px) 100vw, 1140px\">\n        <\/div>\n<div>\n<div>\n<h2 class=\"h2-header\">Se sentir plus vigoureux et plus \u00e9nergique<\/h2>\n<\/p><\/div>\n<div>\n<p class=\"p-text\">La th\u00e9rapie NAD peut \u00eatre d\u00e9finie comme une m\u00e9thode qui augmente la vitalit\u00e9 g\u00e9n\u00e9rale et l&#039;agilit\u00e9 du corps en augmentant la production d&#039;\u00e9nergie cellulaire et en soutenant les fonctions biologiques des cellules. L&#039;augmentation des niveaux de NAD accro\u00eet non seulement les niveaux d&#039;\u00e9nergie, mais peut \u00e9galement r\u00e9duire les signes de vieillissement et favoriser le fonctionnement optimal des fonctions corporelles.<\/p>\n<\/p><\/div>\n<\/p><\/div>\n<div>\n<div>\n<h2 class=\"h2-header\">Effets biochimiques et r\u00f4le dans la qualit\u00e9 de vie<\/h2>\n<\/p><\/div>\n<div>\n<p class=\"p-text\">Le NAD est un coenzyme qui joue un r\u00f4le central dans la production d&#039;\u00e9nergie cellulaire et qui est essentiel dans la r\u00e9gulation des processus biochimiques. La th\u00e9rapie NAD est une approche qui vise \u00e0 optimiser la production d&#039;\u00e9nergie du corps en augmentant les niveaux de NAD dans les cellules. Ce traitement vise \u00e0 maximiser la qualit\u00e9 de vie en soutenant les fonctions biologiques des cellules.<\/p>\n<\/p><\/div>\n<\/p><\/div>\n<div>\n<div>\n<h2 class=\"h2-header\">Effets physiologiques de la th\u00e9rapie NAD<\/h2>\n<\/p><\/div>\n<div>\n<p class=\"p-text\">La th\u00e9rapie NAD n&#039;augmente pas seulement les niveaux d&#039;\u00e9nergie en stimulant les niveaux d&#039;\u00e9nergie cellulaire, mais peut \u00e9galement avoir des effets qui ralentissent le vieillissement cellulaire. La NAD est impliqu\u00e9e dans des processus cellulaires tels que la r\u00e9paration de l&#039;ADN, la d\u00e9fense antioxydante et l&#039;activation des sirtuines. Ces effets augmentent la r\u00e9sistance des cellules aux processus de vieillissement et am\u00e9liorent la qualit\u00e9 de vie en g\u00e9n\u00e9ral.<\/p>\n<\/p><\/div>\n<\/p><\/div>\n<div>\n<div>\n<h2 class=\"h2-header\">Production d&#039;\u00e9nergie cellulaire et NAD<\/h2>\n<\/p><\/div>\n<div>\n<p class=\"p-text\">La NAD joue un r\u00f4le crucial dans la production d&#039;\u00e9nergie cellulaire, en tant que composant essentiel de la production d&#039;ATP, en particulier dans la respiration mitochondriale. La NAD Therapy maximise la capacit\u00e9 de production d&#039;\u00e9nergie des cellules en augmentant les niveaux de NAD dans ce processus. L&#039;augmentation de la production d&#039;\u00e9nergie favorise les processus de r\u00e9paration et de r\u00e9g\u00e9n\u00e9ration cellulaires, ce qui permet aux fonctions de l&#039;organisme de fonctionner plus efficacement.<\/p>\n<\/p><\/div>\n<\/p><\/div>\n<div>\n<div>\n<h2 class=\"h2-header\">Qui peut b\u00e9n\u00e9ficier de la th\u00e9rapie NAD ?<\/h2>\n<\/p><\/div>\n<div>\n<p class=\"p-text\">La th\u00e9rapie NAD peut \u00eatre appliqu\u00e9e aux personnes pr\u00e9sentant des signes de vieillissement ou souffrant de fatigue chronique, de maladies neurod\u00e9g\u00e9n\u00e9ratives et de troubles m\u00e9taboliques afin d&#039;augmenter le m\u00e9tabolisme \u00e9nerg\u00e9tique et de soutenir le renouvellement cellulaire. En outre, elle peut \u00eatre utilis\u00e9e comme traitement de soutien pour retarder le vieillissement chez les personnes en bonne sant\u00e9 qui souhaitent optimiser les fonctions cellulaires.<\/p>\n<\/p><\/div>\n<\/p><\/div>\n<\/p><\/div>\n<\/section>\n","protected":false},"excerpt":{"rendered":"<p>NAD La th\u00e9rapie NAD (Nicotinamide Ad\u00e9nine Dinucl\u00e9otide) est une m\u00e9thode compl\u00e9mentaire qui augmente la qualit\u00e9 de la production d&#039;\u00e9nergie des cellules, apportant vitalit\u00e9 et agilit\u00e9, et permettant aux fonctions du corps de fonctionner plus efficacement. Le corps, avec des niveaux d&#039;\u00e9nergie accrus, assure la r\u00e9paration et le rajeunissement au niveau cellulaire, am\u00e9liorant ainsi la qualit\u00e9 [&hellip;]<\/p>\n","protected":false},"author":6,"featured_media":0,"parent":2718,"menu_order":0,"comment_status":"closed","ping_status":"closed","template":"","meta":{"footnotes":""},"class_list":["post-3283","page","type-page","status-publish","hentry"],"_links":{"self":[{"href":"https:\/\/drterziler.com\/fr\/wp-json\/wp\/v2\/pages\/3283","targetHints":{"allow":["GET"]}}],"collection":[{"href":"https:\/\/drterziler.com\/fr\/wp-json\/wp\/v2\/pages"}],"about":[{"href":"https:\/\/drterziler.com\/fr\/wp-json\/wp\/v2\/types\/page"}],"author":[{"embeddable":true,"href":"https:\/\/drterziler.com\/fr\/wp-json\/wp\/v2\/users\/6"}],"replies":[{"embeddable":true,"href":"https:\/\/drterziler.com\/fr\/wp-json\/wp\/v2\/comments?post=3283"}],"version-history":[{"count":17,"href":"https:\/\/drterziler.com\/fr\/wp-json\/wp\/v2\/pages\/3283\/revisions"}],"predecessor-version":[{"id":57896,"href":"https:\/\/drterziler.com\/fr\/wp-json\/wp\/v2\/pages\/3283\/revisions\/57896"}],"up":[{"embeddable":true,"href":"https:\/\/drterziler.com\/fr\/wp-json\/wp\/v2\/pages\/2718"}],"wp:attachment":[{"href":"https:\/\/drterziler.com\/fr\/wp-json\/wp\/v2\/media?parent=3283"}],"curies":[{"name":"wp","href":"https:\/\/api.w.org\/{rel}","templated":true}]}}