{"id":35950,"date":"2025-01-28T08:25:48","date_gmt":"2025-01-28T08:25:48","guid":{"rendered":"https:\/\/drterziler.com\/?page_id=35950"},"modified":"2026-04-27T08:40:27","modified_gmt":"2026-04-27T08:40:27","slug":"traitement-du-psoriasis","status":"publish","type":"page","link":"https:\/\/drterziler.com\/fr\/esthetique-medicale\/dermatologie\/traitement-du-psoriasis\/","title":{"rendered":"Traitement du psoriasis"},"content":{"rendered":"<div class=\"page-content\">\n<div id=\"header-area\">\n<div class=\"container\" id=\"firstContent\">\n<div class=\"header-content d-flex flex-column\">\n<h1 class=\"content-title h1-header\">Traitement du psoriasis<\/h1>\n<div class=\"content-paragraph\">\n<p class=\"p-text\">Le psoriasis est une affection cutan\u00e9e li\u00e9e au syst\u00e8me immunitaire qui entra\u00eene un renouvellement rapide de la peau et une inflammation. Il se manifeste g\u00e9n\u00e9ralement par des l\u00e9sions provoquant rougeurs, desquamation et d\u00e9mangeaisons. Cette maladie peut se d\u00e9velopper en raison d&#039;une pr\u00e9disposition g\u00e9n\u00e9tique et de facteurs environnementaux. Non trait\u00e9e, elle peut nuire \u00e0 la qualit\u00e9 de vie.<\/p>\n<\/p><\/div>\n<nav aria-label=\"breadcrumb\" class=\"breadcrumbs\">\n<ul class=\"d-flex align-items-center mb-0\">\n<li><a class=\"link\" href=\"https:\/\/drterziler.com\/fr\/\"><span>Dr. Terziler Exclusive Clinic<\/span><\/a><\/li>\n<li class=\"separator\">\u00bb<\/li>\n<li><a class=\"link\" href=\"https:\/\/drterziler.com\/fr\/esthetique-medicale\/\"><span>Esth\u00e9tique m\u00e9dicale<\/span><\/a><\/li>\n<li class=\"separator\">\u00bb<\/li>\n<li><a class=\"link\" href=\"https:\/\/drterziler.com\/fr\/esthetique-medicale\/dermatologie\/\"><span>Dermatologie<\/span><\/a><\/li>\n<li class=\"separator\">\u00bb<\/li>\n<li class=\"current-page\"><span>Traitement du psoriasis<\/span><\/li>\n<\/ul>\n<\/nav><\/div>\n<\/p><\/div>\n<\/p><\/div>\n<\/div>\n<section id=\"content-area\">\n<div class=\"container my-5\">\n<div class=\"row align-items-start\">\n<div class=\"col-md-6 order-2 order-md-1\">\n<div class=\"custom-toc-box\">\n<div id=\"toc-header\">\n<h4>Table des mati\u00e8res<\/h4>\n<div class=\"toc-toggle-icon\"><\/div>\n<\/p><\/div>\n<div class=\"toc-full-divider\"><\/div>\n<div id=\"toc-body\">\n<div id=\"toc-container\"><\/div>\n<\/p><\/div>\n<\/p><\/div>\n<\/p><\/div>\n<div class=\"col-md-6 order-1 order-md-2\" id=\"jForm\">\n                <script type=\"text\/javascript\" src=\"https:\/\/form.jotform.com\/jsform\/242882407646969\"><\/script>\n            <\/div>\n<\/p><\/div>\n<\/p><\/div>\n<div class=\"container\">\n<div class=\"img-thumb\">\n            <img decoding=\"async\" src=\"https:\/\/drterziler.com\/wp-content\/uploads\/2025\/01\/Sedef-Hastaligi.webp\" alt=\"Traitement du psoriasis\" loading=\"lazy\">\n        <\/div>\n<div>\n<div>\n<h2 class=\"h2-header\">Qu&#039;est-ce que le traitement du psoriasis ?<\/h2>\n<\/p><\/div>\n<div>\n<p class=\"p-text\">Le psoriasis est une affection cutan\u00e9e chronique caus\u00e9e par un processus de r\u00e9g\u00e9n\u00e9ration acc\u00e9l\u00e9r\u00e9 de la peau. Cela entra\u00eene la formation de plaques rouges, \u00e9paisses et souvent squameuses \u00e0 la surface de la peau. Le traitement vise \u00e0 contr\u00f4ler les sympt\u00f4mes de la maladie et \u00e0 am\u00e9liorer la qualit\u00e9 de vie. Un plan de traitement personnalis\u00e9 est \u00e9tabli en utilisant des m\u00e9thodes telles que des cr\u00e8mes et des lotions, la phototh\u00e9rapie et les m\u00e9dicaments biologiques.<\/p>\n<\/p><\/div>\n<\/p><\/div>\n<div>\n<div>\n<h2 class=\"h2-header\">Quels sont les sympt\u00f4mes du psoriasis ?<\/h2>\n<\/p><\/div>\n<div>\n<p class=\"p-text\">Rougeurs et desquamation D\u00e9mangeaisons Douleurs et sensations de br\u00fblure L\u00e9sions cutan\u00e9es Modifications des ongles Perte de cheveux Peau s\u00e8che et squameuse Probl\u00e8mes articulaires (arthrite psoriasique)<\/p>\n<\/p><\/div>\n<\/p><\/div>\n<div>\n<div>\n<h2 class=\"h2-header\">Quels sont les avantages du traitement du psoriasis ?<\/h2>\n<\/p><\/div>\n<div>\n<p class=\"p-text\">Soulagent les sympt\u00f4mes R\u00e9duisent les effets psychologiques Am\u00e9liorent la qualit\u00e9 de vie Diminuent la gravit\u00e9 de la maladie Offrent une peau plus lisse S\u2019appliquent \u00e0 diff\u00e9rents types Assurent un contr\u00f4le \u00e0 long terme Planification personnalis\u00e9e<\/p>\n<\/p><\/div>\n<\/p><\/div>\n<div>\n<div>\n<h2 class=\"h2-header\">\u00c0 qui s&#039;adresse le traitement du psoriasis ?<\/h2>\n<\/p><\/div>\n<div>\n<p class=\"p-text\">Personnes diagnostiqu\u00e9es avec le psoriasis Personnes ayant des sympt\u00f4mes s\u00e9v\u00e8res Personnes dont la qualit\u00e9 de vie est affect\u00e9e Ceux qui accordent de l\u2019importance \u00e0 l\u2019apparence esth\u00e9tique Ceux qui recherchent des alternatives plus douces Personnes souhaitant une r\u00e9cup\u00e9ration rapide Personnes souffrant de maladies chroniques Cas avanc\u00e9s<\/p>\n<\/p><\/div>\n<\/p><\/div>\n<div>\n<div>\n<h2 class=\"h2-header\">Pourquoi le traitement du psoriasis est-il populaire ?<\/h2>\n<\/p><\/div>\n<div>\n<p class=\"p-text\">Le traitement du psoriasis offre des r\u00e9sultats efficaces gr\u00e2ce aux progr\u00e8s technologiques et \u00e0 l\u2019introduction des m\u00e9dicaments biologiques. La diversit\u00e9 des m\u00e9thodes de traitement permet aux patients de mieux contr\u00f4ler la maladie. En outre, le soulagement rapide des sympt\u00f4mes et le retour rapide \u00e0 la vie quotidienne ont renforc\u00e9 sa popularit\u00e9.<\/p>\n<\/p><\/div>\n<\/p><\/div>\n<div>\n<div>\n<h2 class=\"h2-header\">Comment est appliqu\u00e9 le traitement du psoriasis ?<\/h2>\n<\/p><\/div>\n<div>\n<p class=\"p-text\">Le traitement du psoriasis est adapt\u00e9 en fonction du type et de la gravit\u00e9 de la maladie. Les traitements topiques sont appliqu\u00e9s sur les zones affect\u00e9es \u00e0 l\u2019aide de cr\u00e8mes et de lotions. La phototh\u00e9rapie r\u00e9duit les plaques \u00e0 l\u2019aide d\u2019ondes lumineuses sp\u00e9cifiques. Les traitements biologiques ciblent le syst\u00e8me immunitaire pour stopper la progression de la maladie. Le traitement est planifi\u00e9 par un dermatologue sp\u00e9cialiste et suivi par des contr\u00f4les r\u00e9guliers.<\/p>\n<\/p><\/div>\n<\/p><\/div>\n<div>\n<div>\n<h2 class=\"h2-header\">Y a-t-il de la douleur ou un inconfort ?<\/h2>\n<\/p><\/div>\n<div>\n<p class=\"p-text\">La plupart des m\u00e9thodes utilis\u00e9es dans le traitement du psoriasis sont indolores. Les cr\u00e8mes et les lotions sont appliqu\u00e9es directement sur la peau et ne causent aucun inconfort. Lors de la phototh\u00e9rapie, une l\u00e9g\u00e8re sensation de chaleur peut \u00eatre ressentie, mais elle est g\u00e9n\u00e9ralement passag\u00e8re. Les m\u00e9dicaments biologiques sont administr\u00e9s par injection et peuvent provoquer une l\u00e9g\u00e8re sensation de picotement.<\/p>\n<\/p><\/div>\n<\/p><\/div>\n<div>\n<div>\n<h2 class=\"h2-header\">Combien de temps dure le traitement ?<\/h2>\n<\/p><\/div>\n<div>\n<p class=\"p-text\">La dur\u00e9e du traitement varie selon la m\u00e9thode utilis\u00e9e et la gravit\u00e9 de la maladie. Les traitements topiques sont appliqu\u00e9s quotidiennement, tandis que la phototh\u00e9rapie est g\u00e9n\u00e9ralement programm\u00e9e en plusieurs s\u00e9ances par semaine. Les traitements biologiques se poursuivent avec des injections \u00e0 intervalles r\u00e9guliers. La dur\u00e9e du traitement est d\u00e9termin\u00e9e par le dermatologue en fonction des besoins de chaque patient.<\/p>\n<\/p><\/div>\n<\/p><\/div>\n<div>\n<div>\n<h2 class=\"h2-header\">Combien de jours jusqu&#039;\u00e0 la gu\u00e9rison ?<\/h2>\n<\/p><\/div>\n<div>\n<p class=\"p-text\">Les effets du traitement du psoriasis varient selon la m\u00e9thode utilis\u00e9e. Les traitements topiques montrent g\u00e9n\u00e9ralement des r\u00e9sultats en quelques semaines, tandis que la phototh\u00e9rapie permet une r\u00e9cup\u00e9ration plus rapide. Les effets des m\u00e9dicaments biologiques deviennent visibles en quelques mois. Il est essentiel de suivre les recommandations d&#039;application et les soins pour optimiser les r\u00e9sultats pendant le traitement.<\/p>\n<\/p><\/div>\n<\/p><\/div>\n<div>\n<div>\n<h2 class=\"h2-header\">Pourquoi choisir la clinique exclusive Dr. Terziler ?<\/h2>\n<\/p><\/div>\n<div>\n<p class=\"p-text\">Le Dr. Terziler offre des solutions personnalis\u00e9es gr\u00e2ce \u00e0 une expertise reconnue \u00e0 l\u2019\u00e9chelle internationale et une approche esth\u00e9tique qui allie art et science, assurant une transformation physique et \u00e9motionnelle. Notre clinique, \u00e9quip\u00e9e de technologies de pointe et ax\u00e9e sur le confort et la s\u00e9curit\u00e9, adopte la perfection comme philosophie d\u2019entreprise. Chaque intervention ici vise \u00e0 soutenir votre bien-\u00eatre global et votre bonheur.<\/p>\n<\/p><\/div>\n<\/p><\/div>\n<\/p><\/div>\n<\/section>\n","protected":false},"excerpt":{"rendered":"<p>Traitement du psoriasis Le psoriasis est une affection cutan\u00e9e li\u00e9e au syst\u00e8me immunitaire qui entra\u00eene un renouvellement rapide de la peau et une inflammation. Il se manifeste g\u00e9n\u00e9ralement par des l\u00e9sions provoquant rougeurs, desquamation et d\u00e9mangeaisons. Cette maladie peut se d\u00e9velopper en raison d&#039;une pr\u00e9disposition g\u00e9n\u00e9tique et de facteurs environnementaux. Non trait\u00e9e, elle peut nuire [&hellip;]<\/p>\n","protected":false},"author":6,"featured_media":0,"parent":16982,"menu_order":0,"comment_status":"closed","ping_status":"closed","template":"","meta":{"footnotes":""},"class_list":["post-35950","page","type-page","status-publish","hentry"],"_links":{"self":[{"href":"https:\/\/drterziler.com\/fr\/wp-json\/wp\/v2\/pages\/35950","targetHints":{"allow":["GET"]}}],"collection":[{"href":"https:\/\/drterziler.com\/fr\/wp-json\/wp\/v2\/pages"}],"about":[{"href":"https:\/\/drterziler.com\/fr\/wp-json\/wp\/v2\/types\/page"}],"author":[{"embeddable":true,"href":"https:\/\/drterziler.com\/fr\/wp-json\/wp\/v2\/users\/6"}],"replies":[{"embeddable":true,"href":"https:\/\/drterziler.com\/fr\/wp-json\/wp\/v2\/comments?post=35950"}],"version-history":[{"count":7,"href":"https:\/\/drterziler.com\/fr\/wp-json\/wp\/v2\/pages\/35950\/revisions"}],"predecessor-version":[{"id":59622,"href":"https:\/\/drterziler.com\/fr\/wp-json\/wp\/v2\/pages\/35950\/revisions\/59622"}],"up":[{"embeddable":true,"href":"https:\/\/drterziler.com\/fr\/wp-json\/wp\/v2\/pages\/16982"}],"wp:attachment":[{"href":"https:\/\/drterziler.com\/fr\/wp-json\/wp\/v2\/media?parent=35950"}],"curies":[{"name":"wp","href":"https:\/\/api.w.org\/{rel}","templated":true}]}}