{"id":38846,"date":"2025-05-27T09:10:35","date_gmt":"2025-05-27T09:10:35","guid":{"rendered":"https:\/\/drterziler.com\/traitement-des-cheveux\/hair-care-products\/"},"modified":"2026-04-27T11:04:18","modified_gmt":"2026-04-27T11:04:18","slug":"produits-de-soins-capillaires","status":"publish","type":"page","link":"https:\/\/drterziler.com\/fr\/traitement-des-cheveux\/produits-de-soins-capillaires\/","title":{"rendered":"Produits de soins capillaires"},"content":{"rendered":"<div class=\"page-content\">\n<div id=\"header-area\">\n<div class=\"container\" id=\"firstContent\">\n<div class=\"header-content d-flex flex-column\">\n<h1 class=\"content-title\">Produits de Soins Capillaires<\/h1>\n<div class=\"content-paragraph\">\n<p>La sant\u00e9 des cheveux est l&rsquo;un des piliers d&rsquo;une apparence esth\u00e9tique et est directement li\u00e9e \u00e0 la qualit\u00e9 de vie globale. Nos produits de soins capillaires d\u00e9velopp\u00e9s cliniquement visent \u00e0 nourrir et renforcer les racines des cheveux tout en pr\u00e9servant leur structure naturelle. Des ingr\u00e9dients v\u00e9g\u00e9taux puissants tels que la graine de poivre noir, l&rsquo;\u00e9corce de saule blanc ou l&rsquo;extrait de grenade soutiennent le processus naturel de croissance des cheveux tout en optimisant la sant\u00e9 du cuir chevelu. Les produits de soins capillaires Feeluxo sont d\u00e9velopp\u00e9s cliniquement pour fournir des solutions durables et permanentes, minimiser la chute des cheveux et redonner de l&rsquo;\u00e9clat \u00e0 votre chevelure.<\/p>\n<\/p><\/div>\n<nav aria-label=\"breadcrumb\" class=\"breadcrumbs\">\n<ul class=\"d-flex align-items-center mb-0\">\n<li><a class=\"link\" href=\"https:\/\/drterziler.com\/fr\/\"><span>Dr. Terziler<\/span><\/a><\/li>\n<li class=\"separator\">\u00bb<\/li>\n<li><a class=\"link\" href=\"https:\/\/drterziler.com\/fr\/traitement-des-cheveux\/\"><span>Traitements Capillaires<\/span><\/a><\/li>\n<li class=\"separator\">\u00bb<\/li>\n<li class=\"current-page\"><span>Produits de Soins Capillaires<\/span><\/li>\n<\/ul>\n<\/nav><\/div>\n<\/p><\/div>\n<\/p><\/div>\n<\/div>\n<section class=\"svc-section\">\n<div class=\"container\">\n<div class=\"svc-item right-card\">\n<div class=\"svc-media\">\n                <img decoding=\"async\" src=\"https:\/\/drterziler.com\/wp-content\/uploads\/2026\/02\/SAMPUANrev_6_11zon.webp\" alt=\"Feeluxo Anti Hair Loss &#038; Dandruff Shampoo\" loading=\"lazy\" class=\"cat-img\">\n            <\/div>\n<div class=\"svc-card\">\n<h3 class=\"svc-title gilda\">Anti Hair Loss &#038; Dandruff Shampoo<\/h3>\n<p class=\"svc-text barlow\">\n                    Gr\u00e2ce \u00e0 son extrait de cannelle, il renforce les racines des cheveux et leur donne de la r\u00e9silience. Gr\u00e2ce aux vitamines et min\u00e9raux comme la Niacinamide, il \u00e9quilibre le cuir chevelu. Avec l&rsquo;extrait de graine de cumin noir, il pr\u00e9vient la chute des cheveux.\n                <\/p>\n<p>                <a class=\"btn-details barlow-condensed\" href=\"https:\/\/drterziler.com\/fr\/traitement-des-cheveux\/produits-de-soins-capillaires\/shampooing-anti-chute-et-anti-pelliculaire\/\">D\u00c9TAILS<\/a>\n            <\/div>\n<\/p><\/div>\n<div class=\"svc-item left-card\">\n<div class=\"svc-media\">\n                <img decoding=\"async\" src=\"https:\/\/drterziler.com\/wp-content\/uploads\/2025\/04\/serumrev.webp\" alt=\"Feeluxo Hair Activating Serum\" loading=\"lazy\" class=\"cat-img\">\n            <\/div>\n<div class=\"svc-card\">\n<h3 class=\"svc-title gilda\">Hair Activating Serum<\/h3>\n<p class=\"svc-text barlow\">\n                    L&rsquo;extrait de grenade aide \u00e0 pr\u00e9venir la chute des cheveux, tandis que la graine de poivre noir stimule les racines et les follicules pileux pour soutenir la repousse. L&rsquo;\u00e9corce de saule blanc prot\u00e8ge contre la sensibilit\u00e9 cutan\u00e9e.\n                <\/p>\n<p>                <a class=\"btn-details barlow-condensed\" href=\"https:\/\/drterziler.com\/fr\/traitement-des-cheveux\/produits-de-soins-capillaires\/serum-activateur-de-cheveux\/\">D\u00c9TAILS<\/a>\n            <\/div>\n<\/p><\/div>\n<div class=\"svc-item right-card\">\n<div class=\"svc-media\">\n                <img decoding=\"async\" src=\"https:\/\/drterziler.com\/wp-content\/uploads\/2025\/04\/tabletrev.webp\" alt=\"Feeluxo Trichomix Plus Food Supplement\" loading=\"lazy\" class=\"cat-img\">\n            <\/div>\n<div class=\"svc-card\">\n<h3 class=\"svc-title gilda\">Trichomix Plus Food Supplement<\/h3>\n<p class=\"svc-text barlow\">\n                    L&rsquo;extrait de palmier nain aide \u00e0 pr\u00e9venir la chute des cheveux de l&rsquo;int\u00e9rieur et soutient la croissance de nouveaux cheveux. Il apporte le soutien n\u00e9cessaire avec des vitamines telles que le S\u00e9l\u00e9nium, le Zinc, l&rsquo;Acide Folique et la Biotine.\n                <\/p>\n<p>                <a class=\"btn-details barlow-condensed\" href=\"https:\/\/drterziler.com\/fr\/traitement-des-cheveux\/produits-de-soins-capillaires\/trichomix-plus-complement-alimentaire\/\">D\u00c9TAILS<\/a>\n            <\/div>\n<\/p><\/div>\n<div class=\"svc-item left-card\">\n<div class=\"svc-media\">\n                <img decoding=\"async\" src=\"https:\/\/drterziler.com\/wp-content\/uploads\/2025\/04\/growth-faktor-serumrev.webp\" alt=\"Feeluxo Hair Regrowth Treatment Serum\" loading=\"lazy\" class=\"cat-img\">\n            <\/div>\n<div class=\"svc-card\">\n<h3 class=\"svc-title gilda\">Hair Regrowth Treatment Serum<\/h3>\n<p class=\"svc-text barlow\">\n                    Gr\u00e2ce aux extraits de haute qualit\u00e9 qu&rsquo;il contient, il acc\u00e9l\u00e8re efficacement la circulation sanguine, nourrissant les racines des cheveux. Il r\u00e9veille les follicules pileux en phase de repos et active les cellules dormantes, favorisant le d\u00e9veloppement des cheveux de b\u00e9b\u00e9. De plus, il \u00e9paissit les m\u00e8ches de cheveux et pr\u00e9vient la chute.\n                <\/p>\n<p>                <a class=\"btn-details barlow-condensed\" href=\"https:\/\/drterziler.com\/fr\/traitement-des-cheveux\/produits-de-soins-capillaires\/serum-facteurs-de-croissance-cheveux\/\">D\u00c9TAILS<\/a>\n            <\/div>\n<\/p><\/div>\n<div class=\"svc-item right-card\">\n<div class=\"svc-media\">\n                <img decoding=\"async\" src=\"https:\/\/drterziler.com\/wp-content\/uploads\/2025\/04\/stemcell-serumrev.webp\" alt=\"Feeluxo Stem Cell Factor Growth Serum\" loading=\"lazy\" class=\"cat-img\">\n            <\/div>\n<div class=\"svc-card\">\n<h3 class=\"svc-title gilda\">Stem Cell Factor Growth Serum<\/h3>\n<p class=\"svc-text barlow\">\n                    Gr\u00e2ce \u00e0 ses ingr\u00e9dients puissants, il stimule les follicules pileux et aide \u00e0 \u00e9paissir les m\u00e8ches de cheveux. En m\u00eame temps, en acc\u00e9l\u00e9rant la circulation sanguine, il joue un r\u00f4le actif dans la pr\u00e9vention de la chute des cheveux. Il favorise l&rsquo;activit\u00e9 dans le d\u00e9veloppement du follicule pileux, cr\u00e9ant une base pour que les cheveux soient revitalis\u00e9s.\n                <\/p>\n<p>                <a class=\"btn-details barlow-condensed\" href=\"https:\/\/drterziler.com\/fr\/traitement-des-cheveux\/produits-de-soins-capillaires\/serum-facteur-croissance-cellules-souches\/\">D\u00c9TAILS<\/a>\n            <\/div>\n<\/p><\/div>\n<div class=\"svc-item left-card\">\n<div class=\"svc-media\">\n                <img decoding=\"async\" src=\"https:\/\/drterziler.com\/wp-content\/uploads\/2025\/04\/lazer-kep-2rev.webp\" alt=\"Feeluxo Hair Laser Cap \/ 272 LED Bulbs\" loading=\"lazy\" class=\"cat-img\">\n            <\/div>\n<div class=\"svc-card\">\n<h3 class=\"svc-title gilda\">Hair Laser Cap \/ 272 LED Bulbs<\/h3>\n<p class=\"svc-text barlow\">\n                    L&rsquo;\u00e9nergie de la lumi\u00e8re laser stimule les capillaires sous les follicules pileux, augmentant la circulation sanguine. Cela revitalise les follicules pileux dormants, les nourrit mieux et conduit \u00e0 une am\u00e9lioration visible de la qualit\u00e9 des cheveux. En acc\u00e9l\u00e9rant la circulation sanguine, il nourrit les racines des cheveux, r\u00e9duit la chute et soutient la repousse.\n                <\/p>\n<p>                <a class=\"btn-details barlow-condensed\" href=\"https:\/\/drterziler.com\/fr\/traitement-des-cheveux\/produits-de-soins-capillaires\/laser-pour-cheveux-272-ampoules-led\/\">D\u00c9TAILS<\/a>\n            <\/div>\n<\/p><\/div>\n<div class=\"svc-item right-card\">\n<div class=\"svc-media\">\n                <img decoding=\"async\" src=\"https:\/\/drterziler.com\/wp-content\/uploads\/2025\/04\/lazer-kep-1rev.webp\" alt=\"Feeluxo Hair Laser Cap \/ 81 LED Bulbs\" loading=\"lazy\" class=\"cat-img\">\n            <\/div>\n<div class=\"svc-card\">\n<h3 class=\"svc-title gilda\">Hair Laser Cap \/ 81 LED Bulbs<\/h3>\n<p class=\"svc-text barlow\">\n                    L&rsquo;\u00e9nergie de la lumi\u00e8re laser stimule les capillaires sous les follicules pileux, augmentant la circulation sanguine. Cela revitalise les follicules pileux dormants, les nourrit mieux et conduit \u00e0 une am\u00e9lioration visible de la qualit\u00e9 des cheveux. En acc\u00e9l\u00e9rant la circulation sanguine, il nourrit les racines des cheveux, r\u00e9duit la chute et soutient la repousse.\n                <\/p>\n<p>                <a class=\"btn-details barlow-condensed\" href=\"https:\/\/drterziler.com\/fr\/traitement-des-cheveux\/produits-de-soins-capillaires\/laser-pour-cheveux-81-ampoules-led\/\">D\u00c9TAILS<\/a>\n            <\/div>\n<\/p><\/div>\n<div class=\"svc-item left-card\">\n<div class=\"svc-media\">\n                <img decoding=\"async\" src=\"https:\/\/drterziler.com\/wp-content\/uploads\/2025\/04\/lazer-tarakrev.webp\" alt=\"Feeluxo Hair Laser Comb\" loading=\"lazy\" class=\"cat-img\">\n            <\/div>\n<div class=\"svc-card\">\n<h3 class=\"svc-title gilda\">Hair Laser Comb<\/h3>\n<p class=\"svc-text barlow\">\n                    Il s&rsquo;agit d&rsquo;un traitement laser con\u00e7u avec des longueurs d&rsquo;onde sp\u00e9ciales qui peut \u00eatre facilement appliqu\u00e9 \u00e0 domicile. Ce produit, recommand\u00e9 par les dermatologues, test\u00e9 cliniquement et approuv\u00e9 par la FDA, offre une solution efficace contre la chute des cheveux.\n                <\/p>\n<p>                <a class=\"btn-details barlow-condensed\" href=\"https:\/\/drterziler.com\/fr\/traitement-des-cheveux\/produits-de-soins-capillaires\/peigne-laser-pour-cheveux\/\">D\u00c9TAILS<\/a>\n            <\/div>\n<\/p><\/div>\n<\/p><\/div>\n<\/section>\n","protected":false},"excerpt":{"rendered":"<p>Produits de Soins Capillaires La sant\u00e9 des cheveux est l&rsquo;un des piliers d&rsquo;une apparence esth\u00e9tique et est directement li\u00e9e \u00e0 la qualit\u00e9 de vie globale. Nos produits de soins capillaires d\u00e9velopp\u00e9s cliniquement visent \u00e0 nourrir et renforcer les racines des cheveux tout en pr\u00e9servant leur structure naturelle. Des ingr\u00e9dients v\u00e9g\u00e9taux puissants tels que la graine [&hellip;]<\/p>\n","protected":false},"author":6,"featured_media":0,"parent":2706,"menu_order":0,"comment_status":"closed","ping_status":"closed","template":"","meta":{"footnotes":""},"class_list":["post-38846","page","type-page","status-publish","hentry"],"_links":{"self":[{"href":"https:\/\/drterziler.com\/fr\/wp-json\/wp\/v2\/pages\/38846","targetHints":{"allow":["GET"]}}],"collection":[{"href":"https:\/\/drterziler.com\/fr\/wp-json\/wp\/v2\/pages"}],"about":[{"href":"https:\/\/drterziler.com\/fr\/wp-json\/wp\/v2\/types\/page"}],"author":[{"embeddable":true,"href":"https:\/\/drterziler.com\/fr\/wp-json\/wp\/v2\/users\/6"}],"replies":[{"embeddable":true,"href":"https:\/\/drterziler.com\/fr\/wp-json\/wp\/v2\/comments?post=38846"}],"version-history":[{"count":17,"href":"https:\/\/drterziler.com\/fr\/wp-json\/wp\/v2\/pages\/38846\/revisions"}],"predecessor-version":[{"id":62528,"href":"https:\/\/drterziler.com\/fr\/wp-json\/wp\/v2\/pages\/38846\/revisions\/62528"}],"up":[{"embeddable":true,"href":"https:\/\/drterziler.com\/fr\/wp-json\/wp\/v2\/pages\/2706"}],"wp:attachment":[{"href":"https:\/\/drterziler.com\/fr\/wp-json\/wp\/v2\/media?parent=38846"}],"curies":[{"name":"wp","href":"https:\/\/api.w.org\/{rel}","templated":true}]}}