{"id":40998,"date":"2025-06-03T06:29:19","date_gmt":"2025-06-03T06:29:19","guid":{"rendered":"https:\/\/drterziler.com\/sexual-life\/"},"modified":"2026-04-09T07:48:41","modified_gmt":"2026-04-09T07:48:41","slug":"sante-sexuelle","status":"publish","type":"page","link":"https:\/\/drterziler.com\/fr\/sante-sexuelle\/","title":{"rendered":"Sant\u00e9 Sexuelle"},"content":{"rendered":"<div class=\"page-content category-page\">\n<div id=\"header-area\">\n<div class=\"container\" id=\"firstContent\">\n<div class=\"header-content d-flex flex-column\">\n<h1 class=\"content-title\">Sant\u00e9 Sexuelle<\/h1>\n<div class=\"content-paragraph\">\n<p>La sant\u00e9 sexuelle masculine est influenc\u00e9e par de nombreux facteurs, tels que l&rsquo;\u00e9quilibre hormonal, la structure vasculaire, l&rsquo;\u00e9tat psychologique et le mode de vie. Dans notre clinique, nous proposons des solutions holistiques dans divers domaines de la sexualit\u00e9, notamment la dysfonction \u00e9rectile, l&rsquo;\u00e9jaculation pr\u00e9coce, l&rsquo;agrandissement du p\u00e9nis et les faibles taux de testost\u00e9rone. Notre objectif est d&rsquo;am\u00e9liorer la fonction sexuelle et de renforcer la qualit\u00e9 de vie gr\u00e2ce \u00e0 des approches personnalis\u00e9es.<\/p>\n<\/p><\/div>\n<nav aria-label=\"breadcrumb\" class=\"breadcrumbs\">\n<ul class=\"d-flex align-items-center mb-0\">\n<li><a class=\"link\" href=\"https:\/\/drterziler.com\/fr\/\"><span>Dr. Terziler<\/span><\/a><\/li>\n<li class=\"separator\">\u00bb<\/li>\n<li class=\"current-page\"><span>Sant\u00e9 Sexuelle<\/span><\/li>\n<\/ul>\n<\/nav><\/div>\n<\/p><\/div>\n<\/p><\/div>\n<\/div>\n<section class=\"svc-section\">\n<div class=\"container\">\n<div class=\"svc-item right-card\">\n<div class=\"svc-media\">\n                <img decoding=\"async\" src=\"https:\/\/drterziler.com\/wp-content\/uploads\/2026\/03\/penil-protez.webp\" alt=\"Implantation de proth\u00e8se p\u00e9nienne\" loading=\"lazy\" class=\"cat-img\">\n            <\/div>\n<div class=\"svc-card\">\n<h3 class=\"svc-title gilda\">Proth\u00e8se P\u00e9nienne<\/h3>\n<p class=\"svc-text barlow\">\n                    Une proth\u00e8se p\u00e9nienne est un dispositif m\u00e9dical implant\u00e9 chirurgicalement dans le p\u00e9nis pour imiter la fonction d&rsquo;une \u00e9rection. L&rsquo;un des crit\u00e8res cl\u00e9s pour l&rsquo;utilisation d&rsquo;une proth\u00e8se p\u00e9nienne est que le patient doit avoir essay\u00e9 sans succ\u00e8s toutes les autres options de traitement connues. Puisqu&rsquo;il s&rsquo;agit d&rsquo;une intervention chirurgicale, elle est g\u00e9n\u00e9ralement consid\u00e9r\u00e9e comme un traitement de dernier recours. Cependant, lors de l&rsquo;\u00e9valuation des r\u00e9sultats, on peut dire que cette proc\u00e9dure offre des r\u00e9sultats tr\u00e8s satisfaisants tant pour le patient que pour son partenaire.\n                <\/p>\n<p>                <a class=\"btn-details barlow-condensed\" href=\"https:\/\/drterziler.com\/fr\/sante-sexuelle\/implantation-de-prothese-penienne\/\">D\u00c9TAILS<\/a>\n            <\/div>\n<\/p><\/div>\n<div class=\"svc-item left-card\">\n<div class=\"svc-media\">\n                <img decoding=\"async\" src=\"https:\/\/drterziler.com\/wp-content\/uploads\/2026\/03\/ereksiyon-bozukluklari.webp\" alt=\"Dysfonctions \u00c9rectiles\" loading=\"lazy\" class=\"cat-img\">\n            <\/div>\n<div class=\"svc-card\">\n<h3 class=\"svc-title gilda\">Dysfonctions \u00c9rectiles<\/h3>\n<p class=\"svc-text barlow\">\n                    L&rsquo;hypogonadisme est une condition clinique dans laquelle les niveaux de testost\u00e9rone chez l&rsquo;homme sont produits en dessous de la normale. La testost\u00e9rone est une hormone vitale pour le d\u00e9veloppement sexuel masculin, les fonctions reproductrices, la masse musculaire, la densit\u00e9 osseuse et la sant\u00e9 globale. De faibles taux de testost\u00e9rone peuvent entra\u00eener de nombreux sympt\u00f4mes physiques, psychologiques et sociaux n\u00e9gatifs ainsi que des probl\u00e8mes de sant\u00e9.\n                <\/p>\n<p>                <a class=\"btn-details barlow-condensed\" href=\"https:\/\/drterziler.com\/fr\/sante-sexuelle\/dysfonctions-erectiles\/\">D\u00c9TAILS<\/a>\n            <\/div>\n<\/p><\/div>\n<div class=\"svc-item right-card\">\n<div class=\"svc-media\">\n                <img decoding=\"async\" src=\"https:\/\/drterziler.com\/wp-content\/uploads\/2026\/03\/penis-buyutme.webp\" alt=\"Agrandissement du p\u00e9nis non chirurgical\" loading=\"lazy\" class=\"cat-img\">\n            <\/div>\n<div class=\"svc-card\">\n<h3 class=\"svc-title gilda\">Agrandissement du P\u00e9nis Non Chirurgical<\/h3>\n<p class=\"svc-text barlow\">\n                    L&rsquo;andrologie esth\u00e9tique est un domaine m\u00e9dical en plein essor qui traite les probl\u00e8mes du syst\u00e8me reproducteur masculin et de la sant\u00e9 sexuelle sous des angles \u00e0 la fois fonctionnels et esth\u00e9tiques. Ce domaine ne se concentre pas seulement sur la r\u00e9solution de probl\u00e8mes m\u00e9dicaux, mais propose \u00e9galement des am\u00e9liorations esth\u00e9tiques qui aident les hommes \u00e0 se sentir mieux dans leur corps. Combin\u00e9e aux possibilit\u00e9s de la m\u00e9decine moderne, cette approche offre des solutions compl\u00e8tes pour les patients masculins.\n                <\/p>\n<p>                <a class=\"btn-details barlow-condensed\" href=\"https:\/\/drterziler.com\/fr\/sante-sexuelle\/agrandissement-du-penis-sans-chirurgie\/\">D\u00c9TAILS<\/a>\n            <\/div>\n<\/p><\/div>\n<\/p><\/div>\n<\/section>\n","protected":false},"excerpt":{"rendered":"<p>Sant\u00e9 Sexuelle La sant\u00e9 sexuelle masculine est influenc\u00e9e par de nombreux facteurs, tels que l&rsquo;\u00e9quilibre hormonal, la structure vasculaire, l&rsquo;\u00e9tat psychologique et le mode de vie. Dans notre clinique, nous proposons des solutions holistiques dans divers domaines de la sexualit\u00e9, notamment la dysfonction \u00e9rectile, l&rsquo;\u00e9jaculation pr\u00e9coce, l&rsquo;agrandissement du p\u00e9nis et les faibles taux de testost\u00e9rone. [&hellip;]<\/p>\n","protected":false},"author":6,"featured_media":0,"parent":0,"menu_order":0,"comment_status":"closed","ping_status":"closed","template":"","meta":{"footnotes":""},"class_list":["post-40998","page","type-page","status-publish","hentry"],"_links":{"self":[{"href":"https:\/\/drterziler.com\/fr\/wp-json\/wp\/v2\/pages\/40998","targetHints":{"allow":["GET"]}}],"collection":[{"href":"https:\/\/drterziler.com\/fr\/wp-json\/wp\/v2\/pages"}],"about":[{"href":"https:\/\/drterziler.com\/fr\/wp-json\/wp\/v2\/types\/page"}],"author":[{"embeddable":true,"href":"https:\/\/drterziler.com\/fr\/wp-json\/wp\/v2\/users\/6"}],"replies":[{"embeddable":true,"href":"https:\/\/drterziler.com\/fr\/wp-json\/wp\/v2\/comments?post=40998"}],"version-history":[{"count":34,"href":"https:\/\/drterziler.com\/fr\/wp-json\/wp\/v2\/pages\/40998\/revisions"}],"predecessor-version":[{"id":61563,"href":"https:\/\/drterziler.com\/fr\/wp-json\/wp\/v2\/pages\/40998\/revisions\/61563"}],"wp:attachment":[{"href":"https:\/\/drterziler.com\/fr\/wp-json\/wp\/v2\/media?parent=40998"}],"curies":[{"name":"wp","href":"https:\/\/api.w.org\/{rel}","templated":true}]}}