{"id":48129,"date":"2025-07-17T09:24:07","date_gmt":"2025-07-17T09:24:07","guid":{"rendered":"https:\/\/drterziler.com\/traitement-des-cheveux\/exosome-treatments\/"},"modified":"2026-04-06T12:17:15","modified_gmt":"2026-04-06T12:17:15","slug":"exosomes","status":"publish","type":"page","link":"https:\/\/drterziler.com\/fr\/traitement-des-cheveux\/exosomes\/","title":{"rendered":"Traitements aux Exosomes"},"content":{"rendered":"<div class=\"page-content\">\n<div id=\"header-area\">\n<div id=\"firstContent\" class=\"container\">\n<div class=\"header-content d-flex flex-column\">\n<h1 class=\"content-title h1-header\">Exosome pour le traitement capillaire<\/h1>\n<div class=\"content-paragraph\">\n<p class=\"p-text\">Les exosomes sont des structures microscopiques, entour\u00e9es d&rsquo;une membrane, naturellement s\u00e9cr\u00e9t\u00e9es par les cellules et qui facilitent la communication intercellulaire. G\u00e9n\u00e9ralement comprises entre 30 et 150 nanom\u00e8tres, ces structures se forment \u00e0 partir de v\u00e9sicules sp\u00e9cialis\u00e9es \u00e0 l&rsquo;int\u00e9rieur de la cellule et influencent d&rsquo;autres cellules en transportant des informations biologiques.Elles contiennent des messages cellulaires tels que des prot\u00e9ines, des ARN, des lipides et divers facteurs de croissance.Ces derni\u00e8res ann\u00e9es, les exosomes ont suscit\u00e9 un int\u00e9r\u00eat croissant dans des domaines comme la m\u00e9decine r\u00e9g\u00e9n\u00e9rative, l\u2019immunologie et l\u2019oncologie. Pr\u00e9sents dans plus de 35 000 \u00e9tudes scientifiques \u00e0 ce jour, ces structures ouvrent la voie \u00e0 des applications plus s\u00fbres et plus cibl\u00e9es que les th\u00e9rapies cellulaires traditionnelles.Dans le traitement de la perte de cheveux, les exosomes se distinguent par leur capacit\u00e9 \u00e0 interagir directement avec les follicules pileux et \u00e0 aider \u00e0 r\u00e9guler leur cycle de vie.<\/p>\n<\/div>\n<nav class=\"breadcrumbs\" aria-label=\"breadcrumb\">\n<ul class=\"d-flex align-items-center mb-0\">\n<li><a class=\"link\" href=\"https:\/\/drterziler.com\/fr\/\">Dr. Terziler Exclusive Clinic<\/a><\/li>\n<li class=\"separator\">\u00bb<\/li>\n<li><a class=\"link\" href=\"https:\/\/drterziler.com\/fr\/traitement-des-cheveux\/\">Traitement des cheveux<\/a><\/li>\n<li class=\"separator\">\u00bb<\/li>\n<li><a class=\"link\" href=\"https:\/\/drterziler.com\/fr\/traitement-des-cheveux\/exosomes\/\">Traitements aux Exosomes<\/a><\/li>\n<li class=\"separator\">\u00bb<\/li>\n<li class=\"current-page\">Exosome pour le traitement capillaire<\/li>\n<\/ul>\n<\/nav>\n<\/div>\n<\/div>\n<\/div>\n<\/div>\n<section id=\"content-area\">\n<div class=\"container my-5\">\n<div class=\"row align-items-start\">\n<div class=\"col-md-6 order-2 order-md-1\">\n<div class=\"custom-toc-box\">\n<div id=\"toc-header\">\n<h4>Table des mati\u00e8res<\/h4>\n<div class=\"toc-toggle-icon\"><\/div>\n<\/div>\n<div class=\"toc-full-divider\"><\/div>\n<div id=\"toc-body\">\n<div id=\"toc-container\"><\/div>\n<\/div>\n<\/div>\n<\/div>\n<div id=\"jForm\" class=\"col-md-6 order-1 order-md-2\"><script type=\"text\/javascript\" src=\"https:\/\/form.jotform.com\/jsform\/242882407646969\"><\/script><\/div>\n<\/div>\n<\/div>\n<div class=\"container\">\n<div class=\"img-thumb\"><img decoding=\"async\" src=\"https:\/\/drterziler.com\/wp-content\/uploads\/2025\/07\/Sac-Eksozom.webp\" alt=\"Exosome pour le traitement capillaire\" \/><\/div>\n<div>\n<div>\n<h2 class=\"h2-header\">Comment fonctionne le traitement aux exosomes contre la perte de cheveux ?<\/h2>\n<\/div>\n<div>\n<p class=\"p-text\">La perte de cheveux peut \u00eatre caus\u00e9e par des facteurs g\u00e9n\u00e9tiques, des d\u00e9s\u00e9quilibres hormonaux, des influences environnementales ou des inflammations. Les exosomes agissent comme des messagers biologiques ayant le potentiel d&rsquo;intervenir dans ce processus. Lorsqu&rsquo;ils sont appliqu\u00e9s sur le cuir chevelu, les microARN, facteurs de croissance et prot\u00e9ines qu&rsquo;ils contiennent aident \u00e0 stimuler les follicules pileux. Les follicules en dormance ou endommag\u00e9s sont r\u00e9activ\u00e9s, et la qualit\u00e9 des cheveux existants s&rsquo;am\u00e9liore. En m\u00eame temps, les exosomes r\u00e9duisent l&rsquo;inflammation du cuir chevelu, cr\u00e9ant ainsi un environnement plus sain pour la croissance. En interagissant avec les follicules au niveau cellulaire, les exosomes favorisent la formation de nouveaux cheveux et ralentissent la chute des cheveux existants. Cela procure \u00e0 la fois un effet pr\u00e9ventif contre la perte de cheveux et un b\u00e9n\u00e9fice de volume.<\/p>\n<\/div>\n<\/div>\n<div>\n<div>\n<h2 class=\"h2-header\">Comment se d\u00e9roule l&rsquo;application capillaire des exosomes ?<\/h2>\n<\/div>\n<div>\n<p class=\"p-text\">La th\u00e9rapie aux exosomes est une proc\u00e9dure confortable et non chirurgicale r\u00e9alis\u00e9e en milieu clinique pour lutter contre la perte de cheveux. Avant le traitement, une \u00e9valuation dermatologique est effectu\u00e9e afin d\u2019analyser le type et la gravit\u00e9 de la perte, ainsi que les attentes du patient. Pendant la proc\u00e9dure, la solution d&rsquo;exosomes est inject\u00e9e dans des zones sp\u00e9cifiques du cuir chevelu \u00e0 l\u2019aide d\u2019aiguilles tr\u00e8s fines. Ce processus est g\u00e9n\u00e9ralement rapide et indolore, sans n\u00e9cessit\u00e9 d\u2019anesth\u00e9sie locale. Les patients peuvent reprendre imm\u00e9diatement leurs activit\u00e9s quotidiennes apr\u00e8s le traitement. Le nombre de s\u00e9ances varie selon les besoins individuels, mais en g\u00e9n\u00e9ral 1 \u00e0 3 applications sont pr\u00e9vues. Ce traitement peut \u00e9galement \u00eatre utilis\u00e9 pour accompagner la r\u00e9cup\u00e9ration post-greffe capillaire, en renfor\u00e7ant le processus d\u2019adaptation des follicules et en obtenant une apparence capillaire plus dense et plus r\u00e9sistante.<\/p>\n<\/div>\n<\/div>\n<div>\n<div>\n<h2 class=\"h2-header\">Qui peut b\u00e9n\u00e9ficier du traitement aux exosomes ?<\/h2>\n<\/div>\n<div>\n<p class=\"p-text\">Le traitement aux exosomes constitue une option s\u00fbre et efficace pour de nombreuses personnes souffrant de perte de cheveux. Il peut \u00eatre utilis\u00e9 avec succ\u00e8s dans les cas de perte g\u00e9n\u00e9tique comme l\u2019alop\u00e9cie androg\u00e9n\u00e9tique, fr\u00e9quente chez les hommes, ainsi que dans les pertes hormonales ou li\u00e9es au stress chez les femmes. C\u2019est un traitement de soutien id\u00e9al pour les personnes constatant une diminution de la densit\u00e9 capillaire ou un affinement des cheveux. De plus, il peut donner des r\u00e9sultats efficaces chez les personnes souffrant d&rsquo;une chute soudaine de cheveux due \u00e0 un accouchement, aux changements saisonniers ou \u00e0 une maladie. Pour les personnes ayant subi une greffe de cheveux, la th\u00e9rapie aux exosomes peut \u00eatre recommand\u00e9e pour acc\u00e9l\u00e9rer la cicatrisation et soutenir la fixation des greffons.<\/p>\n<\/div>\n<\/div>\n<div>\n<div>\n<h2 class=\"h2-header\">Quels sont les avantages du traitement aux exosomes ?<\/h2>\n<\/div>\n<div>\n<p class=\"p-text\">La th\u00e9rapie aux exosomes est une approche totalement biologique et naturelle, qui ne n\u00e9cessite aucune intervention chirurgicale et reste peu invasive. La possibilit\u00e9 de reprendre une vie quotidienne normale sans restriction sociale offre un confort important. En tant que syst\u00e8mes de messagerie extracellulaires naturels, les exosomes utilis\u00e9s dans le traitement activent les m\u00e9canismes de r\u00e9paration propres au corps. \u00c9tant donn\u00e9 qu\u2019ils ne contiennent ni additifs ni produits chimiques, ils peuvent \u00eatre appliqu\u00e9s en toute s\u00e9curit\u00e9, m\u00eame sur les peaux sensibles. De plus, le temps de r\u00e9cup\u00e9ration court et les effets durables rendent ce traitement avantageux pour les personnes recherchant une am\u00e9lioration permanente de la qualit\u00e9 capillaire. Surtout, compar\u00e9s \u00e0 la m\u00e9soth\u00e9rapie traditionnelle, les exosomes poss\u00e8dent un contenu biologique plus concentr\u00e9, apportant des r\u00e9sultats plus efficaces et durables au niveau cellulaire.<\/p>\n<\/div>\n<\/div>\n<div>\n<div>\n<h2 class=\"h2-header\">Quand les r\u00e9sultats du traitement capillaire aux exosomes sont-ils visibles ?<\/h2>\n<\/div>\n<div>\n<p class=\"p-text\">Les r\u00e9sultats du traitement aux exosomes commencent g\u00e9n\u00e9ralement \u00e0 \u00eatre visibles quelques semaines apr\u00e8s l&rsquo;application. Dans la phase initiale, une diminution notable de la chute de cheveux peut \u00eatre observ\u00e9e, et en 1 \u00e0 2 mois, les cheveux paraissent plus vivants et plus forts. La croissance de nouveaux cheveux devient g\u00e9n\u00e9ralement plus visible \u00e0 partir du troisi\u00e8me mois. Ce d\u00e9lai peut varier en fonction de la structure g\u00e9n\u00e9tique de chaque individu, de son mode de vie et de sa r\u00e9ponse au traitement. Pour des r\u00e9sultats durables et satisfaisants, il est important que le plan de traitement soit personnalis\u00e9. Des s\u00e9ances d\u2019entretien r\u00e9guli\u00e8res permettent de pr\u00e9server les r\u00e9sultats obtenus plus longtemps.<\/p>\n<\/div>\n<\/div>\n<\/div>\n<\/section>\n","protected":false},"excerpt":{"rendered":"<p>Exosome pour le traitement capillaire Les exosomes sont des structures microscopiques, entour\u00e9es d&rsquo;une membrane, naturellement s\u00e9cr\u00e9t\u00e9es par les cellules et qui facilitent la communication intercellulaire. G\u00e9n\u00e9ralement comprises entre 30 et 150 nanom\u00e8tres, ces structures se forment \u00e0 partir de v\u00e9sicules sp\u00e9cialis\u00e9es \u00e0 l&rsquo;int\u00e9rieur de la cellule et influencent d&rsquo;autres cellules en transportant des informations biologiques.Elles [&hellip;]<\/p>\n","protected":false},"author":6,"featured_media":0,"parent":2706,"menu_order":0,"comment_status":"closed","ping_status":"closed","template":"","meta":{"footnotes":""},"class_list":["post-48129","page","type-page","status-publish","hentry"],"_links":{"self":[{"href":"https:\/\/drterziler.com\/fr\/wp-json\/wp\/v2\/pages\/48129","targetHints":{"allow":["GET"]}}],"collection":[{"href":"https:\/\/drterziler.com\/fr\/wp-json\/wp\/v2\/pages"}],"about":[{"href":"https:\/\/drterziler.com\/fr\/wp-json\/wp\/v2\/types\/page"}],"author":[{"embeddable":true,"href":"https:\/\/drterziler.com\/fr\/wp-json\/wp\/v2\/users\/6"}],"replies":[{"embeddable":true,"href":"https:\/\/drterziler.com\/fr\/wp-json\/wp\/v2\/comments?post=48129"}],"version-history":[{"count":17,"href":"https:\/\/drterziler.com\/fr\/wp-json\/wp\/v2\/pages\/48129\/revisions"}],"predecessor-version":[{"id":61403,"href":"https:\/\/drterziler.com\/fr\/wp-json\/wp\/v2\/pages\/48129\/revisions\/61403"}],"up":[{"embeddable":true,"href":"https:\/\/drterziler.com\/fr\/wp-json\/wp\/v2\/pages\/2706"}],"wp:attachment":[{"href":"https:\/\/drterziler.com\/fr\/wp-json\/wp\/v2\/media?parent=48129"}],"curies":[{"name":"wp","href":"https:\/\/api.w.org\/{rel}","templated":true}]}}