{"id":48188,"date":"2025-07-17T09:32:09","date_gmt":"2025-07-17T09:32:09","guid":{"rendered":"https:\/\/drterziler.com\/esthetique-medicale\/exosome-treatments\/"},"modified":"2026-04-22T08:33:08","modified_gmt":"2026-04-22T08:33:08","slug":"traitements-aux-exosomes-skin","status":"publish","type":"page","link":"https:\/\/drterziler.com\/fr\/esthetique-medicale\/traitements-aux-exosomes-skin\/","title":{"rendered":"Traitements aux Exosomes Skin"},"content":{"rendered":"<div class=\"page-content\">\n<div id=\"header-area\">\n<div class=\"container\" id=\"firstContent\">\n<div class=\"header-content d-flex flex-column\">\n<h1 class=\"content-title h1-header\">Exosomes pour le Traitement de la Peau<\/h1>\n<div class=\"content-paragraph\">\n<p class=\"p-text\">Les exosomes sont des structures microscopiques entour\u00e9es d&#039;une membrane, produites \u00e0 l&#039;int\u00e9rieur des cellules et ensuite s\u00e9cr\u00e9t\u00e9es \u00e0 l&#039;ext\u00e9rieur. Ils transportent des contenus biologiques tels que l&#039;ARN, des prot\u00e9ines et des facteurs de croissance, transmettant des informations entre les cellules. Ces derni\u00e8res ann\u00e9es, les exosomes ont suscit\u00e9 un int\u00e9r\u00eat croissant dans les traitements de rajeunissement de la peau en raison de leur r\u00f4le important dans la r\u00e9g\u00e9n\u00e9ration des tissus et les processus de renouvellement cellulaire. Ces microstructures, de plus en plus pr\u00e9sentes dans les \u00e9tudes scientifiques, sont devenues une option privil\u00e9gi\u00e9e car elles offrent une approche plus naturelle et cellulaire par rapport aux proc\u00e9dures esth\u00e9tiques traditionnelles. Elles montrent un potentiel dans divers domaines, comme le ralentissement du vieillissement cutan\u00e9, la r\u00e9duction des imperfections et la r\u00e9paration de la barri\u00e8re cutan\u00e9e.<\/p>\n<\/p><\/div>\n<nav aria-label=\"breadcrumb\" class=\"breadcrumbs\">\n<ul class=\"d-flex align-items-center mb-0\">\n<li><a class=\"link\" href=\"https:\/\/drterziler.com\/fr\/\"><span>Dr. Terziler Exclusive Clinic<\/span><\/a><\/li>\n<li class=\"separator\">\u00bb<\/li>\n<li><a class=\"link\" href=\"https:\/\/drterziler.com\/fr\/esthetique-medicale\/\"><span>Esth\u00e9tique m\u00e9dicale<\/span><\/a><\/li>\n<li class=\"separator\">\u00bb<\/li>\n<li class=\"current-page\"><span>Exosomes pour le Traitement de la Peau<\/span><\/li>\n<\/ul>\n<\/nav><\/div>\n<\/p><\/div>\n<\/p><\/div>\n<\/div>\n<section id=\"content-area\">\n<div class=\"container my-5\">\n<div class=\"row align-items-start\">\n<div class=\"col-md-6 order-2 order-md-1\">\n<div class=\"custom-toc-box\">\n<div id=\"toc-header\">\n<h4>Table des mati\u00e8res<\/h4>\n<div class=\"toc-toggle-icon\"><\/div>\n<\/p><\/div>\n<div class=\"toc-full-divider\"><\/div>\n<div id=\"toc-body\">\n<div id=\"toc-container\"><\/div>\n<\/p><\/div>\n<\/p><\/div>\n<\/p><\/div>\n<div class=\"col-md-6 order-1 order-md-2\" id=\"jForm\">\n               <script type=\"text\/javascript\" src=\"https:\/\/form.jotform.com\/jsform\/242882407646969\"><\/script>\n            <\/div>\n<\/p><\/div>\n<\/p><\/div>\n<div class=\"container\">\n<div class=\"img-thumb\">\n            <img decoding=\"async\" src=\"https:\/\/drterziler.com\/wp-content\/uploads\/2025\/07\/Cilt-Eksozom.webp\" alt=\"Exosomes pour le Traitement de la Peau\" loading=\"lazy\">\n        <\/div>\n<div>\n<div>\n<h2 class=\"h2-header\">Comment Fonctionne le Traitement par Exosomes sur la Peau ?<\/h2>\n<\/p><\/div>\n<div>\n<p class=\"p-text\">Lorsqu\u2019ils sont appliqu\u00e9s sur la peau, les exosomes interagissent avec les cellules cutan\u00e9es et d\u00e9clenchent le processus de r\u00e9paration. Ils activent les fibroblastes \u2014 cellules responsables de la production de collag\u00e8ne et d\u2019\u00e9lastine \u2014 favorisant ainsi la r\u00e9g\u00e9n\u00e9ration des tissus cutan\u00e9s. En parall\u00e8le, leurs effets antioxydants et anti-inflammatoires prot\u00e8gent contre les effets n\u00e9fastes des radicaux libres. Les exosomes aident \u00e0 \u00e9quilibrer le teint, \u00e0 am\u00e9liorer l\u2019hydratation et \u00e0 stimuler la microcirculation, ce qui donne \u00e0 la peau un aspect sain et \u00e9clatant. Gr\u00e2ce \u00e0 ces composants biologiques influen\u00e7ant les voies de signalisation cellulaire, la peau commence \u00e0 se r\u00e9g\u00e9n\u00e9rer de l\u2019int\u00e9rieur vers l\u2019ext\u00e9rieur.<\/p>\n<\/p><\/div>\n<\/p><\/div>\n<div>\n<div>\n<h2 class=\"h2-header\">Comment Se D\u00e9roule l\u2019Application des Exosomes sur la Peau ?<\/h2>\n<\/p><\/div>\n<div>\n<p class=\"p-text\">L\u2019application des exosomes sur la peau est g\u00e9n\u00e9ralement r\u00e9alis\u00e9e en combinaison avec le microneedling. Cette m\u00e9thode cr\u00e9e des microcanaux \u00e0 la surface de la peau, permettant aux exosomes de p\u00e9n\u00e9trer plus efficacement en profondeur. Avant l\u2019intervention, la peau est nettoy\u00e9e et une cr\u00e8me anesth\u00e9siante topique est appliqu\u00e9e. Ensuite, la solution d\u2019exosomes est appliqu\u00e9e sur la peau \u00e0 l\u2019aide de dispositifs sp\u00e9cialis\u00e9s ou de techniques manuelles. La proc\u00e9dure dure environ 30 \u00e0 45 minutes et une l\u00e9g\u00e8re rougeur imm\u00e9diate est normale, mais elle dispara\u00eet g\u00e9n\u00e9ralement en quelques heures. Selon la sensibilit\u00e9 de la peau, plusieurs s\u00e9ances peuvent \u00eatre pr\u00e9vues.<\/p>\n<\/p><\/div>\n<\/p><\/div>\n<div>\n<div>\n<h2 class=\"h2-header\">Qui Peut B\u00e9n\u00e9ficier d\u2019un Traitement par Exosomes ?<\/h2>\n<\/p><\/div>\n<div>\n<p class=\"p-text\">La th\u00e9rapie cutan\u00e9e par exosomes convient \u00e0 toute personne souhaitant pr\u00e9venir le vieillissement cutan\u00e9 ou am\u00e9liorer des probl\u00e8mes de peau existants. Elle peut donner des r\u00e9sultats efficaces chez les personnes ayant des rides fines, des taches solaires, des cicatrices d\u2019acn\u00e9, un teint irr\u00e9gulier, des pores dilat\u00e9s ou un teint terne. Elle peut \u00e9galement \u00eatre utilis\u00e9e apr\u00e8s des traitements tels que le laser, les peelings chimiques ou le dermapen pour acc\u00e9l\u00e9rer la gu\u00e9rison de la peau. Elle est s\u00fbre aussi bien pour les peaux jeunes \u00e0 titre pr\u00e9ventif que pour les peaux matures pour ses effets raffermissants.<\/p>\n<\/p><\/div>\n<\/p><\/div>\n<div>\n<div>\n<h2 class=\"h2-header\">Quels Sont les Avantages du Traitement par Exosomes ?<\/h2>\n<\/p><\/div>\n<div>\n<p class=\"p-text\">Le traitement par exosomes est tr\u00e8s s\u00fbr et efficace car il soutient les m\u00e9canismes naturels de gu\u00e9rison du corps. Il rajeunit la peau de l\u2019int\u00e9rieur \u00e0 un niveau cellulaire, offrant des r\u00e9sultats plus durables. Par rapport \u00e0 d\u2019autres traitements esth\u00e9tiques, il pr\u00e9sente un risque moindre d\u2019effets secondaires. Le temps de r\u00e9cup\u00e9ration est court et il n\u2019interf\u00e8re pas avec la vie quotidienne. Ne contenant aucun produit chimique, il convient m\u00eame aux peaux sensibles. De plus, en renfor\u00e7ant la barri\u00e8re cutan\u00e9e, il offre non seulement des b\u00e9n\u00e9fices esth\u00e9tiques mais aussi fonctionnels pour le soin de la peau.<\/p>\n<\/p><\/div>\n<\/p><\/div>\n<div>\n<div>\n<h2 class=\"h2-header\">Quand les R\u00e9sultats du Traitement par Exosomes Sont-Ils Visibles ?<\/h2>\n<\/p><\/div>\n<div>\n<p class=\"p-text\">Dans les 3 \u00e0 5 jours suivant le traitement, on peut observer une augmentation de la luminosit\u00e9 et de l\u2019hydratation de la peau. \u00c0 partir de la deuxi\u00e8me semaine, un resserrement des pores, une texture plus lisse et un teint plus uniforme deviennent visibles. Les effets plus profonds \u2014 comme le renouvellement li\u00e9 au collag\u00e8ne \u2014 apparaissent g\u00e9n\u00e9ralement entre 4 et 8 semaines. Les r\u00e9sultats complets et durables sont g\u00e9n\u00e9ralement constat\u00e9s apr\u00e8s 2 \u00e0 3 s\u00e9ances. Le processus peut varier selon le type et l\u2019\u00e2ge de la peau, d\u2019o\u00f9 l\u2019importance d\u2019un plan de traitement personnalis\u00e9.<\/p>\n<\/p><\/div>\n<\/p><\/div>\n<\/p><\/div>\n<\/section>\n","protected":false},"excerpt":{"rendered":"<p>Exosomes pour le Traitement de la Peau Les exosomes sont des structures microscopiques entour\u00e9es d&#039;une membrane, produites \u00e0 l&#039;int\u00e9rieur des cellules et ensuite s\u00e9cr\u00e9t\u00e9es \u00e0 l&#039;ext\u00e9rieur. Ils transportent des contenus biologiques tels que l&#039;ARN, des prot\u00e9ines et des facteurs de croissance, transmettant des informations entre les cellules. Ces derni\u00e8res ann\u00e9es, les exosomes ont suscit\u00e9 un [&hellip;]<\/p>\n","protected":false},"author":6,"featured_media":0,"parent":2728,"menu_order":0,"comment_status":"closed","ping_status":"closed","template":"","meta":{"footnotes":""},"class_list":["post-48188","page","type-page","status-publish","hentry"],"_links":{"self":[{"href":"https:\/\/drterziler.com\/fr\/wp-json\/wp\/v2\/pages\/48188","targetHints":{"allow":["GET"]}}],"collection":[{"href":"https:\/\/drterziler.com\/fr\/wp-json\/wp\/v2\/pages"}],"about":[{"href":"https:\/\/drterziler.com\/fr\/wp-json\/wp\/v2\/types\/page"}],"author":[{"embeddable":true,"href":"https:\/\/drterziler.com\/fr\/wp-json\/wp\/v2\/users\/6"}],"replies":[{"embeddable":true,"href":"https:\/\/drterziler.com\/fr\/wp-json\/wp\/v2\/comments?post=48188"}],"version-history":[{"count":10,"href":"https:\/\/drterziler.com\/fr\/wp-json\/wp\/v2\/pages\/48188\/revisions"}],"predecessor-version":[{"id":62419,"href":"https:\/\/drterziler.com\/fr\/wp-json\/wp\/v2\/pages\/48188\/revisions\/62419"}],"up":[{"embeddable":true,"href":"https:\/\/drterziler.com\/fr\/wp-json\/wp\/v2\/pages\/2728"}],"wp:attachment":[{"href":"https:\/\/drterziler.com\/fr\/wp-json\/wp\/v2\/media?parent=48188"}],"curies":[{"name":"wp","href":"https:\/\/api.w.org\/{rel}","templated":true}]}}