{"id":55880,"date":"2025-12-26T09:05:17","date_gmt":"2025-12-26T09:05:17","guid":{"rendered":"https:\/\/drterziler.com\/perte-de-cheveux\/hair-loss-clinical-facts\/"},"modified":"2025-12-26T11:20:29","modified_gmt":"2025-12-26T11:20:29","slug":"clascoterone-et-la-chute-des-cheveux-realites-cliniques","status":"publish","type":"page","link":"https:\/\/drterziler.com\/fr\/perte-de-cheveux\/clascoterone-et-la-chute-des-cheveux-realites-cliniques\/","title":{"rendered":"Clascoterone et la chute des cheveux \u2013 R\u00e9alit\u00e9s cliniques"},"content":{"rendered":"\t\t<div data-elementor-type=\"wp-page\" data-elementor-id=\"55880\" class=\"elementor elementor-55880 elementor-55877\">\n\t\t\t\t<div class=\"elementor-element elementor-element-77b961fd e-flex e-con-boxed e-con e-parent\" data-id=\"77b961fd\" data-element_type=\"container\" data-settings=\"{&quot;background_background&quot;:&quot;classic&quot;}\">\n\t\t\t\t\t<div class=\"e-con-inner\">\n\t\t\t\t<div class=\"elementor-element elementor-element-1db16a0 elementor-widget elementor-widget-heading\" data-id=\"1db16a0\" data-element_type=\"widget\" data-widget_type=\"heading.default\">\n\t\t\t\t\t<h2 class=\"elementor-heading-title elementor-size-default\">Add Your Heading Text Here<\/h2>\t\t\t\t<\/div>\n\t\t\t\t<div class=\"elementor-element elementor-element-5b42343c elementor-widget elementor-widget-text-editor\" data-id=\"5b42343c\" data-element_type=\"widget\" data-widget_type=\"text-editor.default\">\n\t\t\t\t\t\t\t\t\t<p>La clascot\u00e9rone est r\u00e9cemment devenue un compos\u00e9 fr\u00e9quemment \u00e9voqu\u00e9 dans le contexte de la chute des cheveux. Cependant, certaines affirmations qui circulent \u00e0 ce sujet ne correspondent pas pleinement aux donn\u00e9es scientifiques. Cette \u00e9tude a \u00e9t\u00e9 pr\u00e9par\u00e9e afin d\u2019expliquer de mani\u00e8re claire et pr\u00e9cise les effets r\u00e9els de la clascot\u00e9rone sur la perte de cheveux et de corriger les informations erron\u00e9es, telles que les affirmations faisant \u00e9tat d\u2019une \u00ab augmentation de 537 % de la croissance des cheveux \u00bb. En outre, en la comparant \u00e0 des traitements bien connus comme le finast\u00e9ride et le minoxidil, elle d\u00e9montre que la clascot\u00e9rone n\u2019est pas un traitement miracle \u00e0 elle seule, mais plut\u00f4t une option de soutien pouvant \u00eatre envisag\u00e9e dans le cadre de combinaisons th\u00e9rapeutiques appropri\u00e9es.<\/p>\t\t\t\t\t\t\t\t<\/div>\n\t\t\t\t<div class=\"elementor-element elementor-element-32bc3104 elementor-widget elementor-widget-shortcode\" data-id=\"32bc3104\" data-element_type=\"widget\" data-widget_type=\"shortcode.default\">\n\t\t\t\t\t\t\t<div class=\"elementor-shortcode\"><nav aria-label=\"breadcrumbs\" class=\"rank-math-breadcrumb\"><p><span class=\"last\">Dr. Terziler<\/span><\/p><\/nav><\/div>\n\t\t\t\t\t\t<\/div>\n\t\t\t\t\t<\/div>\n\t\t\t\t<\/div>\n\t\t<div class=\"elementor-element elementor-element-45f18ba0 e-flex e-con-boxed e-con e-parent\" data-id=\"45f18ba0\" data-element_type=\"container\">\n\t\t\t\t\t<div class=\"e-con-inner\">\n\t\t<div class=\"elementor-element elementor-element-4061929f e-con-full e-flex e-con e-child\" data-id=\"4061929f\" data-element_type=\"container\">\n\t\t\t\t<div class=\"elementor-element elementor-element-53d91875 elementor-widget elementor-widget-table-of-contents\" data-id=\"53d91875\" data-element_type=\"widget\" data-widget_type=\"table-of-contents.default\">\n\t\t\t\t<div class=\"elementor-widget-container\">\n\t\t\t\t\t \t\t\t\t<\/div>\n\t\t\t\t<\/div>\n\t\t\t\t<\/div>\n\t\t<div class=\"elementor-element elementor-element-44335422 e-con-full e-flex e-con e-child\" data-id=\"44335422\" data-element_type=\"container\" data-settings=\"{&quot;background_background&quot;:&quot;classic&quot;}\">\n\t\t\t\t<div class=\"elementor-element elementor-element-4e6eb404 elementor-widget elementor-widget-html\" data-id=\"4e6eb404\" data-element_type=\"widget\" data-widget_type=\"html.default\">\n\t\t\t\t\t<script type=\"text\/javascript\" src=\"https:\/\/form.jotform.com\/jsform\/242882407646969\"><\/script>\t\t\t\t<\/div>\n\t\t\t\t<\/div>\n\t\t\t\t\t<\/div>\n\t\t\t\t<\/div>\n\t\t<div class=\"elementor-element elementor-element-6d81ba4d e-flex e-con-boxed e-con e-parent\" data-id=\"6d81ba4d\" data-element_type=\"container\">\n\t\t\t\t\t<div class=\"e-con-inner\">\n\t\t\t\t<div class=\"elementor-element elementor-element-3e70f3b6 elementor-widget elementor-widget-image\" data-id=\"3e70f3b6\" data-element_type=\"widget\" data-widget_type=\"image.default\">\n\t\t\t\t\t\t\t\t\t\t\t\t\t\t\t<img fetchpriority=\"high\" decoding=\"async\" width=\"1920\" height=\"1080\" src=\"https:\/\/drterziler.com\/wp-content\/uploads\/2025\/12\/hair-loss-fact-serum.webp\" class=\"attachment-full size-full wp-image-55897\" alt=\"\" srcset=\"https:\/\/drterziler.com\/wp-content\/uploads\/2025\/12\/hair-loss-fact-serum.webp 1920w, https:\/\/drterziler.com\/wp-content\/uploads\/2025\/12\/hair-loss-fact-serum-300x169.webp 300w, https:\/\/drterziler.com\/wp-content\/uploads\/2025\/12\/hair-loss-fact-serum-1024x576.webp 1024w, https:\/\/drterziler.com\/wp-content\/uploads\/2025\/12\/hair-loss-fact-serum-768x432.webp 768w, https:\/\/drterziler.com\/wp-content\/uploads\/2025\/12\/hair-loss-fact-serum-1536x864.webp 1536w\" sizes=\"(max-width: 1920px) 100vw, 1920px\">\t\t\t\t\t\t\t\t\t\t\t\t\t\t\t<\/div>\n\t\t\t\t\t<\/div>\n\t\t\t\t<\/div>\n\t\t<div class=\"elementor-element elementor-element-72e0387d e-flex e-con-boxed e-con e-parent\" data-id=\"72e0387d\" data-element_type=\"container\">\n\t\t\t\t\t<div class=\"e-con-inner\">\n\t\t<div class=\"elementor-element elementor-element-61f4a83f e-con-full e-flex e-con e-child\" data-id=\"61f4a83f\" data-element_type=\"container\">\n\t\t\t\t<div class=\"elementor-element elementor-element-664f6825 elementor-widget elementor-widget-text-editor\" data-id=\"664f6825\" data-element_type=\"widget\" data-widget_type=\"text-editor.default\">\n\t\t\t\t\t\t\t\t\t<h2 class=\"heading-text\">Faits sur la croissance des cheveux chez l\u2019humain<\/h2>\n<p class=\"paragraph-text\"><strong>\u00c0 l\u2019heure actuelle :<\/strong><br>\n<p class=\"paragraph-text\">\u274c Aucune \u00e9tude humaine randomis\u00e9e, contr\u00f4l\u00e9e, de phase 3<\/p>\n<p class=\"paragraph-text\">\u274c Aucune donn\u00e9e clinique unique montrant une \u00ab augmentation de 537 % des cheveux \u00bb<\/p>\n<p class=\"paragraph-text\">\u274c Aucun pourcentage de ce type n\u2019existe dans les directives de la FDA \/ de l\u2019EMA \/ cliniques<\/p><br>\n<strong>Par cons\u00e9quent :<\/strong><br>\nAucune augmentation de 537 % du nombre de cheveux, de la densit\u00e9 ou du diam\u00e8tre de la tige pilaire n\u2019a \u00e9t\u00e9 d\u00e9montr\u00e9e chez l\u2019humain.\n<\/p>\n\n<h2 class=\"heading-text\">Alors, la clascot\u00e9rone est-elle totalement inefficace ?<\/h2>\n<p class=\"paragraph-text\">Non. Elle pr\u00e9sente un certain potentiel, mais ses limites doivent \u00eatre comprises.<\/p>\n<p class=\"paragraph-text\"><strong>Effets possibles :<\/strong><br>\n    <ul>\n        <li>R\u00e9duction locale de l\u2019activit\u00e9 de la DHT<\/li>\n        <li>Diminution de la production de s\u00e9bum et de l\u2019inflammation<\/li>\n        <li>Peut ralentir la miniaturisation folliculaire<\/li>\n    <\/ul>\n<strong>Cependant :<\/strong><br>\n    <ul>\n        <li>Ce n\u2019est pas un agent puissant de repousse capillaire \u00e0 lui seul.<\/li>\n        <li>Elle ne r\u00e9duit pas la DHT de 60\u201370 % comme le finast\u00e9ride.<\/li>\n        <li>Elle ne stimule pas la phase anag\u00e8ne comme le minoxidil.<\/li>\n    <\/ul>\n<\/p>\n\n<h2 class=\"heading-text\">Comparaison avec le finast\u00e9ride et le minoxidil (r\u00e9aliste)<\/h2>\n<p>Finast\u00e9ride \u2013 Preuves cliniques : fortes \u2013 Repousse capillaire : <strong class=\"stars\">\u2605\u2605\u2605\u2605<\/strong><\/p>\n<p>Minoxidil \u2013 Preuves cliniques : fortes \u2013 Repousse capillaire : <strong class=\"stars\">\u2605\u2605\u2605\u2605<\/strong><\/p>\n<p>Clascot\u00e9rone \u2013 Preuves cliniques : faibles \/ pr\u00e9coces \u2013 Repousse capillaire : <strong class=\"stars\">\u2605\u2605<\/strong><\/p>\n<p>Clascot\u00e9rone + Minoxidil \u2013 Preuves cliniques : logiques \u2013 Repousse capillaire : <strong class=\"stars\">\u2605\u2605\u2605<\/strong><\/p>\n<p>Clascot\u00e9rone + Finast\u00e9ride + Minoxidil \u2013 Preuves cliniques : th\u00e9oriquement fortes \u2013 Repousse capillaire : <strong class=\"stars\">\u2605\u2605\u2605\u2605<\/strong><\/p>\n<p class=\"paragraph-text\"><strong>R\u00f4le principal :<\/strong> agent de soutien<\/p>\n\n<h2 class=\"paragraph-text\">Quelle devrait \u00eatre l\u2019affirmation correcte ?<\/h2>\n<p class=\"paragraph-text\"><strong>\u274c Incorrect :<\/strong><br>\n\u00ab La clascot\u00e9rone augmente la croissance des cheveux de 537 % \u00bb\n<\/p>\n<p class=\"paragraph-text\"><span class=\"check\">\u2713 <\/span><strong>Correct :<\/strong><br>\n\u00ab La clascot\u00e9rone peut ralentir la perte de cheveux \u00e0 un niveau de soutien en bloquant localement les r\u00e9cepteurs androg\u00e9niques ; une augmentation de 537 % de la croissance des cheveux n\u2019a pas \u00e9t\u00e9 d\u00e9montr\u00e9e. \u00bb\n<\/p>\n\n<h2 class=\"heading-text\">Conclusion finale claire<\/h2>\n<p class=\"paragraph-text\">\u274c L\u2019affirmation des 537 % : fausse<\/p>\n<p class=\"paragraph-text\">\u26a0 Manipulation scientifique \/ langage marketing<\/p>\n<p class=\"paragraph-text\"><span class=\"check\">\u2713 <\/span>Raisonnable en association, mais pas un miracle<\/p>\n\t\t\t\t\t\t\t\t<\/div>\n\t\t\t\t<\/div>\n\t\t\t\t\t<\/div>\n\t\t\t\t<\/div>\n\t\t\t\t<\/div>\n\t\t","protected":false},"excerpt":{"rendered":"<p>La clascot\u00e9rone est r\u00e9cemment devenue un compos\u00e9 fr\u00e9quemment \u00e9voqu\u00e9 dans le contexte de la chute des cheveux. Cependant, certaines affirmations qui circulent \u00e0 ce sujet ne correspondent pas pleinement aux donn\u00e9es scientifiques. Cette \u00e9tude a \u00e9t\u00e9 pr\u00e9par\u00e9e afin d\u2019expliquer de mani\u00e8re claire et pr\u00e9cise les effets r\u00e9els de la clascot\u00e9rone sur la perte de cheveux [&hellip;]<\/p>\n","protected":false},"author":6,"featured_media":0,"parent":12912,"menu_order":0,"comment_status":"closed","ping_status":"closed","template":"elementor_header_footer","meta":{"footnotes":""},"class_list":["post-55880","page","type-page","status-publish","hentry"],"_links":{"self":[{"href":"https:\/\/drterziler.com\/fr\/wp-json\/wp\/v2\/pages\/55880","targetHints":{"allow":["GET"]}}],"collection":[{"href":"https:\/\/drterziler.com\/fr\/wp-json\/wp\/v2\/pages"}],"about":[{"href":"https:\/\/drterziler.com\/fr\/wp-json\/wp\/v2\/types\/page"}],"author":[{"embeddable":true,"href":"https:\/\/drterziler.com\/fr\/wp-json\/wp\/v2\/users\/6"}],"replies":[{"embeddable":true,"href":"https:\/\/drterziler.com\/fr\/wp-json\/wp\/v2\/comments?post=55880"}],"version-history":[{"count":22,"href":"https:\/\/drterziler.com\/fr\/wp-json\/wp\/v2\/pages\/55880\/revisions"}],"predecessor-version":[{"id":56052,"href":"https:\/\/drterziler.com\/fr\/wp-json\/wp\/v2\/pages\/55880\/revisions\/56052"}],"up":[{"embeddable":true,"href":"https:\/\/drterziler.com\/fr\/wp-json\/wp\/v2\/pages\/12912"}],"wp:attachment":[{"href":"https:\/\/drterziler.com\/fr\/wp-json\/wp\/v2\/media?parent=55880"}],"curies":[{"name":"wp","href":"https:\/\/api.w.org\/{rel}","templated":true}]}}