{"id":13614,"date":"2024-09-03T08:41:45","date_gmt":"2024-09-03T08:41:45","guid":{"rendered":"https:\/\/drterziler.com\/?page_id=13614"},"modified":"2025-06-11T09:55:01","modified_gmt":"2025-06-11T09:55:01","slug":"secondo-trapianto-di-capelli-quando-e-necessario","status":"publish","type":"page","link":"https:\/\/drterziler.com\/it\/trapianto-di-capelli\/secondo-trapianto-di-capelli-quando-e-necessario\/","title":{"rendered":"Secondo trapianto di capelli: quando \u00e8 necessario?"},"content":{"rendered":"<nav aria-label=\"breadcrumbs\">\n<p>Dr. Terziler<\/p>\n<\/nav>\n<h4>\n\t\t\t\tIndice dei contenuti\t\t\t<\/h4>\n<p>\t\t\t\t\t\t\t<svg aria-hidden=\"true\" viewBox=\"0 0 448 512\" xmlns=\"http:\/\/www.w3.org\/2000\/svg\"><path d=\"M207.029 381.476L12.686 187.132c-9.373-9.373-9.373-24.569 0-33.941l22.667-22.667c9.357-9.357 24.522-9.375 33.901-.04L224 284.505l154.745-154.021c9.379-9.335 24.544-9.317 33.901.04l22.667 22.667c9.373 9.373 9.373 24.569 0 33.941L240.971 381.476c-9.373 9.372-24.569 9.372-33.942 0z\"><\/path><\/svg><br \/>\n\t\t\t\t<svg aria-hidden=\"true\" viewBox=\"0 0 448 512\" xmlns=\"http:\/\/www.w3.org\/2000\/svg\"><path d=\"M240.971 130.524l194.343 194.343c9.373 9.373 9.373 24.569 0 33.941l-22.667 22.667c-9.357 9.357-24.522 9.375-33.901.04L224 227.495 69.255 381.516c-9.379 9.335-24.544 9.317-33.901-.04l-22.667-22.667c-9.373-9.373-9.373-24.569 0-33.941L207.03 130.525c9.372-9.373 24.568-9.373 33.941-.001z\"><\/path><\/svg><br \/>\n\t\t\t\t<svg aria-hidden=\"true\" viewBox=\"0 0 1000 1000\" xmlns=\"http:\/\/www.w3.org\/2000\/svg\"><path d=\"M500 975V858C696 858 858 696 858 500S696 142 500 142 142 304 142 500H25C25 237 238 25 500 25S975 237 975 500 763 975 500 975Z\"><\/path><\/svg><br \/>\n\t\t\t\t\t\t\t\t\t\t\t\t\t\t\t\t\t\t\t\t\t\t<img loading=\"lazy\" decoding=\"async\" width=\"883\" height=\"547\" src=\"https:\/\/drterziler.com\/wp-content\/uploads\/2024\/11\/second-hair-transplant.png\" alt=\"\" srcset=\"https:\/\/drterziler.com\/wp-content\/uploads\/2024\/11\/second-hair-transplant.png 883w, https:\/\/drterziler.com\/wp-content\/uploads\/2024\/11\/second-hair-transplant-300x186.png 300w, https:\/\/drterziler.com\/wp-content\/uploads\/2024\/11\/second-hair-transplant-768x476.png 768w\" sizes=\"auto, (max-width: 883px) 100vw, 883px\">\t\t\t\t\t\t\t\t\t\t\t\t\t<\/p>\n<p>Il trapianto di capelli \u00e8 spesso una soluzione efficace per la perdita di capelli, ma in alcuni casi un singolo intervento pu\u00f2 non essere sufficiente per ottenere i risultati desiderati. Il Dr. Terziler, rinomato esperto di restauro dei capelli, spiega quando e perch\u00e9 potrebbe essere necessario un secondo trapianto di capelli.<\/p>\n<h3>Motivi per prendere in considerazione un secondo trapianto di capelli<\/h3>\n<p><strong>Perdita continua di capelli:<\/strong> Anche dopo un primo trapianto riuscito, la perdita naturale di capelli pu\u00f2 continuare, creando nuove aree di diradamento o calvizie.<\/p>\n<p><strong>Copertura insufficiente:<\/strong> Il primo intervento potrebbe non aver fornito una densit\u00e0 o una copertura sufficiente a soddisfare le aspettative del paziente.<\/p>\n<p><strong>Espansione delle aree di calvizie:<\/strong> Con il passare del tempo, le aree di calvizie possono espandersi, richiedendo ulteriori innesti per mantenere un aspetto completo.<\/p>\n<p><strong>Affinamento dell&#8217;attaccatura dei capelli:<\/strong> Alcuni pazienti possono desiderare di affinare ulteriormente l&#8217;attaccatura dei capelli o di aggiungere densit\u00e0 a zone specifiche.<\/p>\n<h2>Tempistica di un secondo trapianto di capelli<\/h2>\n<p>Il Dr. Terziler consiglia che la tempistica di un secondo trapianto di capelli \u00e8 fondamentale per ottenere risultati ottimali. In genere, i pazienti dovrebbero aspettare almeno 12 mesi dopo il primo intervento prima di prendere in considerazione un secondo trapianto. Ci\u00f2 consente di avere il tempo necessario per:<\/p>\n<p>&#8211; La crescita completa dei capelli trapiantati<br \/>&#8211; Valutare i risultati del primo intervento<br \/>&#8211; La stabilizzazione di un&#8217;ulteriore perdita di capelli<\/p>\n<h3>Valutazione della necessit\u00e0 di un secondo intervento<\/h3>\n<p>Prima di raccomandare un secondo trapianto di capelli, il Dr. Terziler effettua una valutazione approfondita, considerando:<\/p>\n<ul>\n<li>I risultati del primo trapianto<\/li>\n<li>L&#8217;attuale modello di perdita di capelli del paziente<\/li>\n<li>La disponibilit\u00e0 di capelli di un donatore<\/li>\n<li>Le aspettative e gli obiettivi del paziente<\/li>\n<\/ul>\n<h2>Pianificazione di un secondo trapianto di capelli<\/h2>\n<p>Quando si pianifica un secondo trapianto di capelli, il Dr. Terziler sottolinea l&#8217;importanza di:<\/p>\n<p>&#8211; Rivalutare l&#8217;area donatrice per garantire una quantit\u00e0 sufficiente di capelli da prelevare<br \/>&#8211; Progettare accuratamente il posizionamento dei nuovi innesti per integrare i capelli gi\u00e0 trapiantati<br \/>&#8211; Gestire le aspettative del paziente riguardo ai potenziali risultati<\/p>\n<h3>Tecniche per il secondo trapianto di capelli<\/h3>\n<p>Il Dr. Terziler pu\u00f2 impiegare tecniche avanzate per il secondo trapianto di capelli, quali:<\/p>\n<p>&#8211; Combinare la FUE (Follicular Unit Extraction) con la DHI (Direct Hair Implantation) per ottenere risultati ottimali<br \/>&#8211; Utilizzando innesti di capelli corporei se i capelli donati dal cuoio capelluto sono limitati<br \/>&#8211; Implementazione della pi\u00f9 recente tecnologia robotica DHI per un posizionamento preciso dell&#8217;innesto<\/p>\n<h2>I consigli degli esperti del Dr. Terziler<\/h2>\n<p>\u201cUn secondo trapianto di capelli pu\u00f2 migliorare significativamente i risultati del primo intervento\u201d, afferma il Dr. Terziler. \u201cTuttavia, \u00e8 fondamentale affrontarlo con aspettative realistiche e una chiara comprensione del processo. Nella nostra clinica utilizziamo le tecniche pi\u00f9 avanzate, tra cui la DHI robotica, per garantire ai nostri pazienti i migliori risultati possibili\u201d.<\/p>\n<p>Sebbene un singolo trapianto di capelli sia spesso sufficiente, alcuni pazienti possono beneficiare di una seconda procedura per ottenere i risultati desiderati. Consultando uno specialista esperto come il Dr. Terziler e programmando con attenzione il secondo trapianto, i pazienti possono massimizzare le loro possibilit\u00e0 di ottenere una chioma pi\u00f9 folta e dall&#8217;aspetto naturale.<\/p>\n<details id=\"e-n-accordion-item-1540\" open>\n<summary data-accordion-index=\"1\" tabindex=\"0\" aria-expanded=\"true\" aria-controls=\"e-n-accordion-item-1540\" >\n\t\t\t\t\t Quanto tempo devo aspettare prima di sottopormi a un secondo trapianto di capelli?<br \/>\n\t\t\t<svg aria-hidden=\"true\" viewBox=\"0 0 448 512\" xmlns=\"http:\/\/www.w3.org\/2000\/svg\"><path d=\"M416 208H32c-17.67 0-32 14.33-32 32v32c0 17.67 14.33 32 32 32h384c17.67 0 32-14.33 32-32v-32c0-17.67-14.33-32-32-32z\"><\/path><\/svg><br \/>\n\t\t\t<svg aria-hidden=\"true\" viewBox=\"0 0 448 512\" xmlns=\"http:\/\/www.w3.org\/2000\/svg\"><path d=\"M416 208H272V64c0-17.67-14.33-32-32-32h-32c-17.67 0-32 14.33-32 32v144H32c-17.67 0-32 14.33-32 32v32c0 17.67 14.33 32 32 32h144v144c0 17.67 14.33 32 32 32h32c17.67 0 32-14.33 32-32V304h144c17.67 0 32-14.33 32-32v-32c0-17.67-14.33-32-32-32z\"><\/path><\/svg><br \/>\n\t\t\t\t\t\t<\/summary>\n<p>\u00c8 necessario attendere almeno 12-18 mesi dopo il primo trapianto. Questo permette ai capelli trapiantati di crescere completamente e di stabilizzare i risultati, consentendo una valutazione accurata delle ulteriori necessit\u00e0.<\/p>\n<\/details>\n<details id=\"e-n-accordion-item-1541\" >\n<summary data-accordion-index=\"2\" tabindex=\"-1\" aria-expanded=\"false\" aria-controls=\"e-n-accordion-item-1541\" >\n\t\t\t\t\t Un secondo trapianto di capelli pu\u00f2 migliorare la densit\u00e0?<br \/>\n\t\t\t<svg aria-hidden=\"true\" viewBox=\"0 0 448 512\" xmlns=\"http:\/\/www.w3.org\/2000\/svg\"><path d=\"M416 208H32c-17.67 0-32 14.33-32 32v32c0 17.67 14.33 32 32 32h384c17.67 0 32-14.33 32-32v-32c0-17.67-14.33-32-32-32z\"><\/path><\/svg><br \/>\n\t\t\t<svg aria-hidden=\"true\" viewBox=\"0 0 448 512\" xmlns=\"http:\/\/www.w3.org\/2000\/svg\"><path d=\"M416 208H272V64c0-17.67-14.33-32-32-32h-32c-17.67 0-32 14.33-32 32v144H32c-17.67 0-32 14.33-32 32v32c0 17.67 14.33 32 32 32h144v144c0 17.67 14.33 32 32 32h32c17.67 0 32-14.33 32-32V304h144c17.67 0 32-14.33 32-32v-32c0-17.67-14.33-32-32-32z\"><\/path><\/svg><br \/>\n\t\t\t\t\t\t<\/summary>\n<p>S\u00ec, spesso si ricorre a un secondo trapianto per aggiungere altri innesti per aumentare la densit\u00e0 nelle aree in cui l&#8217;intervento iniziale ha prodotto una copertura inferiore alle aspettative.<\/p>\n<\/details>\n<details id=\"e-n-accordion-item-1542\" >\n<summary data-accordion-index=\"3\" tabindex=\"-1\" aria-expanded=\"false\" aria-controls=\"e-n-accordion-item-1542\" >\n\t\t\t\t\t Un secondo trapianto di capelli utilizza la stessa area donatrice?<br \/>\n\t\t\t<svg aria-hidden=\"true\" viewBox=\"0 0 448 512\" xmlns=\"http:\/\/www.w3.org\/2000\/svg\"><path d=\"M416 208H32c-17.67 0-32 14.33-32 32v32c0 17.67 14.33 32 32 32h384c17.67 0 32-14.33 32-32v-32c0-17.67-14.33-32-32-32z\"><\/path><\/svg><br \/>\n\t\t\t<svg aria-hidden=\"true\" viewBox=\"0 0 448 512\" xmlns=\"http:\/\/www.w3.org\/2000\/svg\"><path d=\"M416 208H272V64c0-17.67-14.33-32-32-32h-32c-17.67 0-32 14.33-32 32v144H32c-17.67 0-32 14.33-32 32v32c0 17.67 14.33 32 32 32h144v144c0 17.67 14.33 32 32 32h32c17.67 0 32-14.33 32-32V304h144c17.67 0 32-14.33 32-32v-32c0-17.67-14.33-32-32-32z\"><\/path><\/svg><br \/>\n\t\t\t\t\t\t<\/summary>\n<p>S\u00ec, l&#8217;area donatrice \u00e8 solitamente la stessa, in genere la parte posteriore o laterale del cuoio capelluto. Tuttavia, se la disponibilit\u00e0 di donatori \u00e8 limitata, si possono prendere in considerazione come alternativa i peli del corpo (ad esempio, barba o petto).<\/p>\n<\/details>\n<details id=\"e-n-accordion-item-1543\" >\n<summary data-accordion-index=\"4\" tabindex=\"-1\" aria-expanded=\"false\" aria-controls=\"e-n-accordion-item-1543\" >\n\t\t\t\t\t I risultati di un secondo trapianto di capelli sono permanenti?<br \/>\n\t\t\t<svg aria-hidden=\"true\" viewBox=\"0 0 448 512\" xmlns=\"http:\/\/www.w3.org\/2000\/svg\"><path d=\"M416 208H32c-17.67 0-32 14.33-32 32v32c0 17.67 14.33 32 32 32h384c17.67 0 32-14.33 32-32v-32c0-17.67-14.33-32-32-32z\"><\/path><\/svg><br \/>\n\t\t\t<svg aria-hidden=\"true\" viewBox=\"0 0 448 512\" xmlns=\"http:\/\/www.w3.org\/2000\/svg\"><path d=\"M416 208H272V64c0-17.67-14.33-32-32-32h-32c-17.67 0-32 14.33-32 32v144H32c-17.67 0-32 14.33-32 32v32c0 17.67 14.33 32 32 32h144v144c0 17.67 14.33 32 32 32h32c17.67 0 32-14.33 32-32V304h144c17.67 0 32-14.33 32-32v-32c0-17.67-14.33-32-32-32z\"><\/path><\/svg><br \/>\n\t\t\t\t\t\t<\/summary>\n<p>Come per il primo trapianto, i risultati di una seconda procedura sono permanenti, a condizione che i capelli trapiantati provengano da un&#8217;area donatrice resistente al DHT.<\/p>\n<\/details>\n<details id=\"e-n-accordion-item-1544\" >\n<summary data-accordion-index=\"5\" tabindex=\"-1\" aria-expanded=\"false\" aria-controls=\"e-n-accordion-item-1544\" >\n\t\t\t\t\t Un secondo trapianto di capelli \u00e8 pi\u00f9 complicato del primo?<br \/>\n\t\t\t<svg aria-hidden=\"true\" viewBox=\"0 0 448 512\" xmlns=\"http:\/\/www.w3.org\/2000\/svg\"><path d=\"M416 208H32c-17.67 0-32 14.33-32 32v32c0 17.67 14.33 32 32 32h384c17.67 0 32-14.33 32-32v-32c0-17.67-14.33-32-32-32z\"><\/path><\/svg><br \/>\n\t\t\t<svg aria-hidden=\"true\" viewBox=\"0 0 448 512\" xmlns=\"http:\/\/www.w3.org\/2000\/svg\"><path d=\"M416 208H272V64c0-17.67-14.33-32-32-32h-32c-17.67 0-32 14.33-32 32v144H32c-17.67 0-32 14.33-32 32v32c0 17.67 14.33 32 32 32h144v144c0 17.67 14.33 32 32 32h32c17.67 0 32-14.33 32-32V304h144c17.67 0 32-14.33 32-32v-32c0-17.67-14.33-32-32-32z\"><\/path><\/svg><br \/>\n\t\t\t\t\t\t<\/summary>\n<p>Non necessariamente, ma potrebbe essere necessaria un&#8217;attenta pianificazione per garantire l&#8217;utilizzo efficace dell&#8217;area donatori rimanente. Un chirurgo esperto \u00e8 fondamentale per ottenere i migliori risultati.<\/p>\n<\/details>\n<details id=\"e-n-accordion-item-1545\" >\n<summary data-accordion-index=\"6\" tabindex=\"-1\" aria-expanded=\"false\" aria-controls=\"e-n-accordion-item-1545\" >\n\t\t\t\t\t Quanti innesti sono in genere necessari per un secondo trapianto di capelli?<br \/>\n\t\t\t<svg aria-hidden=\"true\" viewBox=\"0 0 448 512\" xmlns=\"http:\/\/www.w3.org\/2000\/svg\"><path d=\"M416 208H32c-17.67 0-32 14.33-32 32v32c0 17.67 14.33 32 32 32h384c17.67 0 32-14.33 32-32v-32c0-17.67-14.33-32-32-32z\"><\/path><\/svg><br \/>\n\t\t\t<svg aria-hidden=\"true\" viewBox=\"0 0 448 512\" xmlns=\"http:\/\/www.w3.org\/2000\/svg\"><path d=\"M416 208H272V64c0-17.67-14.33-32-32-32h-32c-17.67 0-32 14.33-32 32v144H32c-17.67 0-32 14.33-32 32v32c0 17.67 14.33 32 32 32h144v144c0 17.67 14.33 32 32 32h32c17.67 0 32-14.33 32-32V304h144c17.67 0 32-14.33 32-32v-32c0-17.67-14.33-32-32-32z\"><\/path><\/svg><br \/>\n\t\t\t\t\t\t<\/summary>\n<p>Il numero di innesti dipende dalla progressione della perdita di capelli e dai risultati desiderati. Pu\u00f2 variare da 1.000 a 3.000 innesti, a seconda dell&#8217;area trattata e degli obiettivi di densit\u00e0.<\/p>\n<\/details>\n<p>\u00c8 necessario attendere almeno 12-18 mesi dopo il primo trapianto. Questo permette ai capelli trapiantati di crescere completamente e di stabilizzare i risultati, consentendo una valutazione accurata delle ulteriori necessit\u00e0.<\/p>\n<p>S\u00ec, spesso si ricorre a un secondo trapianto per aggiungere altri innesti per aumentare la densit\u00e0 nelle aree in cui l&#8217;intervento iniziale ha prodotto una copertura inferiore alle aspettative.<\/p>\n<p>S\u00ec, l&#8217;area donatrice \u00e8 solitamente la stessa, in genere la parte posteriore o laterale del cuoio capelluto. Tuttavia, se la disponibilit\u00e0 di donatori \u00e8 limitata, si possono prendere in considerazione come alternativa i peli del corpo (ad esempio, barba o petto).<\/p>\n<p>Come per il primo trapianto, i risultati di una seconda procedura sono permanenti, a condizione che i capelli trapiantati provengano da un&#8217;area donatrice resistente al DHT.<\/p>\n<p>Non necessariamente, ma potrebbe essere necessaria un&#8217;attenta pianificazione per garantire l&#8217;utilizzo efficace dell&#8217;area donatori rimanente. Un chirurgo esperto \u00e8 fondamentale per ottenere i migliori risultati.<\/p>\n<p>Il numero di innesti dipende dalla progressione della perdita di capelli e dai risultati desiderati. Pu\u00f2 variare da 1.000 a 3.000 innesti, a seconda dell&#8217;area trattata e degli obiettivi di densit\u00e0.<\/p>\n","protected":false},"excerpt":{"rendered":"<p>Dr. Terziler Indice dei contenuti Il trapianto di capelli \u00e8 spesso una soluzione efficace per la perdita di capelli, ma in alcuni casi un singolo intervento pu\u00f2 non essere sufficiente per ottenere i risultati desiderati. Il Dr. Terziler, rinomato esperto di restauro dei capelli, spiega quando e perch\u00e9 potrebbe essere necessario un secondo trapianto di [&hellip;]<\/p>\n","protected":false},"author":6,"featured_media":0,"parent":2993,"menu_order":0,"comment_status":"closed","ping_status":"closed","template":"","meta":{"footnotes":""},"class_list":["post-13614","page","type-page","status-publish","hentry"],"_links":{"self":[{"href":"https:\/\/drterziler.com\/it\/wp-json\/wp\/v2\/pages\/13614","targetHints":{"allow":["GET"]}}],"collection":[{"href":"https:\/\/drterziler.com\/it\/wp-json\/wp\/v2\/pages"}],"about":[{"href":"https:\/\/drterziler.com\/it\/wp-json\/wp\/v2\/types\/page"}],"author":[{"embeddable":true,"href":"https:\/\/drterziler.com\/it\/wp-json\/wp\/v2\/users\/6"}],"replies":[{"embeddable":true,"href":"https:\/\/drterziler.com\/it\/wp-json\/wp\/v2\/comments?post=13614"}],"version-history":[{"count":4,"href":"https:\/\/drterziler.com\/it\/wp-json\/wp\/v2\/pages\/13614\/revisions"}],"predecessor-version":[{"id":43042,"href":"https:\/\/drterziler.com\/it\/wp-json\/wp\/v2\/pages\/13614\/revisions\/43042"}],"up":[{"embeddable":true,"href":"https:\/\/drterziler.com\/it\/wp-json\/wp\/v2\/pages\/2993"}],"wp:attachment":[{"href":"https:\/\/drterziler.com\/it\/wp-json\/wp\/v2\/media?parent=13614"}],"curies":[{"name":"wp","href":"https:\/\/api.w.org\/{rel}","templated":true}]}}