{"id":13618,"date":"2024-09-03T08:14:56","date_gmt":"2024-09-03T08:14:56","guid":{"rendered":"https:\/\/drterziler.com\/?page_id=13618"},"modified":"2025-06-11T06:15:53","modified_gmt":"2025-06-11T06:15:53","slug":"che-cose-linnesto-di-capelli","status":"publish","type":"page","link":"https:\/\/drterziler.com\/it\/trapianto-di-capelli\/che-cose-linnesto-di-capelli\/","title":{"rendered":"Che cos&#8217;\u00e8 l&#8217;innesto di capelli?"},"content":{"rendered":"<nav aria-label=\"breadcrumbs\">\n<p>Dr. Terziler<\/p>\n<\/nav>\n<h4>\n\t\t\t\tIndice dei contenuti\t\t\t<\/h4>\n<p>\t\t\t\t\t\t\t<svg aria-hidden=\"true\" viewBox=\"0 0 448 512\" xmlns=\"http:\/\/www.w3.org\/2000\/svg\"><path d=\"M207.029 381.476L12.686 187.132c-9.373-9.373-9.373-24.569 0-33.941l22.667-22.667c9.357-9.357 24.522-9.375 33.901-.04L224 284.505l154.745-154.021c9.379-9.335 24.544-9.317 33.901.04l22.667 22.667c9.373 9.373 9.373 24.569 0 33.941L240.971 381.476c-9.373 9.372-24.569 9.372-33.942 0z\"><\/path><\/svg><br \/>\n\t\t\t\t<svg aria-hidden=\"true\" viewBox=\"0 0 448 512\" xmlns=\"http:\/\/www.w3.org\/2000\/svg\"><path d=\"M240.971 130.524l194.343 194.343c9.373 9.373 9.373 24.569 0 33.941l-22.667 22.667c-9.357 9.357-24.522 9.375-33.901.04L224 227.495 69.255 381.516c-9.379 9.335-24.544 9.317-33.901-.04l-22.667-22.667c-9.373-9.373-9.373-24.569 0-33.941L207.03 130.525c9.372-9.373 24.568-9.373 33.941-.001z\"><\/path><\/svg><br \/>\n\t\t\t\t<svg aria-hidden=\"true\" viewBox=\"0 0 1000 1000\" xmlns=\"http:\/\/www.w3.org\/2000\/svg\"><path d=\"M500 975V858C696 858 858 696 858 500S696 142 500 142 142 304 142 500H25C25 237 238 25 500 25S975 237 975 500 763 975 500 975Z\"><\/path><\/svg><br \/>\n\t\t\t\t\t\t\t\t\t\t\t\t\t\t\t\t\t\t\t\t\t\t<img loading=\"lazy\" decoding=\"async\" width=\"912\" height=\"697\" src=\"https:\/\/drterziler.com\/wp-content\/uploads\/2024\/11\/hair-graft.png\" alt=\"\" srcset=\"https:\/\/drterziler.com\/wp-content\/uploads\/2024\/11\/hair-graft.png 912w, https:\/\/drterziler.com\/wp-content\/uploads\/2024\/11\/hair-graft-300x229.png 300w, https:\/\/drterziler.com\/wp-content\/uploads\/2024\/11\/hair-graft-768x587.png 768w\" sizes=\"auto, (max-width: 912px) 100vw, 912px\">\t\t\t\t\t\t\t\t\t\t\t\t\t<\/p>\n<h1>Che cos&#8217;\u00e8 l&#8217;innesto di capelli?<\/h1>\n<p>La perdita dei capelli pu\u00f2 essere fonte di disagio per molti individui, incidendo sull&#8217;autostima e sulla fiducia in se stessi. Fortunatamente, le moderne tecniche di trapianto di capelli offrono una soluzione per ripristinare una testa piena di capelli. Il cuore di queste procedure \u00e8 il concetto di innesto di capelli. In questo articolo, il Dr. Terziler, rinomato esperto di restauro dei capelli, spiega cos&#8217;\u00e8 un innesto di capelli e il suo ruolo cruciale nel trapianto di capelli.<\/p>\n<h2>Capire gli innesti di capelli<\/h2>\n<p>Un innesto di capelli \u00e8 un piccolo pezzo di pelle contenente uno o pi\u00f9 follicoli piliferi che viene prelevato da un&#8217;area donatrice (in genere la parte posteriore o laterale della testa) e trapiantato in un&#8217;area in cui si verifica la perdita di capelli. Questi innesti sono gli elementi costitutivi della chirurgia del trapianto di capelli e consentono ai chirurghi di ridistribuire i capelli nelle aree in cui sono pi\u00f9 necessari.<\/p>\n<h3>Tipi di innesti di capelli<\/h3>\n<ol>\n<li><strong>Unit\u00e0 Follicolare Singola (FU)<\/strong>: Contiene 1 follicolo pilifero<\/li>\n<li><strong>Doppia FU<\/strong>: contiene 2 follicoli piliferi<\/li>\n<li><strong>Tripla FU<\/strong>: contiene 3 follicoli piliferi<\/li>\n<li><strong>Unit\u00e0 follicolare quadrupla<\/strong>: contiene 4 o pi\u00f9 follicoli piliferi.<\/li>\n<\/ol>\n<h2>Il ruolo degli innesti di capelli nei trapianti<\/h2>\n<p>Gli innesti di capelli svolgono un ruolo fondamentale nel creare risultati dall&#8217;aspetto naturale nelle procedure di trapianto di capelli. Estraendo e posizionando con cura i singoli innesti, i chirurghi possono:<\/p>\n<ul>\n<li>imitare il modello di crescita naturale dei capelli<\/li>\n<li>Creare una fusione perfetta con i capelli esistenti<\/li>\n<li>Ottenere una densit\u00e0 ottimale nelle aree diradate<\/li>\n<li>Creare un&#8217;attaccatura personalizzata che si adatti ai lineamenti del viso del paziente.<\/li>\n<\/ul>\n<h2>Tecniche di innesto<\/h2>\n<p>Presso la Clinica Esclusiva del Dr. Terziler utilizziamo tecniche di innesto avanzate per garantire i migliori risultati possibili ai nostri pazienti:<\/p>\n<h3>1. Estrazione di unit\u00e0 follicolari (FUE)<\/h3>\n<p>La FUE prevede l&#8217;estrazione di singole unit\u00e0 follicolari direttamente dall&#8217;area donatrice mediante uno strumento specializzato. Questa tecnica offre<\/p>\n<ul>\n<li>Cicatrici minime<\/li>\n<li>Tempi di recupero pi\u00f9 rapidi<\/li>\n<li>Flessibilit\u00e0 nel posizionamento dell&#8217;innesto<\/li>\n<\/ul>\n<h3>2. Impianto diretto di capelli (DHI)<\/h3>\n<p>La DHI \u00e8 una tecnica avanzata che consente l&#8217;estrazione e l&#8217;impianto simultanei di innesti di capelli. I vantaggi includono:<\/p>\n<ul>\n<li>Maggiore precisione nel posizionamento degli innesti<\/li>\n<li>Riduzione del tempo di permanenza degli innesti all&#8217;esterno del corpo<\/li>\n<li>Tasso di sopravvivenza degli innesti potenzialmente pi\u00f9 elevato<\/li>\n<\/ul>\n<h3>3. DHI robotico<\/h3>\n<p>In qualit\u00e0 di pioniere nella tecnologia del trapianto di capelli, la Clinica Esclusiva Dr. Terziler \u00e8 orgogliosa di offrire la DHI robotica, la tecnica di trapianto di capelli pi\u00f9 avanzata disponibile. Questo metodo innovativo combina la precisione della robotica con l&#8217;esperienza dei nostri chirurghi per fornire:<\/p>\n<ul>\n<li>Accuratezza ineguagliabile nell&#8217;estrazione e nel posizionamento degli innesti<\/li>\n<li>Errore umano ridotto al minimo<\/li>\n<li>Tempi di procedura pi\u00f9 rapidi<\/li>\n<li>Tassi di sopravvivenza dell&#8217;innesto ottimizzati<\/li>\n<\/ul>\n<h2>Vantaggi dell&#8217;innesto di capelli<\/h2>\n<p>L&#8217;innesto di capelli offre numerosi vantaggi alle persone che desiderano ripristinare i propri capelli:<\/p>\n<ol>\n<li><strong>Risultati dall&#8217;aspetto naturale<\/strong>: Gli innesti sono posizionati in modo da imitare i modelli di crescita naturale dei capelli.<\/li>\n<li><strong>Soluzione permanente<\/strong>: I capelli trapiantati sono resistenti a un&#8217;ulteriore perdita.<\/li>\n<li><strong>Miglioramento dell&#8217;autostima<\/strong>: Il ripristino dei capelli pu\u00f2 aumentare significativamente l&#8217;autostima.<\/li>\n<li><strong>Versatilit\u00e0<\/strong>: Pu\u00f2 essere utilizzato per ripristinare i capelli sul cuoio capelluto, sulle sopracciglia e sulla barba.<\/li>\n<li><strong>Minimamente invasivo<\/strong>: Le tecniche moderne consentono di ottenere cicatrici minime e un recupero rapido.<\/li>\n<\/ol>\n<p>Conoscere gli innesti di capelli \u00e8 fondamentale per chiunque prenda in considerazione un trapianto di capelli. Alla Clinica Esclusiva del Dr. Terziler, sfruttiamo la nostra esperienza e la tecnologia all&#8217;avanguardia per fornire i migliori risultati possibili ai nostri pazienti. Che si tratti di una stempiatura, di un diradamento della chioma o di una perdita di capelli pi\u00f9 estesa, il nostro team \u00e8 in grado di creare un piano di trattamento personalizzato utilizzando tecniche di innesto avanzate per aiutarvi a ottenere i capelli pieni e naturali che desiderate.<\/p>\n<p>Se state considerando un trapianto di capelli o volete saperne di pi\u00f9 sull&#8217;innesto di capelli, non esitate a contattare la Clinica Esclusiva Dr. Terziler. Il nostro team di esperti \u00e8 pronto a guidarvi attraverso il processo e ad aiutarvi a prendere una decisione informata sul vostro percorso di restauro dei capelli.<\/p>\n<details id=\"e-n-accordion-item-3980\" open>\n<summary data-accordion-index=\"1\" tabindex=\"0\" aria-expanded=\"true\" aria-controls=\"e-n-accordion-item-3980\" >\n\t\t\t\t\t Quanti capelli ci sono in un singolo innesto?<br \/>\n\t\t\t<svg aria-hidden=\"true\" viewBox=\"0 0 448 512\" xmlns=\"http:\/\/www.w3.org\/2000\/svg\"><path d=\"M416 208H32c-17.67 0-32 14.33-32 32v32c0 17.67 14.33 32 32 32h384c17.67 0 32-14.33 32-32v-32c0-17.67-14.33-32-32-32z\"><\/path><\/svg><br \/>\n\t\t\t<svg aria-hidden=\"true\" viewBox=\"0 0 448 512\" xmlns=\"http:\/\/www.w3.org\/2000\/svg\"><path d=\"M416 208H272V64c0-17.67-14.33-32-32-32h-32c-17.67 0-32 14.33-32 32v144H32c-17.67 0-32 14.33-32 32v32c0 17.67 14.33 32 32 32h144v144c0 17.67 14.33 32 32 32h32c17.67 0 32-14.33 32-32V304h144c17.67 0 32-14.33 32-32v-32c0-17.67-14.33-32-32-32z\"><\/path><\/svg><br \/>\n\t\t\t\t\t\t<\/summary>\n<p>Ogni innesto pu\u00f2 contenere da 1 a 4 follicoli piliferi, a seconda del metodo di estrazione e delle caratteristiche naturali dei capelli dell&#8217;individuo.<\/p>\n<\/details>\n<details id=\"e-n-accordion-item-3981\" >\n<summary data-accordion-index=\"2\" tabindex=\"-1\" aria-expanded=\"false\" aria-controls=\"e-n-accordion-item-3981\" >\n\t\t\t\t\t Da dove vengono prelevati gli innesti di capelli?<br \/>\n\t\t\t<svg aria-hidden=\"true\" viewBox=\"0 0 448 512\" xmlns=\"http:\/\/www.w3.org\/2000\/svg\"><path d=\"M416 208H32c-17.67 0-32 14.33-32 32v32c0 17.67 14.33 32 32 32h384c17.67 0 32-14.33 32-32v-32c0-17.67-14.33-32-32-32z\"><\/path><\/svg><br \/>\n\t\t\t<svg aria-hidden=\"true\" viewBox=\"0 0 448 512\" xmlns=\"http:\/\/www.w3.org\/2000\/svg\"><path d=\"M416 208H272V64c0-17.67-14.33-32-32-32h-32c-17.67 0-32 14.33-32 32v144H32c-17.67 0-32 14.33-32 32v32c0 17.67 14.33 32 32 32h144v144c0 17.67 14.33 32 32 32h32c17.67 0 32-14.33 32-32V304h144c17.67 0 32-14.33 32-32v-32c0-17.67-14.33-32-32-32z\"><\/path><\/svg><br \/>\n\t\t\t\t\t\t<\/summary>\n<p>Gli innesti di capelli vengono solitamente prelevati dall&#8217;area donatrice nella parte posteriore o laterale del cuoio capelluto, poich\u00e9 questi capelli sono pi\u00f9 resistenti alla caduta ormonale. In alcuni casi, possono essere utilizzati peli del corpo (ad esempio, dalla barba o dal petto).<\/p>\n<\/details>\n<details id=\"e-n-accordion-item-3982\" >\n<summary data-accordion-index=\"3\" tabindex=\"-1\" aria-expanded=\"false\" aria-controls=\"e-n-accordion-item-3982\" >\n\t\t\t\t\t Quanti innesti sono necessari per un trapianto di capelli?<br \/>\n\t\t\t<svg aria-hidden=\"true\" viewBox=\"0 0 448 512\" xmlns=\"http:\/\/www.w3.org\/2000\/svg\"><path d=\"M416 208H32c-17.67 0-32 14.33-32 32v32c0 17.67 14.33 32 32 32h384c17.67 0 32-14.33 32-32v-32c0-17.67-14.33-32-32-32z\"><\/path><\/svg><br \/>\n\t\t\t<svg aria-hidden=\"true\" viewBox=\"0 0 448 512\" xmlns=\"http:\/\/www.w3.org\/2000\/svg\"><path d=\"M416 208H272V64c0-17.67-14.33-32-32-32h-32c-17.67 0-32 14.33-32 32v144H32c-17.67 0-32 14.33-32 32v32c0 17.67 14.33 32 32 32h144v144c0 17.67 14.33 32 32 32h32c17.67 0 32-14.33 32-32V304h144c17.67 0 32-14.33 32-32v-32c0-17.67-14.33-32-32-32z\"><\/path><\/svg><br \/>\n\t\t\t\t\t\t<\/summary>\n<p>Il numero di innesti necessari dipende dalle dimensioni dell&#8217;area calva, dalla densit\u00e0 desiderata e dalle caratteristiche dei capelli del paziente. In genere, possono essere trapiantati da 1.000 a 4.000 innesti in una singola seduta.<\/p>\n<\/details>\n<details id=\"e-n-accordion-item-3983\" >\n<summary data-accordion-index=\"4\" tabindex=\"-1\" aria-expanded=\"false\" aria-controls=\"e-n-accordion-item-3983\" >\n\t\t\t\t\t Il processo di estrazione dell&#8217;innesto \u00e8 doloroso?<br \/>\n\t\t\t<svg aria-hidden=\"true\" viewBox=\"0 0 448 512\" xmlns=\"http:\/\/www.w3.org\/2000\/svg\"><path d=\"M416 208H32c-17.67 0-32 14.33-32 32v32c0 17.67 14.33 32 32 32h384c17.67 0 32-14.33 32-32v-32c0-17.67-14.33-32-32-32z\"><\/path><\/svg><br \/>\n\t\t\t<svg aria-hidden=\"true\" viewBox=\"0 0 448 512\" xmlns=\"http:\/\/www.w3.org\/2000\/svg\"><path d=\"M416 208H272V64c0-17.67-14.33-32-32-32h-32c-17.67 0-32 14.33-32 32v144H32c-17.67 0-32 14.33-32 32v32c0 17.67 14.33 32 32 32h144v144c0 17.67 14.33 32 32 32h32c17.67 0 32-14.33 32-32V304h144c17.67 0 32-14.33 32-32v-32c0-17.67-14.33-32-32-32z\"><\/path><\/svg><br \/>\n\t\t\t\t\t\t<\/summary>\n<p>No, il processo non \u00e8 doloroso perch\u00e9 durante l&#8217;estrazione dell&#8217;innesto viene applicata un&#8217;anestesia locale all&#8217;area del donatore. I pazienti possono avvertire un leggero fastidio durante il recupero.<\/p>\n<\/details>\n<details id=\"e-n-accordion-item-3984\" >\n<summary data-accordion-index=\"5\" tabindex=\"-1\" aria-expanded=\"false\" aria-controls=\"e-n-accordion-item-3984\" >\n\t\t\t\t\t Tutti gli innesti possono sopravvivere dopo il trapianto?<br \/>\n\t\t\t<svg aria-hidden=\"true\" viewBox=\"0 0 448 512\" xmlns=\"http:\/\/www.w3.org\/2000\/svg\"><path d=\"M416 208H32c-17.67 0-32 14.33-32 32v32c0 17.67 14.33 32 32 32h384c17.67 0 32-14.33 32-32v-32c0-17.67-14.33-32-32-32z\"><\/path><\/svg><br \/>\n\t\t\t<svg aria-hidden=\"true\" viewBox=\"0 0 448 512\" xmlns=\"http:\/\/www.w3.org\/2000\/svg\"><path d=\"M416 208H272V64c0-17.67-14.33-32-32-32h-32c-17.67 0-32 14.33-32 32v144H32c-17.67 0-32 14.33-32 32v32c0 17.67 14.33 32 32 32h144v144c0 17.67 14.33 32 32 32h32c17.67 0 32-14.33 32-32V304h144c17.67 0 32-14.33 32-32v-32c0-17.67-14.33-32-32-32z\"><\/path><\/svg><br \/>\n\t\t\t\t\t\t<\/summary>\n<p>Non tutti gli innesti sopravvivono dopo il trapianto, ma un chirurgo esperto pu\u00f2 raggiungere un tasso di sopravvivenza del 90% o pi\u00f9 utilizzando tecniche adeguate e garantendo una gestione ottimale degli innesti.<\/p>\n<\/details>\n<details id=\"e-n-accordion-item-3985\" >\n<summary data-accordion-index=\"6\" tabindex=\"-1\" aria-expanded=\"false\" aria-controls=\"e-n-accordion-item-3985\" >\n\t\t\t\t\t Cosa succede all&#8217;area donatrice dopo la rimozione degli innesti?<br \/>\n\t\t\t<svg aria-hidden=\"true\" viewBox=\"0 0 448 512\" xmlns=\"http:\/\/www.w3.org\/2000\/svg\"><path d=\"M416 208H32c-17.67 0-32 14.33-32 32v32c0 17.67 14.33 32 32 32h384c17.67 0 32-14.33 32-32v-32c0-17.67-14.33-32-32-32z\"><\/path><\/svg><br \/>\n\t\t\t<svg aria-hidden=\"true\" viewBox=\"0 0 448 512\" xmlns=\"http:\/\/www.w3.org\/2000\/svg\"><path d=\"M416 208H272V64c0-17.67-14.33-32-32-32h-32c-17.67 0-32 14.33-32 32v144H32c-17.67 0-32 14.33-32 32v32c0 17.67 14.33 32 32 32h144v144c0 17.67 14.33 32 32 32h32c17.67 0 32-14.33 32-32V304h144c17.67 0 32-14.33 32-32v-32c0-17.67-14.33-32-32-32z\"><\/path><\/svg><br \/>\n\t\t\t\t\t\t<\/summary>\n<p>L&#8217;area donatrice guarisce in poche settimane. Nella FUE rimangono piccoli punti appena visibili, mentre la FUT pu\u00f2 lasciare una cicatrice lineare che pu\u00f2 essere nascosta dai capelli circostanti.<\/p>\n<\/details>\n<details id=\"e-n-accordion-item-3986\" >\n<summary data-accordion-index=\"7\" tabindex=\"-1\" aria-expanded=\"false\" aria-controls=\"e-n-accordion-item-3986\" >\n\t\t\t\t\t Perch\u00e9 la qualit\u00e0 degli innesti di capelli \u00e8 importante per il successo del trapianto?<br \/>\n\t\t\t<svg aria-hidden=\"true\" viewBox=\"0 0 448 512\" xmlns=\"http:\/\/www.w3.org\/2000\/svg\"><path d=\"M416 208H32c-17.67 0-32 14.33-32 32v32c0 17.67 14.33 32 32 32h384c17.67 0 32-14.33 32-32v-32c0-17.67-14.33-32-32-32z\"><\/path><\/svg><br \/>\n\t\t\t<svg aria-hidden=\"true\" viewBox=\"0 0 448 512\" xmlns=\"http:\/\/www.w3.org\/2000\/svg\"><path d=\"M416 208H272V64c0-17.67-14.33-32-32-32h-32c-17.67 0-32 14.33-32 32v144H32c-17.67 0-32 14.33-32 32v32c0 17.67 14.33 32 32 32h144v144c0 17.67 14.33 32 32 32h32c17.67 0 32-14.33 32-32V304h144c17.67 0 32-14.33 32-32v-32c0-17.67-14.33-32-32-32z\"><\/path><\/svg><br \/>\n\t\t\t\t\t\t<\/summary>\n<p>Gli innesti di alta qualit\u00e0 garantiscono tassi di sopravvivenza migliori, risultati dall&#8217;aspetto naturale e una crescita dei capelli a lungo termine. Il prelievo, la manipolazione e il posizionamento corretto degli innesti sono essenziali per il successo di un trapianto di capelli.<\/p>\n<\/details>\n<p>Ogni innesto pu\u00f2 contenere da 1 a 4 follicoli piliferi, a seconda del metodo di estrazione e delle caratteristiche naturali dei capelli dell&#8217;individuo.<\/p>\n<p>Gli innesti di capelli vengono solitamente prelevati dall&#8217;area donatrice nella parte posteriore o laterale del cuoio capelluto, poich\u00e9 questi capelli sono pi\u00f9 resistenti alla caduta ormonale. In alcuni casi, possono essere utilizzati peli del corpo (ad esempio, dalla barba o dal petto).<\/p>\n<p>Il numero di innesti necessari dipende dalle dimensioni dell&#8217;area calva, dalla densit\u00e0 desiderata e dalle caratteristiche dei capelli del paziente. In genere, possono essere trapiantati da 1.000 a 4.000 innesti in una singola seduta.<\/p>\n<p>No, il processo non \u00e8 doloroso perch\u00e9 durante l&#8217;estrazione dell&#8217;innesto viene applicata un&#8217;anestesia locale all&#8217;area del donatore. I pazienti possono avvertire un leggero fastidio durante il recupero.<\/p>\n<p>Non tutti gli innesti sopravvivono dopo il trapianto, ma un chirurgo esperto pu\u00f2 raggiungere un tasso di sopravvivenza del 90% o pi\u00f9 utilizzando tecniche adeguate e garantendo una gestione ottimale degli innesti.<\/p>\n<p>L&#8217;area donatrice guarisce in poche settimane. Nella FUE rimangono piccoli punti appena visibili, mentre la FUT pu\u00f2 lasciare una cicatrice lineare che pu\u00f2 essere nascosta dai capelli circostanti.<\/p>\n<p>Gli innesti di alta qualit\u00e0 garantiscono tassi di sopravvivenza migliori, risultati dall&#8217;aspetto naturale e una crescita dei capelli a lungo termine. Il prelievo, la manipolazione e il posizionamento corretto degli innesti sono essenziali per il successo di un trapianto di capelli.<\/p>\n","protected":false},"excerpt":{"rendered":"<p>Dr. Terziler Indice dei contenuti Che cos&#8217;\u00e8 l&#8217;innesto di capelli? La perdita dei capelli pu\u00f2 essere fonte di disagio per molti individui, incidendo sull&#8217;autostima e sulla fiducia in se stessi. Fortunatamente, le moderne tecniche di trapianto di capelli offrono una soluzione per ripristinare una testa piena di capelli. Il cuore di queste procedure \u00e8 il [&hellip;]<\/p>\n","protected":false},"author":6,"featured_media":0,"parent":2993,"menu_order":0,"comment_status":"closed","ping_status":"closed","template":"","meta":{"footnotes":""},"class_list":["post-13618","page","type-page","status-publish","hentry"],"_links":{"self":[{"href":"https:\/\/drterziler.com\/it\/wp-json\/wp\/v2\/pages\/13618","targetHints":{"allow":["GET"]}}],"collection":[{"href":"https:\/\/drterziler.com\/it\/wp-json\/wp\/v2\/pages"}],"about":[{"href":"https:\/\/drterziler.com\/it\/wp-json\/wp\/v2\/types\/page"}],"author":[{"embeddable":true,"href":"https:\/\/drterziler.com\/it\/wp-json\/wp\/v2\/users\/6"}],"replies":[{"embeddable":true,"href":"https:\/\/drterziler.com\/it\/wp-json\/wp\/v2\/comments?post=13618"}],"version-history":[{"count":4,"href":"https:\/\/drterziler.com\/it\/wp-json\/wp\/v2\/pages\/13618\/revisions"}],"predecessor-version":[{"id":42987,"href":"https:\/\/drterziler.com\/it\/wp-json\/wp\/v2\/pages\/13618\/revisions\/42987"}],"up":[{"embeddable":true,"href":"https:\/\/drterziler.com\/it\/wp-json\/wp\/v2\/pages\/2993"}],"wp:attachment":[{"href":"https:\/\/drterziler.com\/it\/wp-json\/wp\/v2\/media?parent=13618"}],"curies":[{"name":"wp","href":"https:\/\/api.w.org\/{rel}","templated":true}]}}