{"id":14796,"date":"2024-09-02T13:58:23","date_gmt":"2024-09-02T13:58:23","guid":{"rendered":"https:\/\/drterziler.com\/?page_id=14796"},"modified":"2025-01-05T19:52:28","modified_gmt":"2025-01-05T19:52:28","slug":"2000-innesti","status":"publish","type":"page","link":"https:\/\/drterziler.com\/it\/trapianto-di-capelli\/2000-innesti\/","title":{"rendered":"Trapianto di capelli in Turchia: 2000 innesti"},"content":{"rendered":"<h1 class=\"content-title h1-header\">Trapianto di capelli in Turchia: 2000 innesti<\/h1>\n<nav aria-label=\"breadcrumbs\">\n<p>Dr. Terziler<\/p>\n<\/nav>\n<h5>\n\t\t\t\tIndice dei contenuti\t\t\t<\/h5>\n<p>\t\t\t\t<svg aria-hidden=\"true\" viewBox=\"0 0 1000 1000\" xmlns=\"http:\/\/www.w3.org\/2000\/svg\"><path d=\"M500 975V858C696 858 858 696 858 500S696 142 500 142 142 304 142 500H25C25 237 238 25 500 25S975 237 975 500 763 975 500 975Z\"><\/path><\/svg><br \/>\n\t\t\t\t\t\t\t\t\t\t\t\t\t<img loading=\"lazy\" decoding=\"async\" width=\"1400\" height=\"1080\" src=\"https:\/\/drterziler.com\/wp-content\/uploads\/2024\/09\/2000-graft-hair-transplant-before-after.jpg\" alt=\"\" srcset=\"https:\/\/drterziler.com\/wp-content\/uploads\/2024\/09\/2000-graft-hair-transplant-before-after.jpg 1400w, https:\/\/drterziler.com\/wp-content\/uploads\/2024\/09\/2000-graft-hair-transplant-before-after-300x231.jpg 300w, https:\/\/drterziler.com\/wp-content\/uploads\/2024\/09\/2000-graft-hair-transplant-before-after-1024x790.jpg 1024w, https:\/\/drterziler.com\/wp-content\/uploads\/2024\/09\/2000-graft-hair-transplant-before-after-768x592.jpg 768w\" sizes=\"auto, (max-width: 1400px) 100vw, 1400px\">\t\t\t\t\t\t\t\t\t\t\t\t\t<\/p>\n<h2>Trapianto di capelli a 2000 innesti: Cosa aspettarsi?<\/h2>\n<p>Il trapianto di capelli con 2000 grafts \u00e8 una scelta popolare per chi soffre di diradamento moderato dei capelli o di stempiature. Questa procedura prevede in genere il trapianto di circa 2000 innesti di capelli, che possono coprire un&#8217;area significativa del cuoio capelluto e creare un aspetto pi\u00f9 pieno. Il numero di innesti viene calcolato attentamente in base alla densit\u00e0 dei capelli del paziente, alla loro consistenza e alle dimensioni dell&#8217;area ricevente. Questa procedura viene comunemente eseguita con le tecniche di estrazione di unit\u00e0 follicolari (FUE) o di trapianto di unit\u00e0 follicolari (FUT), entrambe molto efficaci per il ripristino dei capelli. \u00c8 importante notare che, sebbene 2000 innesti possano fornire risultati impressionanti, il successo complessivo dipende da vari fattori, come l&#8217;abilit\u00e0 del chirurgo e le caratteristiche dei capelli del paziente.<\/p>\n<h2>Quanto dura un trapianto di capelli a 2000 innesti?<\/h2>\n<p>La durata di un trapianto di capelli con 2000 grafts pu\u00f2 variare, ma la maggior parte delle procedure richiede dalle 6 alle 8 ore. Il processo \u00e8 meticoloso e richiede l&#8217;estrazione accurata di singoli innesti dall&#8217;area donatrice e il posizionamento preciso nell&#8217;area ricevente. La prima fase prevede la somministrazione di un&#8217;anestesia locale per garantire il comfort del paziente. Dopodich\u00e9 il chirurgo inizier\u00e0 il processo di estrazione, che pu\u00f2 durare diverse ore a seconda del metodo utilizzato. Una volta preparati gli innesti, inizia la fase di posizionamento, in cui ogni innesto viene inserito in piccole incisioni praticate sul cuoio capelluto. Questa fase richiede una notevole attenzione ai dettagli, in quanto un posizionamento corretto garantisce un risultato dall&#8217;aspetto pi\u00f9 naturale. Dopo l&#8217;intervento, i pazienti possono tornare a casa il giorno stesso, ma il processo di recupero richieder\u00e0 diverse settimane.<\/p>\n<h2>Quali risultati ci si pu\u00f2 aspettare da un trapianto di capelli con 2000 grafts?<\/h2>\n<p>I risultati di un trapianto di capelli con 2000 grafts sono generalmente visibili nell&#8217;arco di diversi mesi, con i cambiamenti pi\u00f9 evidenti che si verificano dopo 6-12 mesi. Durante questo periodo, i follicoli piliferi trapiantati attraversano una fase di spargimento prima di entrare nel ciclo di crescita. Dopo lo spargimento, i nuovi capelli inizieranno a crescere naturalmente, mescolandosi perfettamente con quelli esistenti. I pazienti possono aspettarsi un aumento della densit\u00e0 nelle aree che prima erano diradate, con conseguente aspetto pi\u00f9 pieno e giovanile. \u00c8 importante seguire tutte le istruzioni per la cura post-procedura per ottimizzare i risultati, tra cui evitare attivit\u00e0 faticose e proteggere il cuoio capelluto dalla luce solare diretta. Il mantenimento a lungo termine pu\u00f2 includere farmaci o trattamenti aggiuntivi per sostenere il successo del trapianto, a seconda della progressione della perdita di capelli del paziente.<\/p>\n<p>\t\t\t\t\t\t\t<a href=\"https:\/\/drterziler.com\/wp-content\/uploads\/2024\/09\/2500-graft-hair-transplant-before-after.jpg\" data-elementor-open-lightbox=\"yes\" data-elementor-lightbox-slideshow=\"5fcda46\" data-elementor-lightbox-title=\"2500-graft-hair-transplant-before-after\" data-e-action-hash=\"#elementor-action%3Aaction%3Dlightbox%26settings%3DeyJpZCI6NzUzMSwidXJsIjoiaHR0cHM6XC9cL2RydGVyemlsZXIuY29tXC93cC1jb250ZW50XC91cGxvYWRzXC8yMDI0XC8wOVwvMjUwMC1ncmFmdC1oYWlyLXRyYW5zcGxhbnQtYmVmb3JlLWFmdGVyLmpwZyIsInNsaWRlc2hvdyI6IjVmY2RhNDYifQ%3D%3D\"><br \/>\n\t\t<\/a><br \/>\n\t\t\t\t\t\t\t<a href=\"https:\/\/drterziler.com\/wp-content\/uploads\/2024\/09\/3000-graft-hair-transplant-before-after.jpg\" data-elementor-open-lightbox=\"yes\" data-elementor-lightbox-slideshow=\"5fcda46\" data-elementor-lightbox-title=\"3000-graft-hair-transplant-before-after\" data-e-action-hash=\"#elementor-action%3Aaction%3Dlightbox%26settings%3DeyJpZCI6NzUzNywidXJsIjoiaHR0cHM6XC9cL2RydGVyemlsZXIuY29tXC93cC1jb250ZW50XC91cGxvYWRzXC8yMDI0XC8wOVwvMzAwMC1ncmFmdC1oYWlyLXRyYW5zcGxhbnQtYmVmb3JlLWFmdGVyLmpwZyIsInNsaWRlc2hvdyI6IjVmY2RhNDYifQ%3D%3D\"><br \/>\n\t\t<\/a><br \/>\n\t\t\t\t\t\t\t<a href=\"https:\/\/drterziler.com\/wp-content\/uploads\/2024\/09\/3500-graft-hair-transplant-before-after.jpg\" data-elementor-open-lightbox=\"yes\" data-elementor-lightbox-slideshow=\"5fcda46\" data-elementor-lightbox-title=\"3500-graft-hair-transplant-before-after\" data-e-action-hash=\"#elementor-action%3Aaction%3Dlightbox%26settings%3DeyJpZCI6NzU0MywidXJsIjoiaHR0cHM6XC9cL2RydGVyemlsZXIuY29tXC93cC1jb250ZW50XC91cGxvYWRzXC8yMDI0XC8wOVwvMzUwMC1ncmFmdC1oYWlyLXRyYW5zcGxhbnQtYmVmb3JlLWFmdGVyLmpwZyIsInNsaWRlc2hvdyI6IjVmY2RhNDYifQ%3D%3D\"><br \/>\n\t\t<\/a><br \/>\n\t\t\t\t\t\t\t<a href=\"https:\/\/drterziler.com\/wp-content\/uploads\/2024\/09\/4000-graft-hair-transplant-before-after.jpg\" data-elementor-open-lightbox=\"yes\" data-elementor-lightbox-slideshow=\"5fcda46\" data-elementor-lightbox-title=\"4000-graft-hair-transplant-before-after\" data-e-action-hash=\"#elementor-action%3Aaction%3Dlightbox%26settings%3DeyJpZCI6NzU0OSwidXJsIjoiaHR0cHM6XC9cL2RydGVyemlsZXIuY29tXC93cC1jb250ZW50XC91cGxvYWRzXC8yMDI0XC8wOVwvNDAwMC1ncmFmdC1oYWlyLXRyYW5zcGxhbnQtYmVmb3JlLWFmdGVyLmpwZyIsInNsaWRlc2hvdyI6IjVmY2RhNDYifQ%3D%3D\"><br \/>\n\t\t<\/a><br \/>\n\t\t\t\t\t\t\t<a href=\"https:\/\/drterziler.com\/wp-content\/uploads\/2024\/09\/4500-graft-hair-transplant-before-after.jpg\" data-elementor-open-lightbox=\"yes\" data-elementor-lightbox-slideshow=\"5fcda46\" data-elementor-lightbox-title=\"4500-graft-hair-transplant-before-after\" data-e-action-hash=\"#elementor-action%3Aaction%3Dlightbox%26settings%3DeyJpZCI6NzU1NSwidXJsIjoiaHR0cHM6XC9cL2RydGVyemlsZXIuY29tXC93cC1jb250ZW50XC91cGxvYWRzXC8yMDI0XC8wOVwvNDUwMC1ncmFmdC1oYWlyLXRyYW5zcGxhbnQtYmVmb3JlLWFmdGVyLmpwZyIsInNsaWRlc2hvdyI6IjVmY2RhNDYifQ%3D%3D\"><br \/>\n\t\t<\/a><br \/>\n\t\t\t\t\t\t\t<a href=\"https:\/\/drterziler.com\/wp-content\/uploads\/2024\/09\/5200-graft-hair-transplant-before-after.jpg\" data-elementor-open-lightbox=\"yes\" data-elementor-lightbox-slideshow=\"5fcda46\" data-elementor-lightbox-title=\"5200-graft-hair-transplant-before-after\" data-e-action-hash=\"#elementor-action%3Aaction%3Dlightbox%26settings%3DeyJpZCI6NzU2MSwidXJsIjoiaHR0cHM6XC9cL2RydGVyemlsZXIuY29tXC93cC1jb250ZW50XC91cGxvYWRzXC8yMDI0XC8wOVwvNTIwMC1ncmFmdC1oYWlyLXRyYW5zcGxhbnQtYmVmb3JlLWFmdGVyLmpwZyIsInNsaWRlc2hvdyI6IjVmY2RhNDYifQ%3D%3D\"><br \/>\n\t\t<\/a><br \/>\n\t\t\t\t\t\t\t<a href=\"https:\/\/drterziler.com\/wp-content\/uploads\/2024\/09\/5300-graft-hair-transplant-before-after.jpg\" data-elementor-open-lightbox=\"yes\" data-elementor-lightbox-slideshow=\"5fcda46\" data-elementor-lightbox-title=\"5300-graft-hair-transplant-before-after\" data-e-action-hash=\"#elementor-action%3Aaction%3Dlightbox%26settings%3DeyJpZCI6NzU2NywidXJsIjoiaHR0cHM6XC9cL2RydGVyemlsZXIuY29tXC93cC1jb250ZW50XC91cGxvYWRzXC8yMDI0XC8wOVwvNTMwMC1ncmFmdC1oYWlyLXRyYW5zcGxhbnQtYmVmb3JlLWFmdGVyLmpwZyIsInNsaWRlc2hvdyI6IjVmY2RhNDYifQ%3D%3D\"><br \/>\n\t\t<\/a><br \/>\n\t\t\t\t\t\t\t<svg aria-hidden=\"true\" viewBox=\"0 0 1000 1000\" xmlns=\"http:\/\/www.w3.org\/2000\/svg\"><path d=\"M646 125C629 125 613 133 604 142L308 442C296 454 292 471 292 487 292 504 296 521 308 533L604 854C617 867 629 875 646 875 663 875 679 871 692 858 704 846 713 829 713 812 713 796 708 779 692 767L438 487 692 225C700 217 708 204 708 187 708 171 704 154 692 142 675 129 663 125 646 125Z\"><\/path><\/svg>\t\t\t\t\t\t\tPrevious<br \/>\n\t\t\t\t\t\t\t<svg aria-hidden=\"true\" viewBox=\"0 0 1000 1000\" xmlns=\"http:\/\/www.w3.org\/2000\/svg\"><path d=\"M696 533C708 521 713 504 713 487 713 471 708 454 696 446L400 146C388 133 375 125 354 125 338 125 325 129 313 142 300 154 292 171 292 187 292 204 296 221 308 233L563 492 304 771C292 783 288 800 288 817 288 833 296 850 308 863 321 871 338 875 354 875 371 875 388 867 400 854L696 533Z\"><\/path><\/svg>\t\t\t\t\t\t\tNext<\/p>\n<details id=\"e-n-accordion-item-2340\" open>\n<summary data-accordion-index=\"1\" tabindex=\"0\" aria-expanded=\"true\" aria-controls=\"e-n-accordion-item-2340\" >\n\t\t\t\t\t Quanti capelli ci sono in 2000 innesti?<br \/>\n\t\t\t<svg aria-hidden=\"true\" viewBox=\"0 0 448 512\" xmlns=\"http:\/\/www.w3.org\/2000\/svg\"><path d=\"M416 208H32c-17.67 0-32 14.33-32 32v32c0 17.67 14.33 32 32 32h384c17.67 0 32-14.33 32-32v-32c0-17.67-14.33-32-32-32z\"><\/path><\/svg><br \/>\n\t\t\t<svg aria-hidden=\"true\" viewBox=\"0 0 448 512\" xmlns=\"http:\/\/www.w3.org\/2000\/svg\"><path d=\"M416 208H272V64c0-17.67-14.33-32-32-32h-32c-17.67 0-32 14.33-32 32v144H32c-17.67 0-32 14.33-32 32v32c0 17.67 14.33 32 32 32h144v144c0 17.67 14.33 32 32 32h32c17.67 0 32-14.33 32-32V304h144c17.67 0 32-14.33 32-32v-32c0-17.67-14.33-32-32-32z\"><\/path><\/svg><br \/>\n\t\t\t\t\t\t<\/summary>\n<p>Un innesto di capelli contiene in genere da 1 a 4 capelli, quindi 2000 innesti possono dare origine a circa 4000-8000 capelli singoli. Il numero esatto dipende dal numero di capelli presenti in ogni innesto.<\/p>\n<\/details>\n<details id=\"e-n-accordion-item-2341\" >\n<summary data-accordion-index=\"2\" tabindex=\"-1\" aria-expanded=\"false\" aria-controls=\"e-n-accordion-item-2341\" >\n\t\t\t\t\t Un trapianto di capelli con 2000 innesti \u00e8 sufficiente per ottenere una testa piena di capelli?<br \/>\n\t\t\t<svg aria-hidden=\"true\" viewBox=\"0 0 448 512\" xmlns=\"http:\/\/www.w3.org\/2000\/svg\"><path d=\"M416 208H32c-17.67 0-32 14.33-32 32v32c0 17.67 14.33 32 32 32h384c17.67 0 32-14.33 32-32v-32c0-17.67-14.33-32-32-32z\"><\/path><\/svg><br \/>\n\t\t\t<svg aria-hidden=\"true\" viewBox=\"0 0 448 512\" xmlns=\"http:\/\/www.w3.org\/2000\/svg\"><path d=\"M416 208H272V64c0-17.67-14.33-32-32-32h-32c-17.67 0-32 14.33-32 32v144H32c-17.67 0-32 14.33-32 32v32c0 17.67 14.33 32 32 32h144v144c0 17.67 14.33 32 32 32h32c17.67 0 32-14.33 32-32V304h144c17.67 0 32-14.33 32-32v-32c0-17.67-14.33-32-32-32z\"><\/path><\/svg><br \/>\n\t\t\t\t\t\t<\/summary>\n<p>Per i soggetti con perdita di capelli da lieve a moderata, 2000 innesti possono fornire un miglioramento significativo. Tuttavia, se la perdita di capelli \u00e8 pi\u00f9 avanzata, possono essere necessari pi\u00f9 innesti per ottenere la copertura desiderata.<\/p>\n<\/details>\n<details id=\"e-n-accordion-item-2342\" >\n<summary data-accordion-index=\"3\" tabindex=\"-1\" aria-expanded=\"false\" aria-controls=\"e-n-accordion-item-2342\" >\n\t\t\t\t\t Quanto tempo occorre per riprendersi da un trapianto di capelli con 2000 innesti?<br \/>\n\t\t\t<svg aria-hidden=\"true\" viewBox=\"0 0 448 512\" xmlns=\"http:\/\/www.w3.org\/2000\/svg\"><path d=\"M416 208H32c-17.67 0-32 14.33-32 32v32c0 17.67 14.33 32 32 32h384c17.67 0 32-14.33 32-32v-32c0-17.67-14.33-32-32-32z\"><\/path><\/svg><br \/>\n\t\t\t<svg aria-hidden=\"true\" viewBox=\"0 0 448 512\" xmlns=\"http:\/\/www.w3.org\/2000\/svg\"><path d=\"M416 208H272V64c0-17.67-14.33-32-32-32h-32c-17.67 0-32 14.33-32 32v144H32c-17.67 0-32 14.33-32 32v32c0 17.67 14.33 32 32 32h144v144c0 17.67 14.33 32 32 32h32c17.67 0 32-14.33 32-32V304h144c17.67 0 32-14.33 32-32v-32c0-17.67-14.33-32-32-32z\"><\/path><\/svg><br \/>\n\t\t\t\t\t\t<\/summary>\n<p>Il periodo di recupero iniziale \u00e8 di circa 7-10 giorni, durante i quali il cuoio capelluto guarisce. La maggior parte dei pazienti pu\u00f2 tornare alle normali attivit\u00e0 entro 2 settimane, anche se la crescita completa dei capelli richiede diversi mesi.<\/p>\n<\/details>\n<details id=\"e-n-accordion-item-2343\" >\n<summary data-accordion-index=\"4\" tabindex=\"-1\" aria-expanded=\"false\" aria-controls=\"e-n-accordion-item-2343\" >\n\t\t\t\t\t Avr\u00f2 bisogno di un altro trapianto di capelli dopo 2000 innesti?<br \/>\n\t\t\t<svg aria-hidden=\"true\" viewBox=\"0 0 448 512\" xmlns=\"http:\/\/www.w3.org\/2000\/svg\"><path d=\"M416 208H32c-17.67 0-32 14.33-32 32v32c0 17.67 14.33 32 32 32h384c17.67 0 32-14.33 32-32v-32c0-17.67-14.33-32-32-32z\"><\/path><\/svg><br \/>\n\t\t\t<svg aria-hidden=\"true\" viewBox=\"0 0 448 512\" xmlns=\"http:\/\/www.w3.org\/2000\/svg\"><path d=\"M416 208H272V64c0-17.67-14.33-32-32-32h-32c-17.67 0-32 14.33-32 32v144H32c-17.67 0-32 14.33-32 32v32c0 17.67 14.33 32 32 32h144v144c0 17.67 14.33 32 32 32h32c17.67 0 32-14.33 32-32V304h144c17.67 0 32-14.33 32-32v-32c0-17.67-14.33-32-32-32z\"><\/path><\/svg><br \/>\n\t\t\t\t\t\t<\/summary>\n<p>Dipende dall&#8217;entit\u00e0 della perdita di capelli. Alcuni individui possono richiedere ulteriori trapianti in futuro per mantenere la densit\u00e0, soprattutto se la perdita di capelli continua.<\/p>\n<\/details>\n<details id=\"e-n-accordion-item-2344\" >\n<summary data-accordion-index=\"5\" tabindex=\"-1\" aria-expanded=\"false\" aria-controls=\"e-n-accordion-item-2344\" >\n\t\t\t\t\t I risultati di un trapianto di capelli con 2000 innesti sono permanenti?<br \/>\n\t\t\t<svg aria-hidden=\"true\" viewBox=\"0 0 448 512\" xmlns=\"http:\/\/www.w3.org\/2000\/svg\"><path d=\"M416 208H32c-17.67 0-32 14.33-32 32v32c0 17.67 14.33 32 32 32h384c17.67 0 32-14.33 32-32v-32c0-17.67-14.33-32-32-32z\"><\/path><\/svg><br \/>\n\t\t\t<svg aria-hidden=\"true\" viewBox=\"0 0 448 512\" xmlns=\"http:\/\/www.w3.org\/2000\/svg\"><path d=\"M416 208H272V64c0-17.67-14.33-32-32-32h-32c-17.67 0-32 14.33-32 32v144H32c-17.67 0-32 14.33-32 32v32c0 17.67 14.33 32 32 32h144v144c0 17.67 14.33 32 32 32h32c17.67 0 32-14.33 32-32V304h144c17.67 0 32-14.33 32-32v-32c0-17.67-14.33-32-32-32z\"><\/path><\/svg><br \/>\n\t\t\t\t\t\t<\/summary>\n<p>I capelli trapiantati sono in genere permanenti, poich\u00e9 i follicoli provengono da aree resistenti alla caduta dei capelli. Tuttavia, nel tempo pu\u00f2 verificarsi un&#8217;ulteriore perdita di capelli nelle aree non trattate.<\/p>\n<\/details>\n<details id=\"e-n-accordion-item-2345\" >\n<summary data-accordion-index=\"6\" tabindex=\"-1\" aria-expanded=\"false\" aria-controls=\"e-n-accordion-item-2345\" >\n\t\t\t\t\t Un trapianto di capelli con 2000 innesti avr\u00e0 un aspetto naturale?<br \/>\n\t\t\t<svg aria-hidden=\"true\" viewBox=\"0 0 448 512\" xmlns=\"http:\/\/www.w3.org\/2000\/svg\"><path d=\"M416 208H32c-17.67 0-32 14.33-32 32v32c0 17.67 14.33 32 32 32h384c17.67 0 32-14.33 32-32v-32c0-17.67-14.33-32-32-32z\"><\/path><\/svg><br \/>\n\t\t\t<svg aria-hidden=\"true\" viewBox=\"0 0 448 512\" xmlns=\"http:\/\/www.w3.org\/2000\/svg\"><path d=\"M416 208H272V64c0-17.67-14.33-32-32-32h-32c-17.67 0-32 14.33-32 32v144H32c-17.67 0-32 14.33-32 32v32c0 17.67 14.33 32 32 32h144v144c0 17.67 14.33 32 32 32h32c17.67 0 32-14.33 32-32V304h144c17.67 0 32-14.33 32-32v-32c0-17.67-14.33-32-32-32z\"><\/path><\/svg><br \/>\n\t\t\t\t\t\t<\/summary>\n<p>Se eseguito da un chirurgo esperto, un trapianto di capelli a 2000 innesti pu\u00f2 avere un aspetto molto naturale. L&#8217;abilit\u00e0 del chirurgo nel posizionare gli innesti con l&#8217;angolazione e la densit\u00e0 corrette \u00e8 fondamentale per ottenere i migliori risultati.<\/p>\n<\/details>\n<p>Un innesto di capelli contiene in genere da 1 a 4 capelli, quindi 2000 innesti possono dare origine a circa 4000-8000 capelli singoli. Il numero esatto dipende dal numero di capelli presenti in ogni innesto.<\/p>\n<p>Per i soggetti con perdita di capelli da lieve a moderata, 2000 innesti possono fornire un miglioramento significativo. Tuttavia, se la perdita di capelli \u00e8 pi\u00f9 avanzata, possono essere necessari pi\u00f9 innesti per ottenere la copertura desiderata.<\/p>\n<p>Il periodo di recupero iniziale \u00e8 di circa 7-10 giorni, durante i quali il cuoio capelluto guarisce. La maggior parte dei pazienti pu\u00f2 tornare alle normali attivit\u00e0 entro 2 settimane, anche se la crescita completa dei capelli richiede diversi mesi.<\/p>\n<p>Dipende dall&#8217;entit\u00e0 della perdita di capelli. Alcuni individui possono richiedere ulteriori trapianti in futuro per mantenere la densit\u00e0, soprattutto se la perdita di capelli continua.<\/p>\n<p>I capelli trapiantati sono in genere permanenti, poich\u00e9 i follicoli provengono da aree resistenti alla caduta dei capelli. Tuttavia, nel tempo pu\u00f2 verificarsi un&#8217;ulteriore perdita di capelli nelle aree non trattate.<\/p>\n<p>Se eseguito da un chirurgo esperto, un trapianto di capelli a 2000 innesti pu\u00f2 avere un aspetto molto naturale. L&#8217;abilit\u00e0 del chirurgo nel posizionare gli innesti con l&#8217;angolazione e la densit\u00e0 corrette \u00e8 fondamentale per ottenere i migliori risultati.<\/p>\n","protected":false},"excerpt":{"rendered":"<p>Trapianto di capelli in Turchia: 2000 innesti Dr. Terziler Indice dei contenuti Trapianto di capelli a 2000 innesti: Cosa aspettarsi? Il trapianto di capelli con 2000 grafts \u00e8 una scelta popolare per chi soffre di diradamento moderato dei capelli o di stempiature. Questa procedura prevede in genere il trapianto di circa 2000 innesti di capelli, [&hellip;]<\/p>\n","protected":false},"author":6,"featured_media":0,"parent":2993,"menu_order":0,"comment_status":"closed","ping_status":"closed","template":"","meta":{"footnotes":""},"class_list":["post-14796","page","type-page","status-publish","hentry"],"_links":{"self":[{"href":"https:\/\/drterziler.com\/it\/wp-json\/wp\/v2\/pages\/14796","targetHints":{"allow":["GET"]}}],"collection":[{"href":"https:\/\/drterziler.com\/it\/wp-json\/wp\/v2\/pages"}],"about":[{"href":"https:\/\/drterziler.com\/it\/wp-json\/wp\/v2\/types\/page"}],"author":[{"embeddable":true,"href":"https:\/\/drterziler.com\/it\/wp-json\/wp\/v2\/users\/6"}],"replies":[{"embeddable":true,"href":"https:\/\/drterziler.com\/it\/wp-json\/wp\/v2\/comments?post=14796"}],"version-history":[{"count":1,"href":"https:\/\/drterziler.com\/it\/wp-json\/wp\/v2\/pages\/14796\/revisions"}],"predecessor-version":[{"id":14797,"href":"https:\/\/drterziler.com\/it\/wp-json\/wp\/v2\/pages\/14796\/revisions\/14797"}],"up":[{"embeddable":true,"href":"https:\/\/drterziler.com\/it\/wp-json\/wp\/v2\/pages\/2993"}],"wp:attachment":[{"href":"https:\/\/drterziler.com\/it\/wp-json\/wp\/v2\/media?parent=14796"}],"curies":[{"name":"wp","href":"https:\/\/api.w.org\/{rel}","templated":true}]}}