{"id":14822,"date":"2024-09-02T10:53:21","date_gmt":"2024-09-02T10:53:21","guid":{"rendered":"https:\/\/drterziler.com\/5000-capelli-innesti\/"},"modified":"2025-05-22T10:18:50","modified_gmt":"2025-05-22T10:18:50","slug":"5000-capelli-innesti","status":"publish","type":"page","link":"https:\/\/drterziler.com\/it\/trapianto-di-capelli\/5000-capelli-innesti\/","title":{"rendered":"Trapianto di capelli in Turchia: 5000 innesti"},"content":{"rendered":"<nav aria-label=\"breadcrumbs\">\n<p>Dr. Terziler<\/p>\n<\/nav>\n<h4>\n\t\t\t\tIndice dei contenuti\t\t\t<\/h4>\n<p>\t\t\t\t\t\t\t<svg aria-hidden=\"true\" viewBox=\"0 0 448 512\" xmlns=\"http:\/\/www.w3.org\/2000\/svg\"><path d=\"M207.029 381.476L12.686 187.132c-9.373-9.373-9.373-24.569 0-33.941l22.667-22.667c9.357-9.357 24.522-9.375 33.901-.04L224 284.505l154.745-154.021c9.379-9.335 24.544-9.317 33.901.04l22.667 22.667c9.373 9.373 9.373 24.569 0 33.941L240.971 381.476c-9.373 9.372-24.569 9.372-33.942 0z\"><\/path><\/svg><br \/>\n\t\t\t\t<svg aria-hidden=\"true\" viewBox=\"0 0 448 512\" xmlns=\"http:\/\/www.w3.org\/2000\/svg\"><path d=\"M240.971 130.524l194.343 194.343c9.373 9.373 9.373 24.569 0 33.941l-22.667 22.667c-9.357 9.357-24.522 9.375-33.901.04L224 227.495 69.255 381.516c-9.379 9.335-24.544 9.317-33.901-.04l-22.667-22.667c-9.373-9.373-9.373-24.569 0-33.941L207.03 130.525c9.372-9.373 24.568-9.373 33.941-.001z\"><\/path><\/svg><br \/>\n\t\t\t\t<svg aria-hidden=\"true\" viewBox=\"0 0 1000 1000\" xmlns=\"http:\/\/www.w3.org\/2000\/svg\"><path d=\"M500 975V858C696 858 858 696 858 500S696 142 500 142 142 304 142 500H25C25 237 238 25 500 25S975 237 975 500 763 975 500 975Z\"><\/path><\/svg><br \/>\n\t\t\t\t\t\t\t\t\t\t\t\t\t\t\t\t\t\t\t\t\t\t<img loading=\"lazy\" decoding=\"async\" width=\"1400\" height=\"1080\" src=\"https:\/\/drterziler.com\/wp-content\/uploads\/2024\/09\/5200-graft-hair-transplant-before-after.jpg\" alt=\"\" srcset=\"https:\/\/drterziler.com\/wp-content\/uploads\/2024\/09\/5200-graft-hair-transplant-before-after.jpg 1400w, https:\/\/drterziler.com\/wp-content\/uploads\/2024\/09\/5200-graft-hair-transplant-before-after-300x231.jpg 300w, https:\/\/drterziler.com\/wp-content\/uploads\/2024\/09\/5200-graft-hair-transplant-before-after-1024x790.jpg 1024w, https:\/\/drterziler.com\/wp-content\/uploads\/2024\/09\/5200-graft-hair-transplant-before-after-768x592.jpg 768w\" sizes=\"auto, (max-width: 1400px) 100vw, 1400px\">\t\t\t\t\t\t\t\t\t\t\t\t\t<\/p>\n<h2>\u00bfQu\u00e9 es un injerto capilar?<\/h2>\n<p>Antes de hablar del procedimiento del injerto 5000, es esencial entender qu\u00e9 es un injerto. En el trasplante capilar, un injerto es un peque\u00f1o trozo de piel que contiene de uno a cuatro fol\u00edculos pilosos. Estos injertos se recogen de zonas del cuero cabelludo con crecimiento de cabello denso y sano, normalmente la parte posterior y los lados de la cabeza, conocida como \u00abzona donante\u00bb.<\/p>\n<h2>El trasplante capilar de 5000 injertos<\/h2>\n<p>Un trasplante capilar de 5000 injertos es un procedimiento importante que puede cubrir una gran zona de p\u00e9rdida de cabello. Este n\u00famero de injertos suele ser adecuado para personas que experimentan fases avanzadas de p\u00e9rdida de cabello o para aquellas que buscan conseguir una densidad considerable en los resultados de su trasplante.<\/p>\n<h3>\u00bfQui\u00e9n es un candidato?<\/h3>\n<p>Los candidatos ideales para un trasplante capilar de 5000 injertos suelen ser:<\/p>\n<ul>\n<li>Personas con p\u00e9rdida de cabello o calvicie extensas<\/li>\n<li>Pacientes con suficiente cabello donante para soportar el trasplante<\/li>\n<li>Aquellos que buscan la m\u00e1xima cobertura y densidad<\/li>\n<li>Hombres y mujeres con patrones estables de p\u00e9rdida de cabello<\/li>\n<\/ul>\n<p>Es fundamental consultar a un especialista en trasplantes capilares cualificado, como el Dr. Terziler, para determinar si usted es un candidato adecuado para este procedimiento.<\/p>\n<h3>El procedimiento<\/h3>\n<p>El trasplante capilar de 5000 injertos suele realizarse mediante t\u00e9cnicas avanzadas como la extracci\u00f3n de unidades foliculares (FUE) o el implante capilar directo (DHI). En la cl\u00ednica del Dr. Terziler, el m\u00e9todo rob\u00f3tico DHI se emplea a menudo por su precisi\u00f3n y sus resultados de aspecto natural.<\/p>\n<p>El procedimiento normalmente implica:<\/p>\n<ol>\n<li>\n<p><strong>Cosecha<\/strong>: Los fol\u00edculos pilosos individuales se extraen de la zona donante utilizando herramientas especializadas.<\/p>\n<\/li>\n<li>\n<p><strong>Preparaci\u00f3n<\/strong>: Los injertos extra\u00eddos se clasifican cuidadosamente y se preparan para su implantaci\u00f3n.<\/p>\n<\/li>\n<li>\n<p><strong>Implantaci\u00f3n<\/strong>: Mediante la t\u00e9cnica DHI, cada injerto se implanta directamente en la zona receptora con una pluma especial \u00abchoi\u00bb.<\/p>\n<\/li>\n<\/ol>\n<p>El proceso completo puede durar varias horas, a menudo repartidas en uno o dos d\u00edas, dependiendo del enfoque de la cl\u00ednica y de las necesidades del paciente.<\/p>\n<h3>Ventajas del procedimiento de injerto 5000<\/h3>\n<ol>\n<li>\n<p><strong>Amplia cobertura<\/strong>: Con 5000 injertos, los pacientes pueden lograr una cobertura significativa, abordando grandes \u00e1reas de calvicie o adelgazamiento.<\/p>\n<\/li>\n<li>\n<p><strong>Resultados de aspecto natural<\/strong>: Cuando son realizados por cirujanos expertos, los resultados pueden ser notablemente naturales, imitando el patr\u00f3n original de crecimiento del cabello.<\/p>\n<\/li>\n<li>\n<p><strong>Soluci\u00f3n duradera<\/strong>: Los trasplantes capilares proporcionan una soluci\u00f3n permanente a la ca\u00edda del cabello, ya que el cabello trasplantado suele durar toda la vida.<\/p>\n<\/li>\n<li>\n<p><strong>Aumento de la confianza<\/strong>: Recuperar toda la cabellera puede mejorar significativamente la autoestima y la confianza en uno mismo.<\/p>\n<\/li>\n<\/ol>\n<h3>Recuperaci\u00f3n y resultados<\/h3>\n<p>La recuperaci\u00f3n de un trasplante capilar de 5000 injertos suele llevar entre 1 y 2 semanas para la cicatrizaci\u00f3n inicial. Los pacientes pueden volver al trabajo en unos pocos d\u00edas, dependiendo de los requisitos de su trabajo. Es importante seguir cuidadosamente las instrucciones de cuidados postoperatorios para garantizar unos resultados \u00f3ptimos.<\/p>\n<p>El cabello trasplantado pasar\u00e1 por varias fases:<\/p>\n<ul>\n<li><strong>Semanas 1-3<\/strong>: El cabello trasplantado puede caerse. Esto es normal y forma parte del proceso.<\/li>\n<li><strong>Meses 3-6<\/strong>: Comienza el crecimiento de nuevo cabello.<\/li>\n<li><strong>Meses 6-12<\/strong>: Crecimiento continuo y aumento de la densidad.<\/li>\n<li><strong>12-18 meses<\/strong>: Los resultados finales son visibles.<\/li>\n<\/ul>\n<h2>Elecci\u00f3n de la cl\u00ednica adecuada<\/h2>\n<p>A la hora de plantearse un trasplante capilar con 5000 injertos, es fundamental elegir la cl\u00ednica adecuada. La Cl\u00ednica Capilar Exclusiva del Dr. Terziler en Turqu\u00eda ofrece t\u00e9cnicas de vanguardia, incluido el trasplante capilar rob\u00f3tico DHI. Su experimentado equipo garantiza una atenci\u00f3n personalizada y unos resultados \u00f3ptimos para cada paciente.<\/p>\n<h2>Conclusi\u00f3n<\/h2>\n<p>Un trasplante capilar de 5000 injertos puede ser un procedimiento que cambie la vida de quienes luchan contra una p\u00e9rdida de cabello significativa. Con t\u00e9cnicas avanzadas y cirujanos experimentados, los pacientes pueden conseguir un cabello denso y de aspecto natural que les devuelva no s\u00f3lo su aspecto sino tambi\u00e9n su confianza. Como con cualquier procedimiento m\u00e9dico, es esencial consultar con un especialista cualificado para determinar si esta opci\u00f3n es adecuada para usted.<\/p>\n<p>\t\t\t\t\t\t\t<a href=\"https:\/\/drterziler.com\/wp-content\/uploads\/2024\/09\/2500-graft-hair-transplant-before-after.jpg\" data-elementor-open-lightbox=\"yes\" data-elementor-lightbox-slideshow=\"5868bf23\" data-elementor-lightbox-title=\"2500-graft-hair-transplant-before-after\" data-e-action-hash=\"#elementor-action%3Aaction%3Dlightbox%26settings%3DeyJpZCI6NzUzMSwidXJsIjoiaHR0cHM6XC9cL2RydGVyemlsZXIuY29tXC93cC1jb250ZW50XC91cGxvYWRzXC8yMDI0XC8wOVwvMjUwMC1ncmFmdC1oYWlyLXRyYW5zcGxhbnQtYmVmb3JlLWFmdGVyLmpwZyIsInNsaWRlc2hvdyI6IjU4NjhiZjIzIn0%3D\"><br \/>\n\t\t<\/a><br \/>\n\t\t\t\t\t\t\t<a href=\"https:\/\/drterziler.com\/wp-content\/uploads\/2024\/09\/3000-graft-hair-transplant-before-after.jpg\" data-elementor-open-lightbox=\"yes\" data-elementor-lightbox-slideshow=\"5868bf23\" data-elementor-lightbox-title=\"3000-graft-hair-transplant-before-after\" data-e-action-hash=\"#elementor-action%3Aaction%3Dlightbox%26settings%3DeyJpZCI6NzUzNywidXJsIjoiaHR0cHM6XC9cL2RydGVyemlsZXIuY29tXC93cC1jb250ZW50XC91cGxvYWRzXC8yMDI0XC8wOVwvMzAwMC1ncmFmdC1oYWlyLXRyYW5zcGxhbnQtYmVmb3JlLWFmdGVyLmpwZyIsInNsaWRlc2hvdyI6IjU4NjhiZjIzIn0%3D\"><br \/>\n\t\t<\/a><br \/>\n\t\t\t\t\t\t\t<a href=\"https:\/\/drterziler.com\/wp-content\/uploads\/2024\/09\/3500-graft-hair-transplant-before-after.jpg\" data-elementor-open-lightbox=\"yes\" data-elementor-lightbox-slideshow=\"5868bf23\" data-elementor-lightbox-title=\"3500-graft-hair-transplant-before-after\" data-e-action-hash=\"#elementor-action%3Aaction%3Dlightbox%26settings%3DeyJpZCI6NzU0MywidXJsIjoiaHR0cHM6XC9cL2RydGVyemlsZXIuY29tXC93cC1jb250ZW50XC91cGxvYWRzXC8yMDI0XC8wOVwvMzUwMC1ncmFmdC1oYWlyLXRyYW5zcGxhbnQtYmVmb3JlLWFmdGVyLmpwZyIsInNsaWRlc2hvdyI6IjU4NjhiZjIzIn0%3D\"><br \/>\n\t\t<\/a><br \/>\n\t\t\t\t\t\t\t<a href=\"https:\/\/drterziler.com\/wp-content\/uploads\/2024\/09\/4000-graft-hair-transplant-before-after.jpg\" data-elementor-open-lightbox=\"yes\" data-elementor-lightbox-slideshow=\"5868bf23\" data-elementor-lightbox-title=\"4000-graft-hair-transplant-before-after\" data-e-action-hash=\"#elementor-action%3Aaction%3Dlightbox%26settings%3DeyJpZCI6NzU0OSwidXJsIjoiaHR0cHM6XC9cL2RydGVyemlsZXIuY29tXC93cC1jb250ZW50XC91cGxvYWRzXC8yMDI0XC8wOVwvNDAwMC1ncmFmdC1oYWlyLXRyYW5zcGxhbnQtYmVmb3JlLWFmdGVyLmpwZyIsInNsaWRlc2hvdyI6IjU4NjhiZjIzIn0%3D\"><br \/>\n\t\t<\/a><br \/>\n\t\t\t\t\t\t\t<a href=\"https:\/\/drterziler.com\/wp-content\/uploads\/2024\/09\/4500-graft-hair-transplant-before-after.jpg\" data-elementor-open-lightbox=\"yes\" data-elementor-lightbox-slideshow=\"5868bf23\" data-elementor-lightbox-title=\"4500-graft-hair-transplant-before-after\" data-e-action-hash=\"#elementor-action%3Aaction%3Dlightbox%26settings%3DeyJpZCI6NzU1NSwidXJsIjoiaHR0cHM6XC9cL2RydGVyemlsZXIuY29tXC93cC1jb250ZW50XC91cGxvYWRzXC8yMDI0XC8wOVwvNDUwMC1ncmFmdC1oYWlyLXRyYW5zcGxhbnQtYmVmb3JlLWFmdGVyLmpwZyIsInNsaWRlc2hvdyI6IjU4NjhiZjIzIn0%3D\"><br \/>\n\t\t<\/a><br \/>\n\t\t\t\t\t\t\t<a href=\"https:\/\/drterziler.com\/wp-content\/uploads\/2024\/09\/5200-graft-hair-transplant-before-after.jpg\" data-elementor-open-lightbox=\"yes\" data-elementor-lightbox-slideshow=\"5868bf23\" data-elementor-lightbox-title=\"5200-graft-hair-transplant-before-after\" data-e-action-hash=\"#elementor-action%3Aaction%3Dlightbox%26settings%3DeyJpZCI6NzU2MSwidXJsIjoiaHR0cHM6XC9cL2RydGVyemlsZXIuY29tXC93cC1jb250ZW50XC91cGxvYWRzXC8yMDI0XC8wOVwvNTIwMC1ncmFmdC1oYWlyLXRyYW5zcGxhbnQtYmVmb3JlLWFmdGVyLmpwZyIsInNsaWRlc2hvdyI6IjU4NjhiZjIzIn0%3D\"><br \/>\n\t\t<\/a><br \/>\n\t\t\t\t\t\t\t<a href=\"https:\/\/drterziler.com\/wp-content\/uploads\/2024\/09\/5300-graft-hair-transplant-before-after.jpg\" data-elementor-open-lightbox=\"yes\" data-elementor-lightbox-slideshow=\"5868bf23\" data-elementor-lightbox-title=\"5300-graft-hair-transplant-before-after\" data-e-action-hash=\"#elementor-action%3Aaction%3Dlightbox%26settings%3DeyJpZCI6NzU2NywidXJsIjoiaHR0cHM6XC9cL2RydGVyemlsZXIuY29tXC93cC1jb250ZW50XC91cGxvYWRzXC8yMDI0XC8wOVwvNTMwMC1ncmFmdC1oYWlyLXRyYW5zcGxhbnQtYmVmb3JlLWFmdGVyLmpwZyIsInNsaWRlc2hvdyI6IjU4NjhiZjIzIn0%3D\"><br \/>\n\t\t<\/a><br \/>\n\t\t\t\t\t\t\t<svg aria-hidden=\"true\" viewBox=\"0 0 1000 1000\" xmlns=\"http:\/\/www.w3.org\/2000\/svg\"><path d=\"M646 125C629 125 613 133 604 142L308 442C296 454 292 471 292 487 292 504 296 521 308 533L604 854C617 867 629 875 646 875 663 875 679 871 692 858 704 846 713 829 713 812 713 796 708 779 692 767L438 487 692 225C700 217 708 204 708 187 708 171 704 154 692 142 675 129 663 125 646 125Z\"><\/path><\/svg><br \/>\n\t\t\t\t\t\t\t<svg aria-hidden=\"true\" viewBox=\"0 0 1000 1000\" xmlns=\"http:\/\/www.w3.org\/2000\/svg\"><path d=\"M696 533C708 521 713 504 713 487 713 471 708 454 696 446L400 146C388 133 375 125 354 125 338 125 325 129 313 142 300 154 292 171 292 187 292 204 296 221 308 233L563 492 304 771C292 783 288 800 288 817 288 833 296 850 308 863 321 871 338 875 354 875 371 875 388 867 400 854L696 533Z\"><\/path><\/svg><\/p>\n","protected":false},"excerpt":{"rendered":"<p>Dr. Terziler Indice dei contenuti \u00bfQu\u00e9 es un injerto capilar? Antes de hablar del procedimiento del injerto 5000, es esencial entender qu\u00e9 es un injerto. En el trasplante capilar, un injerto es un peque\u00f1o trozo de piel que contiene de uno a cuatro fol\u00edculos pilosos. Estos injertos se recogen de zonas del cuero cabelludo con [&hellip;]<\/p>\n","protected":false},"author":6,"featured_media":0,"parent":2993,"menu_order":0,"comment_status":"closed","ping_status":"closed","template":"","meta":{"footnotes":""},"class_list":["post-14822","page","type-page","status-publish","hentry"],"_links":{"self":[{"href":"https:\/\/drterziler.com\/it\/wp-json\/wp\/v2\/pages\/14822","targetHints":{"allow":["GET"]}}],"collection":[{"href":"https:\/\/drterziler.com\/it\/wp-json\/wp\/v2\/pages"}],"about":[{"href":"https:\/\/drterziler.com\/it\/wp-json\/wp\/v2\/types\/page"}],"author":[{"embeddable":true,"href":"https:\/\/drterziler.com\/it\/wp-json\/wp\/v2\/users\/6"}],"replies":[{"embeddable":true,"href":"https:\/\/drterziler.com\/it\/wp-json\/wp\/v2\/comments?post=14822"}],"version-history":[{"count":4,"href":"https:\/\/drterziler.com\/it\/wp-json\/wp\/v2\/pages\/14822\/revisions"}],"predecessor-version":[{"id":38183,"href":"https:\/\/drterziler.com\/it\/wp-json\/wp\/v2\/pages\/14822\/revisions\/38183"}],"up":[{"embeddable":true,"href":"https:\/\/drterziler.com\/it\/wp-json\/wp\/v2\/pages\/2993"}],"wp:attachment":[{"href":"https:\/\/drterziler.com\/it\/wp-json\/wp\/v2\/media?parent=14822"}],"curies":[{"name":"wp","href":"https:\/\/api.w.org\/{rel}","templated":true}]}}