{"id":14828,"date":"2024-09-03T08:25:53","date_gmt":"2024-09-03T08:25:53","guid":{"rendered":"https:\/\/drterziler.com\/fut\/"},"modified":"2026-02-28T18:26:31","modified_gmt":"2026-02-28T18:26:31","slug":"fut","status":"publish","type":"page","link":"https:\/\/drterziler.com\/it\/trapianto-di-capelli\/fut\/","title":{"rendered":"Trapianto di capelli FUT in Turchia"},"content":{"rendered":"<div class=\"page-content\">\n<div id=\"header-area\">\n<div class=\"container\" id=\"firstContent\">\n<div class=\"header-content d-flex flex-column\">\n<h1 class=\"content-title h1-header\">Trapianto di capelli FUT in Turchia<\/h1>\n<div class=\"content-paragraph\">\n<p class=\"p-text\">\n<\/p><\/div>\n<nav aria-label=\"breadcrumb\" class=\"breadcrumbs\">\n<ul class=\"d-flex align-items-center mb-0\">\n<li><a class=\"link\" href=\"https:\/\/drterziler.com\/it\/\"><span>Dr. Terziler Exclusive Clinic<\/span><\/a><\/li>\n<li class=\"separator\">\u00bb<\/li>\n<li><a class=\"link\" href=\"https:\/\/drterziler.com\/it\/trapianto-di-capelli\/\"><span>Trapianto di capelli<\/span><\/a><\/li>\n<li class=\"separator\">\u00bb<\/li>\n<li class=\"current-page\"><span>Trapianto di capelli FUT in Turchia<\/span><\/li>\n<\/ul>\n<\/nav><\/div>\n<\/p><\/div>\n<\/p><\/div>\n<\/div>\n<section id=\"content-area\">\n<div class=\"container my-5\">\n<div class=\"row align-items-start\">\n<div class=\"col-md-6 order-2 order-md-1\">\n<div class=\"custom-toc-box\">\n<div id=\"toc-header\">\n<h4>Indice dei contenuti<\/h4>\n<div class=\"toc-toggle-icon\"><\/div>\n<\/p><\/div>\n<div class=\"toc-full-divider\"><\/div>\n<div id=\"toc-body\">\n<div id=\"toc-container\"><\/div>\n<\/p><\/div>\n<\/p><\/div>\n<\/p><\/div>\n<div class=\"col-md-6 order-1 order-md-2\" id=\"jForm\">\n                <script type=\"text\/javascript\" src=\"https:\/\/form.jotform.com\/jsform\/242882600814961\"><\/script>\n            <\/div>\n<\/p><\/div>\n<\/p><\/div>\n<div class=\"container\">\n<div class=\"img-thumb\">\n            <img loading=\"lazy\" decoding=\"async\" width=\"1700\" height=\"1080\" src=\"https:\/\/drterziler.com\/wp-content\/uploads\/2024\/08\/6.webp\" alt=\"\" srcset=\"https:\/\/drterziler.com\/wp-content\/uploads\/2024\/08\/6.webp 1700w, https:\/\/drterziler.com\/wp-content\/uploads\/2024\/08\/6-300x191.webp 300w, https:\/\/drterziler.com\/wp-content\/uploads\/2024\/08\/6-1024x651.webp 1024w, https:\/\/drterziler.com\/wp-content\/uploads\/2024\/08\/6-768x488.webp 768w, https:\/\/drterziler.com\/wp-content\/uploads\/2024\/08\/6-1536x976.webp 1536w\" sizes=\"auto, (max-width: 1700px) 100vw, 1700px\">\n        <\/div>\n<div>\n<div>\n<h2 class=\"h2-header\">Cos&#039;\u00e8 il trapianto di capelli FUT?<\/h2>\n<\/p><\/div>\n<div>\n<p class=\"p-text\">Il trapianto di unit\u00e0 follicolari (FUT), noto anche come metodo della striscia, \u00e8 una tecnica chirurgica di restauro dei capelli in cui viene rimossa una striscia di cuoio capelluto con capelli dall&#039;area donatrice (solitamente dalla parte posteriore della testa). Questa striscia viene poi sezionata in singole unit\u00e0 follicolari che vengono trapiantate nelle zone calve.<\/p>\n<\/p><\/div>\n<\/p><\/div>\n<div>\n<div>\n<h2 class=\"h2-header\">Perch\u00e9 scegliere la FUT presso la Clinica del Dr. Terziler?<\/h2>\n<\/p><\/div>\n<div>\n<p class=\"p-text\">1. Team esperto Il Dr. Servet Terziler ha oltre 30 anni di esperienza medica ed \u00e8 un pioniere nel campo del restauro dei capelli in Turchia. Il team della clinica \u00e8 altamente qualificato nell&#039;esecuzione di procedure FUT. 2. Risultati naturali La FUT consente il trapianto di un numero elevato di innesti in una singola sessione, ottenendo una ricrescita dei capelli pi\u00f9 densa e naturale. 3. Convenienza economica La FUT pu\u00f2 risultare pi\u00f9 conveniente rispetto ad altri metodi, soprattutto per i pazienti che necessitano di un numero elevato di innesti. 4. Strutture all&#039;avanguardia Sebbene la clinica del Dr. Terziler sia rinomata per la sua avanzata tecnica DHI robotica, offre anche il metodo FUT tradizionale con attrezzature moderne e strutture all&#039;avanguardia per garantire i migliori risultati possibili. 5. Assistenza completa Dalla prima consulenza fino alla fase post-operatoria, la clinica fornisce un&#039;assistenza completa durante tutto il processo di restauro dei capelli.<\/p>\n<\/p><\/div>\n<\/p><\/div>\n<div>\n<div>\n<h2 class=\"h2-header\">La procedura FUT presso la clinica del Dr. Terziler<\/h2>\n<\/p><\/div>\n<div>\n<p class=\"p-text\">Consulenza iniziale: Il vostro percorso inizia con una consulenza dettagliata per valutare la perdita dei capelli e determinare se la FUT \u00e8 l&#039;opzione migliore per voi. Preparazione: Il giorno dell&#039;intervento, l&#039;area donatrice viene preparata e viene somministrata un&#039;anestesia locale per il vostro comfort. Rimozione della striscia: Viene rimossa con attenzione una striscia di cuoio capelluto dall&#039;area donatrice. Preparazione degli innesti: La striscia viene sezionata in unit\u00e0 follicolari singole sotto microscopi ad alta potenza. Creazione dell&#039;area ricevente: Vengono effettuate piccole incisioni nelle zone calve per accogliere gli innesti. Inserimento degli innesti: Gli innesti preparati vengono inseriti meticolosamente nelle aree riceventi. Chiusura: L&#039;area donatrice viene suturata, lasciando una sottile cicatrice lineare che di solito \u00e8 coperta dai capelli circostanti.<\/p>\n<\/p><\/div>\n<\/p><\/div>\n<div>\n<div>\n<h2 class=\"h2-header\">Cure post-operatorie<\/h2>\n<\/p><\/div>\n<div>\n<p class=\"p-text\">La clinica del Dr. Terziler fornisce istruzioni dettagliate e supporto completo per il post-trattamento. Questo include consigli sulla posizione per dormire, quando riprendere le attivit\u00e0 normali e come prendersi cura sia dell&#039;area donatrice che di quella ricevente. La clinica offre anche appuntamenti di controllo per monitorare i progressi e garantire risultati ottimali.<\/p>\n<\/p><\/div>\n<\/p><\/div>\n<div>\n<div>\n<h2 class=\"h2-header\">Perch\u00e9 scegliere la Turchia per il vostro trapianto di capelli FUT?<\/h2>\n<\/p><\/div>\n<div>\n<p class=\"p-text\">La Turchia, e in particolare Istanbul, \u00e8 diventata un centro di riferimento mondiale per il trapianto di capelli. La clinica del Dr. Terziler unisce esperienza medica di alto livello all&#039;ospitalit\u00e0 riconosciuta del paese. Potrete beneficiare di: 1. Prezzi accessibili Trapianti di capelli di alta qualit\u00e0 a una frazione del costo rispetto a molti paesi occidentali. 2. Opportunit\u00e0 turistiche Combinate la procedura con una visita ai siti storici e alle attrazioni di Istanbul. 3. Sistemazione di lusso La clinica organizza soggiorni in hotel a 5 stelle per garantire il vostro comfort durante la fase di recupero. 4. Trasporto VIP Godetevi un viaggio senza stress grazie ai servizi di trasferimento VIP offerti dalla clinica.<\/p>\n<\/p><\/div>\n<\/p><\/div>\n<div>\n<div>\n<h2 class=\"h2-header\">Conclusione<\/h2>\n<\/p><\/div>\n<div>\n<p class=\"p-text\">Sebbene la clinica del Dr. Terziler sia all&#039;avanguardia nella tecnologia del trapianto di capelli con la sua tecnica DHI robotica, eccelle anche nei metodi tradizionali come la FUT. Questa versatilit\u00e0 garantisce che ogni paziente riceva il trattamento pi\u00f9 adatto alle proprie esigenze individuali. Se state considerando un trapianto di capelli FUT, la Clinica Capillare Esclusiva del Dr. Terziler in Turchia vi offre una combinazione di professionisti esperti, strutture all\u2019avanguardia e un&#039;assistenza completa per aiutarvi a raggiungere i risultati desiderati nella vostra restaurazione capillare. Contattate subito la clinica per iniziare il vostro percorso verso una chioma pi\u00f9 folta.<\/p>\n<\/p><\/div>\n<\/p><\/div>\n<\/p><\/div>\n<\/section>\n","protected":false},"excerpt":{"rendered":"<p>Trapianto di capelli FUT in Turchia Dr. Terziler Exclusive Clinic \u00bb Trapianto di capelli \u00bb Trapianto di capelli FUT in Turchia Indice dei contenuti Cos&#039;\u00e8 il trapianto di capelli FUT? Il trapianto di unit\u00e0 follicolari (FUT), noto anche come metodo della striscia, \u00e8 una tecnica chirurgica di restauro dei capelli in cui viene rimossa una [&hellip;]<\/p>\n","protected":false},"author":6,"featured_media":0,"parent":2993,"menu_order":0,"comment_status":"closed","ping_status":"closed","template":"","meta":{"footnotes":""},"class_list":["post-14828","page","type-page","status-publish","hentry"],"_links":{"self":[{"href":"https:\/\/drterziler.com\/it\/wp-json\/wp\/v2\/pages\/14828","targetHints":{"allow":["GET"]}}],"collection":[{"href":"https:\/\/drterziler.com\/it\/wp-json\/wp\/v2\/pages"}],"about":[{"href":"https:\/\/drterziler.com\/it\/wp-json\/wp\/v2\/types\/page"}],"author":[{"embeddable":true,"href":"https:\/\/drterziler.com\/it\/wp-json\/wp\/v2\/users\/6"}],"replies":[{"embeddable":true,"href":"https:\/\/drterziler.com\/it\/wp-json\/wp\/v2\/comments?post=14828"}],"version-history":[{"count":6,"href":"https:\/\/drterziler.com\/it\/wp-json\/wp\/v2\/pages\/14828\/revisions"}],"predecessor-version":[{"id":58285,"href":"https:\/\/drterziler.com\/it\/wp-json\/wp\/v2\/pages\/14828\/revisions\/58285"}],"up":[{"embeddable":true,"href":"https:\/\/drterziler.com\/it\/wp-json\/wp\/v2\/pages\/2993"}],"wp:attachment":[{"href":"https:\/\/drterziler.com\/it\/wp-json\/wp\/v2\/media?parent=14828"}],"curies":[{"name":"wp","href":"https:\/\/api.w.org\/{rel}","templated":true}]}}