{"id":14838,"date":"2024-09-03T08:46:06","date_gmt":"2024-09-03T08:46:06","guid":{"rendered":"https:\/\/drterziler.com\/eta-minima\/"},"modified":"2026-02-28T18:29:08","modified_gmt":"2026-02-28T18:29:08","slug":"eta-minima","status":"publish","type":"page","link":"https:\/\/drterziler.com\/it\/trapianto-di-capelli\/eta-minima\/","title":{"rendered":"Et\u00e0 minima per un intervento di trapianto di capelli?"},"content":{"rendered":"<div class=\"page-content\">\n<div id=\"header-area\">\n<div class=\"container\" id=\"firstContent\">\n<div class=\"header-content d-flex flex-column\">\n<h1 class=\"content-title h1-header\">Et\u00e0 minima per un intervento di trapianto di capelli?<\/h1>\n<div class=\"content-paragraph\">\n<p class=\"p-text\">\n<\/p><\/div>\n<nav aria-label=\"breadcrumb\" class=\"breadcrumbs\">\n<ul class=\"d-flex align-items-center mb-0\">\n<li><a class=\"link\" href=\"https:\/\/drterziler.com\/it\/\"><span>Dr. Terziler Exclusive Clinic<\/span><\/a><\/li>\n<li class=\"separator\">\u00bb<\/li>\n<li><a class=\"link\" href=\"https:\/\/drterziler.com\/it\/trapianto-di-capelli\/\"><span>Trapianto di capelli<\/span><\/a><\/li>\n<li class=\"separator\">\u00bb<\/li>\n<li class=\"current-page\"><span>Et\u00e0 minima per un intervento di trapianto di capelli?<\/span><\/li>\n<\/ul>\n<\/nav><\/div>\n<\/p><\/div>\n<\/p><\/div>\n<\/div>\n<section id=\"content-area\">\n<div class=\"container my-5\">\n<div class=\"row align-items-start\">\n<div class=\"col-md-6 order-2 order-md-1\">\n<div class=\"custom-toc-box\">\n<div id=\"toc-header\">\n<h4>Indice dei contenuti<\/h4>\n<div class=\"toc-toggle-icon\"><\/div>\n<\/p><\/div>\n<div class=\"toc-full-divider\"><\/div>\n<div id=\"toc-body\">\n<div id=\"toc-container\"><\/div>\n<\/p><\/div>\n<\/p><\/div>\n<\/p><\/div>\n<div class=\"col-md-6 order-1 order-md-2\" id=\"jForm\">\n                <script type=\"text\/javascript\" src=\"https:\/\/form.jotform.com\/jsform\/242882600814961\"><\/script>\n            <\/div>\n<\/p><\/div>\n<\/p><\/div>\n<div class=\"container\">\n<div class=\"img-thumb\">\n            <img loading=\"lazy\" decoding=\"async\" width=\"1700\" height=\"1080\" src=\"https:\/\/drterziler.com\/wp-content\/uploads\/2024\/08\/6.webp\" alt=\"\" srcset=\"https:\/\/drterziler.com\/wp-content\/uploads\/2024\/08\/6.webp 1700w, https:\/\/drterziler.com\/wp-content\/uploads\/2024\/08\/6-300x191.webp 300w, https:\/\/drterziler.com\/wp-content\/uploads\/2024\/08\/6-1024x651.webp 1024w, https:\/\/drterziler.com\/wp-content\/uploads\/2024\/08\/6-768x488.webp 768w, https:\/\/drterziler.com\/wp-content\/uploads\/2024\/08\/6-1536x976.webp 1536w\" sizes=\"auto, (max-width: 1700px) 100vw, 1700px\">\n        <\/div>\n<div>\n<div>\n<h2 class=\"h2-header\">Capire il fattore et\u00e0 nei trapianti di capelli<\/h2>\n<\/p><\/div>\n<div>\n<p class=\"p-text\">La perdita di capelli pu\u00f2 colpire individui in varie fasi della vita, portando molti a considerare l&#039;intervento di trapianto di capelli come una soluzione. Tuttavia, determinare l&#039;et\u00e0 appropriata per questa procedura \u00e8 fondamentale per ottenere risultati ottimali. Il Dr. Terziler, rinomato esperto di restauro dei capelli, fornisce preziose informazioni su questo argomento.<\/p>\n<\/p><\/div>\n<\/p><\/div>\n<div>\n<div>\n<h2 class=\"h2-header\">L&#039;importanza dell&#039;et\u00e0 nella chirurgia del trapianto di capelli<\/h2>\n<\/p><\/div>\n<div>\n<p class=\"p-text\">L&#039;et\u00e0 gioca un ruolo significativo nel successo e nella longevit\u00e0 dei risultati del trapianto di capelli. Ecco perch\u00e9: Stabilit\u00e0 del modello di caduta dei capelli Disponibilit\u00e0 di capelli del donatore Pianificazione a lungo termine<\/p>\n<\/p><\/div>\n<\/p><\/div>\n<div>\n<div>\n<h2 class=\"h2-header\">Et\u00e0 minima consigliata<\/h2>\n<\/p><\/div>\n<div>\n<p class=\"p-text\">Sebbene non esista un&#039;et\u00e0 minima universalmente definita per l&#039;intervento di trapianto di capelli, il Dr. Terziler raccomanda generalmente che i pazienti abbiano almeno 25 anni prima di prendere in considerazione la procedura. Tuttavia, questa indicazione pu\u00f2 variare in base alle circostanze individuali.<\/p>\n<\/p><\/div>\n<\/p><\/div>\n<div>\n<div>\n<h2 class=\"h2-header\">Fattori che influenzano la decisione<\/h2>\n<\/p><\/div>\n<div>\n<p class=\"p-text\">Il Dr. Terziler considera diversi fattori quando valuta l&#039;idoneit\u00e0 di un paziente all&#039;intervento di trapianto di capelli: Estensione e progressione della perdita di capelli Storia familiare di calvizie Stato di salute generale Aspettative realistiche<\/p>\n<\/p><\/div>\n<\/p><\/div>\n<div>\n<div>\n<h2 class=\"h2-header\">Rischi di un trapianto di capelli troppo precoce<\/h2>\n<\/p><\/div>\n<div>\n<p class=\"p-text\">Optare per un trapianto di capelli in et\u00e0 molto giovane pu\u00f2 portare a diversi problemi: Modello di perdita dei capelli incompleto Impoverimento dei capelli dei donatori per le procedure future Risultati poco naturali con l&#039;avanzare dell&#039;et\u00e0.<\/p>\n<\/p><\/div>\n<\/p><\/div>\n<div>\n<div>\n<h2 class=\"h2-header\">Alternative per i pazienti pi\u00f9 giovani<\/h2>\n<\/p><\/div>\n<div>\n<p class=\"p-text\">Per i pazienti di et\u00e0 inferiore ai 25 anni o per quelli con un modello di perdita di capelli instabile, il Dr. Terziler pu\u00f2 consigliare trattamenti alternativi: Farmaci come Finasteride o Minoxidil Terapia con plasma ricco di piastrine (PRP) Micropigmentazione del cuoio capelluto<\/p>\n<\/p><\/div>\n<\/p><\/div>\n<div>\n<div>\n<h2 class=\"h2-header\">Quando considerare l&#039;intervento di trapianto di capelli<\/h2>\n<\/p><\/div>\n<div>\n<p class=\"p-text\">Il Dr. Terziler consiglia di considerare l&#039;intervento di trapianto di capelli quando: la perdita di capelli si \u00e8 stabilizzata Si dispone di un numero sufficiente di capelli da donatore Si \u00e8 in buona salute generale Si hanno aspettative realistiche sui risultati<\/p>\n<\/p><\/div>\n<\/p><\/div>\n<div>\n<div>\n<h2 class=\"h2-header\">L&#039;importanza del consulto<\/h2>\n<\/p><\/div>\n<div>\n<p class=\"p-text\">Indipendentemente dall&#039;et\u00e0, un consulto approfondito con un chirurgo esperto in trapianti di capelli come il Dr. Terziler \u00e8 fondamentale. Durante questo consulto, il Dr. Terziler: Valuter\u00e0 il vostro modello di perdita di capelli Valuter\u00e0 la disponibilit\u00e0 dei capelli del donatore Discuter\u00e0 le vostre aspettative e preoccupazioni Raccomander\u00e0 il piano di trattamento pi\u00f9 appropriato<\/p>\n<\/p><\/div>\n<\/p><\/div>\n<div>\n<div>\n<h2 class=\"h2-header\">Conclusioni<\/h2>\n<\/p><\/div>\n<div>\n<p class=\"p-text\">Sebbene non esista un&#039;et\u00e0 minima rigorosa per sottoporsi a un intervento di trapianto di capelli, il Dr. Terziler sottolinea l&#039;importanza di un&#039;attenta valutazione e di una guida esperta. Aspettando fino ai 20 anni o pi\u00f9 tardi, si aumentano le possibilit\u00e0 di ottenere risultati naturali e duraturi. Ricordate che la situazione di ogni individuo \u00e8 unica e che un approccio personalizzato \u00e8 la chiave del successo del trapianto di capelli.<\/p>\n<\/p><\/div>\n<\/p><\/div>\n<\/p><\/div>\n<\/section>\n","protected":false},"excerpt":{"rendered":"<p>Et\u00e0 minima per un intervento di trapianto di capelli? Dr. Terziler Exclusive Clinic \u00bb Trapianto di capelli \u00bb Et\u00e0 minima per un intervento di trapianto di capelli? Indice dei contenuti Capire il fattore et\u00e0 nei trapianti di capelli La perdita di capelli pu\u00f2 colpire individui in varie fasi della vita, portando molti a considerare l&#039;intervento [&hellip;]<\/p>\n","protected":false},"author":6,"featured_media":0,"parent":2993,"menu_order":0,"comment_status":"closed","ping_status":"closed","template":"","meta":{"footnotes":""},"class_list":["post-14838","page","type-page","status-publish","hentry"],"_links":{"self":[{"href":"https:\/\/drterziler.com\/it\/wp-json\/wp\/v2\/pages\/14838","targetHints":{"allow":["GET"]}}],"collection":[{"href":"https:\/\/drterziler.com\/it\/wp-json\/wp\/v2\/pages"}],"about":[{"href":"https:\/\/drterziler.com\/it\/wp-json\/wp\/v2\/types\/page"}],"author":[{"embeddable":true,"href":"https:\/\/drterziler.com\/it\/wp-json\/wp\/v2\/users\/6"}],"replies":[{"embeddable":true,"href":"https:\/\/drterziler.com\/it\/wp-json\/wp\/v2\/comments?post=14838"}],"version-history":[{"count":6,"href":"https:\/\/drterziler.com\/it\/wp-json\/wp\/v2\/pages\/14838\/revisions"}],"predecessor-version":[{"id":58293,"href":"https:\/\/drterziler.com\/it\/wp-json\/wp\/v2\/pages\/14838\/revisions\/58293"}],"up":[{"embeddable":true,"href":"https:\/\/drterziler.com\/it\/wp-json\/wp\/v2\/pages\/2993"}],"wp:attachment":[{"href":"https:\/\/drterziler.com\/it\/wp-json\/wp\/v2\/media?parent=14838"}],"curies":[{"name":"wp","href":"https:\/\/api.w.org\/{rel}","templated":true}]}}