{"id":16093,"date":"2025-01-27T12:06:11","date_gmt":"2025-01-27T12:06:11","guid":{"rendered":"https:\/\/drterziler.com\/estetica-medica\/yuz-uygulamalari\/fransiz-aski\/"},"modified":"2026-02-28T19:05:47","modified_gmt":"2026-02-28T19:05:47","slug":"sollevamento-del-filo-francese","status":"publish","type":"page","link":"https:\/\/drterziler.com\/it\/estetica-medica\/trattamenti-viso\/sollevamento-del-filo-francese\/","title":{"rendered":"Sollevamento del filo francese"},"content":{"rendered":"<div class=\"page-content\">\n<div id=\"header-area\">\n<div class=\"container\" id=\"firstContent\">\n<div class=\"header-content d-flex flex-column\">\n<h1 class=\"content-title h1-header\">Sollevamento del filo francese<\/h1>\n<div class=\"content-paragraph\">\n<p class=\"p-text\">French thread lifting crea un effetto lifting naturale sospendendo i contorni del viso con fili sottili posti sotto la pelle. Rassoda la pelle, affrontando rilassamento e rilassamento cutaneo, donando un aspetto giovane e dinamico. La procedura \u00e8 minimamente invasiva e viene generalmente eseguita in anestesia locale.<\/p>\n<\/p><\/div>\n<nav aria-label=\"breadcrumb\" class=\"breadcrumbs\">\n<ul class=\"d-flex align-items-center mb-0\">\n<li><a class=\"link\" href=\"https:\/\/drterziler.com\/it\/\"><span>Dr. Terziler Exclusive Clinic<\/span><\/a><\/li>\n<li class=\"separator\">\u00bb<\/li>\n<li><a class=\"link\" href=\"https:\/\/drterziler.com\/it\/estetica-medica\/\"><span>Estetica medica<\/span><\/a><\/li>\n<li class=\"separator\">\u00bb<\/li>\n<li><a class=\"link\" href=\"https:\/\/drterziler.com\/it\/estetica-medica\/trattamenti-viso\/\"><span>Trattamenti viso<\/span><\/a><\/li>\n<li class=\"separator\">\u00bb<\/li>\n<li class=\"current-page\"><span>Sollevamento del filo francese<\/span><\/li>\n<\/ul>\n<\/nav><\/div>\n<\/p><\/div>\n<\/p><\/div>\n<\/div>\n<section id=\"content-area\">\n<div class=\"container my-5\">\n<div class=\"row align-items-start\">\n<div class=\"col-md-6 order-2 order-md-1\">\n<div class=\"custom-toc-box\">\n<div id=\"toc-header\">\n<h4>Indice dei contenuti<\/h4>\n<div class=\"toc-toggle-icon\"><\/div>\n<\/p><\/div>\n<div class=\"toc-full-divider\"><\/div>\n<div id=\"toc-body\">\n<div id=\"toc-container\"><\/div>\n<\/p><\/div>\n<\/p><\/div>\n<\/p><\/div>\n<div class=\"col-md-6 order-1 order-md-2\" id=\"jForm\">\n                <script type=\"text\/javascript\" src=\"https:\/\/form.jotform.com\/jsform\/242882600814961\"><\/script>\n            <\/div>\n<\/p><\/div>\n<\/p><\/div>\n<div class=\"container\">\n<div class=\"img-thumb\">\n            <img loading=\"lazy\" decoding=\"async\" src=\"https:\/\/drterziler.com\/wp-content\/uploads\/2025\/01\/FRANSIZ-ASKISI.webp\" sizes=\"auto, (max-width: 1920px) 100vw, 1920px\" srcset=\"https:\/\/drterziler.com\/wp-content\/uploads\/2025\/01\/FRANSIZ-ASKISI.webp 1920w, https:\/\/drterziler.com\/wp-content\/uploads\/2025\/01\/FRANSIZ-ASKISI-300x169.webp 300w, https:\/\/drterziler.com\/wp-content\/uploads\/2025\/01\/FRANSIZ-ASKISI-1024x576.webp 1024w, https:\/\/drterziler.com\/wp-content\/uploads\/2025\/01\/FRANSIZ-ASKISI-768x432.webp 768w, https:\/\/drterziler.com\/wp-content\/uploads\/2025\/01\/FRANSIZ-ASKISI-1536x864.webp 1536w\" alt=\"\" width=\"1920\" height=\"1080\">\n        <\/div>\n<div>\n<div>\n<h2 class=\"h2-header\">Che cos&#039;\u00e8 il French Thread Lift?<\/h2>\n<\/p><\/div>\n<div>\n<p class=\"p-text\">Il French Thread Lift \u00e8 una tecnica di lifting facciale non chirurgica ed efficace che non richiede anestesia. Fili speciali posizionati sotto la pelle sollevano i contorni del viso, correggendo cedimenti e lassit\u00e0. Inoltre, stimola la produzione di collagene sotto la pelle, fornendo un aspetto pi\u00f9 tonico e giovane.<\/p>\n<\/p><\/div>\n<\/p><\/div>\n<div>\n<div>\n<h2 class=\"h2-header\">Come influisce il French Thread Lift sulla pelle?<\/h2>\n<\/p><\/div>\n<div>\n<p class=\"p-text\">Il French Thread Lift funziona con fili flessibili posizionati negli strati pi\u00f9 profondi della pelle. Questi fili creano un effetto lifting immediato, rassodando la pelle rilassata e promuovendo la produzione di collagene. Di conseguenza, la pelle diventa pi\u00f9 tonica, voluminosa e acquista un aspetto giovanile. Inoltre, i lineamenti del viso diventano pi\u00f9 definiti e la lassit\u00e0 in aree come sopracciglia, mento e zigomi viene eliminata.<\/p>\n<\/p><\/div>\n<\/p><\/div>\n<div>\n<div>\n<h2 class=\"h2-header\">Chi sono i candidati adatti?<\/h2>\n<\/p><\/div>\n<div>\n<p class=\"p-text\">Persone di et\u00e0 compresa tra i 35 e i 60 anni Coloro che presentano un rilassamento cutaneo lieve o moderato sul viso Persone che preferiscono soluzioni non chirurgiche ma cercano risultati efficaci Individui che hanno gi\u00e0 subito interventi chirurgici e hanno notato un rilassamento dei tessuti Persone in buona salute generale<\/p>\n<\/p><\/div>\n<\/p><\/div>\n<div>\n<div>\n<h2 class=\"h2-header\">Quali problemi della pelle tratta?<\/h2>\n<\/p><\/div>\n<div>\n<p class=\"p-text\">Il French Thread Lift tratta il rilassamento del viso, la lassit\u00e0 lungo la linea mandibolare, la perdita di definizione degli zigomi, l&#039;aspetto stanco e spento, l&#039;abbassamento delle sopracciglia e altri problemi cutanei. Inoltre, ripristina l&#039;elasticit\u00e0 dell&#039;area degli occhi e del collo, donando un aspetto pi\u00f9 giovane alla pelle.<\/p>\n<\/p><\/div>\n<\/p><\/div>\n<div>\n<div>\n<h2 class=\"h2-header\">I vantaggi perfetti del French Thread Lift<\/h2>\n<\/p><\/div>\n<div>\n<p class=\"p-text\">Procedura non chirurgica Risultati immediati Effetto ringiovanente a lunga durata Tempo di recupero minimo Aspetto naturale ed estetico Alta sicurezza Risoluzione di molteplici problemi del viso contemporaneamente Applicazione rapida e semplice Effetti permanenti<\/p>\n<\/p><\/div>\n<\/p><\/div>\n<div>\n<div>\n<h2 class=\"h2-header\">Quanto dura l&#039;effetto?<\/h2>\n<\/p><\/div>\n<div>\n<p class=\"p-text\">Il French Thread Lift fornisce generalmente risultati efficaci per un periodo compreso tra 3 e 5 anni. La durata dell&#039;effetto pu\u00f2 variare in base a fattori come l&#039;et\u00e0, il tipo di pelle e la qualit\u00e0 dei fili utilizzati. Durante questo periodo, la continua produzione di collagene aiuta a mantenere l&#039;effetto ringiovanente sulla pelle.<\/p>\n<\/p><\/div>\n<\/p><\/div>\n<div>\n<div>\n<h2 class=\"h2-header\">French Thread Lift non chirurgico<\/h2>\n<\/p><\/div>\n<div>\n<p class=\"p-text\">Il French Thread Lift \u00e8 una soluzione non chirurgica per il lifting del viso. Eseguito in anestesia locale, il processo di recupero \u00e8 molto rapido. Questa procedura, che non comporta rischi chirurgici, modella i contorni del viso in modo naturale, ottenendo un effetto ringiovanente.<\/p>\n<\/p><\/div>\n<\/p><\/div>\n<div>\n<div>\n<h2 class=\"h2-header\">Ci sono effetti collaterali?<\/h2>\n<\/p><\/div>\n<div>\n<p class=\"p-text\">Il French Thread Lift \u00e8 generalmente un metodo sicuro. Tuttavia, dopo la procedura, si possono verificare lievi arrossamenti, gonfiore o sensibilit\u00e0. Questi effetti collaterali di solito si risolvono spontaneamente entro pochi giorni.<\/p>\n<\/p><\/div>\n<\/p><\/div>\n<div>\n<div>\n<h2 class=\"h2-header\">Perch\u00e9 scegliere la Dr. Terziler Exclusive Clinic?<\/h2>\n<\/p><\/div>\n<div>\n<p class=\"p-text\">Il Dr. Terziler unisce un&#039;esperienza di fama mondiale a un approccio estetico che fonde arte e scienza, offrendo soluzioni personalizzate che forniscono non solo una trasformazione fisica ma anche emotiva. La nostra clinica, dotata di tecnologie avanzate e operante con un focus su comfort e sicurezza, abbraccia l&#039;eccellenza come filosofia istituzionale. Perch\u00e9 qui, ogni tocco mira a migliorare la tua salute e felicit\u00e0 a livello globale.<\/p>\n<\/p><\/div>\n<\/p><\/div>\n<\/p><\/div>\n<\/section>\n","protected":false},"excerpt":{"rendered":"<p>Sollevamento del filo francese French thread lifting crea un effetto lifting naturale sospendendo i contorni del viso con fili sottili posti sotto la pelle. Rassoda la pelle, affrontando rilassamento e rilassamento cutaneo, donando un aspetto giovane e dinamico. La procedura \u00e8 minimamente invasiva e viene generalmente eseguita in anestesia locale. Dr. Terziler Exclusive Clinic \u00bb [&hellip;]<\/p>\n","protected":false},"author":6,"featured_media":0,"parent":15918,"menu_order":0,"comment_status":"closed","ping_status":"closed","template":"","meta":{"footnotes":""},"class_list":["post-16093","page","type-page","status-publish","hentry"],"_links":{"self":[{"href":"https:\/\/drterziler.com\/it\/wp-json\/wp\/v2\/pages\/16093","targetHints":{"allow":["GET"]}}],"collection":[{"href":"https:\/\/drterziler.com\/it\/wp-json\/wp\/v2\/pages"}],"about":[{"href":"https:\/\/drterziler.com\/it\/wp-json\/wp\/v2\/types\/page"}],"author":[{"embeddable":true,"href":"https:\/\/drterziler.com\/it\/wp-json\/wp\/v2\/users\/6"}],"replies":[{"embeddable":true,"href":"https:\/\/drterziler.com\/it\/wp-json\/wp\/v2\/comments?post=16093"}],"version-history":[{"count":14,"href":"https:\/\/drterziler.com\/it\/wp-json\/wp\/v2\/pages\/16093\/revisions"}],"predecessor-version":[{"id":58335,"href":"https:\/\/drterziler.com\/it\/wp-json\/wp\/v2\/pages\/16093\/revisions\/58335"}],"up":[{"embeddable":true,"href":"https:\/\/drterziler.com\/it\/wp-json\/wp\/v2\/pages\/15918"}],"wp:attachment":[{"href":"https:\/\/drterziler.com\/it\/wp-json\/wp\/v2\/media?parent=16093"}],"curies":[{"name":"wp","href":"https:\/\/api.w.org\/{rel}","templated":true}]}}