{"id":16141,"date":"2025-01-27T12:13:29","date_gmt":"2025-01-27T12:13:29","guid":{"rendered":"https:\/\/drterziler.com\/estetica-medica\/yuz-uygulamalari\/likit-yuz-germe\/"},"modified":"2026-04-21T13:59:23","modified_gmt":"2026-04-21T13:59:23","slug":"lifting-liquido","status":"publish","type":"page","link":"https:\/\/drterziler.com\/it\/estetica-medica\/trattamenti-viso\/lifting-liquido\/","title":{"rendered":"Lifting liquido"},"content":{"rendered":"<div class=\"page-content\">\n<div id=\"header-area\">\n<div class=\"container\" id=\"firstContent\">\n<div class=\"header-content d-flex flex-column\">\n<h1 class=\"content-title h1-header\">Lifting liquido<\/h1>\n<div class=\"content-paragraph\">\n<p class=\"p-text\">Il lifting liquido modella i contorni del viso e rassoda la pelle utilizzando acido ialuronico e filler simili. Offrendo risultati rapidi ed efficaci, ringiovanisce il viso senza la necessit\u00e0 di un intervento chirurgico. I cedimenti e le rughe sul viso sono notevolmente ridotti.<\/p>\n<\/p><\/div>\n<nav aria-label=\"breadcrumb\" class=\"breadcrumbs\">\n<ul class=\"d-flex align-items-center mb-0\">\n<li><a class=\"link\" href=\"https:\/\/drterziler.com\/it\/\"><span>Dr. Terziler Exclusive Clinic<\/span><\/a><\/li>\n<li class=\"separator\">\u00bb<\/li>\n<li><a class=\"link\" href=\"https:\/\/drterziler.com\/it\/estetica-medica\/\"><span>Estetica medica<\/span><\/a><\/li>\n<li class=\"separator\">\u00bb<\/li>\n<li><a class=\"link\" href=\"https:\/\/drterziler.com\/it\/estetica-medica\/trattamenti-viso\/\"><span>Trattamenti viso<\/span><\/a><\/li>\n<li class=\"separator\">\u00bb<\/li>\n<li class=\"current-page\"><span>Lifting liquido<\/span><\/li>\n<\/ul>\n<\/nav><\/div>\n<\/p><\/div>\n<\/p><\/div>\n<\/div>\n<section id=\"content-area\">\n<div class=\"container my-5\">\n<div class=\"row align-items-start\">\n<div class=\"col-md-6 order-2 order-md-1\">\n<div class=\"custom-toc-box\">\n<div id=\"toc-header\">\n<h4>Indice dei contenuti<\/h4>\n<div class=\"toc-toggle-icon\"><\/div>\n<\/p><\/div>\n<div class=\"toc-full-divider\"><\/div>\n<div id=\"toc-body\">\n<div id=\"toc-container\"><\/div>\n<\/p><\/div>\n<\/p><\/div>\n<\/p><\/div>\n<div class=\"col-md-6 order-1 order-md-2\" id=\"jForm\">\n                <script type=\"text\/javascript\" src=\"https:\/\/form.jotform.com\/jsform\/242882600814961\"><\/script>\n            <\/div>\n<\/p><\/div>\n<\/p><\/div>\n<div class=\"container\">\n<div class=\"img-thumb\">\n            <img loading=\"lazy\" decoding=\"async\" src=\"https:\/\/drterziler.com\/wp-content\/uploads\/2025\/01\/Likit-Yuz-Germe.webp\" sizes=\"auto, (max-width: 1920px) 100vw, 1920px\" srcset=\"https:\/\/drterziler.com\/wp-content\/uploads\/2025\/01\/Likit-Yuz-Germe.webp 1920w, https:\/\/drterziler.com\/wp-content\/uploads\/2025\/01\/Likit-Yuz-Germe-300x169.webp 300w, https:\/\/drterziler.com\/wp-content\/uploads\/2025\/01\/Likit-Yuz-Germe-1024x576.webp 1024w, https:\/\/drterziler.com\/wp-content\/uploads\/2025\/01\/Likit-Yuz-Germe-768x432.webp 768w, https:\/\/drterziler.com\/wp-content\/uploads\/2025\/01\/Likit-Yuz-Germe-1536x864.webp 1536w\" alt=\"\" width=\"1920\" height=\"1080\">\n        <\/div>\n<div>\n<div>\n<h2 class=\"h2-header\">Che cos&#039;\u00e8 il trattamento Liquid Face Lift?<\/h2>\n<\/p><\/div>\n<div>\n<p class=\"p-text\">Il liquid face lift \u00e8 un trattamento estetico non chirurgico utilizzato per eliminare il rilassamento cutaneo e i segni dell&#039;invecchiamento. La perdita di elasticit\u00e0, le linee sottili e le rughe del viso vengono corrette con l&#039;uso di sostanze come filler e Botox. Questa procedura viene solitamente eseguita con materiali come l&#039;acido ialuronico, la tossina botulinica (Botox) o l&#039;idrossiapatite di calcio, che aggiungono volume alla pelle e forniscono un rassodamento naturale.<\/p>\n<\/p><\/div>\n<\/p><\/div>\n<div>\n<div>\n<h2 class=\"h2-header\">Come funziona il Liquid Face Lift?<\/h2>\n<\/p><\/div>\n<div>\n<p class=\"p-text\">Il liquid face lift agisce attraverso sostanze iniettate sotto la pelle. Queste sostanze aumentano la produzione di collagene, rassodando le aree rilassate. I contorni del viso vengono ridefiniti, le sopracciglia sollevate, la linea mandibolare diventa pi\u00f9 definita e le linee sottili intorno agli occhi si riducono. Inoltre, i filler aiutano a ripristinare l&#039;elasticit\u00e0 della pelle, donando un aspetto pi\u00f9 giovane.<\/p>\n<\/p><\/div>\n<\/p><\/div>\n<div>\n<div>\n<h2 class=\"h2-header\">Chi \u00e8 idoneo?<\/h2>\n<\/p><\/div>\n<div>\n<p class=\"p-text\">Persone con rilassamento cutaneo lieve o moderato Coloro che desiderano eliminare i segni dell&#039;invecchiamento Individui che preferiscono soluzioni non chirurgiche Persone che cercano un ringiovanimento naturale e graduale Individui di et\u00e0 pari o superiore a 18 anni Coloro che vogliono migliorare l&#039;elasticit\u00e0 della pelle Persone che desiderano risultati rapidi Coloro che desiderano un aspetto della pelle pi\u00f9 giovane e sano Volti che sperimentano una perdita di volume<\/p>\n<\/p><\/div>\n<\/p><\/div>\n<div>\n<div>\n<h2 class=\"h2-header\">Agenti di lifting biologico<\/h2>\n<\/p><\/div>\n<div>\n<p class=\"p-text\">Gli agenti di lifting biologico contengono componenti come acido ialuronico, collagene ed elastina, che sono i mattoni naturali della pelle. Queste sostanze biologiche vengono iniettate sotto la pelle per eliminare la perdita di elasticit\u00e0, le linee sottili, le rughe e le carenze di volume. Gli agenti di lifting biologico stimolano il processo di autoriparazione e rinnovamento della pelle, garantendo un ringiovanimento a lungo termine. Inoltre, aiutano a mantenere l&#039;equilibrio dell&#039;umidit\u00e0 cutanea, donando un aspetto sano e luminoso.<\/p>\n<\/p><\/div>\n<\/p><\/div>\n<div>\n<div>\n<h2 class=\"h2-header\">Quali sono i vantaggi del Liquid Face Lift?<\/h2>\n<\/p><\/div>\n<div>\n<p class=\"p-text\">Procedura non chirurgica Efficacia immediata Risultati naturali Tempo di recupero minimo Procedura rapida Effetti di lunga durata Sicuro ed efficace<\/p>\n<\/p><\/div>\n<\/p><\/div>\n<div>\n<div>\n<h2 class=\"h2-header\">Quali problemi tratta?<\/h2>\n<\/p><\/div>\n<div>\n<p class=\"p-text\">Il liquid face lift mira a vari segni di invecchiamento della pelle. Tratta linee sottili e rughe profonde, in particolare intorno agli occhi, agli angoli della bocca e sulla fronte. Inoltre, i filler vengono applicati alle aree che hanno subito una perdita di volume (come gli zigomi e la linea mandibolare) per ottenere un aspetto pi\u00f9 giovane e levigato. Il rilassamento cutaneo causato dalla perdita di elasticit\u00e0 pu\u00f2 essere corretto con questo trattamento.<\/p>\n<\/p><\/div>\n<\/p><\/div>\n<div>\n<div>\n<h2 class=\"h2-header\">Quanto dura l&#039;effetto?<\/h2>\n<\/p><\/div>\n<div>\n<p class=\"p-text\">I trattamenti di liquid face lift forniscono generalmente risultati efficaci per un periodo compreso tra 6 mesi e 1 anno. La durata dei risultati pu\u00f2 variare a seconda del tipo di sostanze utilizzate e di fattori personali. Ad esempio, il Botox pu\u00f2 avere un effetto pi\u00f9 breve, mentre i filler a base di acido ialuronico tendono a durare pi\u00f9 a lungo. Durante questo periodo, ripetere il trattamento pu\u00f2 aiutare a mantenere l&#039;effetto ringiovanente.<\/p>\n<\/p><\/div>\n<\/p><\/div>\n<div>\n<div>\n<h2 class=\"h2-header\">Ci sono effetti collaterali?<\/h2>\n<\/p><\/div>\n<div>\n<p class=\"p-text\">I trattamenti di liquid face lift sono estremamente sicuri e presentano generalmente effetti collaterali minimi. Dopo la procedura, alcuni pazienti possono sperimentare lievi arrossamenti, gonfiore o lividi, ma questi effetti di solito scompaiono entro poche ore. Con un intervento attento e professionale da parte di esperti, viene garantito il massimo comfort post-trattamento.<\/p>\n<\/p><\/div>\n<\/p><\/div>\n<div>\n<div>\n<h2 class=\"h2-header\">Perch\u00e9 scegliere la Dr. Terziler Exclusive Clinic?<\/h2>\n<\/p><\/div>\n<div>\n<p class=\"p-text\">Il Dr. Terziler unisce un&#039;esperienza riconosciuta a livello globale con un approccio estetico che fonde arte e scienza, offrendo soluzioni personalizzate che forniscono non solo una trasformazione fisica ma anche emotiva. La nostra clinica, dotata di tecnologie avanzate e operante con un focus su comfort e sicurezza, abbraccia l&#039;eccellenza come filosofia istituzionale. Perch\u00e9 qui, ogni tocco mira a migliorare la tua salute e felicit\u00e0 a livello globale.<\/p>\n<\/p><\/div>\n<\/p><\/div>\n<\/p><\/div>\n<\/section>\n","protected":false},"excerpt":{"rendered":"<p>Lifting liquido Il lifting liquido modella i contorni del viso e rassoda la pelle utilizzando acido ialuronico e filler simili. Offrendo risultati rapidi ed efficaci, ringiovanisce il viso senza la necessit\u00e0 di un intervento chirurgico. I cedimenti e le rughe sul viso sono notevolmente ridotti. Dr. Terziler Exclusive Clinic \u00bb Estetica medica \u00bb Trattamenti viso [&hellip;]<\/p>\n","protected":false},"author":6,"featured_media":0,"parent":15918,"menu_order":0,"comment_status":"closed","ping_status":"closed","template":"","meta":{"footnotes":""},"class_list":["post-16141","page","type-page","status-publish","hentry"],"_links":{"self":[{"href":"https:\/\/drterziler.com\/it\/wp-json\/wp\/v2\/pages\/16141","targetHints":{"allow":["GET"]}}],"collection":[{"href":"https:\/\/drterziler.com\/it\/wp-json\/wp\/v2\/pages"}],"about":[{"href":"https:\/\/drterziler.com\/it\/wp-json\/wp\/v2\/types\/page"}],"author":[{"embeddable":true,"href":"https:\/\/drterziler.com\/it\/wp-json\/wp\/v2\/users\/6"}],"replies":[{"embeddable":true,"href":"https:\/\/drterziler.com\/it\/wp-json\/wp\/v2\/comments?post=16141"}],"version-history":[{"count":15,"href":"https:\/\/drterziler.com\/it\/wp-json\/wp\/v2\/pages\/16141\/revisions"}],"predecessor-version":[{"id":62387,"href":"https:\/\/drterziler.com\/it\/wp-json\/wp\/v2\/pages\/16141\/revisions\/62387"}],"up":[{"embeddable":true,"href":"https:\/\/drterziler.com\/it\/wp-json\/wp\/v2\/pages\/15918"}],"wp:attachment":[{"href":"https:\/\/drterziler.com\/it\/wp-json\/wp\/v2\/media?parent=16141"}],"curies":[{"name":"wp","href":"https:\/\/api.w.org\/{rel}","templated":true}]}}