{"id":16302,"date":"2025-01-27T12:45:37","date_gmt":"2025-01-27T12:45:37","guid":{"rendered":"https:\/\/drterziler.com\/estetica-medica\/yuz-uygulamalari\/filler\/cene-dolgusu\/"},"modified":"2026-02-28T19:11:31","modified_gmt":"2026-02-28T19:11:31","slug":"riempitivo-per-il-mento","status":"publish","type":"page","link":"https:\/\/drterziler.com\/it\/estetica-medica\/trattamenti-viso\/riempitivo\/riempitivo-per-il-mento\/","title":{"rendered":"Riempitivo per il mento"},"content":{"rendered":"<div class=\"page-content\">\n<div id=\"header-area\">\n<div class=\"container\" id=\"firstContent\">\n<div class=\"header-content d-flex flex-column\">\n<h1 class=\"content-title h1-header\">Riempitivo per il mento<\/h1>\n<div class=\"content-paragraph\">\n<p class=\"p-text\">Il filler del mento \u00e8 una procedura estetica progettata per definire la forma e i contorni del mento. Questo trattamento riequilibra i tratti del viso, creando un aspetto pi\u00f9 attraente e simmetrico. Viene eseguito utilizzando materiali di riempimento come l&#039;acido ialuronico e offre un processo di trattamento confortevole.<\/p>\n<\/p><\/div>\n<nav aria-label=\"breadcrumb\" class=\"breadcrumbs\">\n<ul class=\"d-flex align-items-center mb-0\">\n<li><a class=\"link\" href=\"https:\/\/drterziler.com\/it\/\"><span>Dr. Terziler Exclusive Clinic<\/span><\/a><\/li>\n<li class=\"separator\">\u00bb<\/li>\n<li><a class=\"link\" href=\"https:\/\/drterziler.com\/it\/estetica-medica\/\"><span>Estetica medica<\/span><\/a><\/li>\n<li class=\"separator\">\u00bb<\/li>\n<li><a class=\"link\" href=\"https:\/\/drterziler.com\/it\/estetica-medica\/trattamenti-viso\/\"><span>Trattamenti viso<\/span><\/a><\/li>\n<li class=\"separator\">\u00bb<\/li>\n<li><a class=\"link\" href=\"https:\/\/drterziler.com\/it\/estetica-medica\/trattamenti-viso\/riempitivo\/\"><span>Riempitivo<\/span><\/a><\/li>\n<li class=\"separator\">\u00bb<\/li>\n<li class=\"current-page\"><span>Riempitivo per il mento<\/span><\/li>\n<\/ul>\n<\/nav><\/div>\n<\/p><\/div>\n<\/p><\/div>\n<\/div>\n<section id=\"content-area\">\n<div class=\"container my-5\">\n<div class=\"row align-items-start\">\n<div class=\"col-md-6 order-2 order-md-1\">\n<div class=\"custom-toc-box\">\n<div id=\"toc-header\">\n<h4>Indice dei contenuti<\/h4>\n<div class=\"toc-toggle-icon\"><\/div>\n<\/p><\/div>\n<div class=\"toc-full-divider\"><\/div>\n<div id=\"toc-body\">\n<div id=\"toc-container\"><\/div>\n<\/p><\/div>\n<\/p><\/div>\n<\/p><\/div>\n<div class=\"col-md-6 order-1 order-md-2\" id=\"jForm\">\n                <script type=\"text\/javascript\" src=\"https:\/\/form.jotform.com\/jsform\/242882600814961\"><\/script>\n            <\/div>\n<\/p><\/div>\n<\/p><\/div>\n<div class=\"container\">\n<div class=\"img-thumb\">\n            <img loading=\"lazy\" decoding=\"async\" src=\"https:\/\/drterziler.com\/wp-content\/uploads\/2025\/01\/Cene-Dolgusu.webp\" sizes=\"auto, (max-width: 1920px) 100vw, 1920px\" srcset=\"https:\/\/drterziler.com\/wp-content\/uploads\/2025\/01\/Cene-Dolgusu.webp 1920w, https:\/\/drterziler.com\/wp-content\/uploads\/2025\/01\/Cene-Dolgusu-300x169.webp 300w, https:\/\/drterziler.com\/wp-content\/uploads\/2025\/01\/Cene-Dolgusu-1024x576.webp 1024w, https:\/\/drterziler.com\/wp-content\/uploads\/2025\/01\/Cene-Dolgusu-768x432.webp 768w, https:\/\/drterziler.com\/wp-content\/uploads\/2025\/01\/Cene-Dolgusu-1536x864.webp 1536w\" alt=\"\" width=\"1920\" height=\"1080\">\n        <\/div>\n<div>\n<div>\n<h2 class=\"h2-header\">Che cos&#039;\u00e8 il filler per il mento?<\/h2>\n<\/p><\/div>\n<div>\n<p class=\"p-text\">Il filler per il mento \u00e8 una procedura estetica medica non chirurgica eseguita per modellare, definire ed equilibrare l&#039;estetica complessiva del viso. Questa procedura utilizza tipicamente filler come l&#039;acido ialuronico, l&#039;idrossiapatite di calcio o sostanze simili. Pu\u00f2 essere applicata per vari scopi, come accentuare la linea mandibolare, allungare il mento o aggiungere volume all&#039;area del mento.<\/p>\n<\/p><\/div>\n<\/p><\/div>\n<div>\n<div>\n<h2 class=\"h2-header\">Per chi \u00e8 adatto?<\/h2>\n<\/p><\/div>\n<div>\n<p class=\"p-text\">Coloro che desiderano rendere pi\u00f9 definiti i tratti del viso Persone con asimmetria del mento Coloro che vogliono un aspetto facciale pi\u00f9 equilibrato Persone la cui linea del mento si \u00e8 indebolita a causa dell&#039;invecchiamento Individui che sperimentano rughe o rilassamento del viso Persone con perdita di volume sulla punta del mento Coloro che desiderano migliorare l&#039;aspetto della loro linea mandibolare Chi non vuole un intervento chirurgico Persone che desiderano aggiungere un contorno naturale all&#039;area del mento Coloro che cercano un aspetto giovane e fresco<\/p>\n<\/p><\/div>\n<\/p><\/div>\n<div>\n<div>\n<h2 class=\"h2-header\">Quali sono i benefici?<\/h2>\n<\/p><\/div>\n<div>\n<p class=\"p-text\">Esalta i lineamenti del viso Corregge la struttura asimmetrica del mento Fornisce un contorno facciale attraente ed equilibrato Ripristina il volume perso a causa dell&#039;invecchiamento Non necessita di intervento chirurgico Tempo di recupero breve Risultati immediati Fornisce un aspetto naturale ed estetico Offre risultati duraturi<\/p>\n<\/p><\/div>\n<\/p><\/div>\n<div>\n<div>\n<h2 class=\"h2-header\">Come viene applicato il filler per il mento?<\/h2>\n<\/p><\/div>\n<div>\n<p class=\"p-text\">La procedura di filler per il mento viene eseguita da un estetista esperto o un dermatologo. Nel primo passaggio, l&#039;area del mento viene anestetizzata con anestesia locale. Successivamente, viene selezionato un filler come l&#039;acido ialuronico e iniettato nell&#039;area del mento con aghi. La procedura dura tipicamente tra i 15 e i 30 minuti e si pu\u00f2 riprendere immediatamente la normale attivit\u00e0 quotidiana.<\/p>\n<\/p><\/div>\n<\/p><\/div>\n<div>\n<div>\n<h2 class=\"h2-header\">Che tipo di aspetto fornisce il filler per il mento?<\/h2>\n<\/p><\/div>\n<div>\n<p class=\"p-text\">Il filler per la linea mandibolare affina la linea del mento e fornisce un aspetto pi\u00f9 definito. Migliora i contorni sotto il mento e l&#039;equilibrio complessivo del viso. Inoltre, dona un profilo pi\u00f9 giovane ed estetico.<\/p>\n<\/p><\/div>\n<\/p><\/div>\n<div>\n<div>\n<h2 class=\"h2-header\">\u00c8 una procedura dolorosa?<\/h2>\n<\/p><\/div>\n<div>\n<p class=\"p-text\">Il filler per il mento \u00e8 quasi indolore grazie all&#039;anestesia locale applicata prima della procedura. Questo trattamento rapido e confortevole permette di riprendere la propria routine quotidiana senza interruzioni.<\/p>\n<\/p><\/div>\n<\/p><\/div>\n<div>\n<div>\n<h2 class=\"h2-header\">Quanto durano i risultati?<\/h2>\n<\/p><\/div>\n<div>\n<p class=\"p-text\">Il filler per il mento dura tipicamente tra i 6 e i 18 mesi. Tuttavia, questa durata pu\u00f2 variare in base a fattori personali come l&#039;et\u00e0, il tipo di pelle e lo stile di vita. Con applicazioni di mantenimento, i risultati possono essere prolungati nel tempo.<\/p>\n<\/p><\/div>\n<\/p><\/div>\n<div>\n<div>\n<h2 class=\"h2-header\">Prezzi del filler per il mento<\/h2>\n<\/p><\/div>\n<div>\n<p class=\"p-text\">I prezzi vengono determinati in base al tipo di filler utilizzato, alla quantit\u00e0 necessaria per la procedura e al livello di correzione e modellamento desiderato per l&#039;area del mento. Per maggiori informazioni dettagliate, vi invitiamo a visitare la nostra clinica.<\/p>\n<\/p><\/div>\n<\/p><\/div>\n<div>\n<div>\n<h2 class=\"h2-header\">Perch\u00e9 scegliere la Dr. Terziler Exclusive Clinic?<\/h2>\n<\/p><\/div>\n<div>\n<p class=\"p-text\">Il Dr. Terziler, con esperienza riconosciuta a livello internazionale e un approccio unico che combina arte e scienza, offre soluzioni personalizzate che garantiscono non solo una trasformazione fisica, ma anche un rinnovamento emotivo. La nostra clinica, dotata di tecnologie avanzate e operante secondo i principi di comfort e sicurezza, adotta la perfezione come filosofia aziendale. Ogni trattamento qui mira a migliorare il vostro benessere complessivo e la vostra felicit\u00e0.<\/p>\n<\/p><\/div>\n<\/p><\/div>\n<\/p><\/div>\n<\/section>\n","protected":false},"excerpt":{"rendered":"<p>Riempitivo per il mento Il filler del mento \u00e8 una procedura estetica progettata per definire la forma e i contorni del mento. Questo trattamento riequilibra i tratti del viso, creando un aspetto pi\u00f9 attraente e simmetrico. Viene eseguito utilizzando materiali di riempimento come l&#039;acido ialuronico e offre un processo di trattamento confortevole. Dr. Terziler Exclusive [&hellip;]<\/p>\n","protected":false},"author":6,"featured_media":0,"parent":3250,"menu_order":0,"comment_status":"closed","ping_status":"closed","template":"","meta":{"footnotes":""},"class_list":["post-16302","page","type-page","status-publish","hentry"],"_links":{"self":[{"href":"https:\/\/drterziler.com\/it\/wp-json\/wp\/v2\/pages\/16302","targetHints":{"allow":["GET"]}}],"collection":[{"href":"https:\/\/drterziler.com\/it\/wp-json\/wp\/v2\/pages"}],"about":[{"href":"https:\/\/drterziler.com\/it\/wp-json\/wp\/v2\/types\/page"}],"author":[{"embeddable":true,"href":"https:\/\/drterziler.com\/it\/wp-json\/wp\/v2\/users\/6"}],"replies":[{"embeddable":true,"href":"https:\/\/drterziler.com\/it\/wp-json\/wp\/v2\/comments?post=16302"}],"version-history":[{"count":17,"href":"https:\/\/drterziler.com\/it\/wp-json\/wp\/v2\/pages\/16302\/revisions"}],"predecessor-version":[{"id":58357,"href":"https:\/\/drterziler.com\/it\/wp-json\/wp\/v2\/pages\/16302\/revisions\/58357"}],"up":[{"embeddable":true,"href":"https:\/\/drterziler.com\/it\/wp-json\/wp\/v2\/pages\/3250"}],"wp:attachment":[{"href":"https:\/\/drterziler.com\/it\/wp-json\/wp\/v2\/media?parent=16302"}],"curies":[{"name":"wp","href":"https:\/\/api.w.org\/{rel}","templated":true}]}}