{"id":16357,"date":"2025-01-27T12:56:40","date_gmt":"2025-01-27T12:56:40","guid":{"rendered":"https:\/\/drterziler.com\/estetica-medica\/yuz-uygulamalari\/filler\/burun-dolgusu\/"},"modified":"2026-04-21T14:23:30","modified_gmt":"2026-04-21T14:23:30","slug":"riempitivo-per-il-naso","status":"publish","type":"page","link":"https:\/\/drterziler.com\/it\/estetica-medica\/trattamenti-viso\/riempitivo\/riempitivo-per-il-naso\/","title":{"rendered":"Riempitivo per il naso"},"content":{"rendered":"<div class=\"page-content\">\n<div id=\"header-area\">\n<div class=\"container\" id=\"firstContent\">\n<div class=\"header-content d-flex flex-column\">\n<h1 class=\"content-title h1-header\">Riempitivo per il naso<\/h1>\n<div class=\"content-paragraph\">\n<p class=\"p-text\">Il filler del naso \u00e8 una procedura eseguita con acido ialuronico o sostanze simili per modellare la struttura del naso e correggerne la simmetria. Piccoli aggiustamenti vengono apportati al naso senza richiedere un intervento chirurgico. Fornisce risultati estetici in breve tempo e ha un processo di recupero molto veloce.<\/p>\n<\/p><\/div>\n<nav aria-label=\"breadcrumb\" class=\"breadcrumbs\">\n<ul class=\"d-flex align-items-center mb-0\">\n<li><a class=\"link\" href=\"https:\/\/drterziler.com\/it\/\"><span>Dr. Terziler Exclusive Clinic<\/span><\/a><\/li>\n<li class=\"separator\">\u00bb<\/li>\n<li><a class=\"link\" href=\"https:\/\/drterziler.com\/it\/estetica-medica\/\"><span>Estetica medica<\/span><\/a><\/li>\n<li class=\"separator\">\u00bb<\/li>\n<li><a class=\"link\" href=\"https:\/\/drterziler.com\/it\/estetica-medica\/trattamenti-viso\/\"><span>Trattamenti viso<\/span><\/a><\/li>\n<li class=\"separator\">\u00bb<\/li>\n<li><a class=\"link\" href=\"https:\/\/drterziler.com\/it\/estetica-medica\/trattamenti-viso\/riempitivo\/\"><span>Riempitivo<\/span><\/a><\/li>\n<li class=\"separator\">\u00bb<\/li>\n<li class=\"current-page\"><span>Riempitivo per il naso<\/span><\/li>\n<\/ul>\n<\/nav><\/div>\n<\/p><\/div>\n<\/p><\/div>\n<\/div>\n<section id=\"content-area\">\n<div class=\"container my-5\">\n<div class=\"row align-items-start\">\n<div class=\"col-md-6 order-2 order-md-1\">\n<div class=\"custom-toc-box\">\n<div id=\"toc-header\">\n<h4>Indice dei contenuti<\/h4>\n<div class=\"toc-toggle-icon\"><\/div>\n<\/p><\/div>\n<div class=\"toc-full-divider\"><\/div>\n<div id=\"toc-body\">\n<div id=\"toc-container\"><\/div>\n<\/p><\/div>\n<\/p><\/div>\n<\/p><\/div>\n<div class=\"col-md-6 order-1 order-md-2\" id=\"jForm\">\n                <script type=\"text\/javascript\" src=\"https:\/\/form.jotform.com\/jsform\/242882600814961\"><\/script>\n            <\/div>\n<\/p><\/div>\n<\/p><\/div>\n<div class=\"container\">\n<div class=\"img-thumb\">\n            <img loading=\"lazy\" decoding=\"async\" src=\"https:\/\/drterziler.com\/wp-content\/uploads\/2025\/01\/Burun-Dolgusu.webp\" sizes=\"auto, (max-width: 1920px) 100vw, 1920px\" srcset=\"https:\/\/drterziler.com\/wp-content\/uploads\/2025\/01\/Burun-Dolgusu.webp 1920w, https:\/\/drterziler.com\/wp-content\/uploads\/2025\/01\/Burun-Dolgusu-300x169.webp 300w, https:\/\/drterziler.com\/wp-content\/uploads\/2025\/01\/Burun-Dolgusu-1024x576.webp 1024w, https:\/\/drterziler.com\/wp-content\/uploads\/2025\/01\/Burun-Dolgusu-768x432.webp 768w, https:\/\/drterziler.com\/wp-content\/uploads\/2025\/01\/Burun-Dolgusu-1536x864.webp 1536w\" alt=\"\" width=\"1920\" height=\"1080\">\n        <\/div>\n<div>\n<div>\n<h2 class=\"h2-header\">Che cos&#039;\u00e8 il filler per il naso?<\/h2>\n<\/p><\/div>\n<div>\n<p class=\"p-text\">Il filler per il naso \u00e8 una procedura estetica minimamente invasiva eseguita per correggere la forma del naso, risolvere piccole asimmetrie e ottenere un aspetto pi\u00f9 estetico senza la necessit\u00e0 di un intervento chirurgico. I filler come l&#039;acido ialuronico vengono utilizzati per correggere piccole imperfezioni dell&#039;osso o della cartilagine del naso, sollevare la punta del naso o levigare il dorso nasale. Questo metodo \u00e8 un&#039;ottima alternativa per chi non desidera sottoporsi a un intervento chirurgico al naso (rinoplastica) ma vuole migliorare significativamente l&#039;aspetto del proprio naso.<\/p>\n<\/p><\/div>\n<\/p><\/div>\n<div>\n<div>\n<h2 class=\"h2-header\">Per chi \u00e8 adatto?<\/h2>\n<\/p><\/div>\n<div>\n<p class=\"p-text\">Coloro che non vogliono un intervento chirurgico al naso (rinoplastica) Persone che desiderano un profilo facciale pi\u00f9 armonioso Coloro che vogliono sollevare la punta del naso Persone che vogliono correggere asimmetrie del naso Coloro che desiderano un dorso nasale pi\u00f9 liscio e simmetrico Individui che vogliono rimodellare il proprio naso Coloro che necessitano di piccoli ritocchi dopo un intervento chirurgico Persone che vogliono provare un cambiamento temporaneo nella forma del loro naso<\/p>\n<\/p><\/div>\n<\/p><\/div>\n<div>\n<div>\n<h2 class=\"h2-header\">Quali sono i benefici?<\/h2>\n<\/p><\/div>\n<div>\n<p class=\"p-text\">Metodo non chirurgico Procedura rapida e pratica Consente un ritorno immediato alla vita quotidiana Fornisce un aspetto naturale ed estetico Corregge asimmetrie e piccole imperfezioni Viene eseguito con anestesia locale, garantendo un&#039;esperienza indolore Offre la possibilit\u00e0 di provare cambiamenti senza impegni permanenti Aiuta a creare un aspetto del naso armonioso con i tratti del viso Risultati immediati<\/p>\n<\/p><\/div>\n<\/p><\/div>\n<div>\n<div>\n<h2 class=\"h2-header\">Come viene applicato il filler per il naso?<\/h2>\n<\/p><\/div>\n<div>\n<p class=\"p-text\">La procedura viene eseguita dopo aver anestetizzato l&#039;area con una crema anestetica locale o un&#039;iniezione. Il materiale di riempimento viene iniettato in aree specifiche del naso utilizzando aghi sottili. Questa procedura richiede cura e precisione per garantire il corretto posizionamento del filler e mantenere la simmetria.<\/p>\n<\/p><\/div>\n<\/p><\/div>\n<div>\n<div>\n<h2 class=\"h2-header\">Offre risultati simili alla chirurgia del naso?<\/h2>\n<\/p><\/div>\n<div>\n<p class=\"p-text\">Il filler per il naso \u00e8 un metodo ideale per correggere le imperfezioni e ottenere un aspetto estetico senza la necessit\u00e0 di un intervento chirurgico. Offre un aspetto del naso pi\u00f9 simmetrico ed equilibrato senza il lungo processo di recupero e i rischi associati alla rinoplastica. \u00c8 particolarmente apprezzato da chi cerca risultati rapidi ed efficaci senza intervento chirurgico.<\/p>\n<\/p><\/div>\n<\/p><\/div>\n<div>\n<div>\n<h2 class=\"h2-header\">Che tipo di aspetto fornisce il filler per il naso?<\/h2>\n<\/p><\/div>\n<div>\n<p class=\"p-text\">Il filler per il naso leviga il dorso nasale, creando un equilibrio estetico. La punta del naso pu\u00f2 apparire sollevata e le eventuali asimmetrie vengono corrette, risultando in un aspetto armonioso che si integra perfettamente con i tratti del viso.<\/p>\n<\/p><\/div>\n<\/p><\/div>\n<div>\n<div>\n<h2 class=\"h2-header\">Quanto durano i risultati?<\/h2>\n<\/p><\/div>\n<div>\n<p class=\"p-text\">Il filler per il naso dura tipicamente tra i 6 e i 12 mesi. La durata pu\u00f2 variare a seconda del tipo di pelle, dello stile di vita e delle propriet\u00e0 del materiale di riempimento utilizzato. Applicazioni regolari possono prolungare i risultati nel tempo.<\/p>\n<\/p><\/div>\n<\/p><\/div>\n<div>\n<div>\n<h2 class=\"h2-header\">\u00c8 una procedura dolorosa?<\/h2>\n<\/p><\/div>\n<div>\n<p class=\"p-text\">Il filler per il naso \u00e8 generalmente indolore grazie all&#039;anestesia locale applicata prima della procedura. Questo trattamento rapido offre un&#039;esperienza confortevole per il paziente.<\/p>\n<\/p><\/div>\n<\/p><\/div>\n<div>\n<div>\n<h2 class=\"h2-header\">Prezzi del filler per il naso<\/h2>\n<\/p><\/div>\n<div>\n<p class=\"p-text\">I prezzi variano a seconda del tipo di filler utilizzato, della quantit\u00e0 applicata e di eventuali trattamenti combinati scelti. Per soluzioni personalizzate e informazioni dettagliate sui prezzi, vi invitiamo a contattare la vostra clinica.<\/p>\n<\/p><\/div>\n<\/p><\/div>\n<div>\n<div>\n<h2 class=\"h2-header\">Perch\u00e9 scegliere la Dr. Terziler Exclusive Clinic?<\/h2>\n<\/p><\/div>\n<div>\n<p class=\"p-text\">Il Dr. Terziler, con un&#039;esperienza riconosciuta a livello internazionale e un approccio estetico che unisce arte e scienza, offre soluzioni personalizzate che garantiscono non solo una trasformazione fisica, ma anche un rinnovamento emotivo. La nostra clinica, dotata di tecnologie avanzate e operante secondo i principi di comfort e sicurezza, adotta la perfezione come filosofia aziendale. Ogni trattamento qui mira a migliorare il vostro benessere complessivo e la vostra felicit\u00e0.<\/p>\n<\/p><\/div>\n<\/p><\/div>\n<\/p><\/div>\n<\/section>\n","protected":false},"excerpt":{"rendered":"<p>Riempitivo per il naso Il filler del naso \u00e8 una procedura eseguita con acido ialuronico o sostanze simili per modellare la struttura del naso e correggerne la simmetria. Piccoli aggiustamenti vengono apportati al naso senza richiedere un intervento chirurgico. Fornisce risultati estetici in breve tempo e ha un processo di recupero molto veloce. Dr. Terziler [&hellip;]<\/p>\n","protected":false},"author":6,"featured_media":0,"parent":3250,"menu_order":0,"comment_status":"closed","ping_status":"closed","template":"","meta":{"footnotes":""},"class_list":["post-16357","page","type-page","status-publish","hentry"],"_links":{"self":[{"href":"https:\/\/drterziler.com\/it\/wp-json\/wp\/v2\/pages\/16357","targetHints":{"allow":["GET"]}}],"collection":[{"href":"https:\/\/drterziler.com\/it\/wp-json\/wp\/v2\/pages"}],"about":[{"href":"https:\/\/drterziler.com\/it\/wp-json\/wp\/v2\/types\/page"}],"author":[{"embeddable":true,"href":"https:\/\/drterziler.com\/it\/wp-json\/wp\/v2\/users\/6"}],"replies":[{"embeddable":true,"href":"https:\/\/drterziler.com\/it\/wp-json\/wp\/v2\/comments?post=16357"}],"version-history":[{"count":12,"href":"https:\/\/drterziler.com\/it\/wp-json\/wp\/v2\/pages\/16357\/revisions"}],"predecessor-version":[{"id":62402,"href":"https:\/\/drterziler.com\/it\/wp-json\/wp\/v2\/pages\/16357\/revisions\/62402"}],"up":[{"embeddable":true,"href":"https:\/\/drterziler.com\/it\/wp-json\/wp\/v2\/pages\/3250"}],"wp:attachment":[{"href":"https:\/\/drterziler.com\/it\/wp-json\/wp\/v2\/media?parent=16357"}],"curies":[{"name":"wp","href":"https:\/\/api.w.org\/{rel}","templated":true}]}}