{"id":16372,"date":"2025-01-27T13:03:33","date_gmt":"2025-01-27T13:03:33","guid":{"rendered":"https:\/\/drterziler.com\/estetica-medica\/yuz-uygulamalari\/filler\/dudak-dolgusu\/"},"modified":"2026-02-28T19:18:17","modified_gmt":"2026-02-28T19:18:17","slug":"filler-per-labbra","status":"publish","type":"page","link":"https:\/\/drterziler.com\/it\/estetica-medica\/trattamenti-viso\/riempitivo\/filler-per-labbra\/","title":{"rendered":"Filler per labbra"},"content":{"rendered":"<div class=\"page-content\">\n<div id=\"header-area\">\n<div class=\"container\" id=\"firstContent\">\n<div class=\"header-content d-flex flex-column\">\n<h1 class=\"content-title h1-header\">Filler per labbra<\/h1>\n<div class=\"content-paragraph\">\n<p class=\"p-text\">Il filler labbra aumenta il volume delle labbra, donando un aspetto pi\u00f9 pieno e definito. Questa procedura previene il diradamento dovuto all&#039;invecchiamento e crea un&#039;estetica naturale. Il trattamento viene eseguito con anestesia locale, minimizzando il dolore. I risultati sono visibili immediatamente e il ritorno alla vita sociale \u00e8 rapido.<\/p>\n<\/p><\/div>\n<nav aria-label=\"breadcrumb\" class=\"breadcrumbs\">\n<ul class=\"d-flex align-items-center mb-0\">\n<li><a class=\"link\" href=\"https:\/\/drterziler.com\/it\/\"><span>Dr. Terziler Exclusive Clinic<\/span><\/a><\/li>\n<li class=\"separator\">\u00bb<\/li>\n<li><a class=\"link\" href=\"https:\/\/drterziler.com\/it\/estetica-medica\/\"><span>Estetica medica<\/span><\/a><\/li>\n<li class=\"separator\">\u00bb<\/li>\n<li><a class=\"link\" href=\"https:\/\/drterziler.com\/it\/estetica-medica\/trattamenti-viso\/\"><span>Trattamenti viso<\/span><\/a><\/li>\n<li class=\"separator\">\u00bb<\/li>\n<li><a class=\"link\" href=\"https:\/\/drterziler.com\/it\/estetica-medica\/trattamenti-viso\/riempitivo\/\"><span>Riempitivo<\/span><\/a><\/li>\n<li class=\"separator\">\u00bb<\/li>\n<li class=\"current-page\"><span>Filler per labbra<\/span><\/li>\n<\/ul>\n<\/nav><\/div>\n<\/p><\/div>\n<\/p><\/div>\n<\/div>\n<section id=\"content-area\">\n<div class=\"container my-5\">\n<div class=\"row align-items-start\">\n<div class=\"col-md-6 order-2 order-md-1\">\n<div class=\"custom-toc-box\">\n<div id=\"toc-header\">\n<h4>Indice dei contenuti<\/h4>\n<div class=\"toc-toggle-icon\"><\/div>\n<\/p><\/div>\n<div class=\"toc-full-divider\"><\/div>\n<div id=\"toc-body\">\n<div id=\"toc-container\"><\/div>\n<\/p><\/div>\n<\/p><\/div>\n<\/p><\/div>\n<div class=\"col-md-6 order-1 order-md-2\" id=\"jForm\">\n                <script type=\"text\/javascript\" src=\"https:\/\/form.jotform.com\/jsform\/242882600814961\"><\/script>\n            <\/div>\n<\/p><\/div>\n<\/p><\/div>\n<div class=\"container\">\n<div class=\"img-thumb\">\n            <img loading=\"lazy\" decoding=\"async\" src=\"https:\/\/drterziler.com\/wp-content\/uploads\/2025\/01\/Dudak-Dolgusu.webp\" sizes=\"auto, (max-width: 1920px) 100vw, 1920px\" srcset=\"https:\/\/drterziler.com\/wp-content\/uploads\/2025\/01\/Dudak-Dolgusu.webp 1920w, https:\/\/drterziler.com\/wp-content\/uploads\/2025\/01\/Dudak-Dolgusu-300x169.webp 300w, https:\/\/drterziler.com\/wp-content\/uploads\/2025\/01\/Dudak-Dolgusu-1024x576.webp 1024w, https:\/\/drterziler.com\/wp-content\/uploads\/2025\/01\/Dudak-Dolgusu-768x432.webp 768w, https:\/\/drterziler.com\/wp-content\/uploads\/2025\/01\/Dudak-Dolgusu-1536x864.webp 1536w\" alt=\"dudak dolgusu\" width=\"1920\" height=\"1080\" \/>\n        <\/div>\n<div>\n<div>\n<h2 class=\"h2-header\">Che cos&#039;\u00e8 il filler labbra?<\/h2>\n<\/p><\/div>\n<div>\n<p class=\"p-text\">Il filler labbra \u00e8 una procedura estetica eseguita per aumentare il volume delle labbra, migliorarne la forma e ottenere un aspetto pi\u00f9 simmetrico. In questo processo vengono comunemente utilizzati materiali di riempimento come l&#039;acido ialuronico, compatibili con il corpo. Poich\u00e9 l&#039;acido ialuronico \u00e8 una sostanza naturalmente presente nella pelle, quando applicato alle labbra fornisce una pienezza naturale. Il filler labbra non solo aggiunge volume, ma migliora anche i contorni delle labbra e riduce la comparsa delle rughe.<\/p>\n<\/p><\/div>\n<\/p><\/div>\n<div>\n<div>\n<h2 class=\"h2-header\">Quali sono i benefici del filler labbra?<\/h2>\n<\/p><\/div>\n<div>\n<p class=\"p-text\">Labbra piene e definite in poco tempo. Aspetto naturale, estetico e simmetrico. Struttura facciale pi\u00f9 femminile e fotogenica. Soluzioni personalizzate per ogni forma di labbra. Soluzione rapida senza bisogno di intervento chirurgico. Soluzione efficace per i segni dell&#039;invecchiamento. Ritorno immediato alla vita sociale dopo la procedura.<\/p>\n<\/p><\/div>\n<\/p><\/div>\n<div>\n<div>\n<h2 class=\"h2-header\">Che tipo di aspetto fornisce il filler labbra?<\/h2>\n<\/p><\/div>\n<div>\n<p class=\"p-text\">Il filler labbra dona un aspetto pi\u00f9 giovane, pieno e attraente. Le labbra sottili diventano pi\u00f9 definite, mentre il volume perso a causa dell&#039;invecchiamento viene ripristinato. Inoltre, l&#039;asimmetria delle labbra viene corretta, ottenendo un profilo pi\u00f9 armonioso. Dopo la procedura, le labbra appaiono pi\u00f9 vivaci, sane e fresche. Le rughe sottili che si formano sulle labbra con l&#039;et\u00e0 vengono attenuate o eliminate, conferendo al viso un aspetto pi\u00f9 giovane.<\/p>\n<\/p><\/div>\n<\/p><\/div>\n<div>\n<div>\n<h2 class=\"h2-header\">Per chi \u00e8 adatto il filler labbra?<\/h2>\n<\/p><\/div>\n<div>\n<p class=\"p-text\">Coloro che hanno perso volume nelle labbra. Persone con labbra sottili. Coloro che presentano asimmetria nelle labbra. Individui con rughe dovute all&#039;invecchiamento. Coloro che desiderano un aspetto estetico. Persone che vogliono modificare la forma delle proprie labbra. Coloro che desiderano risultati con un intervento minimo.<\/p>\n<\/p><\/div>\n<\/p><\/div>\n<div>\n<div>\n<h2 class=\"h2-header\">Come viene applicato il filler labbra?<\/h2>\n<\/p><\/div>\n<div>\n<p class=\"p-text\">Il filler labbra viene applicato attraverso un processo semplice. Prima dell&#039;applicazione, viene applicata una crema anestetica locale per ridurre eventuali sensazioni di dolore. Successivamente, un filler a base di acido ialuronico viene iniettato nelle labbra utilizzando aghi sottili. La procedura viene eseguita da un dermatologo esperto. Questo trattamento dura circa 20 minuti e permette di tornare immediatamente alla vita sociale. Poich\u00e9 il filler utilizzato \u00e8 compatibile e sicuro per il corpo, il rischio di reazioni avverse \u00e8 molto basso.<\/p>\n<\/p><\/div>\n<\/p><\/div>\n<div>\n<div>\n<h2 class=\"h2-header\">Quanto durano i risultati del filler labbra?<\/h2>\n<\/p><\/div>\n<div>\n<p class=\"p-text\">Il filler labbra \u00e8 un trattamento non permanente. I risultati durano generalmente tra i 6 e i 12 mesi. Questa durata pu\u00f2 variare in base al tipo di filler utilizzato e al metabolismo individuale. I filler a base di acido ialuronico vengono assorbiti dal corpo nel tempo, quindi la procedura potrebbe dover essere ripetuta. Tuttavia, la composizione del filler e la velocit\u00e0 di assorbimento variano da persona a persona, quindi la durata dei risultati pu\u00f2 essere diversa per ogni individuo.<\/p>\n<\/p><\/div>\n<\/p><\/div>\n<div>\n<div>\n<h2 class=\"h2-header\">Il filler labbra \u00e8 doloroso?<\/h2>\n<\/p><\/div>\n<div>\n<p class=\"p-text\">Poich\u00e9 prima della procedura viene applicata una crema anestetica locale, le sensazioni di dolore sono minime. La maggior parte delle persone non avverte alcun dolore durante il trattamento. Dopo il trattamento, potrebbe verificarsi un leggero gonfiore o livido che dura alcune ore, ma questi effetti sono temporanei e scompaiono rapidamente.<\/p>\n<\/p><\/div>\n<\/p><\/div>\n<div>\n<div>\n<h2 class=\"h2-header\">Prezzi del filler labbra<\/h2>\n<\/p><\/div>\n<div>\n<p class=\"p-text\">I prezzi del filler labbra possono variare in base al tipo di filler utilizzato e all&#039;entit\u00e0 della procedura. I costi sono generalmente proporzionali alla qualit\u00e0 del trattamento e ai risultati attesi. Per ottenere informazioni pi\u00f9 precise sui prezzi, vi consigliamo di contattare i consulenti della nostra clinica.<\/p>\n<\/p><\/div>\n<\/p><\/div>\n<div>\n<div>\n<h2 class=\"h2-header\">Perch\u00e9 scegliere la Dr. Terziler Exclusive Clinic?<\/h2>\n<\/p><\/div>\n<div>\n<p class=\"p-text\">Il Dr. Terziler, con un&#039;esperienza riconosciuta a livello internazionale e un approccio estetico che unisce arte e scienza, offre soluzioni personalizzate che garantiscono non solo una trasformazione fisica, ma anche un rinnovamento emotivo. La nostra clinica, dotata di tecnologie avanzate e operante secondo i principi di comfort e sicurezza, adotta la perfezione come filosofia aziendale. Ogni trattamento qui mira a migliorare il vostro benessere complessivo e la vostra felicit\u00e0.<\/p>\n<\/p><\/div>\n<\/p><\/div>\n<\/p><\/div>\n<\/section>\n","protected":false},"excerpt":{"rendered":"<p>Filler per labbra Il filler labbra aumenta il volume delle labbra, donando un aspetto pi\u00f9 pieno e definito. Questa procedura previene il diradamento dovuto all&#039;invecchiamento e crea un&#039;estetica naturale. Il trattamento viene eseguito con anestesia locale, minimizzando il dolore. I risultati sono visibili immediatamente e il ritorno alla vita sociale \u00e8 rapido. Dr. Terziler Exclusive [&hellip;]<\/p>\n","protected":false},"author":6,"featured_media":0,"parent":3250,"menu_order":0,"comment_status":"closed","ping_status":"closed","template":"","meta":{"footnotes":""},"class_list":["post-16372","page","type-page","status-publish","hentry"],"_links":{"self":[{"href":"https:\/\/drterziler.com\/it\/wp-json\/wp\/v2\/pages\/16372","targetHints":{"allow":["GET"]}}],"collection":[{"href":"https:\/\/drterziler.com\/it\/wp-json\/wp\/v2\/pages"}],"about":[{"href":"https:\/\/drterziler.com\/it\/wp-json\/wp\/v2\/types\/page"}],"author":[{"embeddable":true,"href":"https:\/\/drterziler.com\/it\/wp-json\/wp\/v2\/users\/6"}],"replies":[{"embeddable":true,"href":"https:\/\/drterziler.com\/it\/wp-json\/wp\/v2\/comments?post=16372"}],"version-history":[{"count":14,"href":"https:\/\/drterziler.com\/it\/wp-json\/wp\/v2\/pages\/16372\/revisions"}],"predecessor-version":[{"id":58379,"href":"https:\/\/drterziler.com\/it\/wp-json\/wp\/v2\/pages\/16372\/revisions\/58379"}],"up":[{"embeddable":true,"href":"https:\/\/drterziler.com\/it\/wp-json\/wp\/v2\/pages\/3250"}],"wp:attachment":[{"href":"https:\/\/drterziler.com\/it\/wp-json\/wp\/v2\/media?parent=16372"}],"curies":[{"name":"wp","href":"https:\/\/api.w.org\/{rel}","templated":true}]}}