{"id":16457,"date":"2025-01-27T13:43:13","date_gmt":"2025-01-27T13:43:13","guid":{"rendered":"https:\/\/drterziler.com\/estetica-medica\/yuz-uygulamalari\/filler\/jawline-dolgusu\/"},"modified":"2026-04-21T14:16:58","modified_gmt":"2026-04-21T14:16:58","slug":"riempitivo-della-mascella","status":"publish","type":"page","link":"https:\/\/drterziler.com\/it\/estetica-medica\/trattamenti-viso\/riempitivo\/riempitivo-della-mascella\/","title":{"rendered":"Riempitivo della mascella"},"content":{"rendered":"<div class=\"page-content\">\n<div id=\"header-area\">\n<div class=\"container\" id=\"firstContent\">\n<div class=\"header-content d-flex flex-column\">\n<h1 class=\"content-title h1-header\">Riempitivo della mascella<\/h1>\n<div class=\"content-paragraph\">\n<p class=\"p-text\">Il riempitivo della mascella definisce la linea della mascella, creando un profilo facciale pi\u00f9 nitido. Migliora i tratti del viso e ha un effetto ringiovanente. Questa procedura, eseguita utilizzando acido ialuronico, \u00e8 minimamente invasiva e offre risultati duraturi.<\/p>\n<\/p><\/div>\n<nav aria-label=\"breadcrumb\" class=\"breadcrumbs\">\n<ul class=\"d-flex align-items-center mb-0\">\n<li><a class=\"link\" href=\"https:\/\/drterziler.com\/it\/\"><span>Dr. Terziler Exclusive Clinic<\/span><\/a><\/li>\n<li class=\"separator\">\u00bb<\/li>\n<li><a class=\"link\" href=\"https:\/\/drterziler.com\/it\/estetica-medica\/\"><span>Estetica medica<\/span><\/a><\/li>\n<li class=\"separator\">\u00bb<\/li>\n<li><a class=\"link\" href=\"https:\/\/drterziler.com\/it\/estetica-medica\/trattamenti-viso\/\"><span>Trattamenti viso<\/span><\/a><\/li>\n<li class=\"separator\">\u00bb<\/li>\n<li><a class=\"link\" href=\"https:\/\/drterziler.com\/it\/estetica-medica\/trattamenti-viso\/riempitivo\/\"><span>Riempitivo<\/span><\/a><\/li>\n<li class=\"separator\">\u00bb<\/li>\n<li class=\"current-page\"><span>Riempitivo della mascella<\/span><\/li>\n<\/ul>\n<\/nav><\/div>\n<\/p><\/div>\n<\/p><\/div>\n<\/div>\n<section id=\"content-area\">\n<div class=\"container my-5\">\n<div class=\"row align-items-start\">\n<div class=\"col-md-6 order-2 order-md-1\">\n<div class=\"custom-toc-box\">\n<div id=\"toc-header\">\n<h4>Indice dei contenuti<\/h4>\n<div class=\"toc-toggle-icon\"><\/div>\n<\/p><\/div>\n<div class=\"toc-full-divider\"><\/div>\n<div id=\"toc-body\">\n<div id=\"toc-container\"><\/div>\n<\/p><\/div>\n<\/p><\/div>\n<\/p><\/div>\n<div class=\"col-md-6 order-1 order-md-2\" id=\"jForm\">\n                <script type=\"text\/javascript\" src=\"https:\/\/form.jotform.com\/jsform\/242882600814961\"><\/script>\n            <\/div>\n<\/p><\/div>\n<\/p><\/div>\n<div class=\"container\">\n<div class=\"img-thumb\">\n            <img loading=\"lazy\" decoding=\"async\" src=\"https:\/\/drterziler.com\/wp-content\/uploads\/2025\/01\/Jawline-Dolgusu.webp\" sizes=\"auto, (max-width: 1920px) 100vw, 1920px\" srcset=\"https:\/\/drterziler.com\/wp-content\/uploads\/2025\/01\/Jawline-Dolgusu.webp 1920w, https:\/\/drterziler.com\/wp-content\/uploads\/2025\/01\/Jawline-Dolgusu-300x169.webp 300w, https:\/\/drterziler.com\/wp-content\/uploads\/2025\/01\/Jawline-Dolgusu-1024x576.webp 1024w, https:\/\/drterziler.com\/wp-content\/uploads\/2025\/01\/Jawline-Dolgusu-768x432.webp 768w, https:\/\/drterziler.com\/wp-content\/uploads\/2025\/01\/Jawline-Dolgusu-1536x864.webp 1536w\" alt=\"jawline filler\" width=\"1920\" height=\"1080\" \/>\n        <\/div>\n<div>\n<div>\n<h2 class=\"h2-header\">Che cos&#039;\u00e8 il filler mandibolare?<\/h2>\n<\/p><\/div>\n<div>\n<p class=\"p-text\">Il mento svolge un ruolo importante nell&#039;equilibrio e nella simmetria dei tratti del viso. La definizione della linea mandibolare influisce direttamente sulla percezione estetica del volto. Il filler mandibolare \u00e8 una procedura estetica progettata per modellare la linea della mascella, migliorare i tratti del viso e fornire un aspetto naturale. \u00c8 un metodo non chirurgico preferito da chi desidera lineamenti pi\u00f9 definiti e attraenti. Viene eseguito con sostanze come l&#039;acido ialuronico ed \u00e8 estremamente sicuro.<\/p>\n<\/p><\/div>\n<\/p><\/div>\n<div>\n<div>\n<h2 class=\"h2-header\">Quali sono i benefici del filler mandibolare?<\/h2>\n<\/p><\/div>\n<div>\n<p class=\"p-text\">Ottenere una mascella definita e marcata in 15-30 minuti senza bisogno di intervento chirurgico. Design personalizzato adatto a ogni tipo di viso, garantendo risultati impeccabili. Aumentare la fiducia in s\u00e9 stessi ottenendo tratti maschili o femminili senza chirurgia. Ottenere un profilo armonioso ed elegante, rendendovi pi\u00f9 fotogenici. Sperimentare un effetto ringiovanente che pu\u00f2 farvi sembrare 5-10 anni pi\u00f9 giovani in una sola seduta. Ritorno immediato alla vita sociale dopo il trattamento. Ottenere un aspetto in stile Hollywood a prezzi accessibili.<\/p>\n<\/p><\/div>\n<\/p><\/div>\n<div>\n<div>\n<h2 class=\"h2-header\">Che tipo di aspetto fornisce il filler mandibolare?<\/h2>\n<\/p><\/div>\n<div>\n<p class=\"p-text\">Il filler mandibolare migliora la definizione della mascella, conferendo un aspetto pi\u00f9 affilato e simmetrico. Inoltre, crea un equilibrio estetico con i contorni generali del viso. Si ottiene un rimodellamento della mandibola, una definizione degli angoli mascellari e un aspetto pi\u00f9 giovane. Con l&#039;aiuto del filler, si elimina il rilassamento cutaneo nella zona della mascella, e la parte inferiore del viso acquisisce un aspetto pi\u00f9 slanciato.<\/p>\n<\/p><\/div>\n<\/p><\/div>\n<div>\n<div>\n<h2 class=\"h2-header\">Per chi \u00e8 adatto il filler mandibolare?<\/h2>\n<\/p><\/div>\n<div>\n<p class=\"p-text\">Coloro che desiderano creare un profilo facciale pi\u00f9 armonioso. Donne e uomini di et\u00e0 superiore ai 18 anni. Persone con una mascella poco definita. Individui che vogliono affinare i tratti del viso. Coloro che mostrano segni di invecchiamento sul viso. Persone che non vogliono sottoporsi a un intervento chirurgico. Coloro che cercano risultati ottimali in poco tempo.<\/p>\n<\/p><\/div>\n<\/p><\/div>\n<div>\n<div>\n<h2 class=\"h2-header\">Soluzione non chirurgica per uomini e donne<\/h2>\n<\/p><\/div>\n<div>\n<p class=\"p-text\">Il filler mandibolare \u00e8 un&#039;ottima alternativa sia per le donne che per gli uomini e pu\u00f2 essere personalizzato in base alle esigenze estetiche di entrambi i sessi. Per gli uomini, \u00e8 possibile ottenere una mascella pi\u00f9 definita e mascolina, mentre per le donne si pu\u00f2 puntare a un look pi\u00f9 delicato e raffinato. La natura non chirurgica del trattamento lo rende una soluzione adatta a persone di tutte le et\u00e0.<\/p>\n<\/p><\/div>\n<\/p><\/div>\n<div>\n<div>\n<h2 class=\"h2-header\">Come viene applicato il filler mandibolare?<\/h2>\n<\/p><\/div>\n<div>\n<p class=\"p-text\">La procedura viene eseguita sotto anestesia locale. Prima di iniziare, vengono identificati i punti target nella zona del mento. Successivamente, l&#039;acido ialuronico o altri materiali di riempimento vengono iniettati nella mandibola con aghi sottili. Non si avverte alcun dolore durante il trattamento. La procedura dura circa 20-30 minuti e il paziente pu\u00f2 riprendere immediatamente le normali attivit\u00e0 quotidiane.<\/p>\n<\/p><\/div>\n<\/p><\/div>\n<div>\n<div>\n<h2 class=\"h2-header\">Quanto durano i risultati del filler mandibolare?<\/h2>\n<\/p><\/div>\n<div>\n<p class=\"p-text\">Il filler mandibolare dura generalmente tra i 12 e i 18 mesi. I risultati possono variare in base allo stile di vita e al tipo di pelle di ogni individuo. Con l&#039;avanzare dell&#039;et\u00e0, l&#039;elasticit\u00e0 della pelle diminuisce e l&#039;effetto del filler pu\u00f2 attenuarsi. Tuttavia, una volta svanito l&#039;effetto del filler, il trattamento pu\u00f2 essere ripetuto.<\/p>\n<\/p><\/div>\n<\/p><\/div>\n<div>\n<div>\n<h2 class=\"h2-header\">Ci sono dolori o fastidi?<\/h2>\n<\/p><\/div>\n<div>\n<p class=\"p-text\">Durante la procedura non si avverte alcun dolore o disagio. Vengono applicate creme anestetiche o anestesia locale per intorpidire l&#039;area prima del trattamento. Si potrebbe avvertire un leggero fastidio o una breve sensazione durante l&#039;inserimento dell&#039;ago, ma questa \u00e8 temporanea.<\/p>\n<\/p><\/div>\n<\/p><\/div>\n<div>\n<div>\n<h2 class=\"h2-header\">Prezzi del filler mandibolare<\/h2>\n<\/p><\/div>\n<div>\n<p class=\"p-text\">I costi possono variare a seconda del tipo di filler utilizzato o della quantit\u00e0 di materiale applicato nella zona da trattare. Per informazioni pi\u00f9 dettagliate sul trattamento o sui prezzi, non esitate a contattarci.<\/p>\n<\/p><\/div>\n<\/p><\/div>\n<div>\n<div>\n<h2 class=\"h2-header\">Perch\u00e9 scegliere la Dr. Terziler Exclusive Clinic?<\/h2>\n<\/p><\/div>\n<div>\n<p class=\"p-text\">Il Dr. Terziler, con un&#039;esperienza riconosciuta a livello internazionale e un approccio estetico che combina arte e scienza, offre soluzioni personalizzate che garantiscono non solo una trasformazione fisica, ma anche un rinnovamento emotivo. La nostra clinica, dotata di tecnologie avanzate e operante secondo i principi di comfort e sicurezza, adotta la perfezione come filosofia aziendale. Ogni trattamento qui mira a migliorare il vostro benessere complessivo e la vostra felicit\u00e0.<\/p>\n<\/p><\/div>\n<\/p><\/div>\n<\/p><\/div>\n<\/section>\n","protected":false},"excerpt":{"rendered":"<p>Riempitivo della mascella Il riempitivo della mascella definisce la linea della mascella, creando un profilo facciale pi\u00f9 nitido. Migliora i tratti del viso e ha un effetto ringiovanente. Questa procedura, eseguita utilizzando acido ialuronico, \u00e8 minimamente invasiva e offre risultati duraturi. Dr. Terziler Exclusive Clinic \u00bb Estetica medica \u00bb Trattamenti viso \u00bb Riempitivo \u00bb Riempitivo [&hellip;]<\/p>\n","protected":false},"author":6,"featured_media":0,"parent":3250,"menu_order":0,"comment_status":"closed","ping_status":"closed","template":"","meta":{"footnotes":""},"class_list":["post-16457","page","type-page","status-publish","hentry"],"_links":{"self":[{"href":"https:\/\/drterziler.com\/it\/wp-json\/wp\/v2\/pages\/16457","targetHints":{"allow":["GET"]}}],"collection":[{"href":"https:\/\/drterziler.com\/it\/wp-json\/wp\/v2\/pages"}],"about":[{"href":"https:\/\/drterziler.com\/it\/wp-json\/wp\/v2\/types\/page"}],"author":[{"embeddable":true,"href":"https:\/\/drterziler.com\/it\/wp-json\/wp\/v2\/users\/6"}],"replies":[{"embeddable":true,"href":"https:\/\/drterziler.com\/it\/wp-json\/wp\/v2\/comments?post=16457"}],"version-history":[{"count":16,"href":"https:\/\/drterziler.com\/it\/wp-json\/wp\/v2\/pages\/16457\/revisions"}],"predecessor-version":[{"id":62399,"href":"https:\/\/drterziler.com\/it\/wp-json\/wp\/v2\/pages\/16457\/revisions\/62399"}],"up":[{"embeddable":true,"href":"https:\/\/drterziler.com\/it\/wp-json\/wp\/v2\/pages\/3250"}],"wp:attachment":[{"href":"https:\/\/drterziler.com\/it\/wp-json\/wp\/v2\/media?parent=16457"}],"curies":[{"name":"wp","href":"https:\/\/api.w.org\/{rel}","templated":true}]}}